{"id":14251,"date":"2025-03-18T08:23:05","date_gmt":"2025-03-18T06:23:05","guid":{"rendered":"https:\/\/www.globber.com\/ro\/?post_type=product&#038;p=14251"},"modified":"2026-03-30T13:02:18","modified_gmt":"2026-03-30T10:02:18","slug":"role-initiere-2-in-1","status":"publish","type":"product","link":"https:\/\/www.globber.com\/ro\/product\/role-initiere-2-in-1\/","title":{"rendered":"ROLE INITIERE 2 \u00een 1"},"content":{"rendered":"<p>ROLE INITIERE 2 \u00een 1: Distrac\u021bie \u0219i \u00eenv\u0103\u021bare perfect combinate!<\/p>\n<p>Las\u0103 \u201eroti\u021bele\u201d s\u0103 prind\u0103 vitez\u0103 cu ROLELE INITIERE 2 \u00een 1 pentru copii! Aceste role prietenoase pentru cei mici \u00eembin\u0103 ideal distrac\u021bia cu progresul \u00een \u00eenv\u0103\u021bare. \u00cencepe \u00een modul de \u00eenv\u0103\u021bare, cu dou\u0103 ro\u021bi paralele \u00een spate pentru stabilitate suplimentar\u0103, apoi treci u\u0219or la modul in line, pe m\u0103sur\u0103 ce copilul cap\u0103t\u0103 \u00eencredere.<\/p>\n<p>Modulul inovator de ro\u021bi spate rotativ permite conversia rapid\u0103 \u0219i u\u0219oar\u0103 a rolelor. Reglarea m\u0103rimii se face simplu, prin sistemul cu buton \u2013 f\u0103r\u0103 unelte. \u00cenchiderea sigur\u0103 cu band\u0103 tip power strap asigur\u0103 o fixare ferm\u0103, \u00een timp ce ghetele interioare moi ofer\u0103 un confort deosebit.<\/p>\n<p>Cu ROLELE INITIERE 2 \u00een 1, copilul \u00ee\u0219i antreneaz\u0103 \u00een joac\u0103 echilibrul, coordonarea \u0219i \u00eencrederea \u00een sine \u2013 \u0219i se distreaz\u0103 la maximum pe ro\u021bi! Perfect pentru micii aventurieri care vor s\u0103 \u00ee\u0219i \u00eembun\u0103t\u0103\u021beasc\u0103 abilit\u0103\u021bile cu bucurie.<\/p>\n<p>Men\u021bine\u021bi copiii activi \u0219i implica\u021bi \u00een timp ce \u00ee\u0219i dezvolt\u0103 echilibrul, coordonarea \u0219i \u00eencrederea\u2014spune\u021bi bun venit distrac\u021biei pe role pentru micii vo\u0219tri c\u0103ut\u0103tori de senza\u021bii tari!<\/p>\n","protected":false},"excerpt":{"rendered":"<ul>\n<li>Produs 2\u2011\u00een\u20111,<\/li>\n<li>M\u0103rime reglabil\u0103 (26-29),<\/li>\n<li>Gheat\u0103 interioar\u0103 c\u0103ptu\u0219it\u0103.<\/li>\n<\/ul>\n","protected":false},"featured_media":14257,"comment_status":"closed","ping_status":"closed","template":"","meta":{"_acf_changed":false,"inline_featured_image":false},"product-special-badges":[4012],"product_brand":[],"product_cat":[4004,3878],"product_tag":[],"class_list":{"0":"post-14251","1":"product","2":"type-product","3":"status-publish","4":"has-post-thumbnail","6":"product_cat-sale","7":"product_cat-serie-initiere","8":"product_shipping_class-usoare","9":"pa_adjustable-yes","10":"pa_age-range-s-m-5-ani","11":"pa_age-range-xs-s-3-ani","12":"pa_color-blueberry-xs-s","13":"pa_color-roz-pastel-xs-s","14":"pa_deck-size-s-m-eu-30-33","15":"pa_deck-size-xs-s-eu-26-29","16":"pa_ean-3867","17":"pa_ean-3868","18":"pa_max-user-weight-50kg","19":"pa_product-badges-beginner","20":"pa_product-badges-adjustable","21":"pa_product-type-patine-in-linie","22":"pa_product-weight-net-m-1-80kg","23":"pa_product-weight-net-s-1-60kg","24":"pa_recommended-user-height-100-160cm","26":"first","27":"instock","28":"sale","29":"taxable","30":"shipping-taxable","31":"purchasable","32":"product-type-variable"},"acf":[],"yoast_head":"<!-- This site is optimized with the Yoast SEO Premium plugin v20.12 (Yoast SEO v23.4) - https:\/\/yoast.com\/wordpress\/plugins\/seo\/ -->\n<title>ROLE INITIERE 2 \u00een 1 - Globber Rom\u00e2nia<\/title>\n<meta name=\"robots\" content=\"index, follow, max-snippet:-1, max-image-preview:large, max-video-preview:-1\" \/>\n<link rel=\"canonical\" href=\"https:\/\/www.globber.com\/ro\/product\/role-initiere-2-in-1\/\" \/>\n<meta property=\"og:locale\" content=\"ro_RO\" \/>\n<meta property=\"og:type\" content=\"article\" \/>\n<meta property=\"og:title\" content=\"ROLE INITIERE 2 \u00een 1 - Globber Rom\u00e2nia\" \/>\n<meta property=\"og:description\" content=\"Produs 2\u2011\u00een\u20111,  M\u0103rime reglabil\u0103 (26-29),  Gheat\u0103 interioar\u0103 c\u0103ptu\u0219it\u0103.\" \/>\n<meta property=\"og:url\" content=\"https:\/\/www.globber.com\/ro\/product\/role-initiere-2-in-1\/\" \/>\n<meta property=\"og:site_name\" content=\"Globber Rom\u00e2nia\" \/>\n<meta property=\"article:modified_time\" content=\"2026-03-30T10:02:18+00:00\" \/>\n<meta property=\"og:image\" content=\"https:\/\/cdn.globber.com\/content\/sites\/16\/2025\/03\/67d90e18ec22e.jpg\" \/>\n\t<meta property=\"og:image:width\" content=\"2048\" \/>\n\t<meta property=\"og:image:height\" content=\"2048\" \/>\n\t<meta property=\"og:image:type\" content=\"image\/jpeg\" \/>\n<meta name=\"twitter:card\" content=\"summary_large_image\" \/>\n<meta name=\"twitter:label1\" content=\"Availability\" \/>\n\t<meta name=\"twitter:data1\" content=\"In stock\" \/>\n<script type=\"application\/ld+json\" class=\"yoast-schema-graph\">{\"@context\":\"https:\/\/schema.org\",\"@graph\":[{\"@type\":[\"WebPage\",\"ItemPage\"],\"@id\":\"https:\/\/www.globber.com\/ro\/product\/role-initiere-2-in-1\/\",\"url\":\"https:\/\/www.globber.com\/ro\/product\/role-initiere-2-in-1\/\",\"name\":\"ROLE INITIERE 2 \u00een 1 - Globber Rom\u00e2nia\",\"isPartOf\":{\"@id\":\"https:\/\/www.globber.com\/ro\/#website\"},\"primaryImageOfPage\":{\"@id\":\"https:\/\/www.globber.com\/ro\/product\/role-initiere-2-in-1\/#primaryimage\"},\"image\":{\"@id\":\"https:\/\/www.globber.com\/ro\/product\/role-initiere-2-in-1\/#primaryimage\"},\"thumbnailUrl\":\"https:\/\/cdn.globber.com\/content\/sites\/16\/2025\/03\/67d90e18ec22e.jpg\",\"datePublished\":\"2025-03-18T06:23:05+00:00\",\"dateModified\":\"2026-03-30T10:02:18+00:00\",\"breadcrumb\":{\"@id\":\"https:\/\/www.globber.com\/ro\/product\/role-initiere-2-in-1\/#breadcrumb\"},\"inLanguage\":\"ro-RO\",\"potentialAction\":[{\"@type\":\"ReadAction\",\"target\":[\"https:\/\/www.globber.com\/ro\/product\/role-initiere-2-in-1\/\"]}]},{\"@type\":\"ImageObject\",\"inLanguage\":\"ro-RO\",\"@id\":\"https:\/\/www.globber.com\/ro\/product\/role-initiere-2-in-1\/#primaryimage\",\"url\":\"https:\/\/cdn.globber.com\/content\/sites\/16\/2025\/03\/67d90e18ec22e.jpg\",\"contentUrl\":\"https:\/\/cdn.globber.com\/content\/sites\/16\/2025\/03\/67d90e18ec22e.jpg\",\"width\":2048,\"height\":2048},{\"@type\":\"BreadcrumbList\",\"@id\":\"https:\/\/www.globber.com\/ro\/product\/role-initiere-2-in-1\/#breadcrumb\",\"itemListElement\":[{\"@type\":\"ListItem\",\"position\":1,\"name\":\"Toate produsele\",\"item\":\"https:\/\/www.globber.com\/ro\/shop-by-product\/\"},{\"@type\":\"ListItem\",\"position\":2,\"name\":\"ROLE INITIERE 2 \u00een 1\"}]},{\"@type\":\"WebSite\",\"@id\":\"https:\/\/www.globber.com\/ro\/#website\",\"url\":\"https:\/\/www.globber.com\/ro\/\",\"name\":\"Globber Rom\u00e2nia\",\"description\":\"Lumea pe ro\u021bi | Globber\",\"publisher\":{\"@id\":\"https:\/\/www.globber.com\/ro\/#organization\"},\"potentialAction\":[{\"@type\":\"SearchAction\",\"target\":{\"@type\":\"EntryPoint\",\"urlTemplate\":\"https:\/\/www.globber.com\/ro\/?s={search_term_string}\"},\"query-input\":{\"@type\":\"PropertyValueSpecification\",\"valueRequired\":true,\"valueName\":\"search_term_string\"}}],\"inLanguage\":\"ro-RO\"},{\"@type\":\"Organization\",\"@id\":\"https:\/\/www.globber.com\/ro\/#organization\",\"name\":\"Globber Rom\u00e2nia\",\"url\":\"https:\/\/www.globber.com\/ro\/\",\"logo\":{\"@type\":\"ImageObject\",\"inLanguage\":\"ro-RO\",\"@id\":\"https:\/\/www.globber.com\/ro\/#\/schema\/logo\/image\/\",\"url\":\"https:\/\/cdn.globber.com\/content\/2024\/05\/logo.svg\",\"contentUrl\":\"https:\/\/cdn.globber.com\/content\/2024\/05\/logo.svg\",\"width\":601,\"height\":112,\"caption\":\"Globber Rom\u00e2nia\"},\"image\":{\"@id\":\"https:\/\/www.globber.com\/ro\/#\/schema\/logo\/image\/\"}}]}<\/script>\n<meta property=\"og:availability\" content=\"instock\" \/>\n<meta property=\"product:availability\" content=\"instock\" \/>\n<meta property=\"product:retailer_item_id\" content=\"780_783-XXX\" \/>\n<meta property=\"product:condition\" content=\"new\" \/>\n<!-- \/ Yoast SEO Premium plugin. -->","yoast_head_json":{"title":"ROLE INITIERE 2 \u00een 1 - Globber Rom\u00e2nia","robots":{"index":"index","follow":"follow","max-snippet":"max-snippet:-1","max-image-preview":"max-image-preview:large","max-video-preview":"max-video-preview:-1"},"canonical":"https:\/\/www.globber.com\/ro\/product\/role-initiere-2-in-1\/","og_locale":"ro_RO","og_type":"article","og_title":"ROLE INITIERE 2 \u00een 1 - Globber Rom\u00e2nia","og_description":"Produs 2\u2011\u00een\u20111,  M\u0103rime reglabil\u0103 (26-29),  Gheat\u0103 interioar\u0103 c\u0103ptu\u0219it\u0103.","og_url":"https:\/\/www.globber.com\/ro\/product\/role-initiere-2-in-1\/","og_site_name":"Globber Rom\u00e2nia","article_modified_time":"2026-03-30T10:02:18+00:00","og_image":[{"width":2048,"height":2048,"url":"https:\/\/cdn.globber.com\/content\/sites\/16\/2025\/03\/67d90e18ec22e.jpg","type":"image\/jpeg"}],"twitter_card":"summary_large_image","twitter_misc":{"Availability":"In stock"},"schema":{"@context":"https:\/\/schema.org","@graph":[{"@type":["WebPage","ItemPage"],"@id":"https:\/\/www.globber.com\/ro\/product\/role-initiere-2-in-1\/","url":"https:\/\/www.globber.com\/ro\/product\/role-initiere-2-in-1\/","name":"ROLE INITIERE 2 \u00een 1 - Globber Rom\u00e2nia","isPartOf":{"@id":"https:\/\/www.globber.com\/ro\/#website"},"primaryImageOfPage":{"@id":"https:\/\/www.globber.com\/ro\/product\/role-initiere-2-in-1\/#primaryimage"},"image":{"@id":"https:\/\/www.globber.com\/ro\/product\/role-initiere-2-in-1\/#primaryimage"},"thumbnailUrl":"https:\/\/cdn.globber.com\/content\/sites\/16\/2025\/03\/67d90e18ec22e.jpg","datePublished":"2025-03-18T06:23:05+00:00","dateModified":"2026-03-30T10:02:18+00:00","breadcrumb":{"@id":"https:\/\/www.globber.com\/ro\/product\/role-initiere-2-in-1\/#breadcrumb"},"inLanguage":"ro-RO","potentialAction":[{"@type":"ReadAction","target":["https:\/\/www.globber.com\/ro\/product\/role-initiere-2-in-1\/"]}]},{"@type":"ImageObject","inLanguage":"ro-RO","@id":"https:\/\/www.globber.com\/ro\/product\/role-initiere-2-in-1\/#primaryimage","url":"https:\/\/cdn.globber.com\/content\/sites\/16\/2025\/03\/67d90e18ec22e.jpg","contentUrl":"https:\/\/cdn.globber.com\/content\/sites\/16\/2025\/03\/67d90e18ec22e.jpg","width":2048,"height":2048},{"@type":"BreadcrumbList","@id":"https:\/\/www.globber.com\/ro\/product\/role-initiere-2-in-1\/#breadcrumb","itemListElement":[{"@type":"ListItem","position":1,"name":"Toate produsele","item":"https:\/\/www.globber.com\/ro\/shop-by-product\/"},{"@type":"ListItem","position":2,"name":"ROLE INITIERE 2 \u00een 1"}]},{"@type":"WebSite","@id":"https:\/\/www.globber.com\/ro\/#website","url":"https:\/\/www.globber.com\/ro\/","name":"Globber Rom\u00e2nia","description":"Lumea pe ro\u021bi | Globber","publisher":{"@id":"https:\/\/www.globber.com\/ro\/#organization"},"potentialAction":[{"@type":"SearchAction","target":{"@type":"EntryPoint","urlTemplate":"https:\/\/www.globber.com\/ro\/?s={search_term_string}"},"query-input":{"@type":"PropertyValueSpecification","valueRequired":true,"valueName":"search_term_string"}}],"inLanguage":"ro-RO"},{"@type":"Organization","@id":"https:\/\/www.globber.com\/ro\/#organization","name":"Globber Rom\u00e2nia","url":"https:\/\/www.globber.com\/ro\/","logo":{"@type":"ImageObject","inLanguage":"ro-RO","@id":"https:\/\/www.globber.com\/ro\/#\/schema\/logo\/image\/","url":"https:\/\/cdn.globber.com\/content\/2024\/05\/logo.svg","contentUrl":"https:\/\/cdn.globber.com\/content\/2024\/05\/logo.svg","width":601,"height":112,"caption":"Globber Rom\u00e2nia"},"image":{"@id":"https:\/\/www.globber.com\/ro\/#\/schema\/logo\/image\/"}}]},"og_availability":"instock","product_availability":"instock","product_retailer_item_id":"780_783-XXX","product_condition":"new"},"_links":{"self":[{"href":"https:\/\/www.globber.com\/ro\/wp-json\/wp\/v2\/product\/14251","targetHints":{"allow":["GET"]}}],"collection":[{"href":"https:\/\/www.globber.com\/ro\/wp-json\/wp\/v2\/product"}],"about":[{"href":"https:\/\/www.globber.com\/ro\/wp-json\/wp\/v2\/types\/product"}],"replies":[{"embeddable":true,"href":"https:\/\/www.globber.com\/ro\/wp-json\/wp\/v2\/comments?post=14251"}],"wp:featuredmedia":[{"embeddable":true,"href":"https:\/\/www.globber.com\/ro\/wp-json\/wp\/v2\/media\/14257"}],"wp:attachment":[{"href":"https:\/\/www.globber.com\/ro\/wp-json\/wp\/v2\/media?parent=14251"}],"wp:term":[{"taxonomy":"product-special-badges","embeddable":true,"href":"https:\/\/www.globber.com\/ro\/wp-json\/wp\/v2\/product-special-badges?post=14251"},{"taxonomy":"product_brand","embeddable":true,"href":"https:\/\/www.globber.com\/ro\/wp-json\/wp\/v2\/product_brand?post=14251"},{"taxonomy":"product_cat","embeddable":true,"href":"https:\/\/www.globber.com\/ro\/wp-json\/wp\/v2\/product_cat?post=14251"},{"taxonomy":"product_tag","embeddable":true,"href":"https:\/\/www.globber.com\/ro\/wp-json\/wp\/v2\/product_tag?post=14251"}],"curies":[{"name":"wp","href":"https:\/\/api.w.org\/{rel}","templated":true}]}}