{"id":14324,"date":"2025-03-18T10:02:02","date_gmt":"2025-03-18T08:02:02","guid":{"rendered":"https:\/\/www.globber.com\/ro\/?post_type=product&#038;p=14324"},"modified":"2026-04-30T10:27:28","modified_gmt":"2026-04-30T07:27:28","slug":"tricicleta-explorer-pliabila-4-in-1","status":"publish","type":"product","link":"https:\/\/www.globber.com\/ro\/product\/tricicleta-explorer-pliabila-4-in-1\/","title":{"rendered":"TRICICLETA EXPLORER PLIABILA 4 in 1"},"content":{"rendered":"<p>Explora\u021bi \u00eempreun\u0103 cu micu\u021bii dvs. oriunde \u0219i oric\u00e2nd cu TRICICLETA EXPLORER PLIABILA 4 in 1. Aceast\u0103 triciclet\u0103 pliabil\u0103 pentru copii ofer\u0103 un plus de comoditate pentru familiile \u00een mi\u0219care, cu un sistem de pliere brevetat care faciliteaz\u0103 transportul atunci c\u00e2nd sunte\u021bi pe drum!<\/p>\n<p>TRICICLETA EXPLORER PLIABILA 4 in 1 ofer\u0103 4 moduri de utilizare: triciclet\u0103 pentru sugari (10-36 luni), triciclet\u0103 ghidat\u0103 (18-36 luni), triciclet\u0103 (24-36 luni) \u0219i biciclet\u0103 de echilibru (2-5 ani)\u2014transform\u00e2ndu-se convenabil odat\u0103 cu dezvoltarea copilului t\u0103u.<\/p>\n<p>TRICICLETA EXPLORER PLIABILA 4 in 1 vine cu un design 100% f\u0103r\u0103 unelte, un scaun pliabil cu sp\u0103tar \u00eenalt \u0219i suport pentru cap, un ghidon inteligent, un m\u00e2ner pentru p\u0103rin\u021bi ajustabil pe 2 \u00een\u0103l\u021bimi, un sistem de direc\u021bie, ro\u021bi din spum\u0103 EVA rezistente cu un mecanism brevetat pentru ro\u021bile din spate \u0219i un suport pentru picioare deta\u0219abil, precum \u0219i o sa ajustabil\u0103 pe 2 \u00een\u0103l\u021bimi\u2014 toate caracteristicile oferind \u0219i mai mult\u0103 func\u021bionalitate!<\/p>\n","protected":false},"excerpt":{"rendered":"<ul>\n<li>Pliabila pentru transport mai usor<\/li>\n<li>Scaun ajustabil pe doua nivele de intaltime<\/li>\n<li>Centura siguranta in 5 puncte\u00a0<\/li>\n<li>Maner parinti detasabil<\/li>\n<\/ul>\n","protected":false},"featured_media":10316,"comment_status":"closed","ping_status":"closed","template":"","meta":{"_acf_changed":false,"inline_featured_image":false},"product-special-badges":[],"product_brand":[],"product_cat":[3559,1243,1630],"product_tag":[],"class_list":{"0":"post-14324","1":"product","2":"type-product","3":"status-publish","4":"has-post-thumbnail","6":"product_cat-triciclete-copii","7":"product_cat-explorer-trike-series","8":"product_cat-toddler-scooters-trikes-balance-bikes-2","9":"product_shipping_class-greutate-medie","10":"pa_adjustable-yes","11":"pa_age-range-10m-5y","12":"pa_color-red","13":"pa_color-teal","14":"pa_color-olive","15":"pa_ean-3177","16":"pa_ean-3178","17":"pa_ean-3179","18":"pa_foldable-yes","19":"pa_max-user-weight-15kg-infant-trike-mode","20":"pa_max-user-weight-20kg-balance-bike-guided-trike-training-trike-modes","21":"pa_product-type-bycicle","22":"pa_product-type-training-trike","23":"pa_product-type-infant-trike","24":"pa_product-type-scooter","25":"pa_product-weight-net-7-5kg","26":"pa_recommended-user-height-65-105cm","27":"pa_seat-heights-saddle-33-36cm-from-the-ground-high-back-seat-34-37cm-from-the-ground","28":"pa_wheels-material-eva-foam","30":"first","31":"instock","32":"taxable","33":"shipping-taxable","34":"purchasable","35":"product-type-variable"},"acf":[],"yoast_head":"<!-- This site is optimized with the Yoast SEO Premium plugin v20.12 (Yoast SEO v23.4) - https:\/\/yoast.com\/wordpress\/plugins\/seo\/ -->\n<title>TRICICLETA EXPLORER PLIABILA 4 in 1 - Globber Rom\u00e2nia<\/title>\n<meta name=\"robots\" content=\"index, follow, max-snippet:-1, max-image-preview:large, max-video-preview:-1\" \/>\n<link rel=\"canonical\" href=\"https:\/\/www.globber.com\/ro\/product\/tricicleta-explorer-pliabila-4-in-1\/\" \/>\n<meta property=\"og:locale\" content=\"ro_RO\" \/>\n<meta property=\"og:type\" content=\"article\" \/>\n<meta property=\"og:title\" content=\"TRICICLETA EXPLORER PLIABILA 4 in 1 - Globber Rom\u00e2nia\" \/>\n<meta property=\"og:description\" content=\"Pliabila pentru transport mai usor  Scaun ajustabil pe doua nivele de intaltime  Centura siguranta in 5 puncte\u00a0  Maner parinti detasabil\" \/>\n<meta property=\"og:url\" content=\"https:\/\/www.globber.com\/ro\/product\/tricicleta-explorer-pliabila-4-in-1\/\" \/>\n<meta property=\"og:site_name\" content=\"Globber Rom\u00e2nia\" \/>\n<meta property=\"article:modified_time\" content=\"2026-04-30T07:27:28+00:00\" \/>\n<meta property=\"og:image\" content=\"https:\/\/cdn.globber.com\/content\/2024\/05\/732-102_4-in-1-foldable-tricycle.jpg\" \/>\n\t<meta property=\"og:image:width\" content=\"2048\" \/>\n\t<meta property=\"og:image:height\" content=\"2048\" \/>\n\t<meta property=\"og:image:type\" content=\"image\/jpeg\" \/>\n<meta name=\"twitter:card\" content=\"summary_large_image\" \/>\n<meta name=\"twitter:label1\" content=\"Availability\" \/>\n\t<meta name=\"twitter:data1\" content=\"In stock\" \/>\n<script type=\"application\/ld+json\" class=\"yoast-schema-graph\">{\"@context\":\"https:\/\/schema.org\",\"@graph\":[{\"@type\":[\"WebPage\",\"ItemPage\"],\"@id\":\"https:\/\/www.globber.com\/ro\/product\/tricicleta-explorer-pliabila-4-in-1\/\",\"url\":\"https:\/\/www.globber.com\/ro\/product\/tricicleta-explorer-pliabila-4-in-1\/\",\"name\":\"TRICICLETA EXPLORER PLIABILA 4 in 1 - Globber Rom\u00e2nia\",\"isPartOf\":{\"@id\":\"https:\/\/www.globber.com\/ro\/#website\"},\"primaryImageOfPage\":{\"@id\":\"https:\/\/www.globber.com\/ro\/product\/tricicleta-explorer-pliabila-4-in-1\/#primaryimage\"},\"image\":{\"@id\":\"https:\/\/www.globber.com\/ro\/product\/tricicleta-explorer-pliabila-4-in-1\/#primaryimage\"},\"thumbnailUrl\":\"https:\/\/cdn.globber.com\/content\/2024\/05\/732-102_4-in-1-foldable-tricycle.jpg\",\"datePublished\":\"2025-03-18T08:02:02+00:00\",\"dateModified\":\"2026-04-30T07:27:28+00:00\",\"breadcrumb\":{\"@id\":\"https:\/\/www.globber.com\/ro\/product\/tricicleta-explorer-pliabila-4-in-1\/#breadcrumb\"},\"inLanguage\":\"ro-RO\",\"potentialAction\":[{\"@type\":\"ReadAction\",\"target\":[\"https:\/\/www.globber.com\/ro\/product\/tricicleta-explorer-pliabila-4-in-1\/\"]}]},{\"@type\":\"ImageObject\",\"inLanguage\":\"ro-RO\",\"@id\":\"https:\/\/www.globber.com\/ro\/product\/tricicleta-explorer-pliabila-4-in-1\/#primaryimage\",\"url\":\"https:\/\/cdn.globber.com\/content\/2024\/05\/732-102_4-in-1-foldable-tricycle.jpg\",\"contentUrl\":\"https:\/\/cdn.globber.com\/content\/2024\/05\/732-102_4-in-1-foldable-tricycle.jpg\",\"width\":2048,\"height\":2048},{\"@type\":\"BreadcrumbList\",\"@id\":\"https:\/\/www.globber.com\/ro\/product\/tricicleta-explorer-pliabila-4-in-1\/#breadcrumb\",\"itemListElement\":[{\"@type\":\"ListItem\",\"position\":1,\"name\":\"Toate produsele\",\"item\":\"https:\/\/www.globber.com\/ro\/shop-by-product\/\"},{\"@type\":\"ListItem\",\"position\":2,\"name\":\"TRICICLETA EXPLORER PLIABILA 4 in 1\"}]},{\"@type\":\"WebSite\",\"@id\":\"https:\/\/www.globber.com\/ro\/#website\",\"url\":\"https:\/\/www.globber.com\/ro\/\",\"name\":\"Globber Rom\u00e2nia\",\"description\":\"Lumea pe ro\u021bi | Globber\",\"publisher\":{\"@id\":\"https:\/\/www.globber.com\/ro\/#organization\"},\"potentialAction\":[{\"@type\":\"SearchAction\",\"target\":{\"@type\":\"EntryPoint\",\"urlTemplate\":\"https:\/\/www.globber.com\/ro\/?s={search_term_string}\"},\"query-input\":{\"@type\":\"PropertyValueSpecification\",\"valueRequired\":true,\"valueName\":\"search_term_string\"}}],\"inLanguage\":\"ro-RO\"},{\"@type\":\"Organization\",\"@id\":\"https:\/\/www.globber.com\/ro\/#organization\",\"name\":\"Globber Rom\u00e2nia\",\"url\":\"https:\/\/www.globber.com\/ro\/\",\"logo\":{\"@type\":\"ImageObject\",\"inLanguage\":\"ro-RO\",\"@id\":\"https:\/\/www.globber.com\/ro\/#\/schema\/logo\/image\/\",\"url\":\"https:\/\/cdn.globber.com\/content\/2024\/05\/logo.svg\",\"contentUrl\":\"https:\/\/cdn.globber.com\/content\/2024\/05\/logo.svg\",\"width\":601,\"height\":112,\"caption\":\"Globber Rom\u00e2nia\"},\"image\":{\"@id\":\"https:\/\/www.globber.com\/ro\/#\/schema\/logo\/image\/\"}}]}<\/script>\n<meta property=\"og:availability\" content=\"instock\" \/>\n<meta property=\"product:availability\" content=\"instock\" \/>\n<meta property=\"product:retailer_item_id\" content=\"732-xxx\" \/>\n<meta property=\"product:condition\" content=\"new\" \/>\n<!-- \/ Yoast SEO Premium plugin. -->","yoast_head_json":{"title":"TRICICLETA EXPLORER PLIABILA 4 in 1 - Globber Rom\u00e2nia","robots":{"index":"index","follow":"follow","max-snippet":"max-snippet:-1","max-image-preview":"max-image-preview:large","max-video-preview":"max-video-preview:-1"},"canonical":"https:\/\/www.globber.com\/ro\/product\/tricicleta-explorer-pliabila-4-in-1\/","og_locale":"ro_RO","og_type":"article","og_title":"TRICICLETA EXPLORER PLIABILA 4 in 1 - Globber Rom\u00e2nia","og_description":"Pliabila pentru transport mai usor  Scaun ajustabil pe doua nivele de intaltime  Centura siguranta in 5 puncte\u00a0  Maner parinti detasabil","og_url":"https:\/\/www.globber.com\/ro\/product\/tricicleta-explorer-pliabila-4-in-1\/","og_site_name":"Globber Rom\u00e2nia","article_modified_time":"2026-04-30T07:27:28+00:00","og_image":[{"width":2048,"height":2048,"url":"https:\/\/cdn.globber.com\/content\/2024\/05\/732-102_4-in-1-foldable-tricycle.jpg","type":"image\/jpeg"}],"twitter_card":"summary_large_image","twitter_misc":{"Availability":"In stock"},"schema":{"@context":"https:\/\/schema.org","@graph":[{"@type":["WebPage","ItemPage"],"@id":"https:\/\/www.globber.com\/ro\/product\/tricicleta-explorer-pliabila-4-in-1\/","url":"https:\/\/www.globber.com\/ro\/product\/tricicleta-explorer-pliabila-4-in-1\/","name":"TRICICLETA EXPLORER PLIABILA 4 in 1 - Globber Rom\u00e2nia","isPartOf":{"@id":"https:\/\/www.globber.com\/ro\/#website"},"primaryImageOfPage":{"@id":"https:\/\/www.globber.com\/ro\/product\/tricicleta-explorer-pliabila-4-in-1\/#primaryimage"},"image":{"@id":"https:\/\/www.globber.com\/ro\/product\/tricicleta-explorer-pliabila-4-in-1\/#primaryimage"},"thumbnailUrl":"https:\/\/cdn.globber.com\/content\/2024\/05\/732-102_4-in-1-foldable-tricycle.jpg","datePublished":"2025-03-18T08:02:02+00:00","dateModified":"2026-04-30T07:27:28+00:00","breadcrumb":{"@id":"https:\/\/www.globber.com\/ro\/product\/tricicleta-explorer-pliabila-4-in-1\/#breadcrumb"},"inLanguage":"ro-RO","potentialAction":[{"@type":"ReadAction","target":["https:\/\/www.globber.com\/ro\/product\/tricicleta-explorer-pliabila-4-in-1\/"]}]},{"@type":"ImageObject","inLanguage":"ro-RO","@id":"https:\/\/www.globber.com\/ro\/product\/tricicleta-explorer-pliabila-4-in-1\/#primaryimage","url":"https:\/\/cdn.globber.com\/content\/2024\/05\/732-102_4-in-1-foldable-tricycle.jpg","contentUrl":"https:\/\/cdn.globber.com\/content\/2024\/05\/732-102_4-in-1-foldable-tricycle.jpg","width":2048,"height":2048},{"@type":"BreadcrumbList","@id":"https:\/\/www.globber.com\/ro\/product\/tricicleta-explorer-pliabila-4-in-1\/#breadcrumb","itemListElement":[{"@type":"ListItem","position":1,"name":"Toate produsele","item":"https:\/\/www.globber.com\/ro\/shop-by-product\/"},{"@type":"ListItem","position":2,"name":"TRICICLETA EXPLORER PLIABILA 4 in 1"}]},{"@type":"WebSite","@id":"https:\/\/www.globber.com\/ro\/#website","url":"https:\/\/www.globber.com\/ro\/","name":"Globber Rom\u00e2nia","description":"Lumea pe ro\u021bi | Globber","publisher":{"@id":"https:\/\/www.globber.com\/ro\/#organization"},"potentialAction":[{"@type":"SearchAction","target":{"@type":"EntryPoint","urlTemplate":"https:\/\/www.globber.com\/ro\/?s={search_term_string}"},"query-input":{"@type":"PropertyValueSpecification","valueRequired":true,"valueName":"search_term_string"}}],"inLanguage":"ro-RO"},{"@type":"Organization","@id":"https:\/\/www.globber.com\/ro\/#organization","name":"Globber Rom\u00e2nia","url":"https:\/\/www.globber.com\/ro\/","logo":{"@type":"ImageObject","inLanguage":"ro-RO","@id":"https:\/\/www.globber.com\/ro\/#\/schema\/logo\/image\/","url":"https:\/\/cdn.globber.com\/content\/2024\/05\/logo.svg","contentUrl":"https:\/\/cdn.globber.com\/content\/2024\/05\/logo.svg","width":601,"height":112,"caption":"Globber Rom\u00e2nia"},"image":{"@id":"https:\/\/www.globber.com\/ro\/#\/schema\/logo\/image\/"}}]},"og_availability":"instock","product_availability":"instock","product_retailer_item_id":"732-xxx","product_condition":"new"},"_links":{"self":[{"href":"https:\/\/www.globber.com\/ro\/wp-json\/wp\/v2\/product\/14324","targetHints":{"allow":["GET"]}}],"collection":[{"href":"https:\/\/www.globber.com\/ro\/wp-json\/wp\/v2\/product"}],"about":[{"href":"https:\/\/www.globber.com\/ro\/wp-json\/wp\/v2\/types\/product"}],"replies":[{"embeddable":true,"href":"https:\/\/www.globber.com\/ro\/wp-json\/wp\/v2\/comments?post=14324"}],"wp:featuredmedia":[{"embeddable":true,"href":"https:\/\/www.globber.com\/ro\/wp-json\/wp\/v2\/media\/10316"}],"wp:attachment":[{"href":"https:\/\/www.globber.com\/ro\/wp-json\/wp\/v2\/media?parent=14324"}],"wp:term":[{"taxonomy":"product-special-badges","embeddable":true,"href":"https:\/\/www.globber.com\/ro\/wp-json\/wp\/v2\/product-special-badges?post=14324"},{"taxonomy":"product_brand","embeddable":true,"href":"https:\/\/www.globber.com\/ro\/wp-json\/wp\/v2\/product_brand?post=14324"},{"taxonomy":"product_cat","embeddable":true,"href":"https:\/\/www.globber.com\/ro\/wp-json\/wp\/v2\/product_cat?post=14324"},{"taxonomy":"product_tag","embeddable":true,"href":"https:\/\/www.globber.com\/ro\/wp-json\/wp\/v2\/product_tag?post=14324"}],"curies":[{"name":"wp","href":"https:\/\/api.w.org\/{rel}","templated":true}]}}