{"id":14341,"date":"2025-03-18T10:18:57","date_gmt":"2025-03-18T08:18:57","guid":{"rendered":"https:\/\/www.globber.com\/ro\/?post_type=product&#038;p=14341"},"modified":"2026-04-04T16:44:21","modified_gmt":"2026-04-04T13:44:21","slug":"master-prime","status":"publish","type":"product","link":"https:\/\/www.globber.com\/ro\/product\/master-prime\/","title":{"rendered":"MASTER PRIME"},"content":{"rendered":"<p>MASTER PRIME este partenerul ideal pentru via\u021ba de zi cu zi, drumul la \u0219coal\u0103 sau activit\u0103\u021bile de timp liber. Aceast\u0103 trotinet\u0103 pe trei ro\u021bi, de calitate superioar\u0103, \u00eembin\u0103 un design modern cu func\u021bionalit\u0103\u021bi bine g\u00e2ndite. Ro\u021bi frontale de trotinet\u0103 de \u00eenalt\u0103 calitate, extra-late \u0219i cu rebound ridicat de 125mm (38mm l\u0103\u021bime) din PU turnat \u0219i roat\u0103 spate de 80mm montat\u0103 pe rulmen\u021bi ABEC 5. Fr\u00e2na sa compozit\u0103 bi-injectat\u0103, extra-lung\u0103 \u0219i lat\u0103, ofer\u0103 eficien\u021b\u0103 \u0219i longevitate ro\u021bilor.<\/p>\n<p>Platforma extra-lat\u0103, acoperit\u0103 cu spum\u0103 EVA antiderapant\u0103, ofer\u0103 o pozi\u021bie sigur\u0103 \u00een orice moment. Ghidonul \u00een form\u0103 de T este reglabil pe \u00een\u0103l\u021bime \u00een 5 pozi\u021bii, astfel \u00eenc\u00e2t poate fi adaptat perfect la \u00een\u0103l\u021bimea ta. Datorit\u0103 sistemului patentat de pliere, trotineta se pliaz\u0103 compact \u00een doar c\u00e2teva clipe, fiind u\u0219or de transportat. Iar cu sistemul de blocare a direc\u021biei po\u021bi bloca ini\u021bial virajul pentru a exersa \u00een siguran\u021b\u0103 echilibrul ideal pentru primele deplas\u0103ri independente.<\/p>\n<p>MASTER PRIME ofer\u0103 confort de rulare fiabil, siguran\u021b\u0103 inteligent g\u00e2ndit\u0103 \u0219i calitate durabil\u0103 perfect adaptat\u0103 tinerilor activi.<\/p>\n<p>MASTER PRIME \u00a0este fabricat cu 30 pana la 33% din plastic Global Recycled Standard (GRS). GRS este etalonul interna\u021bional pentru verificarea prezen\u021bei con\u021binutului reciclat \u00een produsele finite, asigur\u00e2nd transparen\u021ba materialelor \u0219i promov\u00e2nd o economie circular\u0103.<\/p>\n<p>Prin utilizarea plasticului reciclat certificat GRS \u00een colec\u021biile noastre cu 3 ro\u021bi \u0219i ECOLOGIC, am reu\u0219it s\u0103 reutiliz\u0103m peste 118 tone combinate de sticle \u0219i pahare folosite, plase de pescuit salvate \u0219i juc\u0103rii \u0219i pl\u0103cu\u021be vechi din octombrie 2022.\u00a0<\/p>\n","protected":false},"excerpt":{"rendered":"<ul>\n<li>Ghidon ajustabil pe 5 nivele de inaltime,<\/li>\n<li>Pliere ghidon cu un singur clic,<\/li>\n<li>Sistem blocare a directiei.<\/li>\n<\/ul>\n","protected":false},"featured_media":3610,"comment_status":"closed","ping_status":"closed","template":"","meta":{"_acf_changed":false,"inline_featured_image":false},"product-special-badges":[4012],"product_brand":[],"product_cat":[4004,1683,1691],"product_tag":[],"class_list":{"0":"post-14341","1":"product","2":"type-product","3":"status-publish","4":"has-post-thumbnail","6":"product_cat-sale","7":"product_cat-master-series","8":"product_cat-3-wheel-scooters-for-all-ages","9":"product_shipping_class-greutate-medie","10":"pa_age-range-4-14y","11":"pa_color-red","12":"pa_color-lime-green","13":"pa_deck-material-composite-pp-fiber-metal-frame-eva-foam-grip-tape","14":"pa_deck-size-w-14-3cm-x-l-58cm","15":"pa_ean-3349","16":"pa_ean-3351","17":"pa_foldable-yes","18":"pa_max-user-weight-50kg","19":"pa_product-type-3-wheel-scooter","20":"pa_product-weight-net-3-38kg","21":"pa_recommended-user-height-100-160cm","22":"pa_t-bar-heights-74-79-84-89-94cm-from-the-ground","23":"pa_wheel-size-125mm-38mm-wide-front","24":"pa_wheel-size-80mm-30mm-wide-rear","25":"pa_wheels-material-high-rebound-pu-casted","27":"first","28":"instock","29":"sale","30":"taxable","31":"shipping-taxable","32":"purchasable","33":"product-type-variable"},"acf":[],"yoast_head":"<!-- This site is optimized with the Yoast SEO Premium plugin v20.12 (Yoast SEO v23.4) - https:\/\/yoast.com\/wordpress\/plugins\/seo\/ -->\n<title>MASTER PRIME - Globber Rom\u00e2nia<\/title>\n<meta name=\"robots\" content=\"index, follow, max-snippet:-1, max-image-preview:large, max-video-preview:-1\" \/>\n<link rel=\"canonical\" href=\"https:\/\/www.globber.com\/ro\/product\/master-prime\/\" \/>\n<meta property=\"og:locale\" content=\"ro_RO\" \/>\n<meta property=\"og:type\" content=\"article\" \/>\n<meta property=\"og:title\" content=\"MASTER PRIME - Globber Rom\u00e2nia\" \/>\n<meta property=\"og:description\" content=\"Ghidon ajustabil pe 5 nivele de inaltime,  Pliere ghidon cu un singur clic,  Sistem blocare a directiei.\" \/>\n<meta property=\"og:url\" content=\"https:\/\/www.globber.com\/ro\/product\/master-prime\/\" \/>\n<meta property=\"og:site_name\" content=\"Globber Rom\u00e2nia\" \/>\n<meta property=\"article:modified_time\" content=\"2026-04-04T13:44:21+00:00\" \/>\n<meta property=\"og:image\" content=\"https:\/\/cdn.globber.com\/content\/2022\/11\/638385fb4a540.jpg\" \/>\n\t<meta property=\"og:image:width\" content=\"1920\" \/>\n\t<meta property=\"og:image:height\" content=\"1920\" \/>\n\t<meta property=\"og:image:type\" content=\"image\/jpeg\" \/>\n<meta name=\"twitter:card\" content=\"summary_large_image\" \/>\n<meta name=\"twitter:label1\" content=\"Availability\" \/>\n\t<meta name=\"twitter:data1\" content=\"In stock\" \/>\n<script type=\"application\/ld+json\" class=\"yoast-schema-graph\">{\"@context\":\"https:\/\/schema.org\",\"@graph\":[{\"@type\":[\"WebPage\",\"ItemPage\"],\"@id\":\"https:\/\/www.globber.com\/ro\/product\/master-prime\/\",\"url\":\"https:\/\/www.globber.com\/ro\/product\/master-prime\/\",\"name\":\"MASTER PRIME - Globber Rom\u00e2nia\",\"isPartOf\":{\"@id\":\"https:\/\/www.globber.com\/ro\/#website\"},\"primaryImageOfPage\":{\"@id\":\"https:\/\/www.globber.com\/ro\/product\/master-prime\/#primaryimage\"},\"image\":{\"@id\":\"https:\/\/www.globber.com\/ro\/product\/master-prime\/#primaryimage\"},\"thumbnailUrl\":\"https:\/\/cdn.globber.com\/content\/2022\/11\/638385fb4a540.jpg\",\"datePublished\":\"2025-03-18T08:18:57+00:00\",\"dateModified\":\"2026-04-04T13:44:21+00:00\",\"breadcrumb\":{\"@id\":\"https:\/\/www.globber.com\/ro\/product\/master-prime\/#breadcrumb\"},\"inLanguage\":\"ro-RO\",\"potentialAction\":[{\"@type\":\"ReadAction\",\"target\":[\"https:\/\/www.globber.com\/ro\/product\/master-prime\/\"]}]},{\"@type\":\"ImageObject\",\"inLanguage\":\"ro-RO\",\"@id\":\"https:\/\/www.globber.com\/ro\/product\/master-prime\/#primaryimage\",\"url\":\"https:\/\/cdn.globber.com\/content\/2022\/11\/638385fb4a540.jpg\",\"contentUrl\":\"https:\/\/cdn.globber.com\/content\/2022\/11\/638385fb4a540.jpg\",\"width\":1920,\"height\":1920},{\"@type\":\"BreadcrumbList\",\"@id\":\"https:\/\/www.globber.com\/ro\/product\/master-prime\/#breadcrumb\",\"itemListElement\":[{\"@type\":\"ListItem\",\"position\":1,\"name\":\"Toate produsele\",\"item\":\"https:\/\/www.globber.com\/ro\/shop-by-product\/\"},{\"@type\":\"ListItem\",\"position\":2,\"name\":\"MASTER PRIME\"}]},{\"@type\":\"WebSite\",\"@id\":\"https:\/\/www.globber.com\/ro\/#website\",\"url\":\"https:\/\/www.globber.com\/ro\/\",\"name\":\"Globber Rom\u00e2nia\",\"description\":\"Lumea pe ro\u021bi | Globber\",\"publisher\":{\"@id\":\"https:\/\/www.globber.com\/ro\/#organization\"},\"potentialAction\":[{\"@type\":\"SearchAction\",\"target\":{\"@type\":\"EntryPoint\",\"urlTemplate\":\"https:\/\/www.globber.com\/ro\/?s={search_term_string}\"},\"query-input\":{\"@type\":\"PropertyValueSpecification\",\"valueRequired\":true,\"valueName\":\"search_term_string\"}}],\"inLanguage\":\"ro-RO\"},{\"@type\":\"Organization\",\"@id\":\"https:\/\/www.globber.com\/ro\/#organization\",\"name\":\"Globber Rom\u00e2nia\",\"url\":\"https:\/\/www.globber.com\/ro\/\",\"logo\":{\"@type\":\"ImageObject\",\"inLanguage\":\"ro-RO\",\"@id\":\"https:\/\/www.globber.com\/ro\/#\/schema\/logo\/image\/\",\"url\":\"https:\/\/cdn.globber.com\/content\/2024\/05\/logo.svg\",\"contentUrl\":\"https:\/\/cdn.globber.com\/content\/2024\/05\/logo.svg\",\"width\":601,\"height\":112,\"caption\":\"Globber Rom\u00e2nia\"},\"image\":{\"@id\":\"https:\/\/www.globber.com\/ro\/#\/schema\/logo\/image\/\"}}]}<\/script>\n<meta property=\"og:availability\" content=\"instock\" \/>\n<meta property=\"product:availability\" content=\"instock\" \/>\n<meta property=\"product:retailer_item_id\" content=\"664-XXX\" \/>\n<meta property=\"product:condition\" content=\"new\" \/>\n<!-- \/ Yoast SEO Premium plugin. -->","yoast_head_json":{"title":"MASTER PRIME - Globber Rom\u00e2nia","robots":{"index":"index","follow":"follow","max-snippet":"max-snippet:-1","max-image-preview":"max-image-preview:large","max-video-preview":"max-video-preview:-1"},"canonical":"https:\/\/www.globber.com\/ro\/product\/master-prime\/","og_locale":"ro_RO","og_type":"article","og_title":"MASTER PRIME - Globber Rom\u00e2nia","og_description":"Ghidon ajustabil pe 5 nivele de inaltime,  Pliere ghidon cu un singur clic,  Sistem blocare a directiei.","og_url":"https:\/\/www.globber.com\/ro\/product\/master-prime\/","og_site_name":"Globber Rom\u00e2nia","article_modified_time":"2026-04-04T13:44:21+00:00","og_image":[{"width":1920,"height":1920,"url":"https:\/\/cdn.globber.com\/content\/2022\/11\/638385fb4a540.jpg","type":"image\/jpeg"}],"twitter_card":"summary_large_image","twitter_misc":{"Availability":"In stock"},"schema":{"@context":"https:\/\/schema.org","@graph":[{"@type":["WebPage","ItemPage"],"@id":"https:\/\/www.globber.com\/ro\/product\/master-prime\/","url":"https:\/\/www.globber.com\/ro\/product\/master-prime\/","name":"MASTER PRIME - Globber Rom\u00e2nia","isPartOf":{"@id":"https:\/\/www.globber.com\/ro\/#website"},"primaryImageOfPage":{"@id":"https:\/\/www.globber.com\/ro\/product\/master-prime\/#primaryimage"},"image":{"@id":"https:\/\/www.globber.com\/ro\/product\/master-prime\/#primaryimage"},"thumbnailUrl":"https:\/\/cdn.globber.com\/content\/2022\/11\/638385fb4a540.jpg","datePublished":"2025-03-18T08:18:57+00:00","dateModified":"2026-04-04T13:44:21+00:00","breadcrumb":{"@id":"https:\/\/www.globber.com\/ro\/product\/master-prime\/#breadcrumb"},"inLanguage":"ro-RO","potentialAction":[{"@type":"ReadAction","target":["https:\/\/www.globber.com\/ro\/product\/master-prime\/"]}]},{"@type":"ImageObject","inLanguage":"ro-RO","@id":"https:\/\/www.globber.com\/ro\/product\/master-prime\/#primaryimage","url":"https:\/\/cdn.globber.com\/content\/2022\/11\/638385fb4a540.jpg","contentUrl":"https:\/\/cdn.globber.com\/content\/2022\/11\/638385fb4a540.jpg","width":1920,"height":1920},{"@type":"BreadcrumbList","@id":"https:\/\/www.globber.com\/ro\/product\/master-prime\/#breadcrumb","itemListElement":[{"@type":"ListItem","position":1,"name":"Toate produsele","item":"https:\/\/www.globber.com\/ro\/shop-by-product\/"},{"@type":"ListItem","position":2,"name":"MASTER PRIME"}]},{"@type":"WebSite","@id":"https:\/\/www.globber.com\/ro\/#website","url":"https:\/\/www.globber.com\/ro\/","name":"Globber Rom\u00e2nia","description":"Lumea pe ro\u021bi | Globber","publisher":{"@id":"https:\/\/www.globber.com\/ro\/#organization"},"potentialAction":[{"@type":"SearchAction","target":{"@type":"EntryPoint","urlTemplate":"https:\/\/www.globber.com\/ro\/?s={search_term_string}"},"query-input":{"@type":"PropertyValueSpecification","valueRequired":true,"valueName":"search_term_string"}}],"inLanguage":"ro-RO"},{"@type":"Organization","@id":"https:\/\/www.globber.com\/ro\/#organization","name":"Globber Rom\u00e2nia","url":"https:\/\/www.globber.com\/ro\/","logo":{"@type":"ImageObject","inLanguage":"ro-RO","@id":"https:\/\/www.globber.com\/ro\/#\/schema\/logo\/image\/","url":"https:\/\/cdn.globber.com\/content\/2024\/05\/logo.svg","contentUrl":"https:\/\/cdn.globber.com\/content\/2024\/05\/logo.svg","width":601,"height":112,"caption":"Globber Rom\u00e2nia"},"image":{"@id":"https:\/\/www.globber.com\/ro\/#\/schema\/logo\/image\/"}}]},"og_availability":"instock","product_availability":"instock","product_retailer_item_id":"664-XXX","product_condition":"new"},"_links":{"self":[{"href":"https:\/\/www.globber.com\/ro\/wp-json\/wp\/v2\/product\/14341","targetHints":{"allow":["GET"]}}],"collection":[{"href":"https:\/\/www.globber.com\/ro\/wp-json\/wp\/v2\/product"}],"about":[{"href":"https:\/\/www.globber.com\/ro\/wp-json\/wp\/v2\/types\/product"}],"replies":[{"embeddable":true,"href":"https:\/\/www.globber.com\/ro\/wp-json\/wp\/v2\/comments?post=14341"}],"wp:featuredmedia":[{"embeddable":true,"href":"https:\/\/www.globber.com\/ro\/wp-json\/wp\/v2\/media\/3610"}],"wp:attachment":[{"href":"https:\/\/www.globber.com\/ro\/wp-json\/wp\/v2\/media?parent=14341"}],"wp:term":[{"taxonomy":"product-special-badges","embeddable":true,"href":"https:\/\/www.globber.com\/ro\/wp-json\/wp\/v2\/product-special-badges?post=14341"},{"taxonomy":"product_brand","embeddable":true,"href":"https:\/\/www.globber.com\/ro\/wp-json\/wp\/v2\/product_brand?post=14341"},{"taxonomy":"product_cat","embeddable":true,"href":"https:\/\/www.globber.com\/ro\/wp-json\/wp\/v2\/product_cat?post=14341"},{"taxonomy":"product_tag","embeddable":true,"href":"https:\/\/www.globber.com\/ro\/wp-json\/wp\/v2\/product_tag?post=14341"}],"curies":[{"name":"wp","href":"https:\/\/api.w.org\/{rel}","templated":true}]}}