{"id":14346,"date":"2025-03-18T10:56:39","date_gmt":"2025-03-18T08:56:39","guid":{"rendered":"https:\/\/www.globber.com\/ro\/?post_type=product&#038;p=14346"},"modified":"2026-03-09T09:12:17","modified_gmt":"2026-03-09T07:12:17","slug":"primo-foldable-plus-lumini","status":"publish","type":"product","link":"https:\/\/www.globber.com\/ro\/product\/primo-foldable-plus-lumini\/","title":{"rendered":"PRIMO PLUS PLIABILA CU LUMINI"},"content":{"rendered":"<p>PRIMO PLUS PLIABILA CU LUMINI este trotineta ideal\u0103 pe 3 ro\u021bi, cu ro\u021bi LED, pentru copii de 3\u20137+ ani. Datorit\u0103 designului g\u00e2ndit \u00een detaliu, sistemului patentat de blocare a direc\u021biei, ghidonului reglabil pe \u00een\u0103l\u021bime \u00een 3 pozi\u021bii \u0219i ro\u021bilor luminoase f\u0103r\u0103 baterii, ofer\u0103 tot ce au nevoie micii aventurieri pentru plimb\u0103ri sigure \u0219i distractive.<\/p>\n<p>Ro\u021bile frontale cu LED se aprind folosind energia cinetic\u0103 \u2013 cu c\u00e2t copilul se d\u0103 mai repede, cu at\u00e2t lumineaz\u0103 mai intens, \u00een culori vibrante. \u00cen acela\u0219i timp, sistemul de blocare a direc\u021biei \u00eei ajut\u0103 pe cei mici s\u0103 \u00eenve\u021be \u00een siguran\u021b\u0103 echilibrul \u0219i coordonarea. C\u00e2nd cap\u0103t\u0103 suficient\u0103 \u00eencredere, blocarea poate fi dezactivat\u0103, iar copilul se poate bucura de senza\u021bia autentic\u0103 de \u201elean\u2011to\u2011steer\u201d, vir\u00e2nd prin \u00eenclinarea corpului.<\/p>\n<p>Datorit\u0103 mecanismului practic de pliere, trotineta se pliaz\u0103 u\u0219or \u0219i poate fi transportat\u0103 comod \u2013 perfect\u0103 pentru drumuri, gr\u0103dini\u021b\u0103 sau spa\u021bii mici de locuit. PRIMO PLUS PLIABILA CU LUMINI este o trotinet\u0103 pentru copii robust\u0103 \u0219i reglabil\u0103, care \u00eembin\u0103 distrac\u021bia, siguran\u021ba \u0219i stilul pe trei ro\u021bi.<\/p>\n","protected":false},"excerpt":{"rendered":"<ul>\n<li>Ghidon reglabil pe \u00een\u0103l\u021bime \u00een 3 pozi\u021bii,<\/li>\n<li>sistem de pliere \u201eone\u2011click\u201d,<\/li>\n<li>ro\u021bi cu LED-uri luminoase.<\/li>\n<\/ul>\n","protected":false},"featured_media":14350,"comment_status":"closed","ping_status":"closed","template":"","meta":{"_acf_changed":false,"inline_featured_image":false},"product-special-badges":[],"product_brand":[],"product_cat":[1681,1691,1696,1694,399],"product_tag":[],"class_list":{"0":"post-14346","1":"product","2":"type-product","3":"status-publish","4":"has-post-thumbnail","6":"product_cat-primo-series","7":"product_cat-3-wheel-scooters-for-all-ages","8":"product_cat-trotinete-pliabile","9":"product_cat-light-up-scooters","10":"product_cat-scooters-for-kids","11":"product_shipping_class-usoare","12":"pa_adjustable-yes","13":"pa_age-range-3y-9y","14":"pa_brakes-mechanical-rear-brake-composite","15":"pa_color-coral-pink","16":"pa_deck-material-composite-pp-fiber-metal-frame","17":"pa_deck-size-w-12-5cm-x-l-54-5cm","18":"pa_ean-3882","19":"pa_foldable-yes","20":"pa_max-user-weight-50kg","21":"pa_product-type-3-wheel-scooter","22":"pa_product-weight-net-2-54kg","23":"pa_recommended-user-height-95-130cm","24":"pa_t-bar-heights-67-5cm-72-5cm-77-5cm-82-5cm-from-the-ground","25":"pa_wheel-size-121mm-24mm-wide-front","26":"pa_wheel-size-80mm-24mm-wide-rear","27":"pa_wheels-material-high-rebound-pu-casted","29":"first","30":"outofstock","31":"taxable","32":"shipping-taxable","33":"purchasable","34":"product-type-variable"},"acf":[],"yoast_head":"<!-- This site is optimized with the Yoast SEO Premium plugin v20.12 (Yoast SEO v23.4) - https:\/\/yoast.com\/wordpress\/plugins\/seo\/ -->\n<title>PRIMO PLUS PLIABILA CU LUMINI - Globber Rom\u00e2nia<\/title>\n<meta name=\"robots\" content=\"index, follow, max-snippet:-1, max-image-preview:large, max-video-preview:-1\" \/>\n<link rel=\"canonical\" href=\"https:\/\/www.globber.com\/ro\/product\/primo-foldable-plus-lumini\/\" \/>\n<meta property=\"og:locale\" content=\"ro_RO\" \/>\n<meta property=\"og:type\" content=\"article\" \/>\n<meta property=\"og:title\" content=\"PRIMO PLUS PLIABILA CU LUMINI - Globber Rom\u00e2nia\" \/>\n<meta property=\"og:description\" content=\"Ghidon reglabil pe \u00een\u0103l\u021bime \u00een 3 pozi\u021bii,  sistem de pliere \u201eone\u2011click\u201d,  ro\u021bi cu LED-uri luminoase.\" \/>\n<meta property=\"og:url\" content=\"https:\/\/www.globber.com\/ro\/product\/primo-foldable-plus-lumini\/\" \/>\n<meta property=\"og:site_name\" content=\"Globber Rom\u00e2nia\" \/>\n<meta property=\"article:modified_time\" content=\"2026-03-09T07:12:17+00:00\" \/>\n<meta property=\"og:image\" content=\"https:\/\/cdn.globber.com\/content\/sites\/16\/2025\/03\/67d931ce671dd.jpg\" \/>\n\t<meta property=\"og:image:width\" content=\"2048\" \/>\n\t<meta property=\"og:image:height\" content=\"2048\" \/>\n\t<meta property=\"og:image:type\" content=\"image\/jpeg\" \/>\n<meta name=\"twitter:card\" content=\"summary_large_image\" \/>\n<meta name=\"twitter:label1\" content=\"Availability\" \/>\n\t<meta name=\"twitter:data1\" content=\"Out of stock\" \/>\n<script type=\"application\/ld+json\" class=\"yoast-schema-graph\">{\"@context\":\"https:\/\/schema.org\",\"@graph\":[{\"@type\":[\"WebPage\",\"ItemPage\"],\"@id\":\"https:\/\/www.globber.com\/ro\/product\/primo-foldable-plus-lumini\/\",\"url\":\"https:\/\/www.globber.com\/ro\/product\/primo-foldable-plus-lumini\/\",\"name\":\"PRIMO PLUS PLIABILA CU LUMINI - Globber Rom\u00e2nia\",\"isPartOf\":{\"@id\":\"https:\/\/www.globber.com\/ro\/#website\"},\"primaryImageOfPage\":{\"@id\":\"https:\/\/www.globber.com\/ro\/product\/primo-foldable-plus-lumini\/#primaryimage\"},\"image\":{\"@id\":\"https:\/\/www.globber.com\/ro\/product\/primo-foldable-plus-lumini\/#primaryimage\"},\"thumbnailUrl\":\"https:\/\/cdn.globber.com\/content\/sites\/16\/2025\/03\/67d931ce671dd.jpg\",\"datePublished\":\"2025-03-18T08:56:39+00:00\",\"dateModified\":\"2026-03-09T07:12:17+00:00\",\"breadcrumb\":{\"@id\":\"https:\/\/www.globber.com\/ro\/product\/primo-foldable-plus-lumini\/#breadcrumb\"},\"inLanguage\":\"ro-RO\",\"potentialAction\":[{\"@type\":\"ReadAction\",\"target\":[\"https:\/\/www.globber.com\/ro\/product\/primo-foldable-plus-lumini\/\"]}]},{\"@type\":\"ImageObject\",\"inLanguage\":\"ro-RO\",\"@id\":\"https:\/\/www.globber.com\/ro\/product\/primo-foldable-plus-lumini\/#primaryimage\",\"url\":\"https:\/\/cdn.globber.com\/content\/sites\/16\/2025\/03\/67d931ce671dd.jpg\",\"contentUrl\":\"https:\/\/cdn.globber.com\/content\/sites\/16\/2025\/03\/67d931ce671dd.jpg\",\"width\":2048,\"height\":2048},{\"@type\":\"BreadcrumbList\",\"@id\":\"https:\/\/www.globber.com\/ro\/product\/primo-foldable-plus-lumini\/#breadcrumb\",\"itemListElement\":[{\"@type\":\"ListItem\",\"position\":1,\"name\":\"Toate produsele\",\"item\":\"https:\/\/www.globber.com\/ro\/shop-by-product\/\"},{\"@type\":\"ListItem\",\"position\":2,\"name\":\"PRIMO PLUS PLIABILA CU LUMINI\"}]},{\"@type\":\"WebSite\",\"@id\":\"https:\/\/www.globber.com\/ro\/#website\",\"url\":\"https:\/\/www.globber.com\/ro\/\",\"name\":\"Globber Rom\u00e2nia\",\"description\":\"Lumea pe ro\u021bi | Globber\",\"publisher\":{\"@id\":\"https:\/\/www.globber.com\/ro\/#organization\"},\"potentialAction\":[{\"@type\":\"SearchAction\",\"target\":{\"@type\":\"EntryPoint\",\"urlTemplate\":\"https:\/\/www.globber.com\/ro\/?s={search_term_string}\"},\"query-input\":{\"@type\":\"PropertyValueSpecification\",\"valueRequired\":true,\"valueName\":\"search_term_string\"}}],\"inLanguage\":\"ro-RO\"},{\"@type\":\"Organization\",\"@id\":\"https:\/\/www.globber.com\/ro\/#organization\",\"name\":\"Globber Rom\u00e2nia\",\"url\":\"https:\/\/www.globber.com\/ro\/\",\"logo\":{\"@type\":\"ImageObject\",\"inLanguage\":\"ro-RO\",\"@id\":\"https:\/\/www.globber.com\/ro\/#\/schema\/logo\/image\/\",\"url\":\"https:\/\/cdn.globber.com\/content\/2024\/05\/logo.svg\",\"contentUrl\":\"https:\/\/cdn.globber.com\/content\/2024\/05\/logo.svg\",\"width\":601,\"height\":112,\"caption\":\"Globber Rom\u00e2nia\"},\"image\":{\"@id\":\"https:\/\/www.globber.com\/ro\/#\/schema\/logo\/image\/\"}}]}<\/script>\n<meta property=\"og:availability\" content=\"out of stock\" \/>\n<meta property=\"product:availability\" content=\"out of stock\" \/>\n<meta property=\"product:retailer_item_id\" content=\"439-XXX\" \/>\n<meta property=\"product:condition\" content=\"new\" \/>\n<!-- \/ Yoast SEO Premium plugin. -->","yoast_head_json":{"title":"PRIMO PLUS PLIABILA CU LUMINI - Globber Rom\u00e2nia","robots":{"index":"index","follow":"follow","max-snippet":"max-snippet:-1","max-image-preview":"max-image-preview:large","max-video-preview":"max-video-preview:-1"},"canonical":"https:\/\/www.globber.com\/ro\/product\/primo-foldable-plus-lumini\/","og_locale":"ro_RO","og_type":"article","og_title":"PRIMO PLUS PLIABILA CU LUMINI - Globber Rom\u00e2nia","og_description":"Ghidon reglabil pe \u00een\u0103l\u021bime \u00een 3 pozi\u021bii,  sistem de pliere \u201eone\u2011click\u201d,  ro\u021bi cu LED-uri luminoase.","og_url":"https:\/\/www.globber.com\/ro\/product\/primo-foldable-plus-lumini\/","og_site_name":"Globber Rom\u00e2nia","article_modified_time":"2026-03-09T07:12:17+00:00","og_image":[{"width":2048,"height":2048,"url":"https:\/\/cdn.globber.com\/content\/sites\/16\/2025\/03\/67d931ce671dd.jpg","type":"image\/jpeg"}],"twitter_card":"summary_large_image","twitter_misc":{"Availability":"Out of stock"},"schema":{"@context":"https:\/\/schema.org","@graph":[{"@type":["WebPage","ItemPage"],"@id":"https:\/\/www.globber.com\/ro\/product\/primo-foldable-plus-lumini\/","url":"https:\/\/www.globber.com\/ro\/product\/primo-foldable-plus-lumini\/","name":"PRIMO PLUS PLIABILA CU LUMINI - Globber Rom\u00e2nia","isPartOf":{"@id":"https:\/\/www.globber.com\/ro\/#website"},"primaryImageOfPage":{"@id":"https:\/\/www.globber.com\/ro\/product\/primo-foldable-plus-lumini\/#primaryimage"},"image":{"@id":"https:\/\/www.globber.com\/ro\/product\/primo-foldable-plus-lumini\/#primaryimage"},"thumbnailUrl":"https:\/\/cdn.globber.com\/content\/sites\/16\/2025\/03\/67d931ce671dd.jpg","datePublished":"2025-03-18T08:56:39+00:00","dateModified":"2026-03-09T07:12:17+00:00","breadcrumb":{"@id":"https:\/\/www.globber.com\/ro\/product\/primo-foldable-plus-lumini\/#breadcrumb"},"inLanguage":"ro-RO","potentialAction":[{"@type":"ReadAction","target":["https:\/\/www.globber.com\/ro\/product\/primo-foldable-plus-lumini\/"]}]},{"@type":"ImageObject","inLanguage":"ro-RO","@id":"https:\/\/www.globber.com\/ro\/product\/primo-foldable-plus-lumini\/#primaryimage","url":"https:\/\/cdn.globber.com\/content\/sites\/16\/2025\/03\/67d931ce671dd.jpg","contentUrl":"https:\/\/cdn.globber.com\/content\/sites\/16\/2025\/03\/67d931ce671dd.jpg","width":2048,"height":2048},{"@type":"BreadcrumbList","@id":"https:\/\/www.globber.com\/ro\/product\/primo-foldable-plus-lumini\/#breadcrumb","itemListElement":[{"@type":"ListItem","position":1,"name":"Toate produsele","item":"https:\/\/www.globber.com\/ro\/shop-by-product\/"},{"@type":"ListItem","position":2,"name":"PRIMO PLUS PLIABILA CU LUMINI"}]},{"@type":"WebSite","@id":"https:\/\/www.globber.com\/ro\/#website","url":"https:\/\/www.globber.com\/ro\/","name":"Globber Rom\u00e2nia","description":"Lumea pe ro\u021bi | Globber","publisher":{"@id":"https:\/\/www.globber.com\/ro\/#organization"},"potentialAction":[{"@type":"SearchAction","target":{"@type":"EntryPoint","urlTemplate":"https:\/\/www.globber.com\/ro\/?s={search_term_string}"},"query-input":{"@type":"PropertyValueSpecification","valueRequired":true,"valueName":"search_term_string"}}],"inLanguage":"ro-RO"},{"@type":"Organization","@id":"https:\/\/www.globber.com\/ro\/#organization","name":"Globber Rom\u00e2nia","url":"https:\/\/www.globber.com\/ro\/","logo":{"@type":"ImageObject","inLanguage":"ro-RO","@id":"https:\/\/www.globber.com\/ro\/#\/schema\/logo\/image\/","url":"https:\/\/cdn.globber.com\/content\/2024\/05\/logo.svg","contentUrl":"https:\/\/cdn.globber.com\/content\/2024\/05\/logo.svg","width":601,"height":112,"caption":"Globber Rom\u00e2nia"},"image":{"@id":"https:\/\/www.globber.com\/ro\/#\/schema\/logo\/image\/"}}]},"og_availability":"out of stock","product_availability":"out of stock","product_retailer_item_id":"439-XXX","product_condition":"new"},"_links":{"self":[{"href":"https:\/\/www.globber.com\/ro\/wp-json\/wp\/v2\/product\/14346","targetHints":{"allow":["GET"]}}],"collection":[{"href":"https:\/\/www.globber.com\/ro\/wp-json\/wp\/v2\/product"}],"about":[{"href":"https:\/\/www.globber.com\/ro\/wp-json\/wp\/v2\/types\/product"}],"replies":[{"embeddable":true,"href":"https:\/\/www.globber.com\/ro\/wp-json\/wp\/v2\/comments?post=14346"}],"wp:featuredmedia":[{"embeddable":true,"href":"https:\/\/www.globber.com\/ro\/wp-json\/wp\/v2\/media\/14350"}],"wp:attachment":[{"href":"https:\/\/www.globber.com\/ro\/wp-json\/wp\/v2\/media?parent=14346"}],"wp:term":[{"taxonomy":"product-special-badges","embeddable":true,"href":"https:\/\/www.globber.com\/ro\/wp-json\/wp\/v2\/product-special-badges?post=14346"},{"taxonomy":"product_brand","embeddable":true,"href":"https:\/\/www.globber.com\/ro\/wp-json\/wp\/v2\/product_brand?post=14346"},{"taxonomy":"product_cat","embeddable":true,"href":"https:\/\/www.globber.com\/ro\/wp-json\/wp\/v2\/product_cat?post=14346"},{"taxonomy":"product_tag","embeddable":true,"href":"https:\/\/www.globber.com\/ro\/wp-json\/wp\/v2\/product_tag?post=14346"}],"curies":[{"name":"wp","href":"https:\/\/api.w.org\/{rel}","templated":true}]}}