{"id":14377,"date":"2025-03-18T11:39:40","date_gmt":"2025-03-18T09:39:40","guid":{"rendered":"https:\/\/www.globber.com\/ro\/?post_type=product&#038;p=14377"},"modified":"2026-04-15T14:11:09","modified_gmt":"2026-04-15T11:11:09","slug":"strolllite","status":"publish","type":"product","link":"https:\/\/www.globber.com\/ro\/product\/strolllite\/","title":{"rendered":"CARUCIOR COPII STROLL\u2022LITE"},"content":{"rendered":"<p>Adev\u0103rata fericire st\u0103 \u00een momentele m\u0103runte \u2013 o plimbare prin parc, drumul spre gr\u0103dini\u021b\u0103\/\u0219coal\u0103 sau o ie\u0219ire prin ora\u0219 cu copilul t\u0103u. CARUCIOR COPII STROLL\u2022LITE te \u00eenso\u021be\u0219te de \u00eencredere pe fiecare traseu \u2013 u\u0219or, manevrabil \u0219i g\u00e2ndit \u00een cele mai mici detalii.<\/p>\n<p>Este echipat cu multe func\u021bii practice: sistem de pliere rapid\u0103, centur\u0103 de siguran\u021b\u0103 \u00een 5 puncte, fr\u00e2n\u0103 de parcare fiabil\u0103, protec\u021bie UV, sp\u0103tar reglabil \u00een 3 pozi\u021bii, material respirabil cu ferestre de ventila\u021bie, spa\u021biu generos de depozitare \u0219i ro\u021bi robuste. Astfel, fiecare ie\u0219ire devine confortabil\u0103 \u0219i f\u0103r\u0103 stres \u2013 oriunde ai merge.<\/p>\n<p>CARUCIOR COPII STROLL\u2022LITE este perfect pentru via\u021ba de zi cu zi \u0219i pentru c\u0103l\u0103torii.\u00a0 Este flexibil odat\u0103 cu familia ta \u0219i se adapteaz\u0103 fiec\u0103rei etape de via\u021b\u0103.<\/p>\n<p>Mai mult\u0103 lejeritate, siguran\u021b\u0103 \u0219i bucurie \u2013 cu CARUCIOR COPII STROLL\u2022LITE fiecare zi devine o mic\u0103 aventur\u0103.<\/p>\n","protected":false},"excerpt":{"rendered":"<ul>\n<li>Centura de siguranta cu sistem de prindere \u00een 5 puncte,<\/li>\n<li>scaun reglabil \u00een 3 pozi\u021bii,<\/li>\n<li>fr\u00e2n\u0103 de parcare,<\/li>\n<li>protec\u021bie UV,<\/li>\n<li>spa\u021biu de depozitare.<\/li>\n<\/ul>\n","protected":false},"featured_media":14183,"comment_status":"closed","ping_status":"closed","template":"","meta":{"_acf_changed":false,"inline_featured_image":false},"product-special-badges":[],"product_brand":[],"product_cat":[4014],"product_tag":[],"class_list":{"0":"post-14377","1":"product","2":"type-product","3":"status-publish","4":"has-post-thumbnail","6":"product_cat-carucior","7":"product_shipping_class-greutate-medie","8":"pa_color-deep-pastel-pink","9":"pa_color-olive","10":"pa_color-roz","11":"pa_ean-3980","12":"pa_ean-3981","14":"first","15":"instock","16":"taxable","17":"shipping-taxable","18":"purchasable","19":"product-type-variable"},"acf":[],"yoast_head":"<!-- This site is optimized with the Yoast SEO Premium plugin v20.12 (Yoast SEO v23.4) - https:\/\/yoast.com\/wordpress\/plugins\/seo\/ -->\n<title>CARUCIOR COPII STROLL\u2022LITE - Globber Rom\u00e2nia<\/title>\n<meta name=\"robots\" content=\"index, follow, max-snippet:-1, max-image-preview:large, max-video-preview:-1\" \/>\n<link rel=\"canonical\" href=\"https:\/\/www.globber.com\/ro\/product\/strolllite\/\" \/>\n<meta property=\"og:locale\" content=\"ro_RO\" \/>\n<meta property=\"og:type\" content=\"article\" \/>\n<meta property=\"og:title\" content=\"CARUCIOR COPII STROLL\u2022LITE - Globber Rom\u00e2nia\" \/>\n<meta property=\"og:description\" content=\"Centura de siguranta cu sistem de prindere \u00een 5 puncte,  scaun reglabil \u00een 3 pozi\u021bii,  fr\u00e2n\u0103 de parcare,  protec\u021bie UV,  spa\u021biu de depozitare.\" \/>\n<meta property=\"og:url\" content=\"https:\/\/www.globber.com\/ro\/product\/strolllite\/\" \/>\n<meta property=\"og:site_name\" content=\"Globber Rom\u00e2nia\" \/>\n<meta property=\"article:modified_time\" content=\"2026-04-15T11:11:09+00:00\" \/>\n<meta property=\"og:image\" content=\"https:\/\/cdn.globber.com\/content\/sites\/16\/2025\/03\/67d8d274b9d5e.jpg\" \/>\n\t<meta property=\"og:image:width\" content=\"2048\" \/>\n\t<meta property=\"og:image:height\" content=\"2048\" \/>\n\t<meta property=\"og:image:type\" content=\"image\/jpeg\" \/>\n<meta name=\"twitter:card\" content=\"summary_large_image\" \/>\n<meta name=\"twitter:label1\" content=\"Availability\" \/>\n\t<meta name=\"twitter:data1\" content=\"In stock\" \/>\n<script type=\"application\/ld+json\" class=\"yoast-schema-graph\">{\"@context\":\"https:\/\/schema.org\",\"@graph\":[{\"@type\":[\"WebPage\",\"ItemPage\"],\"@id\":\"https:\/\/www.globber.com\/ro\/product\/strolllite\/\",\"url\":\"https:\/\/www.globber.com\/ro\/product\/strolllite\/\",\"name\":\"CARUCIOR COPII STROLL\u2022LITE - Globber Rom\u00e2nia\",\"isPartOf\":{\"@id\":\"https:\/\/www.globber.com\/ro\/#website\"},\"primaryImageOfPage\":{\"@id\":\"https:\/\/www.globber.com\/ro\/product\/strolllite\/#primaryimage\"},\"image\":{\"@id\":\"https:\/\/www.globber.com\/ro\/product\/strolllite\/#primaryimage\"},\"thumbnailUrl\":\"https:\/\/cdn.globber.com\/content\/sites\/16\/2025\/03\/67d8d274b9d5e.jpg\",\"datePublished\":\"2025-03-18T09:39:40+00:00\",\"dateModified\":\"2026-04-15T11:11:09+00:00\",\"breadcrumb\":{\"@id\":\"https:\/\/www.globber.com\/ro\/product\/strolllite\/#breadcrumb\"},\"inLanguage\":\"ro-RO\",\"potentialAction\":[{\"@type\":\"ReadAction\",\"target\":[\"https:\/\/www.globber.com\/ro\/product\/strolllite\/\"]}]},{\"@type\":\"ImageObject\",\"inLanguage\":\"ro-RO\",\"@id\":\"https:\/\/www.globber.com\/ro\/product\/strolllite\/#primaryimage\",\"url\":\"https:\/\/cdn.globber.com\/content\/sites\/16\/2025\/03\/67d8d274b9d5e.jpg\",\"contentUrl\":\"https:\/\/cdn.globber.com\/content\/sites\/16\/2025\/03\/67d8d274b9d5e.jpg\",\"width\":2048,\"height\":2048},{\"@type\":\"BreadcrumbList\",\"@id\":\"https:\/\/www.globber.com\/ro\/product\/strolllite\/#breadcrumb\",\"itemListElement\":[{\"@type\":\"ListItem\",\"position\":1,\"name\":\"Toate produsele\",\"item\":\"https:\/\/www.globber.com\/ro\/shop-by-product\/\"},{\"@type\":\"ListItem\",\"position\":2,\"name\":\"CARUCIOR COPII STROLL\u2022LITE\"}]},{\"@type\":\"WebSite\",\"@id\":\"https:\/\/www.globber.com\/ro\/#website\",\"url\":\"https:\/\/www.globber.com\/ro\/\",\"name\":\"Globber Rom\u00e2nia\",\"description\":\"Lumea pe ro\u021bi | Globber\",\"publisher\":{\"@id\":\"https:\/\/www.globber.com\/ro\/#organization\"},\"potentialAction\":[{\"@type\":\"SearchAction\",\"target\":{\"@type\":\"EntryPoint\",\"urlTemplate\":\"https:\/\/www.globber.com\/ro\/?s={search_term_string}\"},\"query-input\":{\"@type\":\"PropertyValueSpecification\",\"valueRequired\":true,\"valueName\":\"search_term_string\"}}],\"inLanguage\":\"ro-RO\"},{\"@type\":\"Organization\",\"@id\":\"https:\/\/www.globber.com\/ro\/#organization\",\"name\":\"Globber Rom\u00e2nia\",\"url\":\"https:\/\/www.globber.com\/ro\/\",\"logo\":{\"@type\":\"ImageObject\",\"inLanguage\":\"ro-RO\",\"@id\":\"https:\/\/www.globber.com\/ro\/#\/schema\/logo\/image\/\",\"url\":\"https:\/\/cdn.globber.com\/content\/2024\/05\/logo.svg\",\"contentUrl\":\"https:\/\/cdn.globber.com\/content\/2024\/05\/logo.svg\",\"width\":601,\"height\":112,\"caption\":\"Globber Rom\u00e2nia\"},\"image\":{\"@id\":\"https:\/\/www.globber.com\/ro\/#\/schema\/logo\/image\/\"}}]}<\/script>\n<meta property=\"og:availability\" content=\"instock\" \/>\n<meta property=\"product:availability\" content=\"instock\" \/>\n<meta property=\"product:retailer_item_id\" content=\"925-XXX\" \/>\n<meta property=\"product:condition\" content=\"new\" \/>\n<!-- \/ Yoast SEO Premium plugin. -->","yoast_head_json":{"title":"CARUCIOR COPII STROLL\u2022LITE - Globber Rom\u00e2nia","robots":{"index":"index","follow":"follow","max-snippet":"max-snippet:-1","max-image-preview":"max-image-preview:large","max-video-preview":"max-video-preview:-1"},"canonical":"https:\/\/www.globber.com\/ro\/product\/strolllite\/","og_locale":"ro_RO","og_type":"article","og_title":"CARUCIOR COPII STROLL\u2022LITE - Globber Rom\u00e2nia","og_description":"Centura de siguranta cu sistem de prindere \u00een 5 puncte,  scaun reglabil \u00een 3 pozi\u021bii,  fr\u00e2n\u0103 de parcare,  protec\u021bie UV,  spa\u021biu de depozitare.","og_url":"https:\/\/www.globber.com\/ro\/product\/strolllite\/","og_site_name":"Globber Rom\u00e2nia","article_modified_time":"2026-04-15T11:11:09+00:00","og_image":[{"width":2048,"height":2048,"url":"https:\/\/cdn.globber.com\/content\/sites\/16\/2025\/03\/67d8d274b9d5e.jpg","type":"image\/jpeg"}],"twitter_card":"summary_large_image","twitter_misc":{"Availability":"In stock"},"schema":{"@context":"https:\/\/schema.org","@graph":[{"@type":["WebPage","ItemPage"],"@id":"https:\/\/www.globber.com\/ro\/product\/strolllite\/","url":"https:\/\/www.globber.com\/ro\/product\/strolllite\/","name":"CARUCIOR COPII STROLL\u2022LITE - Globber Rom\u00e2nia","isPartOf":{"@id":"https:\/\/www.globber.com\/ro\/#website"},"primaryImageOfPage":{"@id":"https:\/\/www.globber.com\/ro\/product\/strolllite\/#primaryimage"},"image":{"@id":"https:\/\/www.globber.com\/ro\/product\/strolllite\/#primaryimage"},"thumbnailUrl":"https:\/\/cdn.globber.com\/content\/sites\/16\/2025\/03\/67d8d274b9d5e.jpg","datePublished":"2025-03-18T09:39:40+00:00","dateModified":"2026-04-15T11:11:09+00:00","breadcrumb":{"@id":"https:\/\/www.globber.com\/ro\/product\/strolllite\/#breadcrumb"},"inLanguage":"ro-RO","potentialAction":[{"@type":"ReadAction","target":["https:\/\/www.globber.com\/ro\/product\/strolllite\/"]}]},{"@type":"ImageObject","inLanguage":"ro-RO","@id":"https:\/\/www.globber.com\/ro\/product\/strolllite\/#primaryimage","url":"https:\/\/cdn.globber.com\/content\/sites\/16\/2025\/03\/67d8d274b9d5e.jpg","contentUrl":"https:\/\/cdn.globber.com\/content\/sites\/16\/2025\/03\/67d8d274b9d5e.jpg","width":2048,"height":2048},{"@type":"BreadcrumbList","@id":"https:\/\/www.globber.com\/ro\/product\/strolllite\/#breadcrumb","itemListElement":[{"@type":"ListItem","position":1,"name":"Toate produsele","item":"https:\/\/www.globber.com\/ro\/shop-by-product\/"},{"@type":"ListItem","position":2,"name":"CARUCIOR COPII STROLL\u2022LITE"}]},{"@type":"WebSite","@id":"https:\/\/www.globber.com\/ro\/#website","url":"https:\/\/www.globber.com\/ro\/","name":"Globber Rom\u00e2nia","description":"Lumea pe ro\u021bi | Globber","publisher":{"@id":"https:\/\/www.globber.com\/ro\/#organization"},"potentialAction":[{"@type":"SearchAction","target":{"@type":"EntryPoint","urlTemplate":"https:\/\/www.globber.com\/ro\/?s={search_term_string}"},"query-input":{"@type":"PropertyValueSpecification","valueRequired":true,"valueName":"search_term_string"}}],"inLanguage":"ro-RO"},{"@type":"Organization","@id":"https:\/\/www.globber.com\/ro\/#organization","name":"Globber Rom\u00e2nia","url":"https:\/\/www.globber.com\/ro\/","logo":{"@type":"ImageObject","inLanguage":"ro-RO","@id":"https:\/\/www.globber.com\/ro\/#\/schema\/logo\/image\/","url":"https:\/\/cdn.globber.com\/content\/2024\/05\/logo.svg","contentUrl":"https:\/\/cdn.globber.com\/content\/2024\/05\/logo.svg","width":601,"height":112,"caption":"Globber Rom\u00e2nia"},"image":{"@id":"https:\/\/www.globber.com\/ro\/#\/schema\/logo\/image\/"}}]},"og_availability":"instock","product_availability":"instock","product_retailer_item_id":"925-XXX","product_condition":"new"},"_links":{"self":[{"href":"https:\/\/www.globber.com\/ro\/wp-json\/wp\/v2\/product\/14377","targetHints":{"allow":["GET"]}}],"collection":[{"href":"https:\/\/www.globber.com\/ro\/wp-json\/wp\/v2\/product"}],"about":[{"href":"https:\/\/www.globber.com\/ro\/wp-json\/wp\/v2\/types\/product"}],"replies":[{"embeddable":true,"href":"https:\/\/www.globber.com\/ro\/wp-json\/wp\/v2\/comments?post=14377"}],"wp:featuredmedia":[{"embeddable":true,"href":"https:\/\/www.globber.com\/ro\/wp-json\/wp\/v2\/media\/14183"}],"wp:attachment":[{"href":"https:\/\/www.globber.com\/ro\/wp-json\/wp\/v2\/media?parent=14377"}],"wp:term":[{"taxonomy":"product-special-badges","embeddable":true,"href":"https:\/\/www.globber.com\/ro\/wp-json\/wp\/v2\/product-special-badges?post=14377"},{"taxonomy":"product_brand","embeddable":true,"href":"https:\/\/www.globber.com\/ro\/wp-json\/wp\/v2\/product_brand?post=14377"},{"taxonomy":"product_cat","embeddable":true,"href":"https:\/\/www.globber.com\/ro\/wp-json\/wp\/v2\/product_cat?post=14377"},{"taxonomy":"product_tag","embeddable":true,"href":"https:\/\/www.globber.com\/ro\/wp-json\/wp\/v2\/product_tag?post=14377"}],"curies":[{"name":"wp","href":"https:\/\/api.w.org\/{rel}","templated":true}]}}