{"id":14401,"date":"2025-03-18T12:13:10","date_gmt":"2025-03-18T10:13:10","guid":{"rendered":"https:\/\/www.globber.com\/ro\/?post_type=product&#038;p=14401"},"modified":"2026-04-16T12:38:13","modified_gmt":"2026-04-16T09:38:13","slug":"goup-active-lights-360","status":"publish","type":"product","link":"https:\/\/www.globber.com\/ro\/product\/goup-active-lights-360\/","title":{"rendered":"GO\u2022UP ACTIVE 360\u00b0 CU LUMINI"},"content":{"rendered":"<p><strong>Multifunc\u021bional la 360\u00b0: Timp de joac\u0103 ACTIV pentru anii ce vor urma <\/strong><\/p>\n<p>Este timpul s\u0103 devii ACTIV \u0219i s\u0103 mergi, mergi, mergi cu GO\u2022UP ACTIVE LIGHTS 360\u00b0! \u00cent\u00e2lnirile la joac\u0103 \u0219i zilele \u00een parc nu au fost niciodat\u0103 mai relaxante cu sistemul patentat de control parental la 360\u00b0, care te ajut\u0103 s\u0103 \u00ee\u021bi ghidezi copilul \u0219i face manevrarea u\u0219oar\u0103, pl\u0103cut\u0103 \u0219i lin\u0103!<\/p>\n<p>GO\u2022UP ACTIVE LIGHTS 360\u00b0 este o trotineta pliabila cu 3 ro\u021bi care lumineaz\u0103, cu scaun pentru copii, care se transform\u0103 \u00een bicicleta ride-on, \u0219i trotineta pentru copii mici. Modurile ride-on si bicicleta de mers sunt concepute pentru copiii mici cu v\u00e2rste \u00eentre 15-36 luni, iar modul de trotineta este recomandat pentru copiii cu v\u00e2rste \u00eentre 3-9+ ani.<\/p>\n<p>GO\u2022UP ACTIVE LIGHTS 360\u00b0 este echipat sistem patentat de control parental la 360\u00b0, \u00een modul ride-on, un design 100% f\u0103r\u0103 unelte, un sistem patentat de pliere \u0219i blocare a direc\u021biei, un scaun \u0219i un T-bar ajustabil, un deck durabil \u0219i ro\u021bi care se lumineaz\u0103 cu LED f\u0103r\u0103 baterii.<\/p>\n<p>Bucur\u0103-te de momente nesfarsite de distractie cu un amic ce lumineaz\u0103 \u0219i care va fi al\u0103turi de tine pentru anii ce vor urma!<\/p>\n<p>GO\u2022UP ACTIVE LIGHTS 360\u00b0 este fabricat cu 34% plastic conform Standardului Global de Reciclare (GRS)*.<\/p>\n<p>GRS este etalonul interna\u021bional pentru verificarea prezen\u021bei con\u021binutului reciclat \u00een produsele finite, asigur\u00e2nd transparen\u021ba materialelor \u0219i promov\u00e2nd o economie circular\u0103.<\/p>\n<p>Prin utilizarea plasticului reciclat certificat GRS \u00een colec\u021biile noastre cu 3 ro\u021bi \u0219i ECOLOGIC, am reu\u0219it s\u0103 reutiliz\u0103m peste 118 tone combinate de sticle \u0219i pahare folosite, plase de pescuit salvate \u0219i juc\u0103rii \u0219i pl\u0103cu\u021be vechi din octombrie 2022. <a href=\"https:\/\/staging.globberscooter.com\/ro\/215\" target=\"_blank\" rel=\"noopener\">Afl\u0103 mai multe<\/a>.<\/p>\n<p>*\u00cen componentele aplicabile; descoper\u0103 care componente<a href=\"https:\/\/staging.globberscooter.com\/ro\/215\"> aici.<\/a><\/p>\n","protected":false},"excerpt":{"rendered":"<ul>\n<li>Scaun reglabil pe 2 niveluri de inaltime.<\/li>\n<li>Ghidon reglabil pe \u00een\u0103l\u021bime \u00een 4 pozi\u021bii.<\/li>\n<li>Ro\u021bi PU turnat cu amortizare ridicat si rulmen\u021bi ABEC 9.<\/li>\n<\/ul>\n","protected":false},"featured_media":14366,"comment_status":"closed","ping_status":"closed","template":"","meta":{"_acf_changed":false,"inline_featured_image":false},"product-special-badges":[],"product_brand":[],"product_cat":[3560,1691,1696,1694,1247,1630],"product_tag":[],"class_list":{"0":"post-14401","1":"product","2":"type-product","3":"status-publish","4":"has-post-thumbnail","6":"product_cat-trotinete-cu-scaun","7":"product_cat-3-wheel-scooters-for-all-ages","8":"product_cat-trotinete-pliabile","9":"product_cat-light-up-scooters","10":"product_cat-go-up-series","11":"product_cat-toddler-scooters-trikes-balance-bikes-2","12":"product_shipping_class-greutate-medie","13":"pa_adjustable-yes","14":"pa_age-range-15m-9y","15":"pa_brakes-mechanical-rear-brake-composite","16":"pa_color-aqua","17":"pa_color-deep-pastel-pink","18":"pa_deck-material-composite-pp-fiber-metal-frame","19":"pa_deck-size-w-13cm-x-l-56cm","20":"pa_ean-3888","21":"pa_ean-3889","22":"pa_foldable-yes","23":"pa_max-user-weight-20kg-ride-on-walking-bike-mode-50kg-scooter-mode-2","24":"pa_product-type-3-wheel-scooter","25":"pa_product-type-ride-on","26":"pa_product-weight-net-4-48kg","27":"pa_recommended-user-height-75-130cm","28":"pa_t-bar-heights-67-5cm-72-5cm-77-5cm-82-5cm-from-the-ground","29":"pa_wheel-size-121mm-24mm-wide-front","30":"pa_wheel-size-80mm-24mm-wide-rear","31":"pa_wheels-material-high-rebound-pu-casted","33":"first","34":"outofstock","35":"taxable","36":"shipping-taxable","37":"purchasable","38":"product-type-variable"},"acf":[],"yoast_head":"<!-- This site is optimized with the Yoast SEO Premium plugin v20.12 (Yoast SEO v23.4) - https:\/\/yoast.com\/wordpress\/plugins\/seo\/ -->\n<title>GO\u2022UP ACTIVE 360\u00b0 CU LUMINI - Globber Rom\u00e2nia<\/title>\n<meta name=\"robots\" content=\"index, follow, max-snippet:-1, max-image-preview:large, max-video-preview:-1\" \/>\n<link rel=\"canonical\" href=\"https:\/\/www.globber.com\/ro\/product\/goup-active-lights-360\/\" \/>\n<meta property=\"og:locale\" content=\"ro_RO\" \/>\n<meta property=\"og:type\" content=\"article\" \/>\n<meta property=\"og:title\" content=\"GO\u2022UP ACTIVE 360\u00b0 CU LUMINI - Globber Rom\u00e2nia\" \/>\n<meta property=\"og:description\" content=\"Scaun reglabil pe 2 niveluri de inaltime.  Ghidon reglabil pe \u00een\u0103l\u021bime \u00een 4 pozi\u021bii.  Ro\u021bi PU turnat cu amortizare ridicat si rulmen\u021bi ABEC 9.\" \/>\n<meta property=\"og:url\" content=\"https:\/\/www.globber.com\/ro\/product\/goup-active-lights-360\/\" \/>\n<meta property=\"og:site_name\" content=\"Globber Rom\u00e2nia\" \/>\n<meta property=\"article:modified_time\" content=\"2026-04-16T09:38:13+00:00\" \/>\n<meta property=\"og:image\" content=\"https:\/\/cdn.globber.com\/content\/sites\/16\/2025\/03\/67d939bad58ba.jpg\" \/>\n\t<meta property=\"og:image:width\" content=\"2048\" \/>\n\t<meta property=\"og:image:height\" content=\"2048\" \/>\n\t<meta property=\"og:image:type\" content=\"image\/jpeg\" \/>\n<meta name=\"twitter:card\" content=\"summary_large_image\" \/>\n<meta name=\"twitter:label1\" content=\"Availability\" \/>\n\t<meta name=\"twitter:data1\" content=\"Out of stock\" \/>\n<script type=\"application\/ld+json\" class=\"yoast-schema-graph\">{\"@context\":\"https:\/\/schema.org\",\"@graph\":[{\"@type\":[\"WebPage\",\"ItemPage\"],\"@id\":\"https:\/\/www.globber.com\/ro\/product\/goup-active-lights-360\/\",\"url\":\"https:\/\/www.globber.com\/ro\/product\/goup-active-lights-360\/\",\"name\":\"GO\u2022UP ACTIVE 360\u00b0 CU LUMINI - Globber Rom\u00e2nia\",\"isPartOf\":{\"@id\":\"https:\/\/www.globber.com\/ro\/#website\"},\"primaryImageOfPage\":{\"@id\":\"https:\/\/www.globber.com\/ro\/product\/goup-active-lights-360\/#primaryimage\"},\"image\":{\"@id\":\"https:\/\/www.globber.com\/ro\/product\/goup-active-lights-360\/#primaryimage\"},\"thumbnailUrl\":\"https:\/\/cdn.globber.com\/content\/sites\/16\/2025\/03\/67d939bad58ba.jpg\",\"datePublished\":\"2025-03-18T10:13:10+00:00\",\"dateModified\":\"2026-04-16T09:38:13+00:00\",\"breadcrumb\":{\"@id\":\"https:\/\/www.globber.com\/ro\/product\/goup-active-lights-360\/#breadcrumb\"},\"inLanguage\":\"ro-RO\",\"potentialAction\":[{\"@type\":\"ReadAction\",\"target\":[\"https:\/\/www.globber.com\/ro\/product\/goup-active-lights-360\/\"]}]},{\"@type\":\"ImageObject\",\"inLanguage\":\"ro-RO\",\"@id\":\"https:\/\/www.globber.com\/ro\/product\/goup-active-lights-360\/#primaryimage\",\"url\":\"https:\/\/cdn.globber.com\/content\/sites\/16\/2025\/03\/67d939bad58ba.jpg\",\"contentUrl\":\"https:\/\/cdn.globber.com\/content\/sites\/16\/2025\/03\/67d939bad58ba.jpg\",\"width\":2048,\"height\":2048},{\"@type\":\"BreadcrumbList\",\"@id\":\"https:\/\/www.globber.com\/ro\/product\/goup-active-lights-360\/#breadcrumb\",\"itemListElement\":[{\"@type\":\"ListItem\",\"position\":1,\"name\":\"Toate produsele\",\"item\":\"https:\/\/www.globber.com\/ro\/shop-by-product\/\"},{\"@type\":\"ListItem\",\"position\":2,\"name\":\"GO\u2022UP ACTIVE 360\u00b0 CU LUMINI\"}]},{\"@type\":\"WebSite\",\"@id\":\"https:\/\/www.globber.com\/ro\/#website\",\"url\":\"https:\/\/www.globber.com\/ro\/\",\"name\":\"Globber Rom\u00e2nia\",\"description\":\"Lumea pe ro\u021bi | Globber\",\"publisher\":{\"@id\":\"https:\/\/www.globber.com\/ro\/#organization\"},\"potentialAction\":[{\"@type\":\"SearchAction\",\"target\":{\"@type\":\"EntryPoint\",\"urlTemplate\":\"https:\/\/www.globber.com\/ro\/?s={search_term_string}\"},\"query-input\":{\"@type\":\"PropertyValueSpecification\",\"valueRequired\":true,\"valueName\":\"search_term_string\"}}],\"inLanguage\":\"ro-RO\"},{\"@type\":\"Organization\",\"@id\":\"https:\/\/www.globber.com\/ro\/#organization\",\"name\":\"Globber Rom\u00e2nia\",\"url\":\"https:\/\/www.globber.com\/ro\/\",\"logo\":{\"@type\":\"ImageObject\",\"inLanguage\":\"ro-RO\",\"@id\":\"https:\/\/www.globber.com\/ro\/#\/schema\/logo\/image\/\",\"url\":\"https:\/\/cdn.globber.com\/content\/2024\/05\/logo.svg\",\"contentUrl\":\"https:\/\/cdn.globber.com\/content\/2024\/05\/logo.svg\",\"width\":601,\"height\":112,\"caption\":\"Globber Rom\u00e2nia\"},\"image\":{\"@id\":\"https:\/\/www.globber.com\/ro\/#\/schema\/logo\/image\/\"}}]}<\/script>\n<meta property=\"og:availability\" content=\"out of stock\" \/>\n<meta property=\"product:availability\" content=\"out of stock\" \/>\n<meta property=\"product:retailer_item_id\" content=\"749-XXX\" \/>\n<meta property=\"product:condition\" content=\"new\" \/>\n<!-- \/ Yoast SEO Premium plugin. -->","yoast_head_json":{"title":"GO\u2022UP ACTIVE 360\u00b0 CU LUMINI - Globber Rom\u00e2nia","robots":{"index":"index","follow":"follow","max-snippet":"max-snippet:-1","max-image-preview":"max-image-preview:large","max-video-preview":"max-video-preview:-1"},"canonical":"https:\/\/www.globber.com\/ro\/product\/goup-active-lights-360\/","og_locale":"ro_RO","og_type":"article","og_title":"GO\u2022UP ACTIVE 360\u00b0 CU LUMINI - Globber Rom\u00e2nia","og_description":"Scaun reglabil pe 2 niveluri de inaltime.  Ghidon reglabil pe \u00een\u0103l\u021bime \u00een 4 pozi\u021bii.  Ro\u021bi PU turnat cu amortizare ridicat si rulmen\u021bi ABEC 9.","og_url":"https:\/\/www.globber.com\/ro\/product\/goup-active-lights-360\/","og_site_name":"Globber Rom\u00e2nia","article_modified_time":"2026-04-16T09:38:13+00:00","og_image":[{"width":2048,"height":2048,"url":"https:\/\/cdn.globber.com\/content\/sites\/16\/2025\/03\/67d939bad58ba.jpg","type":"image\/jpeg"}],"twitter_card":"summary_large_image","twitter_misc":{"Availability":"Out of stock"},"schema":{"@context":"https:\/\/schema.org","@graph":[{"@type":["WebPage","ItemPage"],"@id":"https:\/\/www.globber.com\/ro\/product\/goup-active-lights-360\/","url":"https:\/\/www.globber.com\/ro\/product\/goup-active-lights-360\/","name":"GO\u2022UP ACTIVE 360\u00b0 CU LUMINI - Globber Rom\u00e2nia","isPartOf":{"@id":"https:\/\/www.globber.com\/ro\/#website"},"primaryImageOfPage":{"@id":"https:\/\/www.globber.com\/ro\/product\/goup-active-lights-360\/#primaryimage"},"image":{"@id":"https:\/\/www.globber.com\/ro\/product\/goup-active-lights-360\/#primaryimage"},"thumbnailUrl":"https:\/\/cdn.globber.com\/content\/sites\/16\/2025\/03\/67d939bad58ba.jpg","datePublished":"2025-03-18T10:13:10+00:00","dateModified":"2026-04-16T09:38:13+00:00","breadcrumb":{"@id":"https:\/\/www.globber.com\/ro\/product\/goup-active-lights-360\/#breadcrumb"},"inLanguage":"ro-RO","potentialAction":[{"@type":"ReadAction","target":["https:\/\/www.globber.com\/ro\/product\/goup-active-lights-360\/"]}]},{"@type":"ImageObject","inLanguage":"ro-RO","@id":"https:\/\/www.globber.com\/ro\/product\/goup-active-lights-360\/#primaryimage","url":"https:\/\/cdn.globber.com\/content\/sites\/16\/2025\/03\/67d939bad58ba.jpg","contentUrl":"https:\/\/cdn.globber.com\/content\/sites\/16\/2025\/03\/67d939bad58ba.jpg","width":2048,"height":2048},{"@type":"BreadcrumbList","@id":"https:\/\/www.globber.com\/ro\/product\/goup-active-lights-360\/#breadcrumb","itemListElement":[{"@type":"ListItem","position":1,"name":"Toate produsele","item":"https:\/\/www.globber.com\/ro\/shop-by-product\/"},{"@type":"ListItem","position":2,"name":"GO\u2022UP ACTIVE 360\u00b0 CU LUMINI"}]},{"@type":"WebSite","@id":"https:\/\/www.globber.com\/ro\/#website","url":"https:\/\/www.globber.com\/ro\/","name":"Globber Rom\u00e2nia","description":"Lumea pe ro\u021bi | Globber","publisher":{"@id":"https:\/\/www.globber.com\/ro\/#organization"},"potentialAction":[{"@type":"SearchAction","target":{"@type":"EntryPoint","urlTemplate":"https:\/\/www.globber.com\/ro\/?s={search_term_string}"},"query-input":{"@type":"PropertyValueSpecification","valueRequired":true,"valueName":"search_term_string"}}],"inLanguage":"ro-RO"},{"@type":"Organization","@id":"https:\/\/www.globber.com\/ro\/#organization","name":"Globber Rom\u00e2nia","url":"https:\/\/www.globber.com\/ro\/","logo":{"@type":"ImageObject","inLanguage":"ro-RO","@id":"https:\/\/www.globber.com\/ro\/#\/schema\/logo\/image\/","url":"https:\/\/cdn.globber.com\/content\/2024\/05\/logo.svg","contentUrl":"https:\/\/cdn.globber.com\/content\/2024\/05\/logo.svg","width":601,"height":112,"caption":"Globber Rom\u00e2nia"},"image":{"@id":"https:\/\/www.globber.com\/ro\/#\/schema\/logo\/image\/"}}]},"og_availability":"out of stock","product_availability":"out of stock","product_retailer_item_id":"749-XXX","product_condition":"new"},"_links":{"self":[{"href":"https:\/\/www.globber.com\/ro\/wp-json\/wp\/v2\/product\/14401","targetHints":{"allow":["GET"]}}],"collection":[{"href":"https:\/\/www.globber.com\/ro\/wp-json\/wp\/v2\/product"}],"about":[{"href":"https:\/\/www.globber.com\/ro\/wp-json\/wp\/v2\/types\/product"}],"replies":[{"embeddable":true,"href":"https:\/\/www.globber.com\/ro\/wp-json\/wp\/v2\/comments?post=14401"}],"wp:featuredmedia":[{"embeddable":true,"href":"https:\/\/www.globber.com\/ro\/wp-json\/wp\/v2\/media\/14366"}],"wp:attachment":[{"href":"https:\/\/www.globber.com\/ro\/wp-json\/wp\/v2\/media?parent=14401"}],"wp:term":[{"taxonomy":"product-special-badges","embeddable":true,"href":"https:\/\/www.globber.com\/ro\/wp-json\/wp\/v2\/product-special-badges?post=14401"},{"taxonomy":"product_brand","embeddable":true,"href":"https:\/\/www.globber.com\/ro\/wp-json\/wp\/v2\/product_brand?post=14401"},{"taxonomy":"product_cat","embeddable":true,"href":"https:\/\/www.globber.com\/ro\/wp-json\/wp\/v2\/product_cat?post=14401"},{"taxonomy":"product_tag","embeddable":true,"href":"https:\/\/www.globber.com\/ro\/wp-json\/wp\/v2\/product_tag?post=14401"}],"curies":[{"name":"wp","href":"https:\/\/api.w.org\/{rel}","templated":true}]}}