{"id":14550,"date":"2025-05-14T10:55:01","date_gmt":"2025-05-14T07:55:01","guid":{"rendered":"https:\/\/www.globber.com\/ro\/?post_type=product&#038;p=14550"},"modified":"2026-04-23T14:00:14","modified_gmt":"2026-04-23T11:00:14","slug":"goup-sporty-lights","status":"publish","type":"product","link":"https:\/\/www.globber.com\/ro\/product\/goup-sporty-lights\/","title":{"rendered":"GO\u2022UP SPORTY CU LUMINI"},"content":{"rendered":"<p>GO\u2022UP SPORTY CU LUMINI ofer\u0103 o plimbare sigur\u0103 pentru cel mic in cea mai frumoas\u0103 perioad\u0103 a copil\u0103riei\u00a0 \u2013 fie c\u0103 te plimbi, alergi sau te dai cu trotineta: GO\u2022UP SPORTY CU LUMINI de la GLOBBER te \u00eenso\u021be\u0219te \u00een fiecare etap\u0103, cu distrac\u021bie, confort \u0219i siguran\u021b\u0103.<\/p>\n<p>Aceast\u0103 trotinet\u0103 pe 3 ro\u021bi, cu scaun pentru copii, se transform\u0103 flexibil \u00een trei moduri: de la vehicul de \u00eempins (ride-on), la biciclet\u0103 de echilibru \u0219i apoi la trotinet\u0103 clasic\u0103 pentru copii. Modurile cu \u0219a \u0219i biciclet\u0103 de echilibru sunt ideale pentru copii \u00eentre 15 \u0219i 36 de luni, \u00een timp ce modul trotinet\u0103 este perfect pentru copiii de la 3 ani \u00een sus.<\/p>\n<p>Echipat\u0103 cu \u0219a reglabil\u0103, ghidon reglabil pe \u00een\u0103l\u021bime \u0219i un sistem patentat de blocare a direc\u021biei, care face mai u\u0219oar\u0103 men\u021binerea echilibrului pentru \u00eencep\u0103tori, GO\u2022UP SPORTY CU LUMINI se adapteaz\u0103 perfect copilului t\u0103u. Platforma robust\u0103 \u0219i ro\u021bile frontale cu LED alimentate cu baterii fac experien\u021ba de mers nu doar sigur\u0103, ci \u0219i extrem de distractiv\u0103 \u2013 pentru c\u0103 se aprind \u00een timpul deplas\u0103rii!<\/p>\n<p>Distins\u0103 cu \u201eSeal of Approval\u201d de la National Parenting Center, GO\u2022UP SPORTY LIGHTS \u00eenseamn\u0103 calitate dovedit\u0103, durabilitate \u0219i design prietenos pentru copii. Copilul t\u0103u este preg\u0103tit \u2013 tu e\u0219ti?<\/p>\n","protected":false},"excerpt":{"rendered":"<ul>\n<li>Scaun reglabil pe 2 niveluri de inaltime.<\/li>\n<li>Ghidon reglabil pe \u00een\u0103l\u021bime \u00een 3 pozi\u021bii.<\/li>\n<li>Ro\u021bi fa\u021b\u0103 cu lumini LED, rulmen\u021bi ABEC 5.<\/li>\n<\/ul>\n","protected":false},"featured_media":14573,"comment_status":"closed","ping_status":"closed","template":"","meta":{"_acf_changed":false,"inline_featured_image":false},"product-special-badges":[4012],"product_brand":[],"product_cat":[4004,3560,1691,1696,1694,1247,1630],"product_tag":[],"class_list":{"0":"post-14550","1":"product","2":"type-product","3":"status-publish","4":"has-post-thumbnail","6":"product_cat-sale","7":"product_cat-trotinete-cu-scaun","8":"product_cat-3-wheel-scooters-for-all-ages","9":"product_cat-trotinete-pliabile","10":"product_cat-light-up-scooters","11":"product_cat-go-up-series","12":"product_cat-toddler-scooters-trikes-balance-bikes-2","13":"product_shipping_class-greutate-medie","14":"pa_adjustable-yes","15":"pa_age-range-15m-7y","16":"pa_brakes-mechanical-rear-brake-metal","17":"pa_color-deep-pastel-pink","18":"pa_ean-3906","19":"pa_foldable-yes","20":"pa_max-user-weight-20kg-ride-on-walking-bike-mode-50kg-scooter-mode","21":"pa_product-type-walking-bike","22":"pa_product-type-3-wheel-scooter","23":"pa_product-type-ride-on","24":"pa_recommended-user-height-70-110cm","25":"pa_wheel-size-121mm-24mm-wide-front","26":"pa_wheel-size-80mm-24mm-wide-rear","27":"pa_wheels-material-high-rebound-pu-casted","29":"first","30":"instock","31":"sale","32":"taxable","33":"shipping-taxable","34":"purchasable","35":"product-type-variable"},"acf":[],"yoast_head":"<!-- This site is optimized with the Yoast SEO Premium plugin v20.12 (Yoast SEO v23.4) - https:\/\/yoast.com\/wordpress\/plugins\/seo\/ -->\n<title>GO\u2022UP SPORTY CU LUMINI - Globber Rom\u00e2nia<\/title>\n<meta name=\"robots\" content=\"index, follow, max-snippet:-1, max-image-preview:large, max-video-preview:-1\" \/>\n<link rel=\"canonical\" href=\"https:\/\/www.globber.com\/ro\/product\/goup-sporty-lights\/\" \/>\n<meta property=\"og:locale\" content=\"ro_RO\" \/>\n<meta property=\"og:type\" content=\"article\" \/>\n<meta property=\"og:title\" content=\"GO\u2022UP SPORTY CU LUMINI - Globber Rom\u00e2nia\" \/>\n<meta property=\"og:description\" content=\"Scaun reglabil pe 2 niveluri de inaltime.  Ghidon reglabil pe \u00een\u0103l\u021bime \u00een 3 pozi\u021bii.  Ro\u021bi fa\u021b\u0103 cu lumini LED, rulmen\u021bi ABEC 5.\" \/>\n<meta property=\"og:url\" content=\"https:\/\/www.globber.com\/ro\/product\/goup-sporty-lights\/\" \/>\n<meta property=\"og:site_name\" content=\"Globber Rom\u00e2nia\" \/>\n<meta property=\"article:modified_time\" content=\"2026-04-23T11:00:14+00:00\" \/>\n<meta property=\"og:image\" content=\"https:\/\/cdn.globber.com\/content\/sites\/16\/2025\/05\/Trotineta-Globber-Go-Up-Sporty-3-in-1-cu-lumini-culoare-roz-pastel-1.jpg\" \/>\n\t<meta property=\"og:image:width\" content=\"1600\" \/>\n\t<meta property=\"og:image:height\" content=\"1600\" \/>\n\t<meta property=\"og:image:type\" content=\"image\/jpeg\" \/>\n<meta name=\"twitter:card\" content=\"summary_large_image\" \/>\n<meta name=\"twitter:label1\" content=\"Availability\" \/>\n\t<meta name=\"twitter:data1\" content=\"In stock\" \/>\n<script type=\"application\/ld+json\" class=\"yoast-schema-graph\">{\"@context\":\"https:\/\/schema.org\",\"@graph\":[{\"@type\":[\"WebPage\",\"ItemPage\"],\"@id\":\"https:\/\/www.globber.com\/ro\/product\/goup-sporty-lights\/\",\"url\":\"https:\/\/www.globber.com\/ro\/product\/goup-sporty-lights\/\",\"name\":\"GO\u2022UP SPORTY CU LUMINI - Globber Rom\u00e2nia\",\"isPartOf\":{\"@id\":\"https:\/\/www.globber.com\/ro\/#website\"},\"primaryImageOfPage\":{\"@id\":\"https:\/\/www.globber.com\/ro\/product\/goup-sporty-lights\/#primaryimage\"},\"image\":{\"@id\":\"https:\/\/www.globber.com\/ro\/product\/goup-sporty-lights\/#primaryimage\"},\"thumbnailUrl\":\"https:\/\/cdn.globber.com\/content\/sites\/16\/2025\/05\/Trotineta-Globber-Go-Up-Sporty-3-in-1-cu-lumini-culoare-roz-pastel-1.jpg\",\"datePublished\":\"2025-05-14T07:55:01+00:00\",\"dateModified\":\"2026-04-23T11:00:14+00:00\",\"breadcrumb\":{\"@id\":\"https:\/\/www.globber.com\/ro\/product\/goup-sporty-lights\/#breadcrumb\"},\"inLanguage\":\"ro-RO\",\"potentialAction\":[{\"@type\":\"ReadAction\",\"target\":[\"https:\/\/www.globber.com\/ro\/product\/goup-sporty-lights\/\"]}]},{\"@type\":\"ImageObject\",\"inLanguage\":\"ro-RO\",\"@id\":\"https:\/\/www.globber.com\/ro\/product\/goup-sporty-lights\/#primaryimage\",\"url\":\"https:\/\/cdn.globber.com\/content\/sites\/16\/2025\/05\/Trotineta-Globber-Go-Up-Sporty-3-in-1-cu-lumini-culoare-roz-pastel-1.jpg\",\"contentUrl\":\"https:\/\/cdn.globber.com\/content\/sites\/16\/2025\/05\/Trotineta-Globber-Go-Up-Sporty-3-in-1-cu-lumini-culoare-roz-pastel-1.jpg\",\"width\":1600,\"height\":1600},{\"@type\":\"BreadcrumbList\",\"@id\":\"https:\/\/www.globber.com\/ro\/product\/goup-sporty-lights\/#breadcrumb\",\"itemListElement\":[{\"@type\":\"ListItem\",\"position\":1,\"name\":\"Toate produsele\",\"item\":\"https:\/\/www.globber.com\/ro\/shop-by-product\/\"},{\"@type\":\"ListItem\",\"position\":2,\"name\":\"GO\u2022UP SPORTY CU LUMINI\"}]},{\"@type\":\"WebSite\",\"@id\":\"https:\/\/www.globber.com\/ro\/#website\",\"url\":\"https:\/\/www.globber.com\/ro\/\",\"name\":\"Globber Rom\u00e2nia\",\"description\":\"Lumea pe ro\u021bi | Globber\",\"publisher\":{\"@id\":\"https:\/\/www.globber.com\/ro\/#organization\"},\"potentialAction\":[{\"@type\":\"SearchAction\",\"target\":{\"@type\":\"EntryPoint\",\"urlTemplate\":\"https:\/\/www.globber.com\/ro\/?s={search_term_string}\"},\"query-input\":{\"@type\":\"PropertyValueSpecification\",\"valueRequired\":true,\"valueName\":\"search_term_string\"}}],\"inLanguage\":\"ro-RO\"},{\"@type\":\"Organization\",\"@id\":\"https:\/\/www.globber.com\/ro\/#organization\",\"name\":\"Globber Rom\u00e2nia\",\"url\":\"https:\/\/www.globber.com\/ro\/\",\"logo\":{\"@type\":\"ImageObject\",\"inLanguage\":\"ro-RO\",\"@id\":\"https:\/\/www.globber.com\/ro\/#\/schema\/logo\/image\/\",\"url\":\"https:\/\/cdn.globber.com\/content\/2024\/05\/logo.svg\",\"contentUrl\":\"https:\/\/cdn.globber.com\/content\/2024\/05\/logo.svg\",\"width\":601,\"height\":112,\"caption\":\"Globber Rom\u00e2nia\"},\"image\":{\"@id\":\"https:\/\/www.globber.com\/ro\/#\/schema\/logo\/image\/\"}}]}<\/script>\n<meta property=\"og:availability\" content=\"instock\" \/>\n<meta property=\"product:availability\" content=\"instock\" \/>\n<meta property=\"product:retailer_item_id\" content=\"452-XXX\" \/>\n<meta property=\"product:condition\" content=\"new\" \/>\n<!-- \/ Yoast SEO Premium plugin. -->","yoast_head_json":{"title":"GO\u2022UP SPORTY CU LUMINI - Globber Rom\u00e2nia","robots":{"index":"index","follow":"follow","max-snippet":"max-snippet:-1","max-image-preview":"max-image-preview:large","max-video-preview":"max-video-preview:-1"},"canonical":"https:\/\/www.globber.com\/ro\/product\/goup-sporty-lights\/","og_locale":"ro_RO","og_type":"article","og_title":"GO\u2022UP SPORTY CU LUMINI - Globber Rom\u00e2nia","og_description":"Scaun reglabil pe 2 niveluri de inaltime.  Ghidon reglabil pe \u00een\u0103l\u021bime \u00een 3 pozi\u021bii.  Ro\u021bi fa\u021b\u0103 cu lumini LED, rulmen\u021bi ABEC 5.","og_url":"https:\/\/www.globber.com\/ro\/product\/goup-sporty-lights\/","og_site_name":"Globber Rom\u00e2nia","article_modified_time":"2026-04-23T11:00:14+00:00","og_image":[{"width":1600,"height":1600,"url":"https:\/\/cdn.globber.com\/content\/sites\/16\/2025\/05\/Trotineta-Globber-Go-Up-Sporty-3-in-1-cu-lumini-culoare-roz-pastel-1.jpg","type":"image\/jpeg"}],"twitter_card":"summary_large_image","twitter_misc":{"Availability":"In stock"},"schema":{"@context":"https:\/\/schema.org","@graph":[{"@type":["WebPage","ItemPage"],"@id":"https:\/\/www.globber.com\/ro\/product\/goup-sporty-lights\/","url":"https:\/\/www.globber.com\/ro\/product\/goup-sporty-lights\/","name":"GO\u2022UP SPORTY CU LUMINI - Globber Rom\u00e2nia","isPartOf":{"@id":"https:\/\/www.globber.com\/ro\/#website"},"primaryImageOfPage":{"@id":"https:\/\/www.globber.com\/ro\/product\/goup-sporty-lights\/#primaryimage"},"image":{"@id":"https:\/\/www.globber.com\/ro\/product\/goup-sporty-lights\/#primaryimage"},"thumbnailUrl":"https:\/\/cdn.globber.com\/content\/sites\/16\/2025\/05\/Trotineta-Globber-Go-Up-Sporty-3-in-1-cu-lumini-culoare-roz-pastel-1.jpg","datePublished":"2025-05-14T07:55:01+00:00","dateModified":"2026-04-23T11:00:14+00:00","breadcrumb":{"@id":"https:\/\/www.globber.com\/ro\/product\/goup-sporty-lights\/#breadcrumb"},"inLanguage":"ro-RO","potentialAction":[{"@type":"ReadAction","target":["https:\/\/www.globber.com\/ro\/product\/goup-sporty-lights\/"]}]},{"@type":"ImageObject","inLanguage":"ro-RO","@id":"https:\/\/www.globber.com\/ro\/product\/goup-sporty-lights\/#primaryimage","url":"https:\/\/cdn.globber.com\/content\/sites\/16\/2025\/05\/Trotineta-Globber-Go-Up-Sporty-3-in-1-cu-lumini-culoare-roz-pastel-1.jpg","contentUrl":"https:\/\/cdn.globber.com\/content\/sites\/16\/2025\/05\/Trotineta-Globber-Go-Up-Sporty-3-in-1-cu-lumini-culoare-roz-pastel-1.jpg","width":1600,"height":1600},{"@type":"BreadcrumbList","@id":"https:\/\/www.globber.com\/ro\/product\/goup-sporty-lights\/#breadcrumb","itemListElement":[{"@type":"ListItem","position":1,"name":"Toate produsele","item":"https:\/\/www.globber.com\/ro\/shop-by-product\/"},{"@type":"ListItem","position":2,"name":"GO\u2022UP SPORTY CU LUMINI"}]},{"@type":"WebSite","@id":"https:\/\/www.globber.com\/ro\/#website","url":"https:\/\/www.globber.com\/ro\/","name":"Globber Rom\u00e2nia","description":"Lumea pe ro\u021bi | Globber","publisher":{"@id":"https:\/\/www.globber.com\/ro\/#organization"},"potentialAction":[{"@type":"SearchAction","target":{"@type":"EntryPoint","urlTemplate":"https:\/\/www.globber.com\/ro\/?s={search_term_string}"},"query-input":{"@type":"PropertyValueSpecification","valueRequired":true,"valueName":"search_term_string"}}],"inLanguage":"ro-RO"},{"@type":"Organization","@id":"https:\/\/www.globber.com\/ro\/#organization","name":"Globber Rom\u00e2nia","url":"https:\/\/www.globber.com\/ro\/","logo":{"@type":"ImageObject","inLanguage":"ro-RO","@id":"https:\/\/www.globber.com\/ro\/#\/schema\/logo\/image\/","url":"https:\/\/cdn.globber.com\/content\/2024\/05\/logo.svg","contentUrl":"https:\/\/cdn.globber.com\/content\/2024\/05\/logo.svg","width":601,"height":112,"caption":"Globber Rom\u00e2nia"},"image":{"@id":"https:\/\/www.globber.com\/ro\/#\/schema\/logo\/image\/"}}]},"og_availability":"instock","product_availability":"instock","product_retailer_item_id":"452-XXX","product_condition":"new"},"_links":{"self":[{"href":"https:\/\/www.globber.com\/ro\/wp-json\/wp\/v2\/product\/14550","targetHints":{"allow":["GET"]}}],"collection":[{"href":"https:\/\/www.globber.com\/ro\/wp-json\/wp\/v2\/product"}],"about":[{"href":"https:\/\/www.globber.com\/ro\/wp-json\/wp\/v2\/types\/product"}],"replies":[{"embeddable":true,"href":"https:\/\/www.globber.com\/ro\/wp-json\/wp\/v2\/comments?post=14550"}],"wp:featuredmedia":[{"embeddable":true,"href":"https:\/\/www.globber.com\/ro\/wp-json\/wp\/v2\/media\/14573"}],"wp:attachment":[{"href":"https:\/\/www.globber.com\/ro\/wp-json\/wp\/v2\/media?parent=14550"}],"wp:term":[{"taxonomy":"product-special-badges","embeddable":true,"href":"https:\/\/www.globber.com\/ro\/wp-json\/wp\/v2\/product-special-badges?post=14550"},{"taxonomy":"product_brand","embeddable":true,"href":"https:\/\/www.globber.com\/ro\/wp-json\/wp\/v2\/product_brand?post=14550"},{"taxonomy":"product_cat","embeddable":true,"href":"https:\/\/www.globber.com\/ro\/wp-json\/wp\/v2\/product_cat?post=14550"},{"taxonomy":"product_tag","embeddable":true,"href":"https:\/\/www.globber.com\/ro\/wp-json\/wp\/v2\/product_tag?post=14550"}],"curies":[{"name":"wp","href":"https:\/\/api.w.org\/{rel}","templated":true}]}}