{"id":14552,"date":"2025-05-14T12:42:39","date_gmt":"2025-05-14T09:42:39","guid":{"rendered":"https:\/\/www.globber.com\/ro\/?post_type=product&#038;p=14552"},"modified":"2026-04-22T22:46:22","modified_gmt":"2026-04-22T19:46:22","slug":"goup-foldable","status":"publish","type":"product","link":"https:\/\/www.globber.com\/ro\/product\/goup-foldable\/","title":{"rendered":"GO\u2022UP PLIABILA"},"content":{"rendered":"<div id=\"collapseTwo\" class=\"collapse show\" data-parent=\"#accordion\">\n<div class=\"block\">\n<div class=\"product-description\">\n<p>GO\u2022UP PLIABILA este o trotinet\u0103 pliabil\u0103 cu 3 ro\u021bi, perfect\u0103, all-in-one, cu scaun, pentru copiii cu v\u00e2rste cuprinse \u00eentre 15 luni pana la 7 ani.<\/p>\n<p>Cu designul inovator 100% f\u0103r\u0103 unelte, aceasta trotineta se transform\u0103 u\u0219or \u00eentr-un vehicul de \u00eempins (ride\u2011on), o biciclet\u0103 de echilibru sau o trotinet\u0103 \u2013 potrivit\u0103 perfect pentru fiecare etap\u0103 de dezvoltare.<\/p>\n<p>Modurile \u201eSit-On\u201d \u0219i \u201eWalk\u201d sunt ideale pentru copii cu v\u00e2rste \u00eentre 15 \u0219i 36 de luni, \u00een timp ce modul \u201eTrotineta\u201d \u00eei \u00eenc\u00e2nt\u0103 pe copiii \u00eentre 3 \u0219i 7 ani. Fie c\u0103 exerseaz\u0103 echilibrul sau descoper\u0103 noi aventuri pe ro\u021bi, cu GO\u2022UP PLIABILA copilul t\u0103u se va bucura de distrac\u021bie f\u0103r\u0103 limite \u0219i mobilitate sigur\u0103, mul\u021bi ani la r\u00e2nd!<\/p>\n<p>Structura metalic\u0103 super-joas\u0103, cu un design larg, antiderapant al platformei compozit, sustine utilizatori de p\u00e2n\u0103 la 50 kg \u00een modul trotineta. Acest lucru, combinat cu fr\u00e2na compozit\u0103 \u0219i extra-lat\u0103, ofer\u0103 o fr\u00e2nare eficient\u0103 \u0219i promoveaz\u0103 longevitatea ro\u021bilor.<\/p>\n<p>Botonul patentat de blocare a direc\u021biei fixeaz\u0103 sistemul de direc\u021bie \u0219i \u00eempiedic\u0103 ro\u021bile din fa\u021b\u0103 s\u0103 se \u00eentoarc\u0103 la st\u00e2nga \u0219i la dreapta, ceea ce este ideal pentru incepatori.<\/p>\n<p>Sistemul patentat de pliere u\u0219oar\u0103 \u00eenseamn\u0103 c\u0103, la ap\u0103sarea unui buton, trotineta poate fi transportata cu u\u0219urin\u021b\u0103 \u00een modul troley \u0219i pliata f\u0103r\u0103 efort dup\u0103 timpul de joac\u0103.<\/p>\n<\/div>\n<\/div>\n<\/div>\n","protected":false},"excerpt":{"rendered":"<ul>\n<li>Scaun reglabil pe 2 niveluri de inaltime.<\/li>\n<li>Ghidon reglabil pe \u00een\u0103l\u021bime \u00een 4 pozi\u021bii.<\/li>\n<li>Ro\u021bi PU turnat cu amortizare ridicat si rulmen\u021bi ABEC 5.<\/li>\n<\/ul>\n","protected":false},"featured_media":14529,"comment_status":"closed","ping_status":"closed","template":"","meta":{"_acf_changed":false,"inline_featured_image":false},"product-special-badges":[],"product_brand":[],"product_cat":[3560,1691,1696,1247,1630],"product_tag":[],"class_list":{"0":"post-14552","1":"product","2":"type-product","3":"status-publish","4":"has-post-thumbnail","6":"product_cat-trotinete-cu-scaun","7":"product_cat-3-wheel-scooters-for-all-ages","8":"product_cat-trotinete-pliabile","9":"product_cat-go-up-series","10":"product_cat-toddler-scooters-trikes-balance-bikes-2","11":"product_shipping_class-greutate-medie","12":"pa_adjustable-yes","13":"pa_age-range-15m-7y","14":"pa_brakes-mechanical-rear-brake-metal","15":"pa_color-fuchsia","16":"pa_ean-3907","17":"pa_foldable-yes","18":"pa_max-user-weight-20kg-ride-on-walking-bike-mode-50kg-scooter-mode","19":"pa_product-type-walking-bike","20":"pa_product-type-3-wheel-scooter","21":"pa_product-type-ride-on","22":"pa_product-weight-net-4-00kg","23":"pa_recommended-user-height-70-110cm","24":"pa_wheel-size-121mm-24mm-wide-front","25":"pa_wheel-size-80mm-24mm-wide-rear","27":"first","28":"instock","29":"taxable","30":"shipping-taxable","31":"purchasable","32":"product-type-variable"},"acf":[],"yoast_head":"<!-- This site is optimized with the Yoast SEO Premium plugin v20.12 (Yoast SEO v23.4) - https:\/\/yoast.com\/wordpress\/plugins\/seo\/ -->\n<title>GO\u2022UP PLIABILA - Globber Rom\u00e2nia<\/title>\n<meta name=\"robots\" content=\"index, follow, max-snippet:-1, max-image-preview:large, max-video-preview:-1\" \/>\n<link rel=\"canonical\" href=\"https:\/\/www.globber.com\/ro\/product\/goup-foldable\/\" \/>\n<meta property=\"og:locale\" content=\"ro_RO\" \/>\n<meta property=\"og:type\" content=\"article\" \/>\n<meta property=\"og:title\" content=\"GO\u2022UP PLIABILA - Globber Rom\u00e2nia\" \/>\n<meta property=\"og:description\" content=\"Scaun reglabil pe 2 niveluri de inaltime.  Ghidon reglabil pe \u00een\u0103l\u021bime \u00een 4 pozi\u021bii.  Ro\u021bi PU turnat cu amortizare ridicat si rulmen\u021bi ABEC 5.\" \/>\n<meta property=\"og:url\" content=\"https:\/\/www.globber.com\/ro\/product\/goup-foldable\/\" \/>\n<meta property=\"og:site_name\" content=\"Globber Rom\u00e2nia\" \/>\n<meta property=\"article:modified_time\" content=\"2026-04-22T19:46:22+00:00\" \/>\n<meta property=\"og:image\" content=\"https:\/\/cdn.globber.com\/content\/sites\/16\/2025\/04\/645-110_plum-globber_go-up-foldable_deep-pink__stage1_ghjo8qjf9jqnhvke_07652070-253b-447e-8370-70673eb1ae33_1120x.webp\" \/>\n\t<meta property=\"og:image:width\" content=\"1120\" \/>\n\t<meta property=\"og:image:height\" content=\"1120\" \/>\n\t<meta property=\"og:image:type\" content=\"image\/webp\" \/>\n<meta name=\"twitter:card\" content=\"summary_large_image\" \/>\n<meta name=\"twitter:label1\" content=\"Availability\" \/>\n\t<meta name=\"twitter:data1\" content=\"In stock\" \/>\n<script type=\"application\/ld+json\" class=\"yoast-schema-graph\">{\"@context\":\"https:\/\/schema.org\",\"@graph\":[{\"@type\":[\"WebPage\",\"ItemPage\"],\"@id\":\"https:\/\/www.globber.com\/ro\/product\/goup-foldable\/\",\"url\":\"https:\/\/www.globber.com\/ro\/product\/goup-foldable\/\",\"name\":\"GO\u2022UP PLIABILA - Globber Rom\u00e2nia\",\"isPartOf\":{\"@id\":\"https:\/\/www.globber.com\/ro\/#website\"},\"primaryImageOfPage\":{\"@id\":\"https:\/\/www.globber.com\/ro\/product\/goup-foldable\/#primaryimage\"},\"image\":{\"@id\":\"https:\/\/www.globber.com\/ro\/product\/goup-foldable\/#primaryimage\"},\"thumbnailUrl\":\"https:\/\/cdn.globber.com\/content\/sites\/16\/2025\/04\/645-110_plum-globber_go-up-foldable_deep-pink__stage1_ghjo8qjf9jqnhvke_07652070-253b-447e-8370-70673eb1ae33_1120x.webp\",\"datePublished\":\"2025-05-14T09:42:39+00:00\",\"dateModified\":\"2026-04-22T19:46:22+00:00\",\"breadcrumb\":{\"@id\":\"https:\/\/www.globber.com\/ro\/product\/goup-foldable\/#breadcrumb\"},\"inLanguage\":\"ro-RO\",\"potentialAction\":[{\"@type\":\"ReadAction\",\"target\":[\"https:\/\/www.globber.com\/ro\/product\/goup-foldable\/\"]}]},{\"@type\":\"ImageObject\",\"inLanguage\":\"ro-RO\",\"@id\":\"https:\/\/www.globber.com\/ro\/product\/goup-foldable\/#primaryimage\",\"url\":\"https:\/\/cdn.globber.com\/content\/sites\/16\/2025\/04\/645-110_plum-globber_go-up-foldable_deep-pink__stage1_ghjo8qjf9jqnhvke_07652070-253b-447e-8370-70673eb1ae33_1120x.webp\",\"contentUrl\":\"https:\/\/cdn.globber.com\/content\/sites\/16\/2025\/04\/645-110_plum-globber_go-up-foldable_deep-pink__stage1_ghjo8qjf9jqnhvke_07652070-253b-447e-8370-70673eb1ae33_1120x.webp\",\"width\":1120,\"height\":1120},{\"@type\":\"BreadcrumbList\",\"@id\":\"https:\/\/www.globber.com\/ro\/product\/goup-foldable\/#breadcrumb\",\"itemListElement\":[{\"@type\":\"ListItem\",\"position\":1,\"name\":\"Toate produsele\",\"item\":\"https:\/\/www.globber.com\/ro\/shop-by-product\/\"},{\"@type\":\"ListItem\",\"position\":2,\"name\":\"GO\u2022UP PLIABILA\"}]},{\"@type\":\"WebSite\",\"@id\":\"https:\/\/www.globber.com\/ro\/#website\",\"url\":\"https:\/\/www.globber.com\/ro\/\",\"name\":\"Globber Rom\u00e2nia\",\"description\":\"Lumea pe ro\u021bi | Globber\",\"publisher\":{\"@id\":\"https:\/\/www.globber.com\/ro\/#organization\"},\"potentialAction\":[{\"@type\":\"SearchAction\",\"target\":{\"@type\":\"EntryPoint\",\"urlTemplate\":\"https:\/\/www.globber.com\/ro\/?s={search_term_string}\"},\"query-input\":{\"@type\":\"PropertyValueSpecification\",\"valueRequired\":true,\"valueName\":\"search_term_string\"}}],\"inLanguage\":\"ro-RO\"},{\"@type\":\"Organization\",\"@id\":\"https:\/\/www.globber.com\/ro\/#organization\",\"name\":\"Globber Rom\u00e2nia\",\"url\":\"https:\/\/www.globber.com\/ro\/\",\"logo\":{\"@type\":\"ImageObject\",\"inLanguage\":\"ro-RO\",\"@id\":\"https:\/\/www.globber.com\/ro\/#\/schema\/logo\/image\/\",\"url\":\"https:\/\/cdn.globber.com\/content\/2024\/05\/logo.svg\",\"contentUrl\":\"https:\/\/cdn.globber.com\/content\/2024\/05\/logo.svg\",\"width\":601,\"height\":112,\"caption\":\"Globber Rom\u00e2nia\"},\"image\":{\"@id\":\"https:\/\/www.globber.com\/ro\/#\/schema\/logo\/image\/\"}}]}<\/script>\n<meta property=\"og:availability\" content=\"instock\" \/>\n<meta property=\"product:availability\" content=\"instock\" \/>\n<meta property=\"product:retailer_item_id\" content=\"645-XXX\" \/>\n<meta property=\"product:condition\" content=\"new\" \/>\n<!-- \/ Yoast SEO Premium plugin. -->","yoast_head_json":{"title":"GO\u2022UP PLIABILA - Globber Rom\u00e2nia","robots":{"index":"index","follow":"follow","max-snippet":"max-snippet:-1","max-image-preview":"max-image-preview:large","max-video-preview":"max-video-preview:-1"},"canonical":"https:\/\/www.globber.com\/ro\/product\/goup-foldable\/","og_locale":"ro_RO","og_type":"article","og_title":"GO\u2022UP PLIABILA - Globber Rom\u00e2nia","og_description":"Scaun reglabil pe 2 niveluri de inaltime.  Ghidon reglabil pe \u00een\u0103l\u021bime \u00een 4 pozi\u021bii.  Ro\u021bi PU turnat cu amortizare ridicat si rulmen\u021bi ABEC 5.","og_url":"https:\/\/www.globber.com\/ro\/product\/goup-foldable\/","og_site_name":"Globber Rom\u00e2nia","article_modified_time":"2026-04-22T19:46:22+00:00","og_image":[{"width":1120,"height":1120,"url":"https:\/\/cdn.globber.com\/content\/sites\/16\/2025\/04\/645-110_plum-globber_go-up-foldable_deep-pink__stage1_ghjo8qjf9jqnhvke_07652070-253b-447e-8370-70673eb1ae33_1120x.webp","type":"image\/webp"}],"twitter_card":"summary_large_image","twitter_misc":{"Availability":"In stock"},"schema":{"@context":"https:\/\/schema.org","@graph":[{"@type":["WebPage","ItemPage"],"@id":"https:\/\/www.globber.com\/ro\/product\/goup-foldable\/","url":"https:\/\/www.globber.com\/ro\/product\/goup-foldable\/","name":"GO\u2022UP PLIABILA - Globber Rom\u00e2nia","isPartOf":{"@id":"https:\/\/www.globber.com\/ro\/#website"},"primaryImageOfPage":{"@id":"https:\/\/www.globber.com\/ro\/product\/goup-foldable\/#primaryimage"},"image":{"@id":"https:\/\/www.globber.com\/ro\/product\/goup-foldable\/#primaryimage"},"thumbnailUrl":"https:\/\/cdn.globber.com\/content\/sites\/16\/2025\/04\/645-110_plum-globber_go-up-foldable_deep-pink__stage1_ghjo8qjf9jqnhvke_07652070-253b-447e-8370-70673eb1ae33_1120x.webp","datePublished":"2025-05-14T09:42:39+00:00","dateModified":"2026-04-22T19:46:22+00:00","breadcrumb":{"@id":"https:\/\/www.globber.com\/ro\/product\/goup-foldable\/#breadcrumb"},"inLanguage":"ro-RO","potentialAction":[{"@type":"ReadAction","target":["https:\/\/www.globber.com\/ro\/product\/goup-foldable\/"]}]},{"@type":"ImageObject","inLanguage":"ro-RO","@id":"https:\/\/www.globber.com\/ro\/product\/goup-foldable\/#primaryimage","url":"https:\/\/cdn.globber.com\/content\/sites\/16\/2025\/04\/645-110_plum-globber_go-up-foldable_deep-pink__stage1_ghjo8qjf9jqnhvke_07652070-253b-447e-8370-70673eb1ae33_1120x.webp","contentUrl":"https:\/\/cdn.globber.com\/content\/sites\/16\/2025\/04\/645-110_plum-globber_go-up-foldable_deep-pink__stage1_ghjo8qjf9jqnhvke_07652070-253b-447e-8370-70673eb1ae33_1120x.webp","width":1120,"height":1120},{"@type":"BreadcrumbList","@id":"https:\/\/www.globber.com\/ro\/product\/goup-foldable\/#breadcrumb","itemListElement":[{"@type":"ListItem","position":1,"name":"Toate produsele","item":"https:\/\/www.globber.com\/ro\/shop-by-product\/"},{"@type":"ListItem","position":2,"name":"GO\u2022UP PLIABILA"}]},{"@type":"WebSite","@id":"https:\/\/www.globber.com\/ro\/#website","url":"https:\/\/www.globber.com\/ro\/","name":"Globber Rom\u00e2nia","description":"Lumea pe ro\u021bi | Globber","publisher":{"@id":"https:\/\/www.globber.com\/ro\/#organization"},"potentialAction":[{"@type":"SearchAction","target":{"@type":"EntryPoint","urlTemplate":"https:\/\/www.globber.com\/ro\/?s={search_term_string}"},"query-input":{"@type":"PropertyValueSpecification","valueRequired":true,"valueName":"search_term_string"}}],"inLanguage":"ro-RO"},{"@type":"Organization","@id":"https:\/\/www.globber.com\/ro\/#organization","name":"Globber Rom\u00e2nia","url":"https:\/\/www.globber.com\/ro\/","logo":{"@type":"ImageObject","inLanguage":"ro-RO","@id":"https:\/\/www.globber.com\/ro\/#\/schema\/logo\/image\/","url":"https:\/\/cdn.globber.com\/content\/2024\/05\/logo.svg","contentUrl":"https:\/\/cdn.globber.com\/content\/2024\/05\/logo.svg","width":601,"height":112,"caption":"Globber Rom\u00e2nia"},"image":{"@id":"https:\/\/www.globber.com\/ro\/#\/schema\/logo\/image\/"}}]},"og_availability":"instock","product_availability":"instock","product_retailer_item_id":"645-XXX","product_condition":"new"},"_links":{"self":[{"href":"https:\/\/www.globber.com\/ro\/wp-json\/wp\/v2\/product\/14552","targetHints":{"allow":["GET"]}}],"collection":[{"href":"https:\/\/www.globber.com\/ro\/wp-json\/wp\/v2\/product"}],"about":[{"href":"https:\/\/www.globber.com\/ro\/wp-json\/wp\/v2\/types\/product"}],"replies":[{"embeddable":true,"href":"https:\/\/www.globber.com\/ro\/wp-json\/wp\/v2\/comments?post=14552"}],"wp:featuredmedia":[{"embeddable":true,"href":"https:\/\/www.globber.com\/ro\/wp-json\/wp\/v2\/media\/14529"}],"wp:attachment":[{"href":"https:\/\/www.globber.com\/ro\/wp-json\/wp\/v2\/media?parent=14552"}],"wp:term":[{"taxonomy":"product-special-badges","embeddable":true,"href":"https:\/\/www.globber.com\/ro\/wp-json\/wp\/v2\/product-special-badges?post=14552"},{"taxonomy":"product_brand","embeddable":true,"href":"https:\/\/www.globber.com\/ro\/wp-json\/wp\/v2\/product_brand?post=14552"},{"taxonomy":"product_cat","embeddable":true,"href":"https:\/\/www.globber.com\/ro\/wp-json\/wp\/v2\/product_cat?post=14552"},{"taxonomy":"product_tag","embeddable":true,"href":"https:\/\/www.globber.com\/ro\/wp-json\/wp\/v2\/product_tag?post=14552"}],"curies":[{"name":"wp","href":"https:\/\/api.w.org\/{rel}","templated":true}]}}