{"id":14554,"date":"2025-05-08T15:44:00","date_gmt":"2025-05-08T12:44:00","guid":{"rendered":"https:\/\/www.globber.com\/ro\/?post_type=product&#038;p=14554"},"modified":"2026-04-05T09:32:12","modified_gmt":"2026-04-05T06:32:12","slug":"goup-active-ecologic","status":"publish","type":"product","link":"https:\/\/www.globber.com\/ro\/product\/goup-active-ecologic\/","title":{"rendered":"GO\u2022UP ACTIVE ECOLOGIC"},"content":{"rendered":"<p>O lume mai verde pe ro\u021bi: GO\u2022UP ACTIVE <strong>ECO<\/strong>LOGIC<\/p>\n<p>Schimb\u0103 ceva \u00een bine cu GO\u2022UP ACTIVE <strong>ECO<\/strong>LOGIC\u00a0\u2013 trotineta 3\u2011\u00een\u20111 sustenabil\u0103, care \u00eei \u00eenc\u00e2nt\u0103 pe copii \u0219i, \u00een acela\u0219i timp, promoveaz\u0103 valorile legate de protejarea mediului. Realizat\u0103 din 100% plastic certificat GRS \u0219i paie de gr\u00e2u biodegradabile, \u00eei ajut\u0103 pe membrii familiilor din \u00eentreaga lume s\u0103 fac\u0103 alegeri con\u0219tiente \u0219i responsabile.<\/p>\n<p>Aceast\u0103 trotinet\u0103 ecologic\u0103 pe trei ro\u021bi se transform\u0103 \u00een trei moduri: triciclet\u0103 (15\u201336 luni), biciclet\u0103 de echilibru (15\u201336 luni) \u0219i trotinet\u0103 pentru copii (3\u20139 ani). ECOLOGIC \u00eembin\u0103 caracteristicile dovedite ale trotinetei clasice GO\u2022UP ACTIVE <strong>ECO<\/strong>LOGIC cu materiale care reduc semnificativ impactul asupra mediului.<\/p>\n<p>De ce s\u0103 alegi GO\u2022UP ACTIVE <strong>ECO<\/strong>LOGIC?<\/p>\n<p>GRS plastic: Certificat conform Global Recycling Standard, ajut\u0103 la men\u021binerea de\u0219eurilor departe de gropile de gunoi \u0219i reduce impactul de mediu al produc\u021biei.<\/p>\n<p>Paie de gr\u00e2u biodegradabile: 100% regenerabile \u0219i contribuie la degradarea altor plastice, pentru a reduce impactul asupra mediului.<\/p>\n<p>Alege distrac\u021bia sustenabil\u0103 cu GO\u2022UP ACTIVE <strong>ECO<\/strong>LOGIC \u0219i bucur\u0103-te de ani \u00eentregi de aventuri al\u0103turi de cel mai bun prieten \u2013 \u00eentr-un mod prietenos cu mediul \u0219i sigur!<\/p>\n<p>GO GLOBBER. GO GREENER.<\/p>\n<p>Alege Globber. Alege\u021bi mai ecologic!<\/p>\n<p><em>*\u00cen componente aplicabile; descoperi\u021bi care componente <a href=\"https:\/\/www.globber.com\/sustainable-scooters\/\">aici.<\/a><\/em><\/p>\n","protected":false},"excerpt":{"rendered":"<ul>\n<li>Scaun reglabil pe 2 niveluri de inaltime.<\/li>\n<li>Ghidon reglabil pe \u00een\u0103l\u021bime \u00een 4 pozi\u021bii.<\/li>\n<li>Ro\u021bi PU turnat cu amortizare ridicat si rulmen\u021bi ABEC 9.<\/li>\n<\/ul>\n","protected":false},"featured_media":15885,"comment_status":"closed","ping_status":"closed","template":"","meta":{"_acf_changed":false,"inline_featured_image":false},"product-special-badges":[],"product_brand":[],"product_cat":[3560,1691,1696,1247,1630],"product_tag":[],"class_list":{"0":"post-14554","1":"product","2":"type-product","3":"status-publish","4":"has-post-thumbnail","6":"product_cat-trotinete-cu-scaun","7":"product_cat-3-wheel-scooters-for-all-ages","8":"product_cat-trotinete-pliabile","9":"product_cat-go-up-series","10":"product_cat-toddler-scooters-trikes-balance-bikes-2","11":"product_shipping_class-foarte-usoare","12":"pa_adjustable-yes","13":"pa_age-range-15m-9y","14":"pa_brakes-mechanical-rear-brake-composite","15":"pa_color-pistachio","16":"pa_color-boabe","17":"pa_ean-3909","18":"pa_ean-3910","19":"pa_foldable-yes","20":"pa_max-user-weight-20kg-ride-on-walking-bike-mode-50kg-scooter-mode","21":"pa_product-type-walking-bike","22":"pa_product-type-3-wheel-scooter","23":"pa_product-type-ride-on","24":"pa_product-weight-net-4-00kg","25":"pa_recommended-user-height-70cm-to-130cm","26":"pa_wheels-material-high-rebound-88a-pu-casted-wheels","28":"first","29":"instock","30":"taxable","31":"shipping-taxable","32":"purchasable","33":"product-type-variable"},"acf":[],"yoast_head":"<!-- This site is optimized with the Yoast SEO Premium plugin v20.12 (Yoast SEO v23.4) - https:\/\/yoast.com\/wordpress\/plugins\/seo\/ -->\n<title>GO\u2022UP ACTIVE ECOLOGIC - Globber Rom\u00e2nia<\/title>\n<meta name=\"robots\" content=\"index, follow, max-snippet:-1, max-image-preview:large, max-video-preview:-1\" \/>\n<link rel=\"canonical\" href=\"https:\/\/www.globber.com\/ro\/product\/goup-active-ecologic\/\" \/>\n<meta property=\"og:locale\" content=\"ro_RO\" \/>\n<meta property=\"og:type\" content=\"article\" \/>\n<meta property=\"og:title\" content=\"GO\u2022UP ACTIVE ECOLOGIC - Globber Rom\u00e2nia\" \/>\n<meta property=\"og:description\" content=\"Scaun reglabil pe 2 niveluri de inaltime.  Ghidon reglabil pe \u00een\u0103l\u021bime \u00een 4 pozi\u021bii.  Ro\u021bi PU turnat cu amortizare ridicat si rulmen\u021bi ABEC 9.\" \/>\n<meta property=\"og:url\" content=\"https:\/\/www.globber.com\/ro\/product\/goup-active-ecologic\/\" \/>\n<meta property=\"og:site_name\" content=\"Globber Rom\u00e2nia\" \/>\n<meta property=\"article:modified_time\" content=\"2026-04-05T06:32:12+00:00\" \/>\n<meta property=\"og:image\" content=\"https:\/\/cdn.globber.com\/content\/sites\/16\/2025\/05\/Trotineta-Globber-GO-UP-ACTIVE-ECOLOGIC-3-in-1-ghidon-si-scaun-ajustabile-roti-cu-lumini-rulmenti-ABEC-9-culoare-verde-fistic5.jpg\" \/>\n\t<meta property=\"og:image:width\" content=\"2048\" \/>\n\t<meta property=\"og:image:height\" content=\"2048\" \/>\n\t<meta property=\"og:image:type\" content=\"image\/jpeg\" \/>\n<meta name=\"twitter:card\" content=\"summary_large_image\" \/>\n<meta name=\"twitter:label1\" content=\"Availability\" \/>\n\t<meta name=\"twitter:data1\" content=\"In stock\" \/>\n<script type=\"application\/ld+json\" class=\"yoast-schema-graph\">{\"@context\":\"https:\/\/schema.org\",\"@graph\":[{\"@type\":[\"WebPage\",\"ItemPage\"],\"@id\":\"https:\/\/www.globber.com\/ro\/product\/goup-active-ecologic\/\",\"url\":\"https:\/\/www.globber.com\/ro\/product\/goup-active-ecologic\/\",\"name\":\"GO\u2022UP ACTIVE ECOLOGIC - Globber Rom\u00e2nia\",\"isPartOf\":{\"@id\":\"https:\/\/www.globber.com\/ro\/#website\"},\"primaryImageOfPage\":{\"@id\":\"https:\/\/www.globber.com\/ro\/product\/goup-active-ecologic\/#primaryimage\"},\"image\":{\"@id\":\"https:\/\/www.globber.com\/ro\/product\/goup-active-ecologic\/#primaryimage\"},\"thumbnailUrl\":\"https:\/\/cdn.globber.com\/content\/sites\/16\/2025\/05\/Trotineta-Globber-GO-UP-ACTIVE-ECOLOGIC-3-in-1-ghidon-si-scaun-ajustabile-roti-cu-lumini-rulmenti-ABEC-9-culoare-verde-fistic5.jpg\",\"datePublished\":\"2025-05-08T12:44:00+00:00\",\"dateModified\":\"2026-04-05T06:32:12+00:00\",\"breadcrumb\":{\"@id\":\"https:\/\/www.globber.com\/ro\/product\/goup-active-ecologic\/#breadcrumb\"},\"inLanguage\":\"ro-RO\",\"potentialAction\":[{\"@type\":\"ReadAction\",\"target\":[\"https:\/\/www.globber.com\/ro\/product\/goup-active-ecologic\/\"]}]},{\"@type\":\"ImageObject\",\"inLanguage\":\"ro-RO\",\"@id\":\"https:\/\/www.globber.com\/ro\/product\/goup-active-ecologic\/#primaryimage\",\"url\":\"https:\/\/cdn.globber.com\/content\/sites\/16\/2025\/05\/Trotineta-Globber-GO-UP-ACTIVE-ECOLOGIC-3-in-1-ghidon-si-scaun-ajustabile-roti-cu-lumini-rulmenti-ABEC-9-culoare-verde-fistic5.jpg\",\"contentUrl\":\"https:\/\/cdn.globber.com\/content\/sites\/16\/2025\/05\/Trotineta-Globber-GO-UP-ACTIVE-ECOLOGIC-3-in-1-ghidon-si-scaun-ajustabile-roti-cu-lumini-rulmenti-ABEC-9-culoare-verde-fistic5.jpg\",\"width\":2048,\"height\":2048},{\"@type\":\"BreadcrumbList\",\"@id\":\"https:\/\/www.globber.com\/ro\/product\/goup-active-ecologic\/#breadcrumb\",\"itemListElement\":[{\"@type\":\"ListItem\",\"position\":1,\"name\":\"Toate produsele\",\"item\":\"https:\/\/www.globber.com\/ro\/shop-by-product\/\"},{\"@type\":\"ListItem\",\"position\":2,\"name\":\"GO\u2022UP ACTIVE ECOLOGIC\"}]},{\"@type\":\"WebSite\",\"@id\":\"https:\/\/www.globber.com\/ro\/#website\",\"url\":\"https:\/\/www.globber.com\/ro\/\",\"name\":\"Globber Rom\u00e2nia\",\"description\":\"Lumea pe ro\u021bi | Globber\",\"publisher\":{\"@id\":\"https:\/\/www.globber.com\/ro\/#organization\"},\"potentialAction\":[{\"@type\":\"SearchAction\",\"target\":{\"@type\":\"EntryPoint\",\"urlTemplate\":\"https:\/\/www.globber.com\/ro\/?s={search_term_string}\"},\"query-input\":{\"@type\":\"PropertyValueSpecification\",\"valueRequired\":true,\"valueName\":\"search_term_string\"}}],\"inLanguage\":\"ro-RO\"},{\"@type\":\"Organization\",\"@id\":\"https:\/\/www.globber.com\/ro\/#organization\",\"name\":\"Globber Rom\u00e2nia\",\"url\":\"https:\/\/www.globber.com\/ro\/\",\"logo\":{\"@type\":\"ImageObject\",\"inLanguage\":\"ro-RO\",\"@id\":\"https:\/\/www.globber.com\/ro\/#\/schema\/logo\/image\/\",\"url\":\"https:\/\/cdn.globber.com\/content\/2024\/05\/logo.svg\",\"contentUrl\":\"https:\/\/cdn.globber.com\/content\/2024\/05\/logo.svg\",\"width\":601,\"height\":112,\"caption\":\"Globber Rom\u00e2nia\"},\"image\":{\"@id\":\"https:\/\/www.globber.com\/ro\/#\/schema\/logo\/image\/\"}}]}<\/script>\n<meta property=\"og:availability\" content=\"instock\" \/>\n<meta property=\"product:availability\" content=\"instock\" \/>\n<meta property=\"product:retailer_item_id\" content=\"740-xxx\" \/>\n<meta property=\"product:condition\" content=\"new\" \/>\n<!-- \/ Yoast SEO Premium plugin. -->","yoast_head_json":{"title":"GO\u2022UP ACTIVE ECOLOGIC - Globber Rom\u00e2nia","robots":{"index":"index","follow":"follow","max-snippet":"max-snippet:-1","max-image-preview":"max-image-preview:large","max-video-preview":"max-video-preview:-1"},"canonical":"https:\/\/www.globber.com\/ro\/product\/goup-active-ecologic\/","og_locale":"ro_RO","og_type":"article","og_title":"GO\u2022UP ACTIVE ECOLOGIC - Globber Rom\u00e2nia","og_description":"Scaun reglabil pe 2 niveluri de inaltime.  Ghidon reglabil pe \u00een\u0103l\u021bime \u00een 4 pozi\u021bii.  Ro\u021bi PU turnat cu amortizare ridicat si rulmen\u021bi ABEC 9.","og_url":"https:\/\/www.globber.com\/ro\/product\/goup-active-ecologic\/","og_site_name":"Globber Rom\u00e2nia","article_modified_time":"2026-04-05T06:32:12+00:00","og_image":[{"width":2048,"height":2048,"url":"https:\/\/cdn.globber.com\/content\/sites\/16\/2025\/05\/Trotineta-Globber-GO-UP-ACTIVE-ECOLOGIC-3-in-1-ghidon-si-scaun-ajustabile-roti-cu-lumini-rulmenti-ABEC-9-culoare-verde-fistic5.jpg","type":"image\/jpeg"}],"twitter_card":"summary_large_image","twitter_misc":{"Availability":"In stock"},"schema":{"@context":"https:\/\/schema.org","@graph":[{"@type":["WebPage","ItemPage"],"@id":"https:\/\/www.globber.com\/ro\/product\/goup-active-ecologic\/","url":"https:\/\/www.globber.com\/ro\/product\/goup-active-ecologic\/","name":"GO\u2022UP ACTIVE ECOLOGIC - Globber Rom\u00e2nia","isPartOf":{"@id":"https:\/\/www.globber.com\/ro\/#website"},"primaryImageOfPage":{"@id":"https:\/\/www.globber.com\/ro\/product\/goup-active-ecologic\/#primaryimage"},"image":{"@id":"https:\/\/www.globber.com\/ro\/product\/goup-active-ecologic\/#primaryimage"},"thumbnailUrl":"https:\/\/cdn.globber.com\/content\/sites\/16\/2025\/05\/Trotineta-Globber-GO-UP-ACTIVE-ECOLOGIC-3-in-1-ghidon-si-scaun-ajustabile-roti-cu-lumini-rulmenti-ABEC-9-culoare-verde-fistic5.jpg","datePublished":"2025-05-08T12:44:00+00:00","dateModified":"2026-04-05T06:32:12+00:00","breadcrumb":{"@id":"https:\/\/www.globber.com\/ro\/product\/goup-active-ecologic\/#breadcrumb"},"inLanguage":"ro-RO","potentialAction":[{"@type":"ReadAction","target":["https:\/\/www.globber.com\/ro\/product\/goup-active-ecologic\/"]}]},{"@type":"ImageObject","inLanguage":"ro-RO","@id":"https:\/\/www.globber.com\/ro\/product\/goup-active-ecologic\/#primaryimage","url":"https:\/\/cdn.globber.com\/content\/sites\/16\/2025\/05\/Trotineta-Globber-GO-UP-ACTIVE-ECOLOGIC-3-in-1-ghidon-si-scaun-ajustabile-roti-cu-lumini-rulmenti-ABEC-9-culoare-verde-fistic5.jpg","contentUrl":"https:\/\/cdn.globber.com\/content\/sites\/16\/2025\/05\/Trotineta-Globber-GO-UP-ACTIVE-ECOLOGIC-3-in-1-ghidon-si-scaun-ajustabile-roti-cu-lumini-rulmenti-ABEC-9-culoare-verde-fistic5.jpg","width":2048,"height":2048},{"@type":"BreadcrumbList","@id":"https:\/\/www.globber.com\/ro\/product\/goup-active-ecologic\/#breadcrumb","itemListElement":[{"@type":"ListItem","position":1,"name":"Toate produsele","item":"https:\/\/www.globber.com\/ro\/shop-by-product\/"},{"@type":"ListItem","position":2,"name":"GO\u2022UP ACTIVE ECOLOGIC"}]},{"@type":"WebSite","@id":"https:\/\/www.globber.com\/ro\/#website","url":"https:\/\/www.globber.com\/ro\/","name":"Globber Rom\u00e2nia","description":"Lumea pe ro\u021bi | Globber","publisher":{"@id":"https:\/\/www.globber.com\/ro\/#organization"},"potentialAction":[{"@type":"SearchAction","target":{"@type":"EntryPoint","urlTemplate":"https:\/\/www.globber.com\/ro\/?s={search_term_string}"},"query-input":{"@type":"PropertyValueSpecification","valueRequired":true,"valueName":"search_term_string"}}],"inLanguage":"ro-RO"},{"@type":"Organization","@id":"https:\/\/www.globber.com\/ro\/#organization","name":"Globber Rom\u00e2nia","url":"https:\/\/www.globber.com\/ro\/","logo":{"@type":"ImageObject","inLanguage":"ro-RO","@id":"https:\/\/www.globber.com\/ro\/#\/schema\/logo\/image\/","url":"https:\/\/cdn.globber.com\/content\/2024\/05\/logo.svg","contentUrl":"https:\/\/cdn.globber.com\/content\/2024\/05\/logo.svg","width":601,"height":112,"caption":"Globber Rom\u00e2nia"},"image":{"@id":"https:\/\/www.globber.com\/ro\/#\/schema\/logo\/image\/"}}]},"og_availability":"instock","product_availability":"instock","product_retailer_item_id":"740-xxx","product_condition":"new"},"_links":{"self":[{"href":"https:\/\/www.globber.com\/ro\/wp-json\/wp\/v2\/product\/14554","targetHints":{"allow":["GET"]}}],"collection":[{"href":"https:\/\/www.globber.com\/ro\/wp-json\/wp\/v2\/product"}],"about":[{"href":"https:\/\/www.globber.com\/ro\/wp-json\/wp\/v2\/types\/product"}],"replies":[{"embeddable":true,"href":"https:\/\/www.globber.com\/ro\/wp-json\/wp\/v2\/comments?post=14554"}],"wp:featuredmedia":[{"embeddable":true,"href":"https:\/\/www.globber.com\/ro\/wp-json\/wp\/v2\/media\/15885"}],"wp:attachment":[{"href":"https:\/\/www.globber.com\/ro\/wp-json\/wp\/v2\/media?parent=14554"}],"wp:term":[{"taxonomy":"product-special-badges","embeddable":true,"href":"https:\/\/www.globber.com\/ro\/wp-json\/wp\/v2\/product-special-badges?post=14554"},{"taxonomy":"product_brand","embeddable":true,"href":"https:\/\/www.globber.com\/ro\/wp-json\/wp\/v2\/product_brand?post=14554"},{"taxonomy":"product_cat","embeddable":true,"href":"https:\/\/www.globber.com\/ro\/wp-json\/wp\/v2\/product_cat?post=14554"},{"taxonomy":"product_tag","embeddable":true,"href":"https:\/\/www.globber.com\/ro\/wp-json\/wp\/v2\/product_tag?post=14554"}],"curies":[{"name":"wp","href":"https:\/\/api.w.org\/{rel}","templated":true}]}}