{"id":14558,"date":"2025-05-14T14:15:13","date_gmt":"2025-05-14T11:15:13","guid":{"rendered":"https:\/\/www.globber.com\/ro\/?post_type=product&#038;p=14558"},"modified":"2026-03-11T07:03:51","modified_gmt":"2026-03-11T05:03:51","slug":"tricicleta-2-in-1","status":"publish","type":"product","link":"https:\/\/www.globber.com\/ro\/product\/tricicleta-2-in-1\/","title":{"rendered":"TRICICLET\u0102 2 \u00een 1"},"content":{"rendered":"<p>Pedaleaz\u0103 c\u0103tre aventur\u0103 sau p\u0103\u0219e\u0219te \u00eentr-o lume pe ro\u021bi \u2014 orice alegere, TRICICELTA 2 in 1 este alegerea perfect\u0103 pentru a stimula min\u021bile tinere \u0219i a construi abilit\u0103\u021bi motorii \u00eentr-un mod distractiv!<\/p>\n<p>Cu TRICICELTA 2 in 1, exist\u0103 dou\u0103 moduri de joac\u0103: modul de triciclu de antrenament, care permite celor mici s\u0103 pedaleze \u0219i s\u0103 gestioneze direc\u021bia, \u0219i modul de biciclet\u0103 pentru mers, ce ajut\u0103 copiii s\u0103 \u00ee\u0219i men\u021bin\u0103 echilibrul pe dou\u0103 ro\u021bi, f\u0103r\u0103 pedale.<\/p>\n<p>Acest triciclet\u0103 pentru bebelu\u0219i \u0219i biciclet\u0103 de mers all-in-one este special conceput\u0103 pentru a ajuta copiii (12-36 luni) s\u0103 \u00eenve\u021be echilibrul \u0219i coordonarea, \u00een timp ce se distreaz\u0103. Cu un cadru robust, design 100% f\u0103r\u0103 unelte, \u0219a reglabil\u0103 pe 2 \u00een\u0103l\u021bimi \u0219i ro\u021bi din spum\u0103 EVA confortabile, TRICICELTA 2 in 1 este o alegere genial\u0103 pentru micu\u021bi s\u0103 descopere bucuria de a \u00eenv\u0103\u021ba pe ro\u021bi!<\/p>\n","protected":false},"excerpt":{"rendered":"<ul>\n<li>Transformare usoara fara unelete<\/li>\n<li>Sa reglabila pe inaltime<\/li>\n<\/ul>\n","protected":false},"featured_media":14532,"comment_status":"closed","ping_status":"closed","template":"","meta":{"_acf_changed":false,"inline_featured_image":false},"product-special-badges":[],"product_brand":[],"product_cat":[3912],"product_tag":[],"class_list":{"0":"post-14558","1":"product","2":"type-product","3":"status-publish","4":"has-post-thumbnail","6":"product_cat-serie-learning-bike","7":"product_shipping_class-usoare","8":"pa_color-mint","9":"pa_ean-3911","11":"first","12":"outofstock","13":"taxable","14":"shipping-taxable","15":"purchasable","16":"product-type-variable"},"acf":[],"yoast_head":"<!-- This site is optimized with the Yoast SEO Premium plugin v20.12 (Yoast SEO v23.4) - https:\/\/yoast.com\/wordpress\/plugins\/seo\/ -->\n<title>TRICICLET\u0102 2 \u00een 1 - Globber Rom\u00e2nia<\/title>\n<meta name=\"robots\" content=\"index, follow, max-snippet:-1, max-image-preview:large, max-video-preview:-1\" \/>\n<link rel=\"canonical\" href=\"https:\/\/www.globber.com\/ro\/product\/tricicleta-2-in-1\/\" \/>\n<meta property=\"og:locale\" content=\"ro_RO\" \/>\n<meta property=\"og:type\" content=\"article\" \/>\n<meta property=\"og:title\" content=\"TRICICLET\u0102 2 \u00een 1 - Globber Rom\u00e2nia\" \/>\n<meta property=\"og:description\" content=\"Transformare usoara fara unelete  Sa reglabila pe inaltime\" \/>\n<meta property=\"og:url\" content=\"https:\/\/www.globber.com\/ro\/product\/tricicleta-2-in-1\/\" \/>\n<meta property=\"og:site_name\" content=\"Globber Rom\u00e2nia\" \/>\n<meta property=\"article:modified_time\" content=\"2026-03-11T05:03:51+00:00\" \/>\n<meta property=\"og:image\" content=\"https:\/\/cdn.globber.com\/content\/sites\/16\/2025\/04\/67ff2a0cec7e5.jpg\" \/>\n\t<meta property=\"og:image:width\" content=\"2048\" \/>\n\t<meta property=\"og:image:height\" content=\"2048\" \/>\n\t<meta property=\"og:image:type\" content=\"image\/jpeg\" \/>\n<meta name=\"twitter:card\" content=\"summary_large_image\" \/>\n<meta name=\"twitter:label1\" content=\"Availability\" \/>\n\t<meta name=\"twitter:data1\" content=\"Out of stock\" \/>\n<script type=\"application\/ld+json\" class=\"yoast-schema-graph\">{\"@context\":\"https:\/\/schema.org\",\"@graph\":[{\"@type\":[\"WebPage\",\"ItemPage\"],\"@id\":\"https:\/\/www.globber.com\/ro\/product\/tricicleta-2-in-1\/\",\"url\":\"https:\/\/www.globber.com\/ro\/product\/tricicleta-2-in-1\/\",\"name\":\"TRICICLET\u0102 2 \u00een 1 - Globber Rom\u00e2nia\",\"isPartOf\":{\"@id\":\"https:\/\/www.globber.com\/ro\/#website\"},\"primaryImageOfPage\":{\"@id\":\"https:\/\/www.globber.com\/ro\/product\/tricicleta-2-in-1\/#primaryimage\"},\"image\":{\"@id\":\"https:\/\/www.globber.com\/ro\/product\/tricicleta-2-in-1\/#primaryimage\"},\"thumbnailUrl\":\"https:\/\/cdn.globber.com\/content\/sites\/16\/2025\/04\/67ff2a0cec7e5.jpg\",\"datePublished\":\"2025-05-14T11:15:13+00:00\",\"dateModified\":\"2026-03-11T05:03:51+00:00\",\"breadcrumb\":{\"@id\":\"https:\/\/www.globber.com\/ro\/product\/tricicleta-2-in-1\/#breadcrumb\"},\"inLanguage\":\"ro-RO\",\"potentialAction\":[{\"@type\":\"ReadAction\",\"target\":[\"https:\/\/www.globber.com\/ro\/product\/tricicleta-2-in-1\/\"]}]},{\"@type\":\"ImageObject\",\"inLanguage\":\"ro-RO\",\"@id\":\"https:\/\/www.globber.com\/ro\/product\/tricicleta-2-in-1\/#primaryimage\",\"url\":\"https:\/\/cdn.globber.com\/content\/sites\/16\/2025\/04\/67ff2a0cec7e5.jpg\",\"contentUrl\":\"https:\/\/cdn.globber.com\/content\/sites\/16\/2025\/04\/67ff2a0cec7e5.jpg\",\"width\":2048,\"height\":2048},{\"@type\":\"BreadcrumbList\",\"@id\":\"https:\/\/www.globber.com\/ro\/product\/tricicleta-2-in-1\/#breadcrumb\",\"itemListElement\":[{\"@type\":\"ListItem\",\"position\":1,\"name\":\"Toate produsele\",\"item\":\"https:\/\/www.globber.com\/ro\/shop-by-product\/\"},{\"@type\":\"ListItem\",\"position\":2,\"name\":\"TRICICLET\u0102 2 \u00een 1\"}]},{\"@type\":\"WebSite\",\"@id\":\"https:\/\/www.globber.com\/ro\/#website\",\"url\":\"https:\/\/www.globber.com\/ro\/\",\"name\":\"Globber Rom\u00e2nia\",\"description\":\"Lumea pe ro\u021bi | Globber\",\"publisher\":{\"@id\":\"https:\/\/www.globber.com\/ro\/#organization\"},\"potentialAction\":[{\"@type\":\"SearchAction\",\"target\":{\"@type\":\"EntryPoint\",\"urlTemplate\":\"https:\/\/www.globber.com\/ro\/?s={search_term_string}\"},\"query-input\":{\"@type\":\"PropertyValueSpecification\",\"valueRequired\":true,\"valueName\":\"search_term_string\"}}],\"inLanguage\":\"ro-RO\"},{\"@type\":\"Organization\",\"@id\":\"https:\/\/www.globber.com\/ro\/#organization\",\"name\":\"Globber Rom\u00e2nia\",\"url\":\"https:\/\/www.globber.com\/ro\/\",\"logo\":{\"@type\":\"ImageObject\",\"inLanguage\":\"ro-RO\",\"@id\":\"https:\/\/www.globber.com\/ro\/#\/schema\/logo\/image\/\",\"url\":\"https:\/\/cdn.globber.com\/content\/2024\/05\/logo.svg\",\"contentUrl\":\"https:\/\/cdn.globber.com\/content\/2024\/05\/logo.svg\",\"width\":601,\"height\":112,\"caption\":\"Globber Rom\u00e2nia\"},\"image\":{\"@id\":\"https:\/\/www.globber.com\/ro\/#\/schema\/logo\/image\/\"}}]}<\/script>\n<meta property=\"og:availability\" content=\"out of stock\" \/>\n<meta property=\"product:availability\" content=\"out of stock\" \/>\n<meta property=\"product:retailer_item_id\" content=\"735-XXX\" \/>\n<meta property=\"product:condition\" content=\"new\" \/>\n<!-- \/ Yoast SEO Premium plugin. -->","yoast_head_json":{"title":"TRICICLET\u0102 2 \u00een 1 - Globber Rom\u00e2nia","robots":{"index":"index","follow":"follow","max-snippet":"max-snippet:-1","max-image-preview":"max-image-preview:large","max-video-preview":"max-video-preview:-1"},"canonical":"https:\/\/www.globber.com\/ro\/product\/tricicleta-2-in-1\/","og_locale":"ro_RO","og_type":"article","og_title":"TRICICLET\u0102 2 \u00een 1 - Globber Rom\u00e2nia","og_description":"Transformare usoara fara unelete  Sa reglabila pe inaltime","og_url":"https:\/\/www.globber.com\/ro\/product\/tricicleta-2-in-1\/","og_site_name":"Globber Rom\u00e2nia","article_modified_time":"2026-03-11T05:03:51+00:00","og_image":[{"width":2048,"height":2048,"url":"https:\/\/cdn.globber.com\/content\/sites\/16\/2025\/04\/67ff2a0cec7e5.jpg","type":"image\/jpeg"}],"twitter_card":"summary_large_image","twitter_misc":{"Availability":"Out of stock"},"schema":{"@context":"https:\/\/schema.org","@graph":[{"@type":["WebPage","ItemPage"],"@id":"https:\/\/www.globber.com\/ro\/product\/tricicleta-2-in-1\/","url":"https:\/\/www.globber.com\/ro\/product\/tricicleta-2-in-1\/","name":"TRICICLET\u0102 2 \u00een 1 - Globber Rom\u00e2nia","isPartOf":{"@id":"https:\/\/www.globber.com\/ro\/#website"},"primaryImageOfPage":{"@id":"https:\/\/www.globber.com\/ro\/product\/tricicleta-2-in-1\/#primaryimage"},"image":{"@id":"https:\/\/www.globber.com\/ro\/product\/tricicleta-2-in-1\/#primaryimage"},"thumbnailUrl":"https:\/\/cdn.globber.com\/content\/sites\/16\/2025\/04\/67ff2a0cec7e5.jpg","datePublished":"2025-05-14T11:15:13+00:00","dateModified":"2026-03-11T05:03:51+00:00","breadcrumb":{"@id":"https:\/\/www.globber.com\/ro\/product\/tricicleta-2-in-1\/#breadcrumb"},"inLanguage":"ro-RO","potentialAction":[{"@type":"ReadAction","target":["https:\/\/www.globber.com\/ro\/product\/tricicleta-2-in-1\/"]}]},{"@type":"ImageObject","inLanguage":"ro-RO","@id":"https:\/\/www.globber.com\/ro\/product\/tricicleta-2-in-1\/#primaryimage","url":"https:\/\/cdn.globber.com\/content\/sites\/16\/2025\/04\/67ff2a0cec7e5.jpg","contentUrl":"https:\/\/cdn.globber.com\/content\/sites\/16\/2025\/04\/67ff2a0cec7e5.jpg","width":2048,"height":2048},{"@type":"BreadcrumbList","@id":"https:\/\/www.globber.com\/ro\/product\/tricicleta-2-in-1\/#breadcrumb","itemListElement":[{"@type":"ListItem","position":1,"name":"Toate produsele","item":"https:\/\/www.globber.com\/ro\/shop-by-product\/"},{"@type":"ListItem","position":2,"name":"TRICICLET\u0102 2 \u00een 1"}]},{"@type":"WebSite","@id":"https:\/\/www.globber.com\/ro\/#website","url":"https:\/\/www.globber.com\/ro\/","name":"Globber Rom\u00e2nia","description":"Lumea pe ro\u021bi | Globber","publisher":{"@id":"https:\/\/www.globber.com\/ro\/#organization"},"potentialAction":[{"@type":"SearchAction","target":{"@type":"EntryPoint","urlTemplate":"https:\/\/www.globber.com\/ro\/?s={search_term_string}"},"query-input":{"@type":"PropertyValueSpecification","valueRequired":true,"valueName":"search_term_string"}}],"inLanguage":"ro-RO"},{"@type":"Organization","@id":"https:\/\/www.globber.com\/ro\/#organization","name":"Globber Rom\u00e2nia","url":"https:\/\/www.globber.com\/ro\/","logo":{"@type":"ImageObject","inLanguage":"ro-RO","@id":"https:\/\/www.globber.com\/ro\/#\/schema\/logo\/image\/","url":"https:\/\/cdn.globber.com\/content\/2024\/05\/logo.svg","contentUrl":"https:\/\/cdn.globber.com\/content\/2024\/05\/logo.svg","width":601,"height":112,"caption":"Globber Rom\u00e2nia"},"image":{"@id":"https:\/\/www.globber.com\/ro\/#\/schema\/logo\/image\/"}}]},"og_availability":"out of stock","product_availability":"out of stock","product_retailer_item_id":"735-XXX","product_condition":"new"},"_links":{"self":[{"href":"https:\/\/www.globber.com\/ro\/wp-json\/wp\/v2\/product\/14558","targetHints":{"allow":["GET"]}}],"collection":[{"href":"https:\/\/www.globber.com\/ro\/wp-json\/wp\/v2\/product"}],"about":[{"href":"https:\/\/www.globber.com\/ro\/wp-json\/wp\/v2\/types\/product"}],"replies":[{"embeddable":true,"href":"https:\/\/www.globber.com\/ro\/wp-json\/wp\/v2\/comments?post=14558"}],"wp:featuredmedia":[{"embeddable":true,"href":"https:\/\/www.globber.com\/ro\/wp-json\/wp\/v2\/media\/14532"}],"wp:attachment":[{"href":"https:\/\/www.globber.com\/ro\/wp-json\/wp\/v2\/media?parent=14558"}],"wp:term":[{"taxonomy":"product-special-badges","embeddable":true,"href":"https:\/\/www.globber.com\/ro\/wp-json\/wp\/v2\/product-special-badges?post=14558"},{"taxonomy":"product_brand","embeddable":true,"href":"https:\/\/www.globber.com\/ro\/wp-json\/wp\/v2\/product_brand?post=14558"},{"taxonomy":"product_cat","embeddable":true,"href":"https:\/\/www.globber.com\/ro\/wp-json\/wp\/v2\/product_cat?post=14558"},{"taxonomy":"product_tag","embeddable":true,"href":"https:\/\/www.globber.com\/ro\/wp-json\/wp\/v2\/product_tag?post=14558"}],"curies":[{"name":"wp","href":"https:\/\/api.w.org\/{rel}","templated":true}]}}