{"id":14560,"date":"2025-05-14T14:25:14","date_gmt":"2025-05-14T11:25:14","guid":{"rendered":"https:\/\/www.globber.com\/ro\/?post_type=product&#038;p=14560"},"modified":"2026-04-20T14:57:18","modified_gmt":"2026-04-20T11:57:18","slug":"set-protectie-copii-cotiere-genunchiere","status":"publish","type":"product","link":"https:\/\/www.globber.com\/ro\/product\/set-protectie-copii-cotiere-genunchiere\/","title":{"rendered":"SET PROTECTIE COPII ( COTIERE&amp;GENUNCHIERE)"},"content":{"rendered":"<ul>\n<li>Cotiere &amp; genunchiere' echipament de protec\u021bie realizate din PP, nailon, poliester &amp; spum\u0103 PU.<\/li>\n<li>Disponibil \u00een masura XXS pentru copii cu v\u00e2rsta cuprins\u0103 \u00eentre 3 - 7 \u00een 3 modele imprimate exclusive care se potrivesc cu toate trotinetele si rolele.<\/li>\n<li>Protec\u021bie extra-buretata cu curele Velcro pentru protec\u021bie maxim\u0103 \u0219i confort.<\/li>\n<\/ul>\n","protected":false},"excerpt":{"rendered":"<p>Cotiere &amp; genunchiere' echipament de protec\u021bie realizate din PP, nailon, poliester &amp; spum\u0103 PU. Disponibil \u00een masura XXS pentru copii cu v\u00e2rsta cuprins\u0103 \u00eentre 3 - 7 \u00een 3 modele imprimate exclusive care se potrivesc cu toate trotinetele si rolele. Protec\u021bie extra-buretata cu curele Velcro pentru protec\u021bie maxim\u0103 \u0219i confort.<\/p>\n","protected":false},"featured_media":14477,"comment_status":"closed","ping_status":"closed","template":"","meta":{"_acf_changed":false,"inline_featured_image":false},"product-special-badges":[],"product_brand":[],"product_cat":[593],"product_tag":[],"class_list":{"0":"post-14560","1":"product","2":"type-product","3":"status-publish","4":"has-post-thumbnail","6":"product_cat-protective-gear","7":"product_shipping_class-usoare","8":"pa_color-blue","9":"pa_color-red","10":"pa_ean-3492","11":"pa_ean-3490","13":"first","14":"instock","15":"taxable","16":"shipping-taxable","17":"purchasable","18":"product-type-variable"},"acf":[],"yoast_head":"<!-- This site is optimized with the Yoast SEO Premium plugin v20.12 (Yoast SEO v23.4) - https:\/\/yoast.com\/wordpress\/plugins\/seo\/ -->\n<title>SET PROTECTIE COPII ( COTIERE&amp;GENUNCHIERE) - Globber Rom\u00e2nia<\/title>\n<meta name=\"robots\" content=\"index, follow, max-snippet:-1, max-image-preview:large, max-video-preview:-1\" \/>\n<link rel=\"canonical\" href=\"https:\/\/www.globber.com\/ro\/product\/set-protectie-copii-cotiere-genunchiere\/\" \/>\n<meta property=\"og:locale\" content=\"ro_RO\" \/>\n<meta property=\"og:type\" content=\"article\" \/>\n<meta property=\"og:title\" content=\"SET PROTECTIE COPII ( COTIERE&amp;GENUNCHIERE) - Globber Rom\u00e2nia\" \/>\n<meta property=\"og:description\" content=\"Cotiere &amp; genunchiere&#039; echipament de protec\u021bie realizate din PP, nailon, poliester &amp; spum\u0103 PU. Disponibil \u00een masura XXS pentru copii cu v\u00e2rsta cuprins\u0103 \u00eentre 3 - 7 \u00een 3 modele imprimate exclusive care se potrivesc cu toate trotinetele si rolele. Protec\u021bie extra-buretata cu curele Velcro pentru protec\u021bie maxim\u0103 \u0219i confort.\" \/>\n<meta property=\"og:url\" content=\"https:\/\/www.globber.com\/ro\/product\/set-protectie-copii-cotiere-genunchiere\/\" \/>\n<meta property=\"og:site_name\" content=\"Globber Rom\u00e2nia\" \/>\n<meta property=\"article:modified_time\" content=\"2026-04-20T11:57:18+00:00\" \/>\n<meta property=\"og:image\" content=\"https:\/\/cdn.globber.com\/content\/sites\/16\/2025\/04\/67ff27212b1f6.jpg\" \/>\n\t<meta property=\"og:image:width\" content=\"1920\" \/>\n\t<meta property=\"og:image:height\" content=\"1920\" \/>\n\t<meta property=\"og:image:type\" content=\"image\/jpeg\" \/>\n<meta name=\"twitter:card\" content=\"summary_large_image\" \/>\n<meta name=\"twitter:label1\" content=\"Availability\" \/>\n\t<meta name=\"twitter:data1\" content=\"In stock\" \/>\n<script type=\"application\/ld+json\" class=\"yoast-schema-graph\">{\"@context\":\"https:\/\/schema.org\",\"@graph\":[{\"@type\":[\"WebPage\",\"ItemPage\"],\"@id\":\"https:\/\/www.globber.com\/ro\/product\/set-protectie-copii-cotiere-genunchiere\/\",\"url\":\"https:\/\/www.globber.com\/ro\/product\/set-protectie-copii-cotiere-genunchiere\/\",\"name\":\"SET PROTECTIE COPII ( COTIERE&amp;GENUNCHIERE) - Globber Rom\u00e2nia\",\"isPartOf\":{\"@id\":\"https:\/\/www.globber.com\/ro\/#website\"},\"primaryImageOfPage\":{\"@id\":\"https:\/\/www.globber.com\/ro\/product\/set-protectie-copii-cotiere-genunchiere\/#primaryimage\"},\"image\":{\"@id\":\"https:\/\/www.globber.com\/ro\/product\/set-protectie-copii-cotiere-genunchiere\/#primaryimage\"},\"thumbnailUrl\":\"https:\/\/cdn.globber.com\/content\/sites\/16\/2025\/04\/67ff27212b1f6.jpg\",\"datePublished\":\"2025-05-14T11:25:14+00:00\",\"dateModified\":\"2026-04-20T11:57:18+00:00\",\"breadcrumb\":{\"@id\":\"https:\/\/www.globber.com\/ro\/product\/set-protectie-copii-cotiere-genunchiere\/#breadcrumb\"},\"inLanguage\":\"ro-RO\",\"potentialAction\":[{\"@type\":\"ReadAction\",\"target\":[\"https:\/\/www.globber.com\/ro\/product\/set-protectie-copii-cotiere-genunchiere\/\"]}]},{\"@type\":\"ImageObject\",\"inLanguage\":\"ro-RO\",\"@id\":\"https:\/\/www.globber.com\/ro\/product\/set-protectie-copii-cotiere-genunchiere\/#primaryimage\",\"url\":\"https:\/\/cdn.globber.com\/content\/sites\/16\/2025\/04\/67ff27212b1f6.jpg\",\"contentUrl\":\"https:\/\/cdn.globber.com\/content\/sites\/16\/2025\/04\/67ff27212b1f6.jpg\",\"width\":1920,\"height\":1920},{\"@type\":\"BreadcrumbList\",\"@id\":\"https:\/\/www.globber.com\/ro\/product\/set-protectie-copii-cotiere-genunchiere\/#breadcrumb\",\"itemListElement\":[{\"@type\":\"ListItem\",\"position\":1,\"name\":\"Toate produsele\",\"item\":\"https:\/\/www.globber.com\/ro\/shop-by-product\/\"},{\"@type\":\"ListItem\",\"position\":2,\"name\":\"SET PROTECTIE COPII ( COTIERE&amp;GENUNCHIERE)\"}]},{\"@type\":\"WebSite\",\"@id\":\"https:\/\/www.globber.com\/ro\/#website\",\"url\":\"https:\/\/www.globber.com\/ro\/\",\"name\":\"Globber Rom\u00e2nia\",\"description\":\"Lumea pe ro\u021bi | Globber\",\"publisher\":{\"@id\":\"https:\/\/www.globber.com\/ro\/#organization\"},\"potentialAction\":[{\"@type\":\"SearchAction\",\"target\":{\"@type\":\"EntryPoint\",\"urlTemplate\":\"https:\/\/www.globber.com\/ro\/?s={search_term_string}\"},\"query-input\":{\"@type\":\"PropertyValueSpecification\",\"valueRequired\":true,\"valueName\":\"search_term_string\"}}],\"inLanguage\":\"ro-RO\"},{\"@type\":\"Organization\",\"@id\":\"https:\/\/www.globber.com\/ro\/#organization\",\"name\":\"Globber Rom\u00e2nia\",\"url\":\"https:\/\/www.globber.com\/ro\/\",\"logo\":{\"@type\":\"ImageObject\",\"inLanguage\":\"ro-RO\",\"@id\":\"https:\/\/www.globber.com\/ro\/#\/schema\/logo\/image\/\",\"url\":\"https:\/\/cdn.globber.com\/content\/2024\/05\/logo.svg\",\"contentUrl\":\"https:\/\/cdn.globber.com\/content\/2024\/05\/logo.svg\",\"width\":601,\"height\":112,\"caption\":\"Globber Rom\u00e2nia\"},\"image\":{\"@id\":\"https:\/\/www.globber.com\/ro\/#\/schema\/logo\/image\/\"}}]}<\/script>\n<meta property=\"og:availability\" content=\"instock\" \/>\n<meta property=\"product:availability\" content=\"instock\" \/>\n<meta property=\"product:retailer_item_id\" content=\"529-xxx\" \/>\n<meta property=\"product:condition\" content=\"new\" \/>\n<!-- \/ Yoast SEO Premium plugin. -->","yoast_head_json":{"title":"SET PROTECTIE COPII ( COTIERE&amp;GENUNCHIERE) - Globber Rom\u00e2nia","robots":{"index":"index","follow":"follow","max-snippet":"max-snippet:-1","max-image-preview":"max-image-preview:large","max-video-preview":"max-video-preview:-1"},"canonical":"https:\/\/www.globber.com\/ro\/product\/set-protectie-copii-cotiere-genunchiere\/","og_locale":"ro_RO","og_type":"article","og_title":"SET PROTECTIE COPII ( COTIERE&amp;GENUNCHIERE) - Globber Rom\u00e2nia","og_description":"Cotiere &amp; genunchiere' echipament de protec\u021bie realizate din PP, nailon, poliester &amp; spum\u0103 PU. Disponibil \u00een masura XXS pentru copii cu v\u00e2rsta cuprins\u0103 \u00eentre 3 - 7 \u00een 3 modele imprimate exclusive care se potrivesc cu toate trotinetele si rolele. Protec\u021bie extra-buretata cu curele Velcro pentru protec\u021bie maxim\u0103 \u0219i confort.","og_url":"https:\/\/www.globber.com\/ro\/product\/set-protectie-copii-cotiere-genunchiere\/","og_site_name":"Globber Rom\u00e2nia","article_modified_time":"2026-04-20T11:57:18+00:00","og_image":[{"width":1920,"height":1920,"url":"https:\/\/cdn.globber.com\/content\/sites\/16\/2025\/04\/67ff27212b1f6.jpg","type":"image\/jpeg"}],"twitter_card":"summary_large_image","twitter_misc":{"Availability":"In stock"},"schema":{"@context":"https:\/\/schema.org","@graph":[{"@type":["WebPage","ItemPage"],"@id":"https:\/\/www.globber.com\/ro\/product\/set-protectie-copii-cotiere-genunchiere\/","url":"https:\/\/www.globber.com\/ro\/product\/set-protectie-copii-cotiere-genunchiere\/","name":"SET PROTECTIE COPII ( COTIERE&amp;GENUNCHIERE) - Globber Rom\u00e2nia","isPartOf":{"@id":"https:\/\/www.globber.com\/ro\/#website"},"primaryImageOfPage":{"@id":"https:\/\/www.globber.com\/ro\/product\/set-protectie-copii-cotiere-genunchiere\/#primaryimage"},"image":{"@id":"https:\/\/www.globber.com\/ro\/product\/set-protectie-copii-cotiere-genunchiere\/#primaryimage"},"thumbnailUrl":"https:\/\/cdn.globber.com\/content\/sites\/16\/2025\/04\/67ff27212b1f6.jpg","datePublished":"2025-05-14T11:25:14+00:00","dateModified":"2026-04-20T11:57:18+00:00","breadcrumb":{"@id":"https:\/\/www.globber.com\/ro\/product\/set-protectie-copii-cotiere-genunchiere\/#breadcrumb"},"inLanguage":"ro-RO","potentialAction":[{"@type":"ReadAction","target":["https:\/\/www.globber.com\/ro\/product\/set-protectie-copii-cotiere-genunchiere\/"]}]},{"@type":"ImageObject","inLanguage":"ro-RO","@id":"https:\/\/www.globber.com\/ro\/product\/set-protectie-copii-cotiere-genunchiere\/#primaryimage","url":"https:\/\/cdn.globber.com\/content\/sites\/16\/2025\/04\/67ff27212b1f6.jpg","contentUrl":"https:\/\/cdn.globber.com\/content\/sites\/16\/2025\/04\/67ff27212b1f6.jpg","width":1920,"height":1920},{"@type":"BreadcrumbList","@id":"https:\/\/www.globber.com\/ro\/product\/set-protectie-copii-cotiere-genunchiere\/#breadcrumb","itemListElement":[{"@type":"ListItem","position":1,"name":"Toate produsele","item":"https:\/\/www.globber.com\/ro\/shop-by-product\/"},{"@type":"ListItem","position":2,"name":"SET PROTECTIE COPII ( COTIERE&amp;GENUNCHIERE)"}]},{"@type":"WebSite","@id":"https:\/\/www.globber.com\/ro\/#website","url":"https:\/\/www.globber.com\/ro\/","name":"Globber Rom\u00e2nia","description":"Lumea pe ro\u021bi | Globber","publisher":{"@id":"https:\/\/www.globber.com\/ro\/#organization"},"potentialAction":[{"@type":"SearchAction","target":{"@type":"EntryPoint","urlTemplate":"https:\/\/www.globber.com\/ro\/?s={search_term_string}"},"query-input":{"@type":"PropertyValueSpecification","valueRequired":true,"valueName":"search_term_string"}}],"inLanguage":"ro-RO"},{"@type":"Organization","@id":"https:\/\/www.globber.com\/ro\/#organization","name":"Globber Rom\u00e2nia","url":"https:\/\/www.globber.com\/ro\/","logo":{"@type":"ImageObject","inLanguage":"ro-RO","@id":"https:\/\/www.globber.com\/ro\/#\/schema\/logo\/image\/","url":"https:\/\/cdn.globber.com\/content\/2024\/05\/logo.svg","contentUrl":"https:\/\/cdn.globber.com\/content\/2024\/05\/logo.svg","width":601,"height":112,"caption":"Globber Rom\u00e2nia"},"image":{"@id":"https:\/\/www.globber.com\/ro\/#\/schema\/logo\/image\/"}}]},"og_availability":"instock","product_availability":"instock","product_retailer_item_id":"529-xxx","product_condition":"new"},"_links":{"self":[{"href":"https:\/\/www.globber.com\/ro\/wp-json\/wp\/v2\/product\/14560","targetHints":{"allow":["GET"]}}],"collection":[{"href":"https:\/\/www.globber.com\/ro\/wp-json\/wp\/v2\/product"}],"about":[{"href":"https:\/\/www.globber.com\/ro\/wp-json\/wp\/v2\/types\/product"}],"replies":[{"embeddable":true,"href":"https:\/\/www.globber.com\/ro\/wp-json\/wp\/v2\/comments?post=14560"}],"wp:featuredmedia":[{"embeddable":true,"href":"https:\/\/www.globber.com\/ro\/wp-json\/wp\/v2\/media\/14477"}],"wp:attachment":[{"href":"https:\/\/www.globber.com\/ro\/wp-json\/wp\/v2\/media?parent=14560"}],"wp:term":[{"taxonomy":"product-special-badges","embeddable":true,"href":"https:\/\/www.globber.com\/ro\/wp-json\/wp\/v2\/product-special-badges?post=14560"},{"taxonomy":"product_brand","embeddable":true,"href":"https:\/\/www.globber.com\/ro\/wp-json\/wp\/v2\/product_brand?post=14560"},{"taxonomy":"product_cat","embeddable":true,"href":"https:\/\/www.globber.com\/ro\/wp-json\/wp\/v2\/product_cat?post=14560"},{"taxonomy":"product_tag","embeddable":true,"href":"https:\/\/www.globber.com\/ro\/wp-json\/wp\/v2\/product_tag?post=14560"}],"curies":[{"name":"wp","href":"https:\/\/api.w.org\/{rel}","templated":true}]}}