{"id":15193,"date":"2026-03-07T17:17:18","date_gmt":"2026-03-07T15:17:18","guid":{"rendered":"https:\/\/www.globber.com\/ro\/?post_type=product&#038;p=15193"},"modified":"2026-04-07T09:38:29","modified_gmt":"2026-04-07T06:38:29","slug":"tricicleta-educationala-3-in-1-plus-ecologic","status":"publish","type":"product","link":"https:\/\/www.globber.com\/ro\/product\/tricicleta-educationala-3-in-1-plus-ecologic\/","title":{"rendered":"TRICICLETA EDUCA\u021aIONALA 3 in 1 PLUS ECOLOGIC"},"content":{"rendered":"<p>Cu TRICICLETA EDUCA\u021aIONALA 3 in 1 PLUS <strong>ECO<\/strong>LOGIC descoperi o solu\u021bie de mobilitate complet sustenabil\u0103 pentru copii cu v\u00e2rsta \u00eentre 12 \u0219i 36 de luni. Datorit\u0103 mecanismului patentat de schimbare a ro\u021bilor, po\u021bi transforma vehiculul, \u00een doar c\u00e2teva clipe \u0219i f\u0103r\u0103 unelte, din triciclet\u0103 ghidat\u0103 \u00een triciclet\u0103 autonoma \u0219i, \u00een final, \u00een biciclet\u0103 de echilibru.<\/p>\n<p>\u0218aua reglabil\u0103 pe \u00een\u0103l\u021bime \u0219i m\u00e2nerul pentru p\u0103rinte, ajustabil, cresc odat\u0103 cu copilul, \u00een timp ce pedalele deta\u0219abile \u0219i co\u0219ule\u021bul practic adaug\u0103 un plus de confort \u00een utilizarea de zi cu zi. Cadrul solid, ro\u021bile u\u0219oare din spum\u0103 EVA \u0219i m\u00e2nerele ergonomice din TPR sus\u021bin dezvoltarea echilibrului, coordon\u0103rii \u0219i \u00eencrederii \u00een fiecare etap\u0103 de cre\u0219tere.<\/p>\n<p>Fabricat din 100% plastic reciclat certificat GRS \u0219i paie de gr\u00e2u biodegradabile*, designul <strong>ECO<\/strong>LOGIC contribuie activ la economia circular\u0103 \u2013 economisind peste 118 tone de material din octombrie 2022. Cu TRICICLETA EDUCA\u021aIONALA 3 in 1 PLUS <strong>ECO<\/strong>LOGIC nu \u00eei oferi copilului doar un vehicul versatil de \u00eenv\u0103\u021bare, ci \u0219i un sentiment de responsabilitate fa\u021b\u0103 de mediu pentru primele sale aventuri pe ro\u021bi.<\/p>\n<p><span data-contrast=\"none\">GRS este standardul interna\u021bional pentru verificarea prezen\u021bei con\u021binutului reciclat \u00een produsele finite, asigur\u00e2nd transparen\u021ba materialelor \u0219i promov\u00e2nd o economie circular\u0103.<\/span><span data-ccp-props=\"{&quot;201341983&quot;:0,&quot;335559739&quot;:0,&quot;335559740&quot;:240}\">\u00a0<\/span><\/p>\n<p><span data-contrast=\"none\">Din utilizarea plasticului reciclat certificat GRS pe toate modelele noastre cu 3 ro\u021bi \u0219i <\/span><b><span data-contrast=\"none\">ECO<\/span><\/b><span data-contrast=\"none\">Colec\u021biile, am reu\u0219it s\u0103 reutiliz\u0103m peste 118 tone de sticle \u0219i pahare uzate, plase de pescuit recuperate \u0219i juc\u0103rii \u0219i pernu\u021be vechi din octombrie 2022.<\/span><\/p>\n<p><a href=\"https:\/\/www.globber.com\/sustainable-scooters\/\"><span data-contrast=\"none\">Afla\u021bi mai multe<\/span><\/a><span data-contrast=\"none\">. <\/span><span data-ccp-props=\"{&quot;201341983&quot;:0,&amp;quot335559739&quot;:0,&amp;quot335559740&quot;:240}\">\u00a0<\/span><\/p>\n<p>GO GLOBBER. GO GREENER.<\/p>\n<p>&nbsp;<\/p>\n","protected":false},"excerpt":{"rendered":"<ul>\n<li>De la triciclet\u0103 ghidat\u0103, tricicleta autonoma la biciclet\u0103 de echilibru,<\/li>\n<li>\u0218a cu 2 pozi\u021bii de reglare pe \u00een\u0103l\u021bime.<\/li>\n<li>Pedale deta\u0219abile<\/li>\n<\/ul>\n","protected":false},"featured_media":15929,"comment_status":"closed","ping_status":"closed","template":"","meta":{"_acf_changed":false,"inline_featured_image":false},"product-special-badges":[4012],"product_brand":[],"product_cat":[4004,3912,3559,1693,1630],"product_tag":[],"class_list":{"0":"post-15193","1":"product","2":"type-product","3":"status-publish","4":"has-post-thumbnail","6":"product_cat-sale","7":"product_cat-serie-learning-bike","8":"product_cat-triciclete-copii","9":"product_cat-balance-bikes-for-toddlers","10":"product_cat-toddler-scooters-trikes-balance-bikes-2","11":"pa_adjustable-yes","12":"pa_age-range-12-36m-2","13":"pa_color-nuca-de-cocos","14":"pa_ean-3985","15":"pa_foldable-no","16":"pa_max-user-weight-20kg-2","17":"pa_product-type-walking-bike","18":"pa_product-type-guided-trike","19":"pa_product-type-infant-trike","20":"pa_recommended-user-height-70-95cm","21":"pa_seat-heights-271-cm-sau-283-cm-de-la-sol","22":"pa_wheels-material-eva-foam","23":"pa_wheels-size-180-mm-spate","24":"pa_wheels-size-200-mm-fata","26":"first","27":"instock","28":"sale","29":"taxable","30":"shipping-taxable","31":"purchasable","32":"product-type-variable"},"acf":[],"yoast_head":"<!-- This site is optimized with the Yoast SEO Premium plugin v20.12 (Yoast SEO v23.4) - https:\/\/yoast.com\/wordpress\/plugins\/seo\/ -->\n<title>TRICICLETA EDUCA\u021aIONALA 3 in 1 PLUS ECOLOGIC - Globber Rom\u00e2nia<\/title>\n<meta name=\"robots\" content=\"index, follow, max-snippet:-1, max-image-preview:large, max-video-preview:-1\" \/>\n<link rel=\"canonical\" href=\"https:\/\/www.globber.com\/ro\/product\/tricicleta-educationala-3-in-1-plus-ecologic\/\" \/>\n<meta property=\"og:locale\" content=\"ro_RO\" \/>\n<meta property=\"og:type\" content=\"article\" \/>\n<meta property=\"og:title\" content=\"TRICICLETA EDUCA\u021aIONALA 3 in 1 PLUS ECOLOGIC - Globber Rom\u00e2nia\" \/>\n<meta property=\"og:description\" content=\"De la triciclet\u0103 ghidat\u0103, tricicleta autonoma la biciclet\u0103 de echilibru,  \u0218a cu 2 pozi\u021bii de reglare pe \u00een\u0103l\u021bime.  Pedale deta\u0219abile\" \/>\n<meta property=\"og:url\" content=\"https:\/\/www.globber.com\/ro\/product\/tricicleta-educationala-3-in-1-plus-ecologic\/\" \/>\n<meta property=\"og:site_name\" content=\"Globber Rom\u00e2nia\" \/>\n<meta property=\"article:modified_time\" content=\"2026-04-07T06:38:29+00:00\" \/>\n<meta property=\"og:image\" content=\"https:\/\/cdn.globber.com\/content\/sites\/16\/2026\/03\/Tricicleta-Globber-3-in-1-pentru-copii-ecologica-bara-de-impins-si-ghidaj-pentru-parinti-scaun-ajustabil-functie-free-wheel-si-cosulet-transport.jpg\" \/>\n\t<meta property=\"og:image:width\" content=\"2048\" \/>\n\t<meta property=\"og:image:height\" content=\"2048\" \/>\n\t<meta property=\"og:image:type\" content=\"image\/jpeg\" \/>\n<meta name=\"twitter:card\" content=\"summary_large_image\" \/>\n<meta name=\"twitter:label1\" content=\"Availability\" \/>\n\t<meta name=\"twitter:data1\" content=\"In stock\" \/>\n<script type=\"application\/ld+json\" class=\"yoast-schema-graph\">{\"@context\":\"https:\/\/schema.org\",\"@graph\":[{\"@type\":[\"WebPage\",\"ItemPage\"],\"@id\":\"https:\/\/www.globber.com\/ro\/product\/tricicleta-educationala-3-in-1-plus-ecologic\/\",\"url\":\"https:\/\/www.globber.com\/ro\/product\/tricicleta-educationala-3-in-1-plus-ecologic\/\",\"name\":\"TRICICLETA EDUCA\u021aIONALA 3 in 1 PLUS ECOLOGIC - Globber Rom\u00e2nia\",\"isPartOf\":{\"@id\":\"https:\/\/www.globber.com\/ro\/#website\"},\"primaryImageOfPage\":{\"@id\":\"https:\/\/www.globber.com\/ro\/product\/tricicleta-educationala-3-in-1-plus-ecologic\/#primaryimage\"},\"image\":{\"@id\":\"https:\/\/www.globber.com\/ro\/product\/tricicleta-educationala-3-in-1-plus-ecologic\/#primaryimage\"},\"thumbnailUrl\":\"https:\/\/cdn.globber.com\/content\/sites\/16\/2026\/03\/Tricicleta-Globber-3-in-1-pentru-copii-ecologica-bara-de-impins-si-ghidaj-pentru-parinti-scaun-ajustabil-functie-free-wheel-si-cosulet-transport.jpg\",\"datePublished\":\"2026-03-07T15:17:18+00:00\",\"dateModified\":\"2026-04-07T06:38:29+00:00\",\"breadcrumb\":{\"@id\":\"https:\/\/www.globber.com\/ro\/product\/tricicleta-educationala-3-in-1-plus-ecologic\/#breadcrumb\"},\"inLanguage\":\"ro-RO\",\"potentialAction\":[{\"@type\":\"ReadAction\",\"target\":[\"https:\/\/www.globber.com\/ro\/product\/tricicleta-educationala-3-in-1-plus-ecologic\/\"]}]},{\"@type\":\"ImageObject\",\"inLanguage\":\"ro-RO\",\"@id\":\"https:\/\/www.globber.com\/ro\/product\/tricicleta-educationala-3-in-1-plus-ecologic\/#primaryimage\",\"url\":\"https:\/\/cdn.globber.com\/content\/sites\/16\/2026\/03\/Tricicleta-Globber-3-in-1-pentru-copii-ecologica-bara-de-impins-si-ghidaj-pentru-parinti-scaun-ajustabil-functie-free-wheel-si-cosulet-transport.jpg\",\"contentUrl\":\"https:\/\/cdn.globber.com\/content\/sites\/16\/2026\/03\/Tricicleta-Globber-3-in-1-pentru-copii-ecologica-bara-de-impins-si-ghidaj-pentru-parinti-scaun-ajustabil-functie-free-wheel-si-cosulet-transport.jpg\",\"width\":2048,\"height\":2048},{\"@type\":\"BreadcrumbList\",\"@id\":\"https:\/\/www.globber.com\/ro\/product\/tricicleta-educationala-3-in-1-plus-ecologic\/#breadcrumb\",\"itemListElement\":[{\"@type\":\"ListItem\",\"position\":1,\"name\":\"Toate produsele\",\"item\":\"https:\/\/www.globber.com\/ro\/shop-by-product\/\"},{\"@type\":\"ListItem\",\"position\":2,\"name\":\"TRICICLETA EDUCA\u021aIONALA 3 in 1 PLUS ECOLOGIC\"}]},{\"@type\":\"WebSite\",\"@id\":\"https:\/\/www.globber.com\/ro\/#website\",\"url\":\"https:\/\/www.globber.com\/ro\/\",\"name\":\"Globber Rom\u00e2nia\",\"description\":\"Lumea pe ro\u021bi | Globber\",\"publisher\":{\"@id\":\"https:\/\/www.globber.com\/ro\/#organization\"},\"potentialAction\":[{\"@type\":\"SearchAction\",\"target\":{\"@type\":\"EntryPoint\",\"urlTemplate\":\"https:\/\/www.globber.com\/ro\/?s={search_term_string}\"},\"query-input\":{\"@type\":\"PropertyValueSpecification\",\"valueRequired\":true,\"valueName\":\"search_term_string\"}}],\"inLanguage\":\"ro-RO\"},{\"@type\":\"Organization\",\"@id\":\"https:\/\/www.globber.com\/ro\/#organization\",\"name\":\"Globber Rom\u00e2nia\",\"url\":\"https:\/\/www.globber.com\/ro\/\",\"logo\":{\"@type\":\"ImageObject\",\"inLanguage\":\"ro-RO\",\"@id\":\"https:\/\/www.globber.com\/ro\/#\/schema\/logo\/image\/\",\"url\":\"https:\/\/cdn.globber.com\/content\/2024\/05\/logo.svg\",\"contentUrl\":\"https:\/\/cdn.globber.com\/content\/2024\/05\/logo.svg\",\"width\":601,\"height\":112,\"caption\":\"Globber Rom\u00e2nia\"},\"image\":{\"@id\":\"https:\/\/www.globber.com\/ro\/#\/schema\/logo\/image\/\"}}]}<\/script>\n<meta property=\"og:availability\" content=\"instock\" \/>\n<meta property=\"product:availability\" content=\"instock\" \/>\n<meta property=\"product:retailer_item_id\" content=\"738-XXX\" \/>\n<meta property=\"product:condition\" content=\"new\" \/>\n<!-- \/ Yoast SEO Premium plugin. -->","yoast_head_json":{"title":"TRICICLETA EDUCA\u021aIONALA 3 in 1 PLUS ECOLOGIC - Globber Rom\u00e2nia","robots":{"index":"index","follow":"follow","max-snippet":"max-snippet:-1","max-image-preview":"max-image-preview:large","max-video-preview":"max-video-preview:-1"},"canonical":"https:\/\/www.globber.com\/ro\/product\/tricicleta-educationala-3-in-1-plus-ecologic\/","og_locale":"ro_RO","og_type":"article","og_title":"TRICICLETA EDUCA\u021aIONALA 3 in 1 PLUS ECOLOGIC - Globber Rom\u00e2nia","og_description":"De la triciclet\u0103 ghidat\u0103, tricicleta autonoma la biciclet\u0103 de echilibru,  \u0218a cu 2 pozi\u021bii de reglare pe \u00een\u0103l\u021bime.  Pedale deta\u0219abile","og_url":"https:\/\/www.globber.com\/ro\/product\/tricicleta-educationala-3-in-1-plus-ecologic\/","og_site_name":"Globber Rom\u00e2nia","article_modified_time":"2026-04-07T06:38:29+00:00","og_image":[{"width":2048,"height":2048,"url":"https:\/\/cdn.globber.com\/content\/sites\/16\/2026\/03\/Tricicleta-Globber-3-in-1-pentru-copii-ecologica-bara-de-impins-si-ghidaj-pentru-parinti-scaun-ajustabil-functie-free-wheel-si-cosulet-transport.jpg","type":"image\/jpeg"}],"twitter_card":"summary_large_image","twitter_misc":{"Availability":"In stock"},"schema":{"@context":"https:\/\/schema.org","@graph":[{"@type":["WebPage","ItemPage"],"@id":"https:\/\/www.globber.com\/ro\/product\/tricicleta-educationala-3-in-1-plus-ecologic\/","url":"https:\/\/www.globber.com\/ro\/product\/tricicleta-educationala-3-in-1-plus-ecologic\/","name":"TRICICLETA EDUCA\u021aIONALA 3 in 1 PLUS ECOLOGIC - Globber Rom\u00e2nia","isPartOf":{"@id":"https:\/\/www.globber.com\/ro\/#website"},"primaryImageOfPage":{"@id":"https:\/\/www.globber.com\/ro\/product\/tricicleta-educationala-3-in-1-plus-ecologic\/#primaryimage"},"image":{"@id":"https:\/\/www.globber.com\/ro\/product\/tricicleta-educationala-3-in-1-plus-ecologic\/#primaryimage"},"thumbnailUrl":"https:\/\/cdn.globber.com\/content\/sites\/16\/2026\/03\/Tricicleta-Globber-3-in-1-pentru-copii-ecologica-bara-de-impins-si-ghidaj-pentru-parinti-scaun-ajustabil-functie-free-wheel-si-cosulet-transport.jpg","datePublished":"2026-03-07T15:17:18+00:00","dateModified":"2026-04-07T06:38:29+00:00","breadcrumb":{"@id":"https:\/\/www.globber.com\/ro\/product\/tricicleta-educationala-3-in-1-plus-ecologic\/#breadcrumb"},"inLanguage":"ro-RO","potentialAction":[{"@type":"ReadAction","target":["https:\/\/www.globber.com\/ro\/product\/tricicleta-educationala-3-in-1-plus-ecologic\/"]}]},{"@type":"ImageObject","inLanguage":"ro-RO","@id":"https:\/\/www.globber.com\/ro\/product\/tricicleta-educationala-3-in-1-plus-ecologic\/#primaryimage","url":"https:\/\/cdn.globber.com\/content\/sites\/16\/2026\/03\/Tricicleta-Globber-3-in-1-pentru-copii-ecologica-bara-de-impins-si-ghidaj-pentru-parinti-scaun-ajustabil-functie-free-wheel-si-cosulet-transport.jpg","contentUrl":"https:\/\/cdn.globber.com\/content\/sites\/16\/2026\/03\/Tricicleta-Globber-3-in-1-pentru-copii-ecologica-bara-de-impins-si-ghidaj-pentru-parinti-scaun-ajustabil-functie-free-wheel-si-cosulet-transport.jpg","width":2048,"height":2048},{"@type":"BreadcrumbList","@id":"https:\/\/www.globber.com\/ro\/product\/tricicleta-educationala-3-in-1-plus-ecologic\/#breadcrumb","itemListElement":[{"@type":"ListItem","position":1,"name":"Toate produsele","item":"https:\/\/www.globber.com\/ro\/shop-by-product\/"},{"@type":"ListItem","position":2,"name":"TRICICLETA EDUCA\u021aIONALA 3 in 1 PLUS ECOLOGIC"}]},{"@type":"WebSite","@id":"https:\/\/www.globber.com\/ro\/#website","url":"https:\/\/www.globber.com\/ro\/","name":"Globber Rom\u00e2nia","description":"Lumea pe ro\u021bi | Globber","publisher":{"@id":"https:\/\/www.globber.com\/ro\/#organization"},"potentialAction":[{"@type":"SearchAction","target":{"@type":"EntryPoint","urlTemplate":"https:\/\/www.globber.com\/ro\/?s={search_term_string}"},"query-input":{"@type":"PropertyValueSpecification","valueRequired":true,"valueName":"search_term_string"}}],"inLanguage":"ro-RO"},{"@type":"Organization","@id":"https:\/\/www.globber.com\/ro\/#organization","name":"Globber Rom\u00e2nia","url":"https:\/\/www.globber.com\/ro\/","logo":{"@type":"ImageObject","inLanguage":"ro-RO","@id":"https:\/\/www.globber.com\/ro\/#\/schema\/logo\/image\/","url":"https:\/\/cdn.globber.com\/content\/2024\/05\/logo.svg","contentUrl":"https:\/\/cdn.globber.com\/content\/2024\/05\/logo.svg","width":601,"height":112,"caption":"Globber Rom\u00e2nia"},"image":{"@id":"https:\/\/www.globber.com\/ro\/#\/schema\/logo\/image\/"}}]},"og_availability":"instock","product_availability":"instock","product_retailer_item_id":"738-XXX","product_condition":"new"},"_links":{"self":[{"href":"https:\/\/www.globber.com\/ro\/wp-json\/wp\/v2\/product\/15193","targetHints":{"allow":["GET"]}}],"collection":[{"href":"https:\/\/www.globber.com\/ro\/wp-json\/wp\/v2\/product"}],"about":[{"href":"https:\/\/www.globber.com\/ro\/wp-json\/wp\/v2\/types\/product"}],"replies":[{"embeddable":true,"href":"https:\/\/www.globber.com\/ro\/wp-json\/wp\/v2\/comments?post=15193"}],"wp:featuredmedia":[{"embeddable":true,"href":"https:\/\/www.globber.com\/ro\/wp-json\/wp\/v2\/media\/15929"}],"wp:attachment":[{"href":"https:\/\/www.globber.com\/ro\/wp-json\/wp\/v2\/media?parent=15193"}],"wp:term":[{"taxonomy":"product-special-badges","embeddable":true,"href":"https:\/\/www.globber.com\/ro\/wp-json\/wp\/v2\/product-special-badges?post=15193"},{"taxonomy":"product_brand","embeddable":true,"href":"https:\/\/www.globber.com\/ro\/wp-json\/wp\/v2\/product_brand?post=15193"},{"taxonomy":"product_cat","embeddable":true,"href":"https:\/\/www.globber.com\/ro\/wp-json\/wp\/v2\/product_cat?post=15193"},{"taxonomy":"product_tag","embeddable":true,"href":"https:\/\/www.globber.com\/ro\/wp-json\/wp\/v2\/product_tag?post=15193"}],"curies":[{"name":"wp","href":"https:\/\/api.w.org\/{rel}","templated":true}]}}