{"id":15202,"date":"2026-03-07T13:49:16","date_gmt":"2026-03-07T11:49:16","guid":{"rendered":"https:\/\/www.globber.com\/ro\/?post_type=product&#038;p=15202"},"modified":"2026-03-31T21:01:19","modified_gmt":"2026-03-31T18:01:19","slug":"goup-active-cu-lumini","status":"publish","type":"product","link":"https:\/\/www.globber.com\/ro\/product\/goup-active-cu-lumini\/","title":{"rendered":"GO\u2022UP ACTIVE CU LUMINI"},"content":{"rendered":"<p>GO\u2022UP ACTIVE CU LUMINI de la GLOBBER este o trotinet\u0103 3\u2011\u00een\u20111 versatil\u0103, pliabil\u0103, cu scaun, care cre\u0219te odat\u0103 cu copilul t\u0103u. Se transform\u0103 u\u0219or \u00eentr-un vehicul de \u00eempins (ride\u2011on), o biciclet\u0103 de echilibru sau o trotinet\u0103 \u2013 potrivit\u0103 perfect pentru fiecare etap\u0103 de dezvoltare.<\/p>\n<p>Modurile \u201eSit-On\u201d \u0219i \u201eWalk\u201d sunt ideale pentru copii cu v\u00e2rste \u00eentre 15 \u0219i 36 de luni, \u00een timp ce modul \u201eTrotineta\u201d \u00eei \u00eenc\u00e2nt\u0103 pe copiii \u00eentre 3 \u0219i 9 ani. Fie c\u0103 exerseaz\u0103 echilibrul sau descoper\u0103 noi aventuri pe ro\u021bi, cu GO\u2022UP ACTIVE CU LUMINI copilul t\u0103u se va bucura de distrac\u021bie f\u0103r\u0103 limite \u0219i mobilitate sigur\u0103, mul\u021bi ani la r\u00e2nd!<\/p>\n<p>O lume mai verde pe ro\u021bi: Trotineta Globber 3 in 1 GO\u2022UP ACTIVE CU LUMINI ajut\u0103 familiile din \u00eentreaga lume s\u0103 tr\u0103iasc\u0103 \u0219i s\u0103 respire valorile \u0219i alegerile ecologice.<\/p>\n<p>Este fabricat\u0103 din plastic 32 - 34% Global Recycled Standard.\u00a0<\/p>\n<p>GRS este reperul interna\u021bional pentru verificarea prezen\u021bei con\u021binutului reciclat \u00een produsele finite, asigurarea transparen\u021bei materialelor \u0219i promovarea unei economii circulare.<\/p>\n<p>Din utilizarea plasticului reciclat certificat GRS \u00een colec\u021biile noastre de trotinete cu 3 ro\u021bi \u0219i <strong>ECO<\/strong>LOGIC, din octombrie 2022, am reu\u0219it s\u0103 refolosim peste 118 tone combinate de sticle \u0219i pahare uzate, plase pentru pe\u0219te recuperate \u0219i juc\u0103rii \u0219i saltele vechi . Afla\u021bi mai multe.<\/p>\n<p><span style=\"font-size: 12px\">*\u00cen componentele aplicabile; descoperi\u021bi ce componente <a href=\"https:\/\/www.globber.com\/sustainable-scooters\/\">aici<\/a>.<\/span><\/p>\n","protected":false},"excerpt":{"rendered":"<ul>\n<li>Scaun reglabil pe 2 niveluri de inaltime.<\/li>\n<li>Ghidon reglabil pe \u00een\u0103l\u021bime \u00een 4 pozi\u021bii.<\/li>\n<li>Ro\u021bi fa\u021b\u0103 cu lumini LED, rulmen\u021bi ABEC 9.<\/li>\n<\/ul>\n","protected":false},"featured_media":15856,"comment_status":"closed","ping_status":"closed","template":"","meta":{"_acf_changed":false,"inline_featured_image":false},"product-special-badges":[],"product_brand":[],"product_cat":[3560,1691,1696,1694,1247,1630],"product_tag":[],"class_list":{"0":"post-15202","1":"product","2":"type-product","3":"status-publish","4":"has-post-thumbnail","6":"product_cat-trotinete-cu-scaun","7":"product_cat-3-wheel-scooters-for-all-ages","8":"product_cat-trotinete-pliabile","9":"product_cat-light-up-scooters","10":"product_cat-go-up-series","11":"product_cat-toddler-scooters-trikes-balance-bikes-2","12":"product_shipping_class-greutate-medie","13":"pa_adjustable-yes","14":"pa_age-range-15m-9y","15":"pa_brakes-mechanical-rear-brake-composite","16":"pa_color-neon-pink","17":"pa_ean-3991","18":"pa_foldable-yes","19":"pa_max-user-weight-20kg-ride-on-walking-bike-mode-50kg-scooter-mode","20":"pa_product-type-walking-bike","21":"pa_product-type-3-wheel-scooter","22":"pa_product-type-ride-on","23":"pa_product-weight-net-4-00kg","24":"pa_recommended-user-height-70cm-to-130cm","25":"pa_seat-heights-27-29-31cm-from-the-ground","26":"pa_t-bar-heights-67-5-72-5-77-5-82-5cm-from-the-ground","27":"pa_wheels-material-high-rebound-pu-casted","28":"pa_wheels-size-121mm-24mm-wide-front","29":"pa_wheels-size-80mm-24mm-wide-rear","31":"first","32":"instock","33":"taxable","34":"shipping-taxable","35":"purchasable","36":"product-type-variable"},"acf":[],"yoast_head":"<!-- This site is optimized with the Yoast SEO Premium plugin v20.12 (Yoast SEO v23.4) - https:\/\/yoast.com\/wordpress\/plugins\/seo\/ -->\n<title>GO\u2022UP ACTIVE CU LUMINI - Globber Rom\u00e2nia<\/title>\n<meta name=\"robots\" content=\"index, follow, max-snippet:-1, max-image-preview:large, max-video-preview:-1\" \/>\n<link rel=\"canonical\" href=\"https:\/\/www.globber.com\/ro\/product\/goup-active-cu-lumini\/\" \/>\n<meta property=\"og:locale\" content=\"ro_RO\" \/>\n<meta property=\"og:type\" content=\"article\" \/>\n<meta property=\"og:title\" content=\"GO\u2022UP ACTIVE CU LUMINI - Globber Rom\u00e2nia\" \/>\n<meta property=\"og:description\" content=\"Scaun reglabil pe 2 niveluri de inaltime.  Ghidon reglabil pe \u00een\u0103l\u021bime \u00een 4 pozi\u021bii.  Ro\u021bi fa\u021b\u0103 cu lumini LED, rulmen\u021bi ABEC 9.\" \/>\n<meta property=\"og:url\" content=\"https:\/\/www.globber.com\/ro\/product\/goup-active-cu-lumini\/\" \/>\n<meta property=\"og:site_name\" content=\"Globber Rom\u00e2nia\" \/>\n<meta property=\"article:modified_time\" content=\"2026-03-31T18:01:19+00:00\" \/>\n<meta property=\"og:image\" content=\"https:\/\/cdn.globber.com\/content\/sites\/16\/2026\/01\/Trotineta-Globber-Go-Up-Active-3-in-1-cu-maner-de-impins-scaun-si-ghidon-ajustabile-roti-cu-lumini-LED-culoare-roz5.jpg\" \/>\n\t<meta property=\"og:image:width\" content=\"2048\" \/>\n\t<meta property=\"og:image:height\" content=\"2048\" \/>\n\t<meta property=\"og:image:type\" content=\"image\/jpeg\" \/>\n<meta name=\"twitter:card\" content=\"summary_large_image\" \/>\n<meta name=\"twitter:label1\" content=\"Availability\" \/>\n\t<meta name=\"twitter:data1\" content=\"In stock\" \/>\n<script type=\"application\/ld+json\" class=\"yoast-schema-graph\">{\"@context\":\"https:\/\/schema.org\",\"@graph\":[{\"@type\":[\"WebPage\",\"ItemPage\"],\"@id\":\"https:\/\/www.globber.com\/ro\/product\/goup-active-cu-lumini\/\",\"url\":\"https:\/\/www.globber.com\/ro\/product\/goup-active-cu-lumini\/\",\"name\":\"GO\u2022UP ACTIVE CU LUMINI - Globber Rom\u00e2nia\",\"isPartOf\":{\"@id\":\"https:\/\/www.globber.com\/ro\/#website\"},\"primaryImageOfPage\":{\"@id\":\"https:\/\/www.globber.com\/ro\/product\/goup-active-cu-lumini\/#primaryimage\"},\"image\":{\"@id\":\"https:\/\/www.globber.com\/ro\/product\/goup-active-cu-lumini\/#primaryimage\"},\"thumbnailUrl\":\"https:\/\/cdn.globber.com\/content\/sites\/16\/2026\/01\/Trotineta-Globber-Go-Up-Active-3-in-1-cu-maner-de-impins-scaun-si-ghidon-ajustabile-roti-cu-lumini-LED-culoare-roz5.jpg\",\"datePublished\":\"2026-03-07T11:49:16+00:00\",\"dateModified\":\"2026-03-31T18:01:19+00:00\",\"breadcrumb\":{\"@id\":\"https:\/\/www.globber.com\/ro\/product\/goup-active-cu-lumini\/#breadcrumb\"},\"inLanguage\":\"ro-RO\",\"potentialAction\":[{\"@type\":\"ReadAction\",\"target\":[\"https:\/\/www.globber.com\/ro\/product\/goup-active-cu-lumini\/\"]}]},{\"@type\":\"ImageObject\",\"inLanguage\":\"ro-RO\",\"@id\":\"https:\/\/www.globber.com\/ro\/product\/goup-active-cu-lumini\/#primaryimage\",\"url\":\"https:\/\/cdn.globber.com\/content\/sites\/16\/2026\/01\/Trotineta-Globber-Go-Up-Active-3-in-1-cu-maner-de-impins-scaun-si-ghidon-ajustabile-roti-cu-lumini-LED-culoare-roz5.jpg\",\"contentUrl\":\"https:\/\/cdn.globber.com\/content\/sites\/16\/2026\/01\/Trotineta-Globber-Go-Up-Active-3-in-1-cu-maner-de-impins-scaun-si-ghidon-ajustabile-roti-cu-lumini-LED-culoare-roz5.jpg\",\"width\":2048,\"height\":2048},{\"@type\":\"BreadcrumbList\",\"@id\":\"https:\/\/www.globber.com\/ro\/product\/goup-active-cu-lumini\/#breadcrumb\",\"itemListElement\":[{\"@type\":\"ListItem\",\"position\":1,\"name\":\"Toate produsele\",\"item\":\"https:\/\/www.globber.com\/ro\/shop-by-product\/\"},{\"@type\":\"ListItem\",\"position\":2,\"name\":\"GO\u2022UP ACTIVE CU LUMINI\"}]},{\"@type\":\"WebSite\",\"@id\":\"https:\/\/www.globber.com\/ro\/#website\",\"url\":\"https:\/\/www.globber.com\/ro\/\",\"name\":\"Globber Rom\u00e2nia\",\"description\":\"Lumea pe ro\u021bi | Globber\",\"publisher\":{\"@id\":\"https:\/\/www.globber.com\/ro\/#organization\"},\"potentialAction\":[{\"@type\":\"SearchAction\",\"target\":{\"@type\":\"EntryPoint\",\"urlTemplate\":\"https:\/\/www.globber.com\/ro\/?s={search_term_string}\"},\"query-input\":{\"@type\":\"PropertyValueSpecification\",\"valueRequired\":true,\"valueName\":\"search_term_string\"}}],\"inLanguage\":\"ro-RO\"},{\"@type\":\"Organization\",\"@id\":\"https:\/\/www.globber.com\/ro\/#organization\",\"name\":\"Globber Rom\u00e2nia\",\"url\":\"https:\/\/www.globber.com\/ro\/\",\"logo\":{\"@type\":\"ImageObject\",\"inLanguage\":\"ro-RO\",\"@id\":\"https:\/\/www.globber.com\/ro\/#\/schema\/logo\/image\/\",\"url\":\"https:\/\/cdn.globber.com\/content\/2024\/05\/logo.svg\",\"contentUrl\":\"https:\/\/cdn.globber.com\/content\/2024\/05\/logo.svg\",\"width\":601,\"height\":112,\"caption\":\"Globber Rom\u00e2nia\"},\"image\":{\"@id\":\"https:\/\/www.globber.com\/ro\/#\/schema\/logo\/image\/\"}}]}<\/script>\n<meta property=\"og:availability\" content=\"instock\" \/>\n<meta property=\"product:availability\" content=\"instock\" \/>\n<meta property=\"product:retailer_item_id\" content=\"744-xxx\" \/>\n<meta property=\"product:condition\" content=\"new\" \/>\n<!-- \/ Yoast SEO Premium plugin. -->","yoast_head_json":{"title":"GO\u2022UP ACTIVE CU LUMINI - Globber Rom\u00e2nia","robots":{"index":"index","follow":"follow","max-snippet":"max-snippet:-1","max-image-preview":"max-image-preview:large","max-video-preview":"max-video-preview:-1"},"canonical":"https:\/\/www.globber.com\/ro\/product\/goup-active-cu-lumini\/","og_locale":"ro_RO","og_type":"article","og_title":"GO\u2022UP ACTIVE CU LUMINI - Globber Rom\u00e2nia","og_description":"Scaun reglabil pe 2 niveluri de inaltime.  Ghidon reglabil pe \u00een\u0103l\u021bime \u00een 4 pozi\u021bii.  Ro\u021bi fa\u021b\u0103 cu lumini LED, rulmen\u021bi ABEC 9.","og_url":"https:\/\/www.globber.com\/ro\/product\/goup-active-cu-lumini\/","og_site_name":"Globber Rom\u00e2nia","article_modified_time":"2026-03-31T18:01:19+00:00","og_image":[{"width":2048,"height":2048,"url":"https:\/\/cdn.globber.com\/content\/sites\/16\/2026\/01\/Trotineta-Globber-Go-Up-Active-3-in-1-cu-maner-de-impins-scaun-si-ghidon-ajustabile-roti-cu-lumini-LED-culoare-roz5.jpg","type":"image\/jpeg"}],"twitter_card":"summary_large_image","twitter_misc":{"Availability":"In stock"},"schema":{"@context":"https:\/\/schema.org","@graph":[{"@type":["WebPage","ItemPage"],"@id":"https:\/\/www.globber.com\/ro\/product\/goup-active-cu-lumini\/","url":"https:\/\/www.globber.com\/ro\/product\/goup-active-cu-lumini\/","name":"GO\u2022UP ACTIVE CU LUMINI - Globber Rom\u00e2nia","isPartOf":{"@id":"https:\/\/www.globber.com\/ro\/#website"},"primaryImageOfPage":{"@id":"https:\/\/www.globber.com\/ro\/product\/goup-active-cu-lumini\/#primaryimage"},"image":{"@id":"https:\/\/www.globber.com\/ro\/product\/goup-active-cu-lumini\/#primaryimage"},"thumbnailUrl":"https:\/\/cdn.globber.com\/content\/sites\/16\/2026\/01\/Trotineta-Globber-Go-Up-Active-3-in-1-cu-maner-de-impins-scaun-si-ghidon-ajustabile-roti-cu-lumini-LED-culoare-roz5.jpg","datePublished":"2026-03-07T11:49:16+00:00","dateModified":"2026-03-31T18:01:19+00:00","breadcrumb":{"@id":"https:\/\/www.globber.com\/ro\/product\/goup-active-cu-lumini\/#breadcrumb"},"inLanguage":"ro-RO","potentialAction":[{"@type":"ReadAction","target":["https:\/\/www.globber.com\/ro\/product\/goup-active-cu-lumini\/"]}]},{"@type":"ImageObject","inLanguage":"ro-RO","@id":"https:\/\/www.globber.com\/ro\/product\/goup-active-cu-lumini\/#primaryimage","url":"https:\/\/cdn.globber.com\/content\/sites\/16\/2026\/01\/Trotineta-Globber-Go-Up-Active-3-in-1-cu-maner-de-impins-scaun-si-ghidon-ajustabile-roti-cu-lumini-LED-culoare-roz5.jpg","contentUrl":"https:\/\/cdn.globber.com\/content\/sites\/16\/2026\/01\/Trotineta-Globber-Go-Up-Active-3-in-1-cu-maner-de-impins-scaun-si-ghidon-ajustabile-roti-cu-lumini-LED-culoare-roz5.jpg","width":2048,"height":2048},{"@type":"BreadcrumbList","@id":"https:\/\/www.globber.com\/ro\/product\/goup-active-cu-lumini\/#breadcrumb","itemListElement":[{"@type":"ListItem","position":1,"name":"Toate produsele","item":"https:\/\/www.globber.com\/ro\/shop-by-product\/"},{"@type":"ListItem","position":2,"name":"GO\u2022UP ACTIVE CU LUMINI"}]},{"@type":"WebSite","@id":"https:\/\/www.globber.com\/ro\/#website","url":"https:\/\/www.globber.com\/ro\/","name":"Globber Rom\u00e2nia","description":"Lumea pe ro\u021bi | Globber","publisher":{"@id":"https:\/\/www.globber.com\/ro\/#organization"},"potentialAction":[{"@type":"SearchAction","target":{"@type":"EntryPoint","urlTemplate":"https:\/\/www.globber.com\/ro\/?s={search_term_string}"},"query-input":{"@type":"PropertyValueSpecification","valueRequired":true,"valueName":"search_term_string"}}],"inLanguage":"ro-RO"},{"@type":"Organization","@id":"https:\/\/www.globber.com\/ro\/#organization","name":"Globber Rom\u00e2nia","url":"https:\/\/www.globber.com\/ro\/","logo":{"@type":"ImageObject","inLanguage":"ro-RO","@id":"https:\/\/www.globber.com\/ro\/#\/schema\/logo\/image\/","url":"https:\/\/cdn.globber.com\/content\/2024\/05\/logo.svg","contentUrl":"https:\/\/cdn.globber.com\/content\/2024\/05\/logo.svg","width":601,"height":112,"caption":"Globber Rom\u00e2nia"},"image":{"@id":"https:\/\/www.globber.com\/ro\/#\/schema\/logo\/image\/"}}]},"og_availability":"instock","product_availability":"instock","product_retailer_item_id":"744-xxx","product_condition":"new"},"_links":{"self":[{"href":"https:\/\/www.globber.com\/ro\/wp-json\/wp\/v2\/product\/15202","targetHints":{"allow":["GET"]}}],"collection":[{"href":"https:\/\/www.globber.com\/ro\/wp-json\/wp\/v2\/product"}],"about":[{"href":"https:\/\/www.globber.com\/ro\/wp-json\/wp\/v2\/types\/product"}],"replies":[{"embeddable":true,"href":"https:\/\/www.globber.com\/ro\/wp-json\/wp\/v2\/comments?post=15202"}],"wp:featuredmedia":[{"embeddable":true,"href":"https:\/\/www.globber.com\/ro\/wp-json\/wp\/v2\/media\/15856"}],"wp:attachment":[{"href":"https:\/\/www.globber.com\/ro\/wp-json\/wp\/v2\/media?parent=15202"}],"wp:term":[{"taxonomy":"product-special-badges","embeddable":true,"href":"https:\/\/www.globber.com\/ro\/wp-json\/wp\/v2\/product-special-badges?post=15202"},{"taxonomy":"product_brand","embeddable":true,"href":"https:\/\/www.globber.com\/ro\/wp-json\/wp\/v2\/product_brand?post=15202"},{"taxonomy":"product_cat","embeddable":true,"href":"https:\/\/www.globber.com\/ro\/wp-json\/wp\/v2\/product_cat?post=15202"},{"taxonomy":"product_tag","embeddable":true,"href":"https:\/\/www.globber.com\/ro\/wp-json\/wp\/v2\/product_tag?post=15202"}],"curies":[{"name":"wp","href":"https:\/\/api.w.org\/{rel}","templated":true}]}}