{"id":15211,"date":"2026-03-07T17:57:11","date_gmt":"2026-03-07T15:57:11","guid":{"rendered":"https:\/\/www.globber.com\/ro\/?post_type=product&#038;p=15211"},"modified":"2026-03-30T13:02:19","modified_gmt":"2026-03-30T10:02:19","slug":"ace-cu-lumini","status":"publish","type":"product","link":"https:\/\/www.globber.com\/ro\/product\/ace-cu-lumini\/","title":{"rendered":"ACE CU LUMINI"},"content":{"rendered":"<p>Descoper\u0103 combina\u021bia perfect\u0103 dintre designul stilat \u0219i func\u021bionalitatea g\u00e2ndit\u0103 \u00een detaliu cu trotineta ACE CU LUMINI pe 3 ro\u021bi \u2013 ideal\u0103 pentru to\u021bi copiii de la 4 ani \u00een sus, cu greutatea de p\u00e2n\u0103 la 100 kg.<\/p>\n<p>Platforma lat\u0103, cu spum\u0103 moale EVA, asigur\u0103 confort optim, \u00een timp ce ro\u021bile frontale groase, cu lumini integrate, \u00ee\u021bi ofer\u0103 o experien\u021b\u0103 cool de mers chiar \u0219i la l\u0103sarea serii.<\/p>\n<p>Ghidonul cu m\u00e2nere bicolore poate fi reglat \u00een cinci trepte de \u00een\u0103l\u021bime, pentru a se adapta perfect pe m\u0103sur\u0103 ce cre\u0219ti, iar datorit\u0103 sistemului patentat de pliere, po\u021bi str\u00e2nge trotineta \u00een c\u00e2teva clipe, economisind spa\u021biu. Sistemul patentat de blocare a direc\u021biei \u00ee\u021bi ofer\u0103 control total la fiecare plimbare \u2013 ca s\u0103 te sim\u021bi un adev\u0103rat AS pe ro\u021bi.<\/p>\n<p>\u00cen plus, cu 27\u201330% plastic reciclat certificat GRS, contribuim activ la protec\u021bia mediului: din octombrie 2022 am reciclat peste 118 tone de sticle PET, plase de pescuit, juc\u0103rii vechi \u0219i materiale de tapi\u021berie, pe care le-am integrat \u00een trotinetele noastre. Urc\u0103-te pe trotineta ACE CU LUMINI \u0219i tr\u0103ie\u0219te o distrac\u021bie sustenabil\u0103 pe ro\u021bi, care te va cuceri!<\/p>\n<p><span style=\"font-size: 12px\">*\u00cen componentele aplicabile; descoperi\u021bi ce componente <a href=\"https:\/\/www.globber.com\/sustainable-scooters\/\">aici<\/a>.<\/span><\/p>\n","protected":false},"excerpt":{"rendered":"<ul>\n<li>Ghidon reglabil pe \u00een\u0103l\u021bime \u00een 5 pozi\u021bii,<\/li>\n<li>sistem de pliere \u201eone\u2011click\u201d,<\/li>\n<li>ro\u021bi cu lumini LED.<\/li>\n<\/ul>\n","protected":false},"featured_media":15094,"comment_status":"closed","ping_status":"closed","template":"","meta":{"_acf_changed":false,"inline_featured_image":false},"product-special-badges":[4012],"product_brand":[],"product_cat":[4004,1691,1696,399],"product_tag":[],"class_list":{"0":"post-15211","1":"product","2":"type-product","3":"status-publish","4":"has-post-thumbnail","6":"product_cat-sale","7":"product_cat-3-wheel-scooters-for-all-ages","8":"product_cat-trotinete-pliabile","9":"product_cat-scooters-for-kids","10":"pa_color-acva","11":"pa_ean-3994","13":"first","14":"instock","15":"sale","16":"taxable","17":"shipping-taxable","18":"purchasable","19":"product-type-variable"},"acf":[],"yoast_head":"<!-- This site is optimized with the Yoast SEO Premium plugin v20.12 (Yoast SEO v23.4) - https:\/\/yoast.com\/wordpress\/plugins\/seo\/ -->\n<title>ACE CU LUMINI - Globber Rom\u00e2nia<\/title>\n<meta name=\"robots\" content=\"index, follow, max-snippet:-1, max-image-preview:large, max-video-preview:-1\" \/>\n<link rel=\"canonical\" href=\"https:\/\/www.globber.com\/ro\/product\/ace-cu-lumini\/\" \/>\n<meta property=\"og:locale\" content=\"ro_RO\" \/>\n<meta property=\"og:type\" content=\"article\" \/>\n<meta property=\"og:title\" content=\"ACE CU LUMINI - Globber Rom\u00e2nia\" \/>\n<meta property=\"og:description\" content=\"Ghidon reglabil pe \u00een\u0103l\u021bime \u00een 5 pozi\u021bii,  sistem de pliere \u201eone\u2011click\u201d,  ro\u021bi cu lumini LED.\" \/>\n<meta property=\"og:url\" content=\"https:\/\/www.globber.com\/ro\/product\/ace-cu-lumini\/\" \/>\n<meta property=\"og:site_name\" content=\"Globber Rom\u00e2nia\" \/>\n<meta property=\"article:modified_time\" content=\"2026-03-30T10:02:19+00:00\" \/>\n<meta property=\"og:image\" content=\"https:\/\/cdn.globber.com\/content\/sites\/16\/2026\/01\/6978905d51293.jpg\" \/>\n\t<meta property=\"og:image:width\" content=\"1920\" \/>\n\t<meta property=\"og:image:height\" content=\"1920\" \/>\n\t<meta property=\"og:image:type\" content=\"image\/jpeg\" \/>\n<meta name=\"twitter:card\" content=\"summary_large_image\" \/>\n<meta name=\"twitter:label1\" content=\"Availability\" \/>\n\t<meta name=\"twitter:data1\" content=\"In stock\" \/>\n<script type=\"application\/ld+json\" class=\"yoast-schema-graph\">{\"@context\":\"https:\/\/schema.org\",\"@graph\":[{\"@type\":[\"WebPage\",\"ItemPage\"],\"@id\":\"https:\/\/www.globber.com\/ro\/product\/ace-cu-lumini\/\",\"url\":\"https:\/\/www.globber.com\/ro\/product\/ace-cu-lumini\/\",\"name\":\"ACE CU LUMINI - Globber Rom\u00e2nia\",\"isPartOf\":{\"@id\":\"https:\/\/www.globber.com\/ro\/#website\"},\"primaryImageOfPage\":{\"@id\":\"https:\/\/www.globber.com\/ro\/product\/ace-cu-lumini\/#primaryimage\"},\"image\":{\"@id\":\"https:\/\/www.globber.com\/ro\/product\/ace-cu-lumini\/#primaryimage\"},\"thumbnailUrl\":\"https:\/\/cdn.globber.com\/content\/sites\/16\/2026\/01\/6978905d51293.jpg\",\"datePublished\":\"2026-03-07T15:57:11+00:00\",\"dateModified\":\"2026-03-30T10:02:19+00:00\",\"breadcrumb\":{\"@id\":\"https:\/\/www.globber.com\/ro\/product\/ace-cu-lumini\/#breadcrumb\"},\"inLanguage\":\"ro-RO\",\"potentialAction\":[{\"@type\":\"ReadAction\",\"target\":[\"https:\/\/www.globber.com\/ro\/product\/ace-cu-lumini\/\"]}]},{\"@type\":\"ImageObject\",\"inLanguage\":\"ro-RO\",\"@id\":\"https:\/\/www.globber.com\/ro\/product\/ace-cu-lumini\/#primaryimage\",\"url\":\"https:\/\/cdn.globber.com\/content\/sites\/16\/2026\/01\/6978905d51293.jpg\",\"contentUrl\":\"https:\/\/cdn.globber.com\/content\/sites\/16\/2026\/01\/6978905d51293.jpg\",\"width\":1920,\"height\":1920},{\"@type\":\"BreadcrumbList\",\"@id\":\"https:\/\/www.globber.com\/ro\/product\/ace-cu-lumini\/#breadcrumb\",\"itemListElement\":[{\"@type\":\"ListItem\",\"position\":1,\"name\":\"Toate produsele\",\"item\":\"https:\/\/www.globber.com\/ro\/shop-by-product\/\"},{\"@type\":\"ListItem\",\"position\":2,\"name\":\"ACE CU LUMINI\"}]},{\"@type\":\"WebSite\",\"@id\":\"https:\/\/www.globber.com\/ro\/#website\",\"url\":\"https:\/\/www.globber.com\/ro\/\",\"name\":\"Globber Rom\u00e2nia\",\"description\":\"Lumea pe ro\u021bi | Globber\",\"publisher\":{\"@id\":\"https:\/\/www.globber.com\/ro\/#organization\"},\"potentialAction\":[{\"@type\":\"SearchAction\",\"target\":{\"@type\":\"EntryPoint\",\"urlTemplate\":\"https:\/\/www.globber.com\/ro\/?s={search_term_string}\"},\"query-input\":{\"@type\":\"PropertyValueSpecification\",\"valueRequired\":true,\"valueName\":\"search_term_string\"}}],\"inLanguage\":\"ro-RO\"},{\"@type\":\"Organization\",\"@id\":\"https:\/\/www.globber.com\/ro\/#organization\",\"name\":\"Globber Rom\u00e2nia\",\"url\":\"https:\/\/www.globber.com\/ro\/\",\"logo\":{\"@type\":\"ImageObject\",\"inLanguage\":\"ro-RO\",\"@id\":\"https:\/\/www.globber.com\/ro\/#\/schema\/logo\/image\/\",\"url\":\"https:\/\/cdn.globber.com\/content\/2024\/05\/logo.svg\",\"contentUrl\":\"https:\/\/cdn.globber.com\/content\/2024\/05\/logo.svg\",\"width\":601,\"height\":112,\"caption\":\"Globber Rom\u00e2nia\"},\"image\":{\"@id\":\"https:\/\/www.globber.com\/ro\/#\/schema\/logo\/image\/\"}}]}<\/script>\n<meta property=\"og:availability\" content=\"instock\" \/>\n<meta property=\"product:availability\" content=\"instock\" \/>\n<meta property=\"product:retailer_item_id\" content=\"667-XXX\" \/>\n<meta property=\"product:condition\" content=\"new\" \/>\n<!-- \/ Yoast SEO Premium plugin. -->","yoast_head_json":{"title":"ACE CU LUMINI - Globber Rom\u00e2nia","robots":{"index":"index","follow":"follow","max-snippet":"max-snippet:-1","max-image-preview":"max-image-preview:large","max-video-preview":"max-video-preview:-1"},"canonical":"https:\/\/www.globber.com\/ro\/product\/ace-cu-lumini\/","og_locale":"ro_RO","og_type":"article","og_title":"ACE CU LUMINI - Globber Rom\u00e2nia","og_description":"Ghidon reglabil pe \u00een\u0103l\u021bime \u00een 5 pozi\u021bii,  sistem de pliere \u201eone\u2011click\u201d,  ro\u021bi cu lumini LED.","og_url":"https:\/\/www.globber.com\/ro\/product\/ace-cu-lumini\/","og_site_name":"Globber Rom\u00e2nia","article_modified_time":"2026-03-30T10:02:19+00:00","og_image":[{"width":1920,"height":1920,"url":"https:\/\/cdn.globber.com\/content\/sites\/16\/2026\/01\/6978905d51293.jpg","type":"image\/jpeg"}],"twitter_card":"summary_large_image","twitter_misc":{"Availability":"In stock"},"schema":{"@context":"https:\/\/schema.org","@graph":[{"@type":["WebPage","ItemPage"],"@id":"https:\/\/www.globber.com\/ro\/product\/ace-cu-lumini\/","url":"https:\/\/www.globber.com\/ro\/product\/ace-cu-lumini\/","name":"ACE CU LUMINI - Globber Rom\u00e2nia","isPartOf":{"@id":"https:\/\/www.globber.com\/ro\/#website"},"primaryImageOfPage":{"@id":"https:\/\/www.globber.com\/ro\/product\/ace-cu-lumini\/#primaryimage"},"image":{"@id":"https:\/\/www.globber.com\/ro\/product\/ace-cu-lumini\/#primaryimage"},"thumbnailUrl":"https:\/\/cdn.globber.com\/content\/sites\/16\/2026\/01\/6978905d51293.jpg","datePublished":"2026-03-07T15:57:11+00:00","dateModified":"2026-03-30T10:02:19+00:00","breadcrumb":{"@id":"https:\/\/www.globber.com\/ro\/product\/ace-cu-lumini\/#breadcrumb"},"inLanguage":"ro-RO","potentialAction":[{"@type":"ReadAction","target":["https:\/\/www.globber.com\/ro\/product\/ace-cu-lumini\/"]}]},{"@type":"ImageObject","inLanguage":"ro-RO","@id":"https:\/\/www.globber.com\/ro\/product\/ace-cu-lumini\/#primaryimage","url":"https:\/\/cdn.globber.com\/content\/sites\/16\/2026\/01\/6978905d51293.jpg","contentUrl":"https:\/\/cdn.globber.com\/content\/sites\/16\/2026\/01\/6978905d51293.jpg","width":1920,"height":1920},{"@type":"BreadcrumbList","@id":"https:\/\/www.globber.com\/ro\/product\/ace-cu-lumini\/#breadcrumb","itemListElement":[{"@type":"ListItem","position":1,"name":"Toate produsele","item":"https:\/\/www.globber.com\/ro\/shop-by-product\/"},{"@type":"ListItem","position":2,"name":"ACE CU LUMINI"}]},{"@type":"WebSite","@id":"https:\/\/www.globber.com\/ro\/#website","url":"https:\/\/www.globber.com\/ro\/","name":"Globber Rom\u00e2nia","description":"Lumea pe ro\u021bi | Globber","publisher":{"@id":"https:\/\/www.globber.com\/ro\/#organization"},"potentialAction":[{"@type":"SearchAction","target":{"@type":"EntryPoint","urlTemplate":"https:\/\/www.globber.com\/ro\/?s={search_term_string}"},"query-input":{"@type":"PropertyValueSpecification","valueRequired":true,"valueName":"search_term_string"}}],"inLanguage":"ro-RO"},{"@type":"Organization","@id":"https:\/\/www.globber.com\/ro\/#organization","name":"Globber Rom\u00e2nia","url":"https:\/\/www.globber.com\/ro\/","logo":{"@type":"ImageObject","inLanguage":"ro-RO","@id":"https:\/\/www.globber.com\/ro\/#\/schema\/logo\/image\/","url":"https:\/\/cdn.globber.com\/content\/2024\/05\/logo.svg","contentUrl":"https:\/\/cdn.globber.com\/content\/2024\/05\/logo.svg","width":601,"height":112,"caption":"Globber Rom\u00e2nia"},"image":{"@id":"https:\/\/www.globber.com\/ro\/#\/schema\/logo\/image\/"}}]},"og_availability":"instock","product_availability":"instock","product_retailer_item_id":"667-XXX","product_condition":"new"},"_links":{"self":[{"href":"https:\/\/www.globber.com\/ro\/wp-json\/wp\/v2\/product\/15211","targetHints":{"allow":["GET"]}}],"collection":[{"href":"https:\/\/www.globber.com\/ro\/wp-json\/wp\/v2\/product"}],"about":[{"href":"https:\/\/www.globber.com\/ro\/wp-json\/wp\/v2\/types\/product"}],"replies":[{"embeddable":true,"href":"https:\/\/www.globber.com\/ro\/wp-json\/wp\/v2\/comments?post=15211"}],"wp:featuredmedia":[{"embeddable":true,"href":"https:\/\/www.globber.com\/ro\/wp-json\/wp\/v2\/media\/15094"}],"wp:attachment":[{"href":"https:\/\/www.globber.com\/ro\/wp-json\/wp\/v2\/media?parent=15211"}],"wp:term":[{"taxonomy":"product-special-badges","embeddable":true,"href":"https:\/\/www.globber.com\/ro\/wp-json\/wp\/v2\/product-special-badges?post=15211"},{"taxonomy":"product_brand","embeddable":true,"href":"https:\/\/www.globber.com\/ro\/wp-json\/wp\/v2\/product_brand?post=15211"},{"taxonomy":"product_cat","embeddable":true,"href":"https:\/\/www.globber.com\/ro\/wp-json\/wp\/v2\/product_cat?post=15211"},{"taxonomy":"product_tag","embeddable":true,"href":"https:\/\/www.globber.com\/ro\/wp-json\/wp\/v2\/product_tag?post=15211"}],"curies":[{"name":"wp","href":"https:\/\/api.w.org\/{rel}","templated":true}]}}