{"id":15213,"date":"2026-02-23T19:07:00","date_gmt":"2026-02-23T17:07:00","guid":{"rendered":"https:\/\/www.globber.com\/ro\/?post_type=product&#038;p=15213"},"modified":"2026-04-20T16:43:09","modified_gmt":"2026-04-20T13:43:09","slug":"ultimum-lights","status":"publish","type":"product","link":"https:\/\/www.globber.com\/ro\/product\/ultimum-lights\/","title":{"rendered":"ULTIMUM LIGHTS"},"content":{"rendered":"<p>Fie c\u0103 e\u0219ti copil sau adult, tuturor ne plac plimbarile cu trotineta! ULTIMUM LIGHTS este o trotineta cu 3 roti pentru adul\u021bi, cu lumini, echipata cu un sistem patentat de reglare pentru controlul unghiului de direc\u021bie , care v\u0103 permite s\u0103 modifica\u021bi cu u\u0219urin\u021b\u0103 raza de viraj a ro\u021bilor din fa\u021b\u0103 pentru a se potrivi stilului Dvs.<\/p>\n<p>Echipat\u0103 cu un sistem patentat de pliere eliptic\u0103, ghidon reglabil pe 6 \u00een\u0103l\u021bimi \u0219i o platforma lata si rezistenta iluminata cu LED pentru o plimbare plin\u0103 de culoare, trotineta ULTIMUM LIGHTS este perfecta pentru utilizatori de toate v\u00e2rstele!<\/p>\n<p>ULTIMUM LIGHTS este realizat cu 35-38% din plastic Global Recycled Standard (GRS)*.<\/p>\n<p>GRS este reperul interna\u021bional pentru verificarea prezen\u021bei con\u021binutului reciclat \u00een produsele finite, asigurarea transparen\u021bei materialelor \u0219i promovarea unei economii circulare.<\/p>\n<p>Din utilizarea plasticului reciclat certificat GRS \u00een colec\u021biile noastre de trotinete cu 3 ro\u021bi \u0219i <strong>ECO<\/strong>LOGIC, din octombrie 2022, am reu\u0219it s\u0103 refolosim peste 118 tone combinate de sticle \u0219i pahare uzate, plase pentru pe\u0219te recuperate \u0219i juc\u0103rii \u0219i saltele vechi . Afla\u021bi mai multe.<\/p>\n<p><span style=\"font-size: 12px\">*\u00cen componentele aplicabile; descoperi\u021bi ce componente <a href=\"https:\/\/www.globber.com\/sustainable-scooters\/\">aici<\/a>.<\/span><\/p>\n","protected":false},"excerpt":{"rendered":"<ul>\n<li>Ghidon reglabil pe \u00een\u0103l\u021bime \u00een 6 pozi\u021bii.<\/li>\n<li>Sistem de pliere cu o singur\u0103 ap\u0103sare (one\u2011click folding).<\/li>\n<li>Platforma cu lumini LED<\/li>\n<\/ul>\n","protected":false},"featured_media":15159,"comment_status":"closed","ping_status":"closed","template":"","meta":{"_acf_changed":false,"inline_featured_image":false},"product-special-badges":[4012],"product_brand":[],"product_cat":[4004,1684,1691,1696,1694,534,399,485],"product_tag":[],"class_list":{"0":"post-15213","1":"product","2":"type-product","3":"status-publish","4":"has-post-thumbnail","6":"product_cat-sale","7":"product_cat-ultimum-series","8":"product_cat-3-wheel-scooters-for-all-ages","9":"product_cat-trotinete-pliabile","10":"product_cat-light-up-scooters","11":"product_cat-scooters-for-adults","12":"product_cat-scooters-for-kids","13":"product_cat-scooters-for-teens","14":"pa_color-acva","15":"pa_ean-3996","17":"first","18":"instock","19":"sale","20":"taxable","21":"shipping-taxable","22":"purchasable","23":"product-type-variable"},"acf":[],"yoast_head":"<!-- This site is optimized with the Yoast SEO Premium plugin v20.12 (Yoast SEO v23.4) - https:\/\/yoast.com\/wordpress\/plugins\/seo\/ -->\n<title>ULTIMUM LIGHTS - Globber Rom\u00e2nia<\/title>\n<meta name=\"robots\" content=\"index, follow, max-snippet:-1, max-image-preview:large, max-video-preview:-1\" \/>\n<link rel=\"canonical\" href=\"https:\/\/www.globber.com\/ro\/product\/ultimum-lights\/\" \/>\n<meta property=\"og:locale\" content=\"ro_RO\" \/>\n<meta property=\"og:type\" content=\"article\" \/>\n<meta property=\"og:title\" content=\"ULTIMUM LIGHTS - Globber Rom\u00e2nia\" \/>\n<meta property=\"og:description\" content=\"Ghidon reglabil pe \u00een\u0103l\u021bime \u00een 6 pozi\u021bii.  Sistem de pliere cu o singur\u0103 ap\u0103sare (one\u2011click folding).  Platforma cu lumini LED\" \/>\n<meta property=\"og:url\" content=\"https:\/\/www.globber.com\/ro\/product\/ultimum-lights\/\" \/>\n<meta property=\"og:site_name\" content=\"Globber Rom\u00e2nia\" \/>\n<meta property=\"article:modified_time\" content=\"2026-04-20T13:43:09+00:00\" \/>\n<meta property=\"og:image\" content=\"https:\/\/cdn.globber.com\/content\/sites\/16\/2026\/01\/697892e247df6.jpg\" \/>\n\t<meta property=\"og:image:width\" content=\"1920\" \/>\n\t<meta property=\"og:image:height\" content=\"1920\" \/>\n\t<meta property=\"og:image:type\" content=\"image\/jpeg\" \/>\n<meta name=\"twitter:card\" content=\"summary_large_image\" \/>\n<meta name=\"twitter:label1\" content=\"Availability\" \/>\n\t<meta name=\"twitter:data1\" content=\"In stock\" \/>\n<script type=\"application\/ld+json\" class=\"yoast-schema-graph\">{\"@context\":\"https:\/\/schema.org\",\"@graph\":[{\"@type\":[\"WebPage\",\"ItemPage\"],\"@id\":\"https:\/\/www.globber.com\/ro\/product\/ultimum-lights\/\",\"url\":\"https:\/\/www.globber.com\/ro\/product\/ultimum-lights\/\",\"name\":\"ULTIMUM LIGHTS - Globber Rom\u00e2nia\",\"isPartOf\":{\"@id\":\"https:\/\/www.globber.com\/ro\/#website\"},\"primaryImageOfPage\":{\"@id\":\"https:\/\/www.globber.com\/ro\/product\/ultimum-lights\/#primaryimage\"},\"image\":{\"@id\":\"https:\/\/www.globber.com\/ro\/product\/ultimum-lights\/#primaryimage\"},\"thumbnailUrl\":\"https:\/\/cdn.globber.com\/content\/sites\/16\/2026\/01\/697892e247df6.jpg\",\"datePublished\":\"2026-02-23T17:07:00+00:00\",\"dateModified\":\"2026-04-20T13:43:09+00:00\",\"breadcrumb\":{\"@id\":\"https:\/\/www.globber.com\/ro\/product\/ultimum-lights\/#breadcrumb\"},\"inLanguage\":\"ro-RO\",\"potentialAction\":[{\"@type\":\"ReadAction\",\"target\":[\"https:\/\/www.globber.com\/ro\/product\/ultimum-lights\/\"]}]},{\"@type\":\"ImageObject\",\"inLanguage\":\"ro-RO\",\"@id\":\"https:\/\/www.globber.com\/ro\/product\/ultimum-lights\/#primaryimage\",\"url\":\"https:\/\/cdn.globber.com\/content\/sites\/16\/2026\/01\/697892e247df6.jpg\",\"contentUrl\":\"https:\/\/cdn.globber.com\/content\/sites\/16\/2026\/01\/697892e247df6.jpg\",\"width\":1920,\"height\":1920},{\"@type\":\"BreadcrumbList\",\"@id\":\"https:\/\/www.globber.com\/ro\/product\/ultimum-lights\/#breadcrumb\",\"itemListElement\":[{\"@type\":\"ListItem\",\"position\":1,\"name\":\"Toate produsele\",\"item\":\"https:\/\/www.globber.com\/ro\/shop-by-product\/\"},{\"@type\":\"ListItem\",\"position\":2,\"name\":\"ULTIMUM LIGHTS\"}]},{\"@type\":\"WebSite\",\"@id\":\"https:\/\/www.globber.com\/ro\/#website\",\"url\":\"https:\/\/www.globber.com\/ro\/\",\"name\":\"Globber Rom\u00e2nia\",\"description\":\"Lumea pe ro\u021bi | Globber\",\"publisher\":{\"@id\":\"https:\/\/www.globber.com\/ro\/#organization\"},\"potentialAction\":[{\"@type\":\"SearchAction\",\"target\":{\"@type\":\"EntryPoint\",\"urlTemplate\":\"https:\/\/www.globber.com\/ro\/?s={search_term_string}\"},\"query-input\":{\"@type\":\"PropertyValueSpecification\",\"valueRequired\":true,\"valueName\":\"search_term_string\"}}],\"inLanguage\":\"ro-RO\"},{\"@type\":\"Organization\",\"@id\":\"https:\/\/www.globber.com\/ro\/#organization\",\"name\":\"Globber Rom\u00e2nia\",\"url\":\"https:\/\/www.globber.com\/ro\/\",\"logo\":{\"@type\":\"ImageObject\",\"inLanguage\":\"ro-RO\",\"@id\":\"https:\/\/www.globber.com\/ro\/#\/schema\/logo\/image\/\",\"url\":\"https:\/\/cdn.globber.com\/content\/2024\/05\/logo.svg\",\"contentUrl\":\"https:\/\/cdn.globber.com\/content\/2024\/05\/logo.svg\",\"width\":601,\"height\":112,\"caption\":\"Globber Rom\u00e2nia\"},\"image\":{\"@id\":\"https:\/\/www.globber.com\/ro\/#\/schema\/logo\/image\/\"}}]}<\/script>\n<meta property=\"og:availability\" content=\"instock\" \/>\n<meta property=\"product:availability\" content=\"instock\" \/>\n<meta property=\"product:retailer_item_id\" content=\"613-XXX-2\" \/>\n<meta property=\"product:condition\" content=\"new\" \/>\n<!-- \/ Yoast SEO Premium plugin. -->","yoast_head_json":{"title":"ULTIMUM LIGHTS - Globber Rom\u00e2nia","robots":{"index":"index","follow":"follow","max-snippet":"max-snippet:-1","max-image-preview":"max-image-preview:large","max-video-preview":"max-video-preview:-1"},"canonical":"https:\/\/www.globber.com\/ro\/product\/ultimum-lights\/","og_locale":"ro_RO","og_type":"article","og_title":"ULTIMUM LIGHTS - Globber Rom\u00e2nia","og_description":"Ghidon reglabil pe \u00een\u0103l\u021bime \u00een 6 pozi\u021bii.  Sistem de pliere cu o singur\u0103 ap\u0103sare (one\u2011click folding).  Platforma cu lumini LED","og_url":"https:\/\/www.globber.com\/ro\/product\/ultimum-lights\/","og_site_name":"Globber Rom\u00e2nia","article_modified_time":"2026-04-20T13:43:09+00:00","og_image":[{"width":1920,"height":1920,"url":"https:\/\/cdn.globber.com\/content\/sites\/16\/2026\/01\/697892e247df6.jpg","type":"image\/jpeg"}],"twitter_card":"summary_large_image","twitter_misc":{"Availability":"In stock"},"schema":{"@context":"https:\/\/schema.org","@graph":[{"@type":["WebPage","ItemPage"],"@id":"https:\/\/www.globber.com\/ro\/product\/ultimum-lights\/","url":"https:\/\/www.globber.com\/ro\/product\/ultimum-lights\/","name":"ULTIMUM LIGHTS - Globber Rom\u00e2nia","isPartOf":{"@id":"https:\/\/www.globber.com\/ro\/#website"},"primaryImageOfPage":{"@id":"https:\/\/www.globber.com\/ro\/product\/ultimum-lights\/#primaryimage"},"image":{"@id":"https:\/\/www.globber.com\/ro\/product\/ultimum-lights\/#primaryimage"},"thumbnailUrl":"https:\/\/cdn.globber.com\/content\/sites\/16\/2026\/01\/697892e247df6.jpg","datePublished":"2026-02-23T17:07:00+00:00","dateModified":"2026-04-20T13:43:09+00:00","breadcrumb":{"@id":"https:\/\/www.globber.com\/ro\/product\/ultimum-lights\/#breadcrumb"},"inLanguage":"ro-RO","potentialAction":[{"@type":"ReadAction","target":["https:\/\/www.globber.com\/ro\/product\/ultimum-lights\/"]}]},{"@type":"ImageObject","inLanguage":"ro-RO","@id":"https:\/\/www.globber.com\/ro\/product\/ultimum-lights\/#primaryimage","url":"https:\/\/cdn.globber.com\/content\/sites\/16\/2026\/01\/697892e247df6.jpg","contentUrl":"https:\/\/cdn.globber.com\/content\/sites\/16\/2026\/01\/697892e247df6.jpg","width":1920,"height":1920},{"@type":"BreadcrumbList","@id":"https:\/\/www.globber.com\/ro\/product\/ultimum-lights\/#breadcrumb","itemListElement":[{"@type":"ListItem","position":1,"name":"Toate produsele","item":"https:\/\/www.globber.com\/ro\/shop-by-product\/"},{"@type":"ListItem","position":2,"name":"ULTIMUM LIGHTS"}]},{"@type":"WebSite","@id":"https:\/\/www.globber.com\/ro\/#website","url":"https:\/\/www.globber.com\/ro\/","name":"Globber Rom\u00e2nia","description":"Lumea pe ro\u021bi | Globber","publisher":{"@id":"https:\/\/www.globber.com\/ro\/#organization"},"potentialAction":[{"@type":"SearchAction","target":{"@type":"EntryPoint","urlTemplate":"https:\/\/www.globber.com\/ro\/?s={search_term_string}"},"query-input":{"@type":"PropertyValueSpecification","valueRequired":true,"valueName":"search_term_string"}}],"inLanguage":"ro-RO"},{"@type":"Organization","@id":"https:\/\/www.globber.com\/ro\/#organization","name":"Globber Rom\u00e2nia","url":"https:\/\/www.globber.com\/ro\/","logo":{"@type":"ImageObject","inLanguage":"ro-RO","@id":"https:\/\/www.globber.com\/ro\/#\/schema\/logo\/image\/","url":"https:\/\/cdn.globber.com\/content\/2024\/05\/logo.svg","contentUrl":"https:\/\/cdn.globber.com\/content\/2024\/05\/logo.svg","width":601,"height":112,"caption":"Globber Rom\u00e2nia"},"image":{"@id":"https:\/\/www.globber.com\/ro\/#\/schema\/logo\/image\/"}}]},"og_availability":"instock","product_availability":"instock","product_retailer_item_id":"613-XXX-2","product_condition":"new"},"_links":{"self":[{"href":"https:\/\/www.globber.com\/ro\/wp-json\/wp\/v2\/product\/15213","targetHints":{"allow":["GET"]}}],"collection":[{"href":"https:\/\/www.globber.com\/ro\/wp-json\/wp\/v2\/product"}],"about":[{"href":"https:\/\/www.globber.com\/ro\/wp-json\/wp\/v2\/types\/product"}],"replies":[{"embeddable":true,"href":"https:\/\/www.globber.com\/ro\/wp-json\/wp\/v2\/comments?post=15213"}],"wp:featuredmedia":[{"embeddable":true,"href":"https:\/\/www.globber.com\/ro\/wp-json\/wp\/v2\/media\/15159"}],"wp:attachment":[{"href":"https:\/\/www.globber.com\/ro\/wp-json\/wp\/v2\/media?parent=15213"}],"wp:term":[{"taxonomy":"product-special-badges","embeddable":true,"href":"https:\/\/www.globber.com\/ro\/wp-json\/wp\/v2\/product-special-badges?post=15213"},{"taxonomy":"product_brand","embeddable":true,"href":"https:\/\/www.globber.com\/ro\/wp-json\/wp\/v2\/product_brand?post=15213"},{"taxonomy":"product_cat","embeddable":true,"href":"https:\/\/www.globber.com\/ro\/wp-json\/wp\/v2\/product_cat?post=15213"},{"taxonomy":"product_tag","embeddable":true,"href":"https:\/\/www.globber.com\/ro\/wp-json\/wp\/v2\/product_tag?post=15213"}],"curies":[{"name":"wp","href":"https:\/\/api.w.org\/{rel}","templated":true}]}}