{"id":15589,"date":"2026-03-04T17:06:06","date_gmt":"2026-03-04T15:06:06","guid":{"rendered":"https:\/\/www.globber.com\/ro\/?post_type=product&#038;p=15589"},"modified":"2026-04-29T09:49:24","modified_gmt":"2026-04-29T06:49:24","slug":"goup-deluxe-ecologic-cu-lumini","status":"publish","type":"product","link":"https:\/\/www.globber.com\/ro\/product\/goup-deluxe-ecologic-cu-lumini\/","title":{"rendered":"GO\u2022UP DELUXE ECOLOGIC CU LUMINI"},"content":{"rendered":"<p>Mergi cu trotineta \u00een fiecare zi \u0219i \u00een moduri diferite cu GO UP! GO\u2022UP DELUXE <strong>ECO<\/strong>LOGIC CU LUMINI este o trotinet\u0103 convertibil\u0103 cu 3 ro\u021bi \u0219i scaun pentru copii mici, care se transform\u0103 \u00eentr-un \"ride-on\", biciclet\u0103 f\u0103r\u0103 pedale \u0219i trotinet\u0103 pentru copii mici. Modurile de \"ride-on\", biciclet\u0103 f\u0103r\u0103 pedale sunt concepute pentru copii cu v\u00e2rsta cuprins\u0103 \u00eentre 15 \u0219i 36 de luni, iar modul de trotinet\u0103 este recomandat pentru copii cu v\u00e2rsta de 3-9+ ani.<\/p>\n<p>GO\u2022UP DELUXE ECOLOGIC CU LUMINI este echipat cu un sistem patentat de pliere, un sistem patentat de blocare a direc\u021biei, un design 100% f\u0103r\u0103 unelte, scaun \u0219i ghidon \"T\" reglabile, o platform\u0103 durabil\u0103 \u0219i ro\u021bi cu LED-uri care nu necesit\u0103 baterii. Bucura\u021bi-v\u0103 la nesf\u00e2r\u0219it de \u00eent\u00e2lniri pline de str\u0103lucire, cu un prieten din copil\u0103rie care va fi al\u0103turi de voi ani de zile!<\/p>\n<p>Bucura\u021bi-v\u0103 de \u00eent\u00e2lniri de joac\u0103 prietenoase cu planeta cu un prieten din copil\u0103rie pentru anii urm\u0103tori: Merge\u021bi la plimbare, cu bicicleta sau cu trotineta - doar merge\u021bi, merge\u021bi, merge\u021bi pe plastic reciclat \u0219i paie de gr\u00e2u bio-surs\u0103!<\/p>\n<p>Trotineta Globber 3 in 1 GO\u2022UP DELUXE <strong>ECO<\/strong>LOGIC CU LUMINI\u00a0este fabricat cu 35 pana la 38% din plastic Global Recycled Standard (GRS) \u0219i paie de gr\u00e2u bio-surs\u0103*. GRS este un protocol interna\u021bional care verific\u0103 con\u021binutul reciclat \u00een produsele finale. Utilizarea plasticului GRS salveaz\u0103 tone de de\u0219euri de la gropile de gunoi \u0219i reduce impactul de mediu al produc\u021biei. Din 2022, GLOBBER a refolosit deja peste 118 tone de materiale reciclate, precum juc\u0103rii vechi, plase de pescuit \u0219i ambalaje.<\/p>\n<p>Alege Globber. Alege\u021bi mai ecologic!<\/p>\n<p>Trotineta Globber 3 in 1 GO\u2022UP DELUXE <strong>ECO<\/strong>LOGIC CU LUMINI, este o trotineta EVOLUTIVA, 3 IN 1 ce se transforma usor, potrivit varstei copilului, aceasta putand fi folosita incepand cu varsta de 15 luni.<\/p>\n","protected":false},"excerpt":{"rendered":"<ul>\n<li>Scaun reglabil pe 3 niveluri de inaltime.<\/li>\n<li>Ghidon reglabil pe \u00een\u0103l\u021bime \u00een 4 pozi\u021bii.<\/li>\n<li>Ro\u021bi fa\u021b\u0103 lumini LED, rulmen\u021bi ABEC 5.<\/li>\n<\/ul>\n","protected":false},"featured_media":15934,"comment_status":"open","ping_status":"closed","template":"","meta":{"_acf_changed":false,"inline_featured_image":false},"product-special-badges":[4012],"product_brand":[],"product_cat":[4004,3560,1691,1696,1694,1247,1630],"product_tag":[3708],"class_list":{"0":"post-15589","1":"product","2":"type-product","3":"status-publish","4":"has-post-thumbnail","6":"product_cat-sale","7":"product_cat-trotinete-cu-scaun","8":"product_cat-3-wheel-scooters-for-all-ages","9":"product_cat-trotinete-pliabile","10":"product_cat-light-up-scooters","11":"product_cat-go-up-series","12":"product_cat-toddler-scooters-trikes-balance-bikes-2","13":"product_tag-import","14":"product_shipping_class-greutate-medie","15":"pa_adjustable-yes","16":"pa_age-range-15m-9y","17":"pa_brakes-mechanical-rear-brake-composite","18":"pa_color-pistachio","19":"pa_color-pastel-pink","20":"pa_deck-material-composite-pp-fiber-metal-frame","21":"pa_deck-size-w-12-5cm-x-l-54-5cm","22":"pa_ean-4000","23":"pa_ean-4001","24":"pa_foldable-yes","25":"pa_max-user-weight-20kg-ride-on-walking-bike-mode-50kg-scooter-mode","26":"pa_product-type-walking-bike","27":"pa_product-type-3-wheel-scooter","28":"pa_product-type-ride-on","29":"pa_product-weight-net-4-00kg","30":"pa_recommended-user-height-70cm-to-130cm","31":"pa_seat-heights-27-29-31cm-from-the-ground","32":"pa_t-bar-heights-67-5-72-5-77-5-82-5cm-from-the-ground","33":"pa_wheel-size-121mm-24mm-wide-front","34":"pa_wheel-size-80mm-24mm-wide-rear","35":"pa_wheels-material-high-rebound-pu-casted","36":"pa_wheels-size-121mm-24mm-wide-front","37":"pa_wheels-size-80mm-24mm-wide-rear","39":"first","40":"instock","41":"sale","42":"taxable","43":"shipping-taxable","44":"purchasable","45":"product-type-variable"},"acf":[],"yoast_head":"<!-- This site is optimized with the Yoast SEO Premium plugin v20.12 (Yoast SEO v23.4) - https:\/\/yoast.com\/wordpress\/plugins\/seo\/ -->\n<title>Sit-and-Ride Scooter: GO\u2022UP DELUXE LIGHTS \u2013 Globber<\/title>\n<meta name=\"description\" content=\"Play the day away with a light-up, innovative scooter with seat! This light-up 3-in-1 scooter delivers a fun and colourful ride for kids. Don\u2019t miss it!\" \/>\n<meta name=\"robots\" content=\"index, follow, max-snippet:-1, max-image-preview:large, max-video-preview:-1\" \/>\n<link rel=\"canonical\" href=\"https:\/\/www.globber.com\/ro\/product\/goup-deluxe-ecologic-cu-lumini\/\" \/>\n<meta property=\"og:locale\" content=\"ro_RO\" \/>\n<meta property=\"og:type\" content=\"article\" \/>\n<meta property=\"og:title\" content=\"Sit-and-Ride Scooter: GO\u2022UP DELUXE LIGHTS \u2013 Globber\" \/>\n<meta property=\"og:description\" content=\"Play the day away with a light-up, innovative scooter with seat! This light-up 3-in-1 scooter delivers a fun and colourful ride for kids. Don\u2019t miss it!\" \/>\n<meta property=\"og:url\" content=\"https:\/\/www.globber.com\/ro\/product\/goup-deluxe-ecologic-cu-lumini\/\" \/>\n<meta property=\"og:site_name\" content=\"Globber Rom\u00e2nia\" \/>\n<meta property=\"article:modified_time\" content=\"2026-04-29T06:49:24+00:00\" \/>\n<meta property=\"og:image\" content=\"https:\/\/cdn.globber.com\/content\/sites\/16\/2026\/03\/646-706-2_ft-R-1.jpg\" \/>\n\t<meta property=\"og:image:width\" content=\"2048\" \/>\n\t<meta property=\"og:image:height\" content=\"2048\" \/>\n\t<meta property=\"og:image:type\" content=\"image\/jpeg\" \/>\n<meta name=\"twitter:card\" content=\"summary_large_image\" \/>\n<meta name=\"twitter:label1\" content=\"Availability\" \/>\n\t<meta name=\"twitter:data1\" content=\"In stock\" \/>\n<script type=\"application\/ld+json\" class=\"yoast-schema-graph\">{\"@context\":\"https:\/\/schema.org\",\"@graph\":[{\"@type\":[\"WebPage\",\"ItemPage\"],\"@id\":\"https:\/\/www.globber.com\/ro\/product\/goup-deluxe-ecologic-cu-lumini\/\",\"url\":\"https:\/\/www.globber.com\/ro\/product\/goup-deluxe-ecologic-cu-lumini\/\",\"name\":\"Sit-and-Ride Scooter: GO\u2022UP DELUXE LIGHTS \u2013 Globber\",\"isPartOf\":{\"@id\":\"https:\/\/www.globber.com\/ro\/#website\"},\"primaryImageOfPage\":{\"@id\":\"https:\/\/www.globber.com\/ro\/product\/goup-deluxe-ecologic-cu-lumini\/#primaryimage\"},\"image\":{\"@id\":\"https:\/\/www.globber.com\/ro\/product\/goup-deluxe-ecologic-cu-lumini\/#primaryimage\"},\"thumbnailUrl\":\"https:\/\/cdn.globber.com\/content\/sites\/16\/2026\/03\/646-706-2_ft-R-1.jpg\",\"datePublished\":\"2026-03-04T15:06:06+00:00\",\"dateModified\":\"2026-04-29T06:49:24+00:00\",\"description\":\"Play the day away with a light-up, innovative scooter with seat! This light-up 3-in-1 scooter delivers a fun and colourful ride for kids. Don\u2019t miss it!\",\"breadcrumb\":{\"@id\":\"https:\/\/www.globber.com\/ro\/product\/goup-deluxe-ecologic-cu-lumini\/#breadcrumb\"},\"inLanguage\":\"ro-RO\",\"potentialAction\":[{\"@type\":\"ReadAction\",\"target\":[\"https:\/\/www.globber.com\/ro\/product\/goup-deluxe-ecologic-cu-lumini\/\"]}]},{\"@type\":\"ImageObject\",\"inLanguage\":\"ro-RO\",\"@id\":\"https:\/\/www.globber.com\/ro\/product\/goup-deluxe-ecologic-cu-lumini\/#primaryimage\",\"url\":\"https:\/\/cdn.globber.com\/content\/sites\/16\/2026\/03\/646-706-2_ft-R-1.jpg\",\"contentUrl\":\"https:\/\/cdn.globber.com\/content\/sites\/16\/2026\/03\/646-706-2_ft-R-1.jpg\",\"width\":2048,\"height\":2048},{\"@type\":\"BreadcrumbList\",\"@id\":\"https:\/\/www.globber.com\/ro\/product\/goup-deluxe-ecologic-cu-lumini\/#breadcrumb\",\"itemListElement\":[{\"@type\":\"ListItem\",\"position\":1,\"name\":\"Toate produsele\",\"item\":\"https:\/\/www.globber.com\/ro\/shop-by-product\/\"},{\"@type\":\"ListItem\",\"position\":2,\"name\":\"GO\u2022UP DELUXE ECOLOGIC CU LUMINI\"}]},{\"@type\":\"WebSite\",\"@id\":\"https:\/\/www.globber.com\/ro\/#website\",\"url\":\"https:\/\/www.globber.com\/ro\/\",\"name\":\"Globber Rom\u00e2nia\",\"description\":\"Lumea pe ro\u021bi | Globber\",\"publisher\":{\"@id\":\"https:\/\/www.globber.com\/ro\/#organization\"},\"potentialAction\":[{\"@type\":\"SearchAction\",\"target\":{\"@type\":\"EntryPoint\",\"urlTemplate\":\"https:\/\/www.globber.com\/ro\/?s={search_term_string}\"},\"query-input\":{\"@type\":\"PropertyValueSpecification\",\"valueRequired\":true,\"valueName\":\"search_term_string\"}}],\"inLanguage\":\"ro-RO\"},{\"@type\":\"Organization\",\"@id\":\"https:\/\/www.globber.com\/ro\/#organization\",\"name\":\"Globber Rom\u00e2nia\",\"url\":\"https:\/\/www.globber.com\/ro\/\",\"logo\":{\"@type\":\"ImageObject\",\"inLanguage\":\"ro-RO\",\"@id\":\"https:\/\/www.globber.com\/ro\/#\/schema\/logo\/image\/\",\"url\":\"https:\/\/cdn.globber.com\/content\/2024\/05\/logo.svg\",\"contentUrl\":\"https:\/\/cdn.globber.com\/content\/2024\/05\/logo.svg\",\"width\":601,\"height\":112,\"caption\":\"Globber Rom\u00e2nia\"},\"image\":{\"@id\":\"https:\/\/www.globber.com\/ro\/#\/schema\/logo\/image\/\"}}]}<\/script>\n<meta property=\"og:availability\" content=\"instock\" \/>\n<meta property=\"product:availability\" content=\"instock\" \/>\n<meta property=\"product:retailer_item_id\" content=\"646-xxx-1\" \/>\n<meta property=\"product:condition\" content=\"new\" \/>\n<!-- \/ Yoast SEO Premium plugin. -->","yoast_head_json":{"title":"Sit-and-Ride Scooter: GO\u2022UP DELUXE LIGHTS \u2013 Globber","description":"Play the day away with a light-up, innovative scooter with seat! This light-up 3-in-1 scooter delivers a fun and colourful ride for kids. Don\u2019t miss it!","robots":{"index":"index","follow":"follow","max-snippet":"max-snippet:-1","max-image-preview":"max-image-preview:large","max-video-preview":"max-video-preview:-1"},"canonical":"https:\/\/www.globber.com\/ro\/product\/goup-deluxe-ecologic-cu-lumini\/","og_locale":"ro_RO","og_type":"article","og_title":"Sit-and-Ride Scooter: GO\u2022UP DELUXE LIGHTS \u2013 Globber","og_description":"Play the day away with a light-up, innovative scooter with seat! This light-up 3-in-1 scooter delivers a fun and colourful ride for kids. Don\u2019t miss it!","og_url":"https:\/\/www.globber.com\/ro\/product\/goup-deluxe-ecologic-cu-lumini\/","og_site_name":"Globber Rom\u00e2nia","article_modified_time":"2026-04-29T06:49:24+00:00","og_image":[{"width":2048,"height":2048,"url":"https:\/\/cdn.globber.com\/content\/sites\/16\/2026\/03\/646-706-2_ft-R-1.jpg","type":"image\/jpeg"}],"twitter_card":"summary_large_image","twitter_misc":{"Availability":"In stock"},"schema":{"@context":"https:\/\/schema.org","@graph":[{"@type":["WebPage","ItemPage"],"@id":"https:\/\/www.globber.com\/ro\/product\/goup-deluxe-ecologic-cu-lumini\/","url":"https:\/\/www.globber.com\/ro\/product\/goup-deluxe-ecologic-cu-lumini\/","name":"Sit-and-Ride Scooter: GO\u2022UP DELUXE LIGHTS \u2013 Globber","isPartOf":{"@id":"https:\/\/www.globber.com\/ro\/#website"},"primaryImageOfPage":{"@id":"https:\/\/www.globber.com\/ro\/product\/goup-deluxe-ecologic-cu-lumini\/#primaryimage"},"image":{"@id":"https:\/\/www.globber.com\/ro\/product\/goup-deluxe-ecologic-cu-lumini\/#primaryimage"},"thumbnailUrl":"https:\/\/cdn.globber.com\/content\/sites\/16\/2026\/03\/646-706-2_ft-R-1.jpg","datePublished":"2026-03-04T15:06:06+00:00","dateModified":"2026-04-29T06:49:24+00:00","description":"Play the day away with a light-up, innovative scooter with seat! This light-up 3-in-1 scooter delivers a fun and colourful ride for kids. Don\u2019t miss it!","breadcrumb":{"@id":"https:\/\/www.globber.com\/ro\/product\/goup-deluxe-ecologic-cu-lumini\/#breadcrumb"},"inLanguage":"ro-RO","potentialAction":[{"@type":"ReadAction","target":["https:\/\/www.globber.com\/ro\/product\/goup-deluxe-ecologic-cu-lumini\/"]}]},{"@type":"ImageObject","inLanguage":"ro-RO","@id":"https:\/\/www.globber.com\/ro\/product\/goup-deluxe-ecologic-cu-lumini\/#primaryimage","url":"https:\/\/cdn.globber.com\/content\/sites\/16\/2026\/03\/646-706-2_ft-R-1.jpg","contentUrl":"https:\/\/cdn.globber.com\/content\/sites\/16\/2026\/03\/646-706-2_ft-R-1.jpg","width":2048,"height":2048},{"@type":"BreadcrumbList","@id":"https:\/\/www.globber.com\/ro\/product\/goup-deluxe-ecologic-cu-lumini\/#breadcrumb","itemListElement":[{"@type":"ListItem","position":1,"name":"Toate produsele","item":"https:\/\/www.globber.com\/ro\/shop-by-product\/"},{"@type":"ListItem","position":2,"name":"GO\u2022UP DELUXE ECOLOGIC CU LUMINI"}]},{"@type":"WebSite","@id":"https:\/\/www.globber.com\/ro\/#website","url":"https:\/\/www.globber.com\/ro\/","name":"Globber Rom\u00e2nia","description":"Lumea pe ro\u021bi | Globber","publisher":{"@id":"https:\/\/www.globber.com\/ro\/#organization"},"potentialAction":[{"@type":"SearchAction","target":{"@type":"EntryPoint","urlTemplate":"https:\/\/www.globber.com\/ro\/?s={search_term_string}"},"query-input":{"@type":"PropertyValueSpecification","valueRequired":true,"valueName":"search_term_string"}}],"inLanguage":"ro-RO"},{"@type":"Organization","@id":"https:\/\/www.globber.com\/ro\/#organization","name":"Globber Rom\u00e2nia","url":"https:\/\/www.globber.com\/ro\/","logo":{"@type":"ImageObject","inLanguage":"ro-RO","@id":"https:\/\/www.globber.com\/ro\/#\/schema\/logo\/image\/","url":"https:\/\/cdn.globber.com\/content\/2024\/05\/logo.svg","contentUrl":"https:\/\/cdn.globber.com\/content\/2024\/05\/logo.svg","width":601,"height":112,"caption":"Globber Rom\u00e2nia"},"image":{"@id":"https:\/\/www.globber.com\/ro\/#\/schema\/logo\/image\/"}}]},"og_availability":"instock","product_availability":"instock","product_retailer_item_id":"646-xxx-1","product_condition":"new"},"_links":{"self":[{"href":"https:\/\/www.globber.com\/ro\/wp-json\/wp\/v2\/product\/15589","targetHints":{"allow":["GET"]}}],"collection":[{"href":"https:\/\/www.globber.com\/ro\/wp-json\/wp\/v2\/product"}],"about":[{"href":"https:\/\/www.globber.com\/ro\/wp-json\/wp\/v2\/types\/product"}],"replies":[{"embeddable":true,"href":"https:\/\/www.globber.com\/ro\/wp-json\/wp\/v2\/comments?post=15589"}],"wp:featuredmedia":[{"embeddable":true,"href":"https:\/\/www.globber.com\/ro\/wp-json\/wp\/v2\/media\/15934"}],"wp:attachment":[{"href":"https:\/\/www.globber.com\/ro\/wp-json\/wp\/v2\/media?parent=15589"}],"wp:term":[{"taxonomy":"product-special-badges","embeddable":true,"href":"https:\/\/www.globber.com\/ro\/wp-json\/wp\/v2\/product-special-badges?post=15589"},{"taxonomy":"product_brand","embeddable":true,"href":"https:\/\/www.globber.com\/ro\/wp-json\/wp\/v2\/product_brand?post=15589"},{"taxonomy":"product_cat","embeddable":true,"href":"https:\/\/www.globber.com\/ro\/wp-json\/wp\/v2\/product_cat?post=15589"},{"taxonomy":"product_tag","embeddable":true,"href":"https:\/\/www.globber.com\/ro\/wp-json\/wp\/v2\/product_tag?post=15589"}],"curies":[{"name":"wp","href":"https:\/\/api.w.org\/{rel}","templated":true}]}}