{"id":5850,"date":"2022-11-28T14:02:01","date_gmt":"2022-11-28T14:02:01","guid":{"rendered":"http:\/\/www.globber.com\/ro\/product\/goup-deluxe-lights\/"},"modified":"2026-04-27T13:47:17","modified_gmt":"2026-04-27T10:47:17","slug":"go-up-deluxe-lights","status":"publish","type":"product","link":"https:\/\/www.globber.com\/ro\/product\/go-up-deluxe-lights\/","title":{"rendered":"GO\u2022UP DELUXE CU LUMINI"},"content":{"rendered":"<p>Mergi cu trotineta \u00een fiecare zi \u0219i \u00een moduri diferite cu GO\u2022UP! GO\u2022UP DELUXE CU LUMINI este o trotinet\u0103 convertibil\u0103 cu 3 ro\u021bi \u0219i scaun pentru copii mici, care se transform\u0103 \u00eentr-un \"ride-on\", biciclet\u0103 f\u0103r\u0103 pedale \u0219i trotinet\u0103 pentru copii mici. Modurile de \"ride-on\", biciclet\u0103 f\u0103r\u0103 pedale sunt concepute pentru copii cu v\u00e2rsta cuprins\u0103 \u00eentre 15 \u0219i 36 de luni, iar modul de trotinet\u0103 este recomandat pentru copii cu v\u00e2rsta de 3-9+ ani.<\/p>\n<p>GO\u2022UP DELUXE LIGHTS este echipat cu un sistem patentat de pliere, un sistem patentat de blocare a direc\u021biei, un design 100% f\u0103r\u0103 unelte, scaun \u0219i ghidon \"T\" reglabile, o platform\u0103 durabil\u0103 \u0219i ro\u021bi cu LED-uri care nu necesit\u0103 baterii. Bucura\u021bi-v\u0103 la nesf\u00e2r\u0219it de \u00eent\u00e2lniri pline de str\u0103lucire, cu un prieten din copil\u0103rie care va fi al\u0103turi de voi ani de zile!<\/p>\n<p>Deosebit de sustenabil: GO\u2022UP DELUXE LIGHTS este fabricat\u0103 din 35\u201338% plastic reciclat, certificat conform Global Recycled Standard (GRS). Astfel, po\u021bi contribui activ la o mobilitate prietenoas\u0103 cu mediul. Din 2022, GLOBBER a refolosit deja peste 118 tone de materiale reciclate, precum juc\u0103rii vechi, plase de pescuit \u0219i ambalaje.<\/p>\n<p>GO\u2022UP DELUXE LIGHTS \u2013 trotineta sustenabil\u0103, luminoas\u0103 \u0219i multifunc\u021bional\u0103 care \u00ee\u021bi va \u00eenso\u021bi copilul mul\u021bi ani.<\/p>\n","protected":false},"excerpt":{"rendered":"<ul>\n<li>Scaun reglabil pe 3 niveluri de inaltime.<\/li>\n<li>Ghidon reglabil pe \u00een\u0103l\u021bime \u00een 4 pozi\u021bii.<\/li>\n<li>Ro\u021bi fa\u021b\u0103 lumini LED, rulmen\u021bi ABEC 5.<\/li>\n<\/ul>\n","protected":false},"featured_media":4628,"comment_status":"open","ping_status":"closed","template":"","meta":{"_acf_changed":false,"inline_featured_image":false},"product-special-badges":[4012],"product_brand":[],"product_cat":[4004,3560,1691,1696,1694,1247,1630],"product_tag":[3708],"class_list":{"0":"post-5850","1":"product","2":"type-product","3":"status-publish","4":"has-post-thumbnail","6":"product-badges-transformable","7":"product-badges-light-up","8":"product-badges-tool-less","9":"product-badges-foldable","10":"product_cat-sale","11":"product_cat-trotinete-cu-scaun","12":"product_cat-3-wheel-scooters-for-all-ages","13":"product_cat-trotinete-pliabile","14":"product_cat-light-up-scooters","15":"product_cat-go-up-series","16":"product_cat-toddler-scooters-trikes-balance-bikes-2","17":"product_tag-import","18":"product_shipping_class-greutate-medie","19":"pa_adjustable-yes","20":"pa_age-range-15m-9y","21":"pa_brakes-mechanical-rear-brake-composite","22":"pa_color-sky-blue","23":"pa_color-jade","24":"pa_color-lime-green","25":"pa_deck-material-composite-pp-fiber-metal-frame","26":"pa_deck-size-w-12-5cm-x-l-54-5cm","27":"pa_ean-3230","28":"pa_ean-3232","29":"pa_ean-3231","30":"pa_foldable-yes","31":"pa_max-user-weight-20kg-ride-on-walking-bike-mode-50kg-scooter-mode","32":"pa_product-type-walking-bike","33":"pa_product-type-3-wheel-scooter","34":"pa_product-type-ride-on","35":"pa_product-weight-net-4-00kg","36":"pa_recommended-user-height-70cm-to-130cm","37":"pa_seat-heights-27-29-31cm-from-the-ground","38":"pa_t-bar-heights-67-5-72-5-77-5-82-5cm-from-the-ground","39":"pa_wheel-size-121mm-24mm-wide-front","40":"pa_wheel-size-80mm-24mm-wide-rear","41":"pa_wheels-material-high-rebound-pu-casted","42":"pa_wheels-size-121mm-24mm-wide-front","43":"pa_wheels-size-80mm-24mm-wide-rear","45":"first","46":"instock","47":"sale","48":"taxable","49":"shipping-taxable","50":"purchasable","51":"product-type-variable"},"acf":[],"yoast_head":"<!-- This site is optimized with the Yoast SEO Premium plugin v20.12 (Yoast SEO v23.4) - https:\/\/yoast.com\/wordpress\/plugins\/seo\/ -->\n<title>Sit-and-Ride Scooter: GO\u2022UP DELUXE LIGHTS \u2013 Globber<\/title>\n<meta name=\"description\" content=\"Play the day away with a light-up, innovative scooter with seat! This light-up 3-in-1 scooter delivers a fun and colourful ride for kids. Don\u2019t miss it!\" \/>\n<meta name=\"robots\" content=\"index, follow, max-snippet:-1, max-image-preview:large, max-video-preview:-1\" \/>\n<link rel=\"canonical\" href=\"https:\/\/www.globber.com\/ro\/product\/go-up-deluxe-lights\/\" \/>\n<meta property=\"og:locale\" content=\"ro_RO\" \/>\n<meta property=\"og:type\" content=\"article\" \/>\n<meta property=\"og:title\" content=\"Sit-and-Ride Scooter: GO\u2022UP DELUXE LIGHTS \u2013 Globber\" \/>\n<meta property=\"og:description\" content=\"Play the day away with a light-up, innovative scooter with seat! This light-up 3-in-1 scooter delivers a fun and colourful ride for kids. Don\u2019t miss it!\" \/>\n<meta property=\"og:url\" content=\"https:\/\/www.globber.com\/ro\/product\/go-up-deluxe-lights\/\" \/>\n<meta property=\"og:site_name\" content=\"Globber Rom\u00e2nia\" \/>\n<meta property=\"article:modified_time\" content=\"2026-04-27T10:47:17+00:00\" \/>\n<meta property=\"og:image\" content=\"https:\/\/cdn.globber.com\/content\/2022\/11\/6383a197023ec.jpg\" \/>\n\t<meta property=\"og:image:width\" content=\"1920\" \/>\n\t<meta property=\"og:image:height\" content=\"1920\" \/>\n\t<meta property=\"og:image:type\" content=\"image\/jpeg\" \/>\n<meta name=\"twitter:card\" content=\"summary_large_image\" \/>\n<meta name=\"twitter:label1\" content=\"Availability\" \/>\n\t<meta name=\"twitter:data1\" content=\"In stock\" \/>\n<script type=\"application\/ld+json\" class=\"yoast-schema-graph\">{\"@context\":\"https:\/\/schema.org\",\"@graph\":[{\"@type\":[\"WebPage\",\"ItemPage\"],\"@id\":\"https:\/\/www.globber.com\/ro\/product\/go-up-deluxe-lights\/\",\"url\":\"https:\/\/www.globber.com\/ro\/product\/go-up-deluxe-lights\/\",\"name\":\"Sit-and-Ride Scooter: GO\u2022UP DELUXE LIGHTS \u2013 Globber\",\"isPartOf\":{\"@id\":\"https:\/\/www.globber.com\/ro\/#website\"},\"primaryImageOfPage\":{\"@id\":\"https:\/\/www.globber.com\/ro\/product\/go-up-deluxe-lights\/#primaryimage\"},\"image\":{\"@id\":\"https:\/\/www.globber.com\/ro\/product\/go-up-deluxe-lights\/#primaryimage\"},\"thumbnailUrl\":\"https:\/\/cdn.globber.com\/content\/2022\/11\/6383a197023ec.jpg\",\"datePublished\":\"2022-11-28T14:02:01+00:00\",\"dateModified\":\"2026-04-27T10:47:17+00:00\",\"description\":\"Play the day away with a light-up, innovative scooter with seat! This light-up 3-in-1 scooter delivers a fun and colourful ride for kids. Don\u2019t miss it!\",\"breadcrumb\":{\"@id\":\"https:\/\/www.globber.com\/ro\/product\/go-up-deluxe-lights\/#breadcrumb\"},\"inLanguage\":\"ro-RO\",\"potentialAction\":[{\"@type\":\"ReadAction\",\"target\":[\"https:\/\/www.globber.com\/ro\/product\/go-up-deluxe-lights\/\"]}]},{\"@type\":\"ImageObject\",\"inLanguage\":\"ro-RO\",\"@id\":\"https:\/\/www.globber.com\/ro\/product\/go-up-deluxe-lights\/#primaryimage\",\"url\":\"https:\/\/cdn.globber.com\/content\/2022\/11\/6383a197023ec.jpg\",\"contentUrl\":\"https:\/\/cdn.globber.com\/content\/2022\/11\/6383a197023ec.jpg\",\"width\":1920,\"height\":1920},{\"@type\":\"BreadcrumbList\",\"@id\":\"https:\/\/www.globber.com\/ro\/product\/go-up-deluxe-lights\/#breadcrumb\",\"itemListElement\":[{\"@type\":\"ListItem\",\"position\":1,\"name\":\"Toate produsele\",\"item\":\"https:\/\/www.globber.com\/ro\/shop-by-product\/\"},{\"@type\":\"ListItem\",\"position\":2,\"name\":\"GO\u2022UP DELUXE CU LUMINI\"}]},{\"@type\":\"WebSite\",\"@id\":\"https:\/\/www.globber.com\/ro\/#website\",\"url\":\"https:\/\/www.globber.com\/ro\/\",\"name\":\"Globber Rom\u00e2nia\",\"description\":\"Lumea pe ro\u021bi | Globber\",\"publisher\":{\"@id\":\"https:\/\/www.globber.com\/ro\/#organization\"},\"potentialAction\":[{\"@type\":\"SearchAction\",\"target\":{\"@type\":\"EntryPoint\",\"urlTemplate\":\"https:\/\/www.globber.com\/ro\/?s={search_term_string}\"},\"query-input\":{\"@type\":\"PropertyValueSpecification\",\"valueRequired\":true,\"valueName\":\"search_term_string\"}}],\"inLanguage\":\"ro-RO\"},{\"@type\":\"Organization\",\"@id\":\"https:\/\/www.globber.com\/ro\/#organization\",\"name\":\"Globber Rom\u00e2nia\",\"url\":\"https:\/\/www.globber.com\/ro\/\",\"logo\":{\"@type\":\"ImageObject\",\"inLanguage\":\"ro-RO\",\"@id\":\"https:\/\/www.globber.com\/ro\/#\/schema\/logo\/image\/\",\"url\":\"https:\/\/cdn.globber.com\/content\/2024\/05\/logo.svg\",\"contentUrl\":\"https:\/\/cdn.globber.com\/content\/2024\/05\/logo.svg\",\"width\":601,\"height\":112,\"caption\":\"Globber Rom\u00e2nia\"},\"image\":{\"@id\":\"https:\/\/www.globber.com\/ro\/#\/schema\/logo\/image\/\"}}]}<\/script>\n<meta property=\"og:availability\" content=\"instock\" \/>\n<meta property=\"product:availability\" content=\"instock\" \/>\n<meta property=\"product:retailer_item_id\" content=\"646-xxx\" \/>\n<meta property=\"product:condition\" content=\"new\" \/>\n<!-- \/ Yoast SEO Premium plugin. -->","yoast_head_json":{"title":"Sit-and-Ride Scooter: GO\u2022UP DELUXE LIGHTS \u2013 Globber","description":"Play the day away with a light-up, innovative scooter with seat! This light-up 3-in-1 scooter delivers a fun and colourful ride for kids. Don\u2019t miss it!","robots":{"index":"index","follow":"follow","max-snippet":"max-snippet:-1","max-image-preview":"max-image-preview:large","max-video-preview":"max-video-preview:-1"},"canonical":"https:\/\/www.globber.com\/ro\/product\/go-up-deluxe-lights\/","og_locale":"ro_RO","og_type":"article","og_title":"Sit-and-Ride Scooter: GO\u2022UP DELUXE LIGHTS \u2013 Globber","og_description":"Play the day away with a light-up, innovative scooter with seat! This light-up 3-in-1 scooter delivers a fun and colourful ride for kids. Don\u2019t miss it!","og_url":"https:\/\/www.globber.com\/ro\/product\/go-up-deluxe-lights\/","og_site_name":"Globber Rom\u00e2nia","article_modified_time":"2026-04-27T10:47:17+00:00","og_image":[{"width":1920,"height":1920,"url":"https:\/\/cdn.globber.com\/content\/2022\/11\/6383a197023ec.jpg","type":"image\/jpeg"}],"twitter_card":"summary_large_image","twitter_misc":{"Availability":"In stock"},"schema":{"@context":"https:\/\/schema.org","@graph":[{"@type":["WebPage","ItemPage"],"@id":"https:\/\/www.globber.com\/ro\/product\/go-up-deluxe-lights\/","url":"https:\/\/www.globber.com\/ro\/product\/go-up-deluxe-lights\/","name":"Sit-and-Ride Scooter: GO\u2022UP DELUXE LIGHTS \u2013 Globber","isPartOf":{"@id":"https:\/\/www.globber.com\/ro\/#website"},"primaryImageOfPage":{"@id":"https:\/\/www.globber.com\/ro\/product\/go-up-deluxe-lights\/#primaryimage"},"image":{"@id":"https:\/\/www.globber.com\/ro\/product\/go-up-deluxe-lights\/#primaryimage"},"thumbnailUrl":"https:\/\/cdn.globber.com\/content\/2022\/11\/6383a197023ec.jpg","datePublished":"2022-11-28T14:02:01+00:00","dateModified":"2026-04-27T10:47:17+00:00","description":"Play the day away with a light-up, innovative scooter with seat! This light-up 3-in-1 scooter delivers a fun and colourful ride for kids. Don\u2019t miss it!","breadcrumb":{"@id":"https:\/\/www.globber.com\/ro\/product\/go-up-deluxe-lights\/#breadcrumb"},"inLanguage":"ro-RO","potentialAction":[{"@type":"ReadAction","target":["https:\/\/www.globber.com\/ro\/product\/go-up-deluxe-lights\/"]}]},{"@type":"ImageObject","inLanguage":"ro-RO","@id":"https:\/\/www.globber.com\/ro\/product\/go-up-deluxe-lights\/#primaryimage","url":"https:\/\/cdn.globber.com\/content\/2022\/11\/6383a197023ec.jpg","contentUrl":"https:\/\/cdn.globber.com\/content\/2022\/11\/6383a197023ec.jpg","width":1920,"height":1920},{"@type":"BreadcrumbList","@id":"https:\/\/www.globber.com\/ro\/product\/go-up-deluxe-lights\/#breadcrumb","itemListElement":[{"@type":"ListItem","position":1,"name":"Toate produsele","item":"https:\/\/www.globber.com\/ro\/shop-by-product\/"},{"@type":"ListItem","position":2,"name":"GO\u2022UP DELUXE CU LUMINI"}]},{"@type":"WebSite","@id":"https:\/\/www.globber.com\/ro\/#website","url":"https:\/\/www.globber.com\/ro\/","name":"Globber Rom\u00e2nia","description":"Lumea pe ro\u021bi | Globber","publisher":{"@id":"https:\/\/www.globber.com\/ro\/#organization"},"potentialAction":[{"@type":"SearchAction","target":{"@type":"EntryPoint","urlTemplate":"https:\/\/www.globber.com\/ro\/?s={search_term_string}"},"query-input":{"@type":"PropertyValueSpecification","valueRequired":true,"valueName":"search_term_string"}}],"inLanguage":"ro-RO"},{"@type":"Organization","@id":"https:\/\/www.globber.com\/ro\/#organization","name":"Globber Rom\u00e2nia","url":"https:\/\/www.globber.com\/ro\/","logo":{"@type":"ImageObject","inLanguage":"ro-RO","@id":"https:\/\/www.globber.com\/ro\/#\/schema\/logo\/image\/","url":"https:\/\/cdn.globber.com\/content\/2024\/05\/logo.svg","contentUrl":"https:\/\/cdn.globber.com\/content\/2024\/05\/logo.svg","width":601,"height":112,"caption":"Globber Rom\u00e2nia"},"image":{"@id":"https:\/\/www.globber.com\/ro\/#\/schema\/logo\/image\/"}}]},"og_availability":"instock","product_availability":"instock","product_retailer_item_id":"646-xxx","product_condition":"new"},"_links":{"self":[{"href":"https:\/\/www.globber.com\/ro\/wp-json\/wp\/v2\/product\/5850","targetHints":{"allow":["GET"]}}],"collection":[{"href":"https:\/\/www.globber.com\/ro\/wp-json\/wp\/v2\/product"}],"about":[{"href":"https:\/\/www.globber.com\/ro\/wp-json\/wp\/v2\/types\/product"}],"replies":[{"embeddable":true,"href":"https:\/\/www.globber.com\/ro\/wp-json\/wp\/v2\/comments?post=5850"}],"wp:featuredmedia":[{"embeddable":true,"href":"https:\/\/www.globber.com\/ro\/wp-json\/wp\/v2\/media\/4628"}],"wp:attachment":[{"href":"https:\/\/www.globber.com\/ro\/wp-json\/wp\/v2\/media?parent=5850"}],"wp:term":[{"taxonomy":"product-special-badges","embeddable":true,"href":"https:\/\/www.globber.com\/ro\/wp-json\/wp\/v2\/product-special-badges?post=5850"},{"taxonomy":"product_brand","embeddable":true,"href":"https:\/\/www.globber.com\/ro\/wp-json\/wp\/v2\/product_brand?post=5850"},{"taxonomy":"product_cat","embeddable":true,"href":"https:\/\/www.globber.com\/ro\/wp-json\/wp\/v2\/product_cat?post=5850"},{"taxonomy":"product_tag","embeddable":true,"href":"https:\/\/www.globber.com\/ro\/wp-json\/wp\/v2\/product_tag?post=5850"}],"curies":[{"name":"wp","href":"https:\/\/api.w.org\/{rel}","templated":true}]}}