{"id":5886,"date":"2022-11-28T14:03:37","date_gmt":"2022-11-28T14:03:37","guid":{"rendered":"http:\/\/www.globber.com\/ro\/product\/junior-foldable\/"},"modified":"2026-03-28T14:59:21","modified_gmt":"2026-03-28T12:59:21","slug":"junior-foldable","status":"publish","type":"product","link":"https:\/\/www.globber.com\/ro\/product\/junior-foldable\/","title":{"rendered":"JUNIOR PLIABILA"},"content":{"rendered":"<p>Po\u021bi \u00eencepe s\u0103 mergi pe trotinet\u0103 la 2 ani? Cu modelul JUNIOR PLIABIL, po\u021bi! Proiectat av\u00e2nd \u00een vedere copiii mici, aceast\u0103 trotinet\u0103 cu 3 ro\u021bi pentru copii de 2+ ani este echipat\u0103 cu toate caracteristicile esen\u021biale ale trotinetei noastre pentru copii cu 3 ro\u021bi - un sistem patentat de blocare a direc\u021biei \u0219i pliere cu un buton \u0219i un ghidon reglabil - dar redesenat pentru a se potrivi copiilor de 2 ani, cu o platform\u0103 larg\u0103 \u0219i joas\u0103 perfect\u0103 pentru cei mici s\u0103 se al\u0103ture aventurilor pe trotinet\u0103!<\/p>\n<p>Trotineta pentru copii JUNIOR PLIABILA a fost special dezvoltat\u0103 pentru cei mai mici utilizatori \u0219i \u00eembin\u0103 un design prietenos cu copiii cu o tehnologie inteligent\u0103. Platforma lat\u0103, extra joas\u0103, \u0219i ghidonul reglabil asigur\u0103 stabilitate \u0219i siguran\u021b\u0103 \u00een primele experien\u021be de mers.<\/p>\n<p>JUNIOR PLIABILA este intrarea ideal\u0103 \u00een lumea trotinetelor: sigur\u0103, colorat\u0103 \u0219i plin\u0103 de aventur\u0103!<\/p>\n<p>Este realizat\u0103 \u00een propor\u021bie de 25 - 28% din plastic certificat conform Global Recycled Standard (GRS)*. Astfel, contribui activ la o mobilitate prietenoas\u0103 cu mediul. Din 2022, GLOBBER a refolosit deja peste 118 tone de materiale reciclate, precum juc\u0103rii vechi, plase de pescuit \u0219i ambalaje.<\/p>\n<p>GRS este reperul interna\u021bional pentru verificarea prezen\u021bei con\u021binutului reciclat \u00een produsele finite, asigurarea transparen\u021bei materialelor \u0219i promovarea unei economii circulare.<\/p>\n","protected":false},"excerpt":{"rendered":"<ul>\n<li>Sistem patentat de pliere<\/li>\n<li>Ghidon reglabil pe 3 nivele de inaltime (54cm, 61cm \u0219i 68cm de la sol).<\/li>\n<li>Buton de blocare a direc\u021biei<\/li>\n<\/ul>\n","protected":false},"featured_media":3850,"comment_status":"open","ping_status":"closed","template":"","meta":{"_acf_changed":false,"inline_featured_image":false},"product-special-badges":[4012],"product_brand":[],"product_cat":[4004,1691,1696,1679,1630],"product_tag":[3708],"class_list":{"0":"post-5886","1":"product","2":"type-product","3":"status-publish","4":"has-post-thumbnail","6":"product-badges-adjustable","7":"product-badges-foldable","8":"product_cat-sale","9":"product_cat-3-wheel-scooters-for-all-ages","10":"product_cat-trotinete-pliabile","11":"product_cat-junior-series","12":"product_cat-toddler-scooters-trikes-balance-bikes-2","13":"product_tag-import","14":"product_shipping_class-usoare","15":"pa_adjustable-yes","16":"pa_age-range-2y-6y","17":"pa_brakes-mechanical-rear-brake-composite","18":"pa_color-navy-blue","19":"pa_color-fuchsia","20":"pa_color-lime-green","21":"pa_deck-material-composite-pp-fiber-metal-frame","22":"pa_deck-size-w-12-5cm-x-l-54-5cm","23":"pa_ean-3266","24":"pa_ean-3267","25":"pa_ean-3712","26":"pa_foldable-yes","27":"pa_max-user-weight-50kg","28":"pa_product-type-3-wheel-scooter","29":"pa_product-weight-net-2-46kg","30":"pa_recommended-user-height-85-110cm","31":"pa_t-bar-heights-54-61-68cm-from-the-ground","32":"pa_wheels-material-high-rebound-pu-casted","33":"pa_wheels-size-121mm-24mm-wide-front","34":"pa_wheels-size-80mm-24mm-wide-rear","36":"first","37":"instock","38":"sale","39":"taxable","40":"shipping-taxable","41":"purchasable","42":"product-type-variable"},"acf":[],"yoast_head":"<!-- This site is optimized with the Yoast SEO Premium plugin v20.12 (Yoast SEO v23.4) - https:\/\/yoast.com\/wordpress\/plugins\/seo\/ -->\n<title>Scooter for Toddlers: JUNIOR FOLDABLE \u2013 Globber<\/title>\n<meta name=\"description\" content=\"For little toddlers ready to take the world by wheels! Check out this scooter for 2-year-olds that provides the perfect balance of fun and exercise.\" \/>\n<meta name=\"robots\" content=\"index, follow, max-snippet:-1, max-image-preview:large, max-video-preview:-1\" \/>\n<link rel=\"canonical\" href=\"https:\/\/www.globber.com\/ro\/product\/junior-foldable\/\" \/>\n<meta property=\"og:locale\" content=\"ro_RO\" \/>\n<meta property=\"og:type\" content=\"article\" \/>\n<meta property=\"og:title\" content=\"Scooter for Toddlers: JUNIOR FOLDABLE \u2013 Globber\" \/>\n<meta property=\"og:description\" content=\"For little toddlers ready to take the world by wheels! Check out this scooter for 2-year-olds that provides the perfect balance of fun and exercise.\" \/>\n<meta property=\"og:url\" content=\"https:\/\/www.globber.com\/ro\/product\/junior-foldable\/\" \/>\n<meta property=\"og:site_name\" content=\"Globber Rom\u00e2nia\" \/>\n<meta property=\"article:modified_time\" content=\"2026-03-28T12:59:21+00:00\" \/>\n<meta property=\"og:image\" content=\"https:\/\/cdn.globber.com\/content\/2022\/11\/63838c4a9e11d.jpg\" \/>\n\t<meta property=\"og:image:width\" content=\"1920\" \/>\n\t<meta property=\"og:image:height\" content=\"1920\" \/>\n\t<meta property=\"og:image:type\" content=\"image\/jpeg\" \/>\n<meta name=\"twitter:card\" content=\"summary_large_image\" \/>\n<meta name=\"twitter:label1\" content=\"Availability\" \/>\n\t<meta name=\"twitter:data1\" content=\"In stock\" \/>\n<script type=\"application\/ld+json\" class=\"yoast-schema-graph\">{\"@context\":\"https:\/\/schema.org\",\"@graph\":[{\"@type\":[\"WebPage\",\"ItemPage\"],\"@id\":\"https:\/\/www.globber.com\/ro\/product\/junior-foldable\/\",\"url\":\"https:\/\/www.globber.com\/ro\/product\/junior-foldable\/\",\"name\":\"Scooter for Toddlers: JUNIOR FOLDABLE \u2013 Globber\",\"isPartOf\":{\"@id\":\"https:\/\/www.globber.com\/ro\/#website\"},\"primaryImageOfPage\":{\"@id\":\"https:\/\/www.globber.com\/ro\/product\/junior-foldable\/#primaryimage\"},\"image\":{\"@id\":\"https:\/\/www.globber.com\/ro\/product\/junior-foldable\/#primaryimage\"},\"thumbnailUrl\":\"https:\/\/cdn.globber.com\/content\/2022\/11\/63838c4a9e11d.jpg\",\"datePublished\":\"2022-11-28T14:03:37+00:00\",\"dateModified\":\"2026-03-28T12:59:21+00:00\",\"description\":\"For little toddlers ready to take the world by wheels! Check out this scooter for 2-year-olds that provides the perfect balance of fun and exercise.\",\"breadcrumb\":{\"@id\":\"https:\/\/www.globber.com\/ro\/product\/junior-foldable\/#breadcrumb\"},\"inLanguage\":\"ro-RO\",\"potentialAction\":[{\"@type\":\"ReadAction\",\"target\":[\"https:\/\/www.globber.com\/ro\/product\/junior-foldable\/\"]}]},{\"@type\":\"ImageObject\",\"inLanguage\":\"ro-RO\",\"@id\":\"https:\/\/www.globber.com\/ro\/product\/junior-foldable\/#primaryimage\",\"url\":\"https:\/\/cdn.globber.com\/content\/2022\/11\/63838c4a9e11d.jpg\",\"contentUrl\":\"https:\/\/cdn.globber.com\/content\/2022\/11\/63838c4a9e11d.jpg\",\"width\":1920,\"height\":1920},{\"@type\":\"BreadcrumbList\",\"@id\":\"https:\/\/www.globber.com\/ro\/product\/junior-foldable\/#breadcrumb\",\"itemListElement\":[{\"@type\":\"ListItem\",\"position\":1,\"name\":\"Toate produsele\",\"item\":\"https:\/\/www.globber.com\/ro\/shop-by-product\/\"},{\"@type\":\"ListItem\",\"position\":2,\"name\":\"JUNIOR PLIABILA\"}]},{\"@type\":\"WebSite\",\"@id\":\"https:\/\/www.globber.com\/ro\/#website\",\"url\":\"https:\/\/www.globber.com\/ro\/\",\"name\":\"Globber Rom\u00e2nia\",\"description\":\"Lumea pe ro\u021bi | Globber\",\"publisher\":{\"@id\":\"https:\/\/www.globber.com\/ro\/#organization\"},\"potentialAction\":[{\"@type\":\"SearchAction\",\"target\":{\"@type\":\"EntryPoint\",\"urlTemplate\":\"https:\/\/www.globber.com\/ro\/?s={search_term_string}\"},\"query-input\":{\"@type\":\"PropertyValueSpecification\",\"valueRequired\":true,\"valueName\":\"search_term_string\"}}],\"inLanguage\":\"ro-RO\"},{\"@type\":\"Organization\",\"@id\":\"https:\/\/www.globber.com\/ro\/#organization\",\"name\":\"Globber Rom\u00e2nia\",\"url\":\"https:\/\/www.globber.com\/ro\/\",\"logo\":{\"@type\":\"ImageObject\",\"inLanguage\":\"ro-RO\",\"@id\":\"https:\/\/www.globber.com\/ro\/#\/schema\/logo\/image\/\",\"url\":\"https:\/\/cdn.globber.com\/content\/2024\/05\/logo.svg\",\"contentUrl\":\"https:\/\/cdn.globber.com\/content\/2024\/05\/logo.svg\",\"width\":601,\"height\":112,\"caption\":\"Globber Rom\u00e2nia\"},\"image\":{\"@id\":\"https:\/\/www.globber.com\/ro\/#\/schema\/logo\/image\/\"}}]}<\/script>\n<meta property=\"og:availability\" content=\"instock\" \/>\n<meta property=\"product:availability\" content=\"instock\" \/>\n<meta property=\"product:retailer_item_id\" content=\"435-xxx\" \/>\n<meta property=\"product:condition\" content=\"new\" \/>\n<!-- \/ Yoast SEO Premium plugin. -->","yoast_head_json":{"title":"Scooter for Toddlers: JUNIOR FOLDABLE \u2013 Globber","description":"For little toddlers ready to take the world by wheels! Check out this scooter for 2-year-olds that provides the perfect balance of fun and exercise.","robots":{"index":"index","follow":"follow","max-snippet":"max-snippet:-1","max-image-preview":"max-image-preview:large","max-video-preview":"max-video-preview:-1"},"canonical":"https:\/\/www.globber.com\/ro\/product\/junior-foldable\/","og_locale":"ro_RO","og_type":"article","og_title":"Scooter for Toddlers: JUNIOR FOLDABLE \u2013 Globber","og_description":"For little toddlers ready to take the world by wheels! Check out this scooter for 2-year-olds that provides the perfect balance of fun and exercise.","og_url":"https:\/\/www.globber.com\/ro\/product\/junior-foldable\/","og_site_name":"Globber Rom\u00e2nia","article_modified_time":"2026-03-28T12:59:21+00:00","og_image":[{"width":1920,"height":1920,"url":"https:\/\/cdn.globber.com\/content\/2022\/11\/63838c4a9e11d.jpg","type":"image\/jpeg"}],"twitter_card":"summary_large_image","twitter_misc":{"Availability":"In stock"},"schema":{"@context":"https:\/\/schema.org","@graph":[{"@type":["WebPage","ItemPage"],"@id":"https:\/\/www.globber.com\/ro\/product\/junior-foldable\/","url":"https:\/\/www.globber.com\/ro\/product\/junior-foldable\/","name":"Scooter for Toddlers: JUNIOR FOLDABLE \u2013 Globber","isPartOf":{"@id":"https:\/\/www.globber.com\/ro\/#website"},"primaryImageOfPage":{"@id":"https:\/\/www.globber.com\/ro\/product\/junior-foldable\/#primaryimage"},"image":{"@id":"https:\/\/www.globber.com\/ro\/product\/junior-foldable\/#primaryimage"},"thumbnailUrl":"https:\/\/cdn.globber.com\/content\/2022\/11\/63838c4a9e11d.jpg","datePublished":"2022-11-28T14:03:37+00:00","dateModified":"2026-03-28T12:59:21+00:00","description":"For little toddlers ready to take the world by wheels! Check out this scooter for 2-year-olds that provides the perfect balance of fun and exercise.","breadcrumb":{"@id":"https:\/\/www.globber.com\/ro\/product\/junior-foldable\/#breadcrumb"},"inLanguage":"ro-RO","potentialAction":[{"@type":"ReadAction","target":["https:\/\/www.globber.com\/ro\/product\/junior-foldable\/"]}]},{"@type":"ImageObject","inLanguage":"ro-RO","@id":"https:\/\/www.globber.com\/ro\/product\/junior-foldable\/#primaryimage","url":"https:\/\/cdn.globber.com\/content\/2022\/11\/63838c4a9e11d.jpg","contentUrl":"https:\/\/cdn.globber.com\/content\/2022\/11\/63838c4a9e11d.jpg","width":1920,"height":1920},{"@type":"BreadcrumbList","@id":"https:\/\/www.globber.com\/ro\/product\/junior-foldable\/#breadcrumb","itemListElement":[{"@type":"ListItem","position":1,"name":"Toate produsele","item":"https:\/\/www.globber.com\/ro\/shop-by-product\/"},{"@type":"ListItem","position":2,"name":"JUNIOR PLIABILA"}]},{"@type":"WebSite","@id":"https:\/\/www.globber.com\/ro\/#website","url":"https:\/\/www.globber.com\/ro\/","name":"Globber Rom\u00e2nia","description":"Lumea pe ro\u021bi | Globber","publisher":{"@id":"https:\/\/www.globber.com\/ro\/#organization"},"potentialAction":[{"@type":"SearchAction","target":{"@type":"EntryPoint","urlTemplate":"https:\/\/www.globber.com\/ro\/?s={search_term_string}"},"query-input":{"@type":"PropertyValueSpecification","valueRequired":true,"valueName":"search_term_string"}}],"inLanguage":"ro-RO"},{"@type":"Organization","@id":"https:\/\/www.globber.com\/ro\/#organization","name":"Globber Rom\u00e2nia","url":"https:\/\/www.globber.com\/ro\/","logo":{"@type":"ImageObject","inLanguage":"ro-RO","@id":"https:\/\/www.globber.com\/ro\/#\/schema\/logo\/image\/","url":"https:\/\/cdn.globber.com\/content\/2024\/05\/logo.svg","contentUrl":"https:\/\/cdn.globber.com\/content\/2024\/05\/logo.svg","width":601,"height":112,"caption":"Globber Rom\u00e2nia"},"image":{"@id":"https:\/\/www.globber.com\/ro\/#\/schema\/logo\/image\/"}}]},"og_availability":"instock","product_availability":"instock","product_retailer_item_id":"435-xxx","product_condition":"new"},"_links":{"self":[{"href":"https:\/\/www.globber.com\/ro\/wp-json\/wp\/v2\/product\/5886","targetHints":{"allow":["GET"]}}],"collection":[{"href":"https:\/\/www.globber.com\/ro\/wp-json\/wp\/v2\/product"}],"about":[{"href":"https:\/\/www.globber.com\/ro\/wp-json\/wp\/v2\/types\/product"}],"replies":[{"embeddable":true,"href":"https:\/\/www.globber.com\/ro\/wp-json\/wp\/v2\/comments?post=5886"}],"wp:featuredmedia":[{"embeddable":true,"href":"https:\/\/www.globber.com\/ro\/wp-json\/wp\/v2\/media\/3850"}],"wp:attachment":[{"href":"https:\/\/www.globber.com\/ro\/wp-json\/wp\/v2\/media?parent=5886"}],"wp:term":[{"taxonomy":"product-special-badges","embeddable":true,"href":"https:\/\/www.globber.com\/ro\/wp-json\/wp\/v2\/product-special-badges?post=5886"},{"taxonomy":"product_brand","embeddable":true,"href":"https:\/\/www.globber.com\/ro\/wp-json\/wp\/v2\/product_brand?post=5886"},{"taxonomy":"product_cat","embeddable":true,"href":"https:\/\/www.globber.com\/ro\/wp-json\/wp\/v2\/product_cat?post=5886"},{"taxonomy":"product_tag","embeddable":true,"href":"https:\/\/www.globber.com\/ro\/wp-json\/wp\/v2\/product_tag?post=5886"}],"curies":[{"name":"wp","href":"https:\/\/api.w.org\/{rel}","templated":true}]}}