{"id":5888,"date":"2022-11-28T14:03:42","date_gmt":"2022-11-28T14:03:42","guid":{"rendered":"http:\/\/www.globber.com\/ro\/product\/junior-foldable-lights\/"},"modified":"2026-04-20T14:54:21","modified_gmt":"2026-04-20T11:54:21","slug":"junior-foldable-lights","status":"publish","type":"product","link":"https:\/\/www.globber.com\/ro\/product\/junior-foldable-lights\/","title":{"rendered":"JUNIOR PLIABILA CU LUMINI"},"content":{"rendered":"<p>Po\u021bi \u00eencepe s\u0103 mergi pe trotineta la 2 ani? Cu TROTINETA JUNIOR PLIABILA CU LUMINI, po\u021bi! Proiectat special pentru copii mici, aceast\u0103 trotineta cu 3 ro\u021bi \u0219i lumini pentru copii este dotata cu toate caracteristicile esen\u021biale ale trotinetelor noastre cu 3 ro\u021bi pentru copii - un sistem patentat de blocare a direc\u021biei \u0219i pliere cu un buton \u0219i un ghidon reglabil - dar redesenat pentru a se potrivi copiilor de 2 ani, cu o platform\u0103 larg\u0103 \u0219i joas\u0103 \u0219i ro\u021bi cu LED-uri care nu necesit\u0103 baterii. Este perfect pentru cei mici s\u0103 se al\u0103ture aventurilor cu trotineta - cu c\u00e2t merg mai repede, cu at\u00e2t str\u0103lucesc mai tare!<\/p>\n<p>Trotineta pentru copii JUNIOR PLIABILA CU LUMINI a fost special dezvoltat\u0103 pentru cei mai mici utilizatori \u0219i \u00eembin\u0103 un design prietenos cu copiii cu o tehnologie inteligent\u0103. Platforma lat\u0103, extra joas\u0103, ro\u021bile cu LED f\u0103r\u0103 baterii \u0219i ghidonul reglabil asigur\u0103 stabilitate \u0219i siguran\u021b\u0103 \u00een primele experien\u021be de mers.<\/p>\n<p>JUNIOR PLIABILA CU LUMINI este intrarea ideal\u0103 \u00een lumea trotinetelor: sigur\u0103, colorat\u0103 \u0219i plin\u0103 de aventur\u0103!<\/p>\n<p>Este realizat\u0103 \u00een propor\u021bie de 25 - 28% din plastic certificat conform Global Recycled Standard (GRS)*. Astfel, contribui activ la o mobilitate prietenoas\u0103 cu mediul. Din 2022, GLOBBER a refolosit deja peste 118 tone de materiale reciclate, precum juc\u0103rii vechi, plase de pescuit \u0219i ambalaje.<\/p>\n<p>GRS este reperul interna\u021bional pentru verificarea prezen\u021bei con\u021binutului reciclat \u00een produsele finite, asigurarea transparen\u021bei materialelor \u0219i promovarea unei economii circulare.<\/p>\n","protected":false},"excerpt":{"rendered":"<ul>\n<li>Sistem patentat de pliere<\/li>\n<li>Roti cu lumini LED<\/li>\n<li>Ghidon reglabil pe 3 nivele de inaltime (54cm, 61cm \u0219i 68cm de la sol).<\/li>\n<li>Buton de blocare a direc\u021biei<\/li>\n<\/ul>\n","protected":false},"featured_media":4593,"comment_status":"open","ping_status":"closed","template":"","meta":{"_acf_changed":false,"inline_featured_image":false},"product-special-badges":[],"product_brand":[],"product_cat":[1691,1696,1694,1679,1630],"product_tag":[3708],"class_list":{"0":"post-5888","1":"product","2":"type-product","3":"status-publish","4":"has-post-thumbnail","6":"product-badges-light-up","7":"product-badges-adjustable","8":"product-badges-foldable","9":"product_cat-3-wheel-scooters-for-all-ages","10":"product_cat-trotinete-pliabile","11":"product_cat-light-up-scooters","12":"product_cat-junior-series","13":"product_cat-toddler-scooters-trikes-balance-bikes-2","14":"product_tag-import","15":"product_shipping_class-usoare","16":"pa_adjustable-yes","17":"pa_age-range-2y-6y","18":"pa_brakes-mechanical-rear-brake-composite","19":"pa_color-navy-blue","20":"pa_color-fuchsia","21":"pa_color-lime-green","22":"pa_deck-material-composite-pp-fiber-metal-frame","23":"pa_deck-size-w-12-5cm-x-l-54-5cm","24":"pa_ean-3268","25":"pa_ean-3270","26":"pa_ean-3272","27":"pa_foldable-yes","28":"pa_max-user-weight-50kg","29":"pa_product-type-3-wheel-scooter","30":"pa_product-weight-net-2-46kg","31":"pa_recommended-user-height-85-110cm","32":"pa_t-bar-heights-54-61-68cm-from-the-ground","33":"pa_wheels-material-high-rebound-pu-casted","34":"pa_wheels-size-121mm-24mm-wide-front","35":"pa_wheels-size-80mm-24mm-wide-rear","37":"first","38":"instock","39":"taxable","40":"shipping-taxable","41":"purchasable","42":"product-type-variable"},"acf":[],"yoast_head":"<!-- This site is optimized with the Yoast SEO Premium plugin v20.12 (Yoast SEO v23.4) - https:\/\/yoast.com\/wordpress\/plugins\/seo\/ -->\n<title>3-wheel Light-Up Scooter: JUNIOR FOLDABLE LIGHTS \u2013 Globber<\/title>\n<meta name=\"description\" content=\"Get your little one scooting for an adventure on wheels! This light-up scooter for toddlers is bright, portable, and fun to ride. Check it out!\" \/>\n<meta name=\"robots\" content=\"index, follow, max-snippet:-1, max-image-preview:large, max-video-preview:-1\" \/>\n<link rel=\"canonical\" href=\"https:\/\/www.globber.com\/ro\/product\/junior-foldable-lights\/\" \/>\n<meta property=\"og:locale\" content=\"ro_RO\" \/>\n<meta property=\"og:type\" content=\"article\" \/>\n<meta property=\"og:title\" content=\"3-wheel Light-Up Scooter: JUNIOR FOLDABLE LIGHTS \u2013 Globber\" \/>\n<meta property=\"og:description\" content=\"Get your little one scooting for an adventure on wheels! This light-up scooter for toddlers is bright, portable, and fun to ride. Check it out!\" \/>\n<meta property=\"og:url\" content=\"https:\/\/www.globber.com\/ro\/product\/junior-foldable-lights\/\" \/>\n<meta property=\"og:site_name\" content=\"Globber Rom\u00e2nia\" \/>\n<meta property=\"article:modified_time\" content=\"2026-04-20T11:54:21+00:00\" \/>\n<meta property=\"og:image\" content=\"https:\/\/cdn.globber.com\/content\/2022\/11\/6383a0aaae32c.jpg\" \/>\n\t<meta property=\"og:image:width\" content=\"1920\" \/>\n\t<meta property=\"og:image:height\" content=\"1920\" \/>\n\t<meta property=\"og:image:type\" content=\"image\/jpeg\" \/>\n<meta name=\"twitter:card\" content=\"summary_large_image\" \/>\n<meta name=\"twitter:label1\" content=\"Availability\" \/>\n\t<meta name=\"twitter:data1\" content=\"In stock\" \/>\n<script type=\"application\/ld+json\" class=\"yoast-schema-graph\">{\"@context\":\"https:\/\/schema.org\",\"@graph\":[{\"@type\":[\"WebPage\",\"ItemPage\"],\"@id\":\"https:\/\/www.globber.com\/ro\/product\/junior-foldable-lights\/\",\"url\":\"https:\/\/www.globber.com\/ro\/product\/junior-foldable-lights\/\",\"name\":\"3-wheel Light-Up Scooter: JUNIOR FOLDABLE LIGHTS \u2013 Globber\",\"isPartOf\":{\"@id\":\"https:\/\/www.globber.com\/ro\/#website\"},\"primaryImageOfPage\":{\"@id\":\"https:\/\/www.globber.com\/ro\/product\/junior-foldable-lights\/#primaryimage\"},\"image\":{\"@id\":\"https:\/\/www.globber.com\/ro\/product\/junior-foldable-lights\/#primaryimage\"},\"thumbnailUrl\":\"https:\/\/cdn.globber.com\/content\/2022\/11\/6383a0aaae32c.jpg\",\"datePublished\":\"2022-11-28T14:03:42+00:00\",\"dateModified\":\"2026-04-20T11:54:21+00:00\",\"description\":\"Get your little one scooting for an adventure on wheels! This light-up scooter for toddlers is bright, portable, and fun to ride. Check it out!\",\"breadcrumb\":{\"@id\":\"https:\/\/www.globber.com\/ro\/product\/junior-foldable-lights\/#breadcrumb\"},\"inLanguage\":\"ro-RO\",\"potentialAction\":[{\"@type\":\"ReadAction\",\"target\":[\"https:\/\/www.globber.com\/ro\/product\/junior-foldable-lights\/\"]}]},{\"@type\":\"ImageObject\",\"inLanguage\":\"ro-RO\",\"@id\":\"https:\/\/www.globber.com\/ro\/product\/junior-foldable-lights\/#primaryimage\",\"url\":\"https:\/\/cdn.globber.com\/content\/2022\/11\/6383a0aaae32c.jpg\",\"contentUrl\":\"https:\/\/cdn.globber.com\/content\/2022\/11\/6383a0aaae32c.jpg\",\"width\":1920,\"height\":1920},{\"@type\":\"BreadcrumbList\",\"@id\":\"https:\/\/www.globber.com\/ro\/product\/junior-foldable-lights\/#breadcrumb\",\"itemListElement\":[{\"@type\":\"ListItem\",\"position\":1,\"name\":\"Toate produsele\",\"item\":\"https:\/\/www.globber.com\/ro\/shop-by-product\/\"},{\"@type\":\"ListItem\",\"position\":2,\"name\":\"JUNIOR PLIABILA CU LUMINI\"}]},{\"@type\":\"WebSite\",\"@id\":\"https:\/\/www.globber.com\/ro\/#website\",\"url\":\"https:\/\/www.globber.com\/ro\/\",\"name\":\"Globber Rom\u00e2nia\",\"description\":\"Lumea pe ro\u021bi | Globber\",\"publisher\":{\"@id\":\"https:\/\/www.globber.com\/ro\/#organization\"},\"potentialAction\":[{\"@type\":\"SearchAction\",\"target\":{\"@type\":\"EntryPoint\",\"urlTemplate\":\"https:\/\/www.globber.com\/ro\/?s={search_term_string}\"},\"query-input\":{\"@type\":\"PropertyValueSpecification\",\"valueRequired\":true,\"valueName\":\"search_term_string\"}}],\"inLanguage\":\"ro-RO\"},{\"@type\":\"Organization\",\"@id\":\"https:\/\/www.globber.com\/ro\/#organization\",\"name\":\"Globber Rom\u00e2nia\",\"url\":\"https:\/\/www.globber.com\/ro\/\",\"logo\":{\"@type\":\"ImageObject\",\"inLanguage\":\"ro-RO\",\"@id\":\"https:\/\/www.globber.com\/ro\/#\/schema\/logo\/image\/\",\"url\":\"https:\/\/cdn.globber.com\/content\/2024\/05\/logo.svg\",\"contentUrl\":\"https:\/\/cdn.globber.com\/content\/2024\/05\/logo.svg\",\"width\":601,\"height\":112,\"caption\":\"Globber Rom\u00e2nia\"},\"image\":{\"@id\":\"https:\/\/www.globber.com\/ro\/#\/schema\/logo\/image\/\"}}]}<\/script>\n<meta property=\"og:availability\" content=\"instock\" \/>\n<meta property=\"product:availability\" content=\"instock\" \/>\n<meta property=\"product:retailer_item_id\" content=\"437-xxx\" \/>\n<meta property=\"product:condition\" content=\"new\" \/>\n<!-- \/ Yoast SEO Premium plugin. -->","yoast_head_json":{"title":"3-wheel Light-Up Scooter: JUNIOR FOLDABLE LIGHTS \u2013 Globber","description":"Get your little one scooting for an adventure on wheels! This light-up scooter for toddlers is bright, portable, and fun to ride. Check it out!","robots":{"index":"index","follow":"follow","max-snippet":"max-snippet:-1","max-image-preview":"max-image-preview:large","max-video-preview":"max-video-preview:-1"},"canonical":"https:\/\/www.globber.com\/ro\/product\/junior-foldable-lights\/","og_locale":"ro_RO","og_type":"article","og_title":"3-wheel Light-Up Scooter: JUNIOR FOLDABLE LIGHTS \u2013 Globber","og_description":"Get your little one scooting for an adventure on wheels! This light-up scooter for toddlers is bright, portable, and fun to ride. Check it out!","og_url":"https:\/\/www.globber.com\/ro\/product\/junior-foldable-lights\/","og_site_name":"Globber Rom\u00e2nia","article_modified_time":"2026-04-20T11:54:21+00:00","og_image":[{"width":1920,"height":1920,"url":"https:\/\/cdn.globber.com\/content\/2022\/11\/6383a0aaae32c.jpg","type":"image\/jpeg"}],"twitter_card":"summary_large_image","twitter_misc":{"Availability":"In stock"},"schema":{"@context":"https:\/\/schema.org","@graph":[{"@type":["WebPage","ItemPage"],"@id":"https:\/\/www.globber.com\/ro\/product\/junior-foldable-lights\/","url":"https:\/\/www.globber.com\/ro\/product\/junior-foldable-lights\/","name":"3-wheel Light-Up Scooter: JUNIOR FOLDABLE LIGHTS \u2013 Globber","isPartOf":{"@id":"https:\/\/www.globber.com\/ro\/#website"},"primaryImageOfPage":{"@id":"https:\/\/www.globber.com\/ro\/product\/junior-foldable-lights\/#primaryimage"},"image":{"@id":"https:\/\/www.globber.com\/ro\/product\/junior-foldable-lights\/#primaryimage"},"thumbnailUrl":"https:\/\/cdn.globber.com\/content\/2022\/11\/6383a0aaae32c.jpg","datePublished":"2022-11-28T14:03:42+00:00","dateModified":"2026-04-20T11:54:21+00:00","description":"Get your little one scooting for an adventure on wheels! This light-up scooter for toddlers is bright, portable, and fun to ride. Check it out!","breadcrumb":{"@id":"https:\/\/www.globber.com\/ro\/product\/junior-foldable-lights\/#breadcrumb"},"inLanguage":"ro-RO","potentialAction":[{"@type":"ReadAction","target":["https:\/\/www.globber.com\/ro\/product\/junior-foldable-lights\/"]}]},{"@type":"ImageObject","inLanguage":"ro-RO","@id":"https:\/\/www.globber.com\/ro\/product\/junior-foldable-lights\/#primaryimage","url":"https:\/\/cdn.globber.com\/content\/2022\/11\/6383a0aaae32c.jpg","contentUrl":"https:\/\/cdn.globber.com\/content\/2022\/11\/6383a0aaae32c.jpg","width":1920,"height":1920},{"@type":"BreadcrumbList","@id":"https:\/\/www.globber.com\/ro\/product\/junior-foldable-lights\/#breadcrumb","itemListElement":[{"@type":"ListItem","position":1,"name":"Toate produsele","item":"https:\/\/www.globber.com\/ro\/shop-by-product\/"},{"@type":"ListItem","position":2,"name":"JUNIOR PLIABILA CU LUMINI"}]},{"@type":"WebSite","@id":"https:\/\/www.globber.com\/ro\/#website","url":"https:\/\/www.globber.com\/ro\/","name":"Globber Rom\u00e2nia","description":"Lumea pe ro\u021bi | Globber","publisher":{"@id":"https:\/\/www.globber.com\/ro\/#organization"},"potentialAction":[{"@type":"SearchAction","target":{"@type":"EntryPoint","urlTemplate":"https:\/\/www.globber.com\/ro\/?s={search_term_string}"},"query-input":{"@type":"PropertyValueSpecification","valueRequired":true,"valueName":"search_term_string"}}],"inLanguage":"ro-RO"},{"@type":"Organization","@id":"https:\/\/www.globber.com\/ro\/#organization","name":"Globber Rom\u00e2nia","url":"https:\/\/www.globber.com\/ro\/","logo":{"@type":"ImageObject","inLanguage":"ro-RO","@id":"https:\/\/www.globber.com\/ro\/#\/schema\/logo\/image\/","url":"https:\/\/cdn.globber.com\/content\/2024\/05\/logo.svg","contentUrl":"https:\/\/cdn.globber.com\/content\/2024\/05\/logo.svg","width":601,"height":112,"caption":"Globber Rom\u00e2nia"},"image":{"@id":"https:\/\/www.globber.com\/ro\/#\/schema\/logo\/image\/"}}]},"og_availability":"instock","product_availability":"instock","product_retailer_item_id":"437-xxx","product_condition":"new"},"_links":{"self":[{"href":"https:\/\/www.globber.com\/ro\/wp-json\/wp\/v2\/product\/5888","targetHints":{"allow":["GET"]}}],"collection":[{"href":"https:\/\/www.globber.com\/ro\/wp-json\/wp\/v2\/product"}],"about":[{"href":"https:\/\/www.globber.com\/ro\/wp-json\/wp\/v2\/types\/product"}],"replies":[{"embeddable":true,"href":"https:\/\/www.globber.com\/ro\/wp-json\/wp\/v2\/comments?post=5888"}],"wp:featuredmedia":[{"embeddable":true,"href":"https:\/\/www.globber.com\/ro\/wp-json\/wp\/v2\/media\/4593"}],"wp:attachment":[{"href":"https:\/\/www.globber.com\/ro\/wp-json\/wp\/v2\/media?parent=5888"}],"wp:term":[{"taxonomy":"product-special-badges","embeddable":true,"href":"https:\/\/www.globber.com\/ro\/wp-json\/wp\/v2\/product-special-badges?post=5888"},{"taxonomy":"product_brand","embeddable":true,"href":"https:\/\/www.globber.com\/ro\/wp-json\/wp\/v2\/product_brand?post=5888"},{"taxonomy":"product_cat","embeddable":true,"href":"https:\/\/www.globber.com\/ro\/wp-json\/wp\/v2\/product_cat?post=5888"},{"taxonomy":"product_tag","embeddable":true,"href":"https:\/\/www.globber.com\/ro\/wp-json\/wp\/v2\/product_tag?post=5888"}],"curies":[{"name":"wp","href":"https:\/\/api.w.org\/{rel}","templated":true}]}}