{"id":5902,"date":"2022-11-28T14:04:19","date_gmt":"2022-11-28T14:04:19","guid":{"rendered":"http:\/\/www.globber.com\/ro\/product\/e-motion-6\/"},"modified":"2026-03-13T14:51:12","modified_gmt":"2026-03-13T12:51:12","slug":"e-motion-6","status":"publish","type":"product","link":"https:\/\/www.globber.com\/ro\/product\/e-motion-6\/","title":{"rendered":"E-MOTION 6"},"content":{"rendered":"<p>Ce au nevoie copiii? Spa\u021bii deschise, aer curat, joac\u0103 \u00een aer liber \u0219i distrac\u021bie \u00een siguran\u021b\u0103! Toate acestea vin odat\u0103 cu E-MOTION 6, o trotinet\u0103 electric\u0103 sigur\u0103 cu 2 ro\u021bi, u\u0219oar\u0103, pentru copii \u0219i adolescen\u021bi (cu v\u00e2rsta de peste 6 ani) pentru a se juca \u0219i a se plimba toat\u0103 ziua, cu un deck \u0219i ro\u021bi care lumineaz\u0103 calea!<\/p>\n<p>Cu culori vibrante, un motor puternic \u0219i o baterie de calitate, manet\u0103 prietenoas\u0103 pentru copii cu moduri de vitez\u0103 sigure, deck anti-alunecare \u0219i luminos, sistem de fr\u00e2nare dublu, ghidon \"T\" reglabil pe 2 \u00een\u0103l\u021bimi \u0219i ro\u021bi luminoase, E-MOTION 6 este o trotinet\u0103 electric\u0103 cu 2 ro\u021bi fiabil\u0103 \u0219i distractiv\u0103, proiectat\u0103 av\u00e2nd \u00een vedere copiii!<\/p>\n<p>\u26a0\ufe0f Instruc\u021biuni de siguran\u021b\u0103: Trotineta electric\u0103 pentru copii trebuie utilizat\u0103 doar sub supravegherea unui adult. Echipamentul de protec\u021bie adecvat trebuie purtat \u00een permanen\u021b\u0103 \u00een timpul mersului. Utilizarea pe drumurile publice este permis\u0103 doar acolo unde legisla\u021bia o permite. \u00cenainte de fiecare utilizare, fr\u00e2nele, ghidonul \u0219i bateria trebuie verificate pentru func\u021bionare corect\u0103. Trotineta poate fi folosit\u0103 doar de o singur\u0103 persoan\u0103, iar greutatea maxim\u0103 admis\u0103 nu trebuie dep\u0103\u0219it\u0103. Utilizarea se face pe propria r\u0103spundere.<\/p>\n","protected":false},"excerpt":{"rendered":"<ul>\n<li>2 viteze 0-6 km\/h maxim; 0-10 km\/h maxim)\u00a0<\/li>\n<li>Ghidon \"T\" din aluminiu, cu 2 \u00een\u0103l\u021bimi ajustabile, (77.5 \/ 87.5 cm de la sol)<\/li>\n<li>Sistemul dual de fr\u00e2nare inteligent \u0219i puternic.<\/li>\n<\/ul>\n","protected":false},"featured_media":10297,"comment_status":"open","ping_status":"closed","template":"","meta":{"_acf_changed":false,"inline_featured_image":false},"product-special-badges":[],"product_brand":[],"product_cat":[337,1692,1685,399],"product_tag":[3708],"class_list":{"0":"post-5902","1":"product","2":"type-product","3":"status-publish","4":"has-post-thumbnail","6":"product-badges-light-up","7":"product-badges-electric","8":"product-badges-dual-brake","9":"product-badges-anti-slip","10":"product_cat-trotinete-electrice-pentru-toate-varstele","11":"product_cat-trotinete-cu-doua-roti-pentru-toate-varstele","12":"product_cat-e-motion-series","13":"product_cat-scooters-for-kids","14":"product_tag-import","15":"product_shipping_class-greutate-medie","16":"pa_adjustable-yes","17":"pa_age-range-6-12y","18":"pa_battery-lithium-14-4v-2-9ah","19":"pa_brakes-e-abs-mechanical-rear-brake","20":"pa_color-navy-blue","21":"pa_color-coral-pink","22":"pa_deck-material-composite-pp-fiber-metal-frame-silicone-griptape","23":"pa_deck-size-w-12-5cm-x-l-58cm","24":"pa_ean-3282","25":"pa_ean-3284","26":"pa_foldable-no","27":"pa_max-speed-mode-1-0-6-km-h-mode-2-0-10-km-h","28":"pa_max-user-weight-50kg","29":"pa_motorpower-80w-brushless-motor","30":"pa_product-badges-anti-slip","31":"pa_product-badges-light-up","32":"pa_product-badges-electric","33":"pa_product-badges-dual-brake","34":"pa_product-categories-electric-scooters-for-all-ages","35":"pa_product-type-2-wheel-electric-scooter","36":"pa_product-weight-net-4-8kg","37":"pa_range-7-9km","38":"pa_recommended-user-height-115-160cm","39":"pa_t-bar-heights-77-5-87-5cm-from-the-ground","40":"pa_wheel-size-121mm-36mm-wide-front","41":"pa_wheel-size-90mm-50mm-wide-rear","42":"pa_wheels-material-high-rebound-pu-casted","43":"pa_wheels-size-121mm-36mm-wide-front","44":"pa_wheels-size-90mm-50mm-wide-rear","46":"first","47":"instock","48":"taxable","49":"shipping-taxable","50":"purchasable","51":"product-type-variable"},"acf":[],"yoast_head":"<!-- This site is optimized with the Yoast SEO Premium plugin v20.12 (Yoast SEO v23.4) - https:\/\/yoast.com\/wordpress\/plugins\/seo\/ -->\n<title>Electric Scooter for Kids &amp; Teens: E-MOTION 6 \u2013 Globber Scooters<\/title>\n<meta name=\"description\" content=\"Go electric on 2-wheels with Globber! This electric scooter for teens with light-up deck and wheels is super safe and easy to ride. Find out more!\" \/>\n<meta name=\"robots\" content=\"index, follow, max-snippet:-1, max-image-preview:large, max-video-preview:-1\" \/>\n<link rel=\"canonical\" href=\"https:\/\/www.globber.com\/ro\/product\/e-motion-6\/\" \/>\n<meta property=\"og:locale\" content=\"ro_RO\" \/>\n<meta property=\"og:type\" content=\"article\" \/>\n<meta property=\"og:title\" content=\"Electric Scooter for Kids &amp; Teens: E-MOTION 6 \u2013 Globber Scooters\" \/>\n<meta property=\"og:description\" content=\"Go electric on 2-wheels with Globber! This electric scooter for teens with light-up deck and wheels is super safe and easy to ride. Find out more!\" \/>\n<meta property=\"og:url\" content=\"https:\/\/www.globber.com\/ro\/product\/e-motion-6\/\" \/>\n<meta property=\"og:site_name\" content=\"Globber Rom\u00e2nia\" \/>\n<meta property=\"article:modified_time\" content=\"2026-03-13T12:51:12+00:00\" \/>\n<meta property=\"og:image\" content=\"https:\/\/cdn.globber.com\/content\/2024\/05\/756-100_electric-scooter-for-teens.jpg\" \/>\n\t<meta property=\"og:image:width\" content=\"2048\" \/>\n\t<meta property=\"og:image:height\" content=\"2048\" \/>\n\t<meta property=\"og:image:type\" content=\"image\/jpeg\" \/>\n<meta name=\"twitter:card\" content=\"summary_large_image\" \/>\n<meta name=\"twitter:label1\" content=\"Availability\" \/>\n\t<meta name=\"twitter:data1\" content=\"In stock\" \/>\n<script type=\"application\/ld+json\" class=\"yoast-schema-graph\">{\"@context\":\"https:\/\/schema.org\",\"@graph\":[{\"@type\":[\"WebPage\",\"ItemPage\"],\"@id\":\"https:\/\/www.globber.com\/ro\/product\/e-motion-6\/\",\"url\":\"https:\/\/www.globber.com\/ro\/product\/e-motion-6\/\",\"name\":\"Electric Scooter for Kids & Teens: E-MOTION 6 \u2013 Globber Scooters\",\"isPartOf\":{\"@id\":\"https:\/\/www.globber.com\/ro\/#website\"},\"primaryImageOfPage\":{\"@id\":\"https:\/\/www.globber.com\/ro\/product\/e-motion-6\/#primaryimage\"},\"image\":{\"@id\":\"https:\/\/www.globber.com\/ro\/product\/e-motion-6\/#primaryimage\"},\"thumbnailUrl\":\"https:\/\/cdn.globber.com\/content\/2024\/05\/756-100_electric-scooter-for-teens.jpg\",\"datePublished\":\"2022-11-28T14:04:19+00:00\",\"dateModified\":\"2026-03-13T12:51:12+00:00\",\"description\":\"Go electric on 2-wheels with Globber! This electric scooter for teens with light-up deck and wheels is super safe and easy to ride. Find out more!\",\"breadcrumb\":{\"@id\":\"https:\/\/www.globber.com\/ro\/product\/e-motion-6\/#breadcrumb\"},\"inLanguage\":\"ro-RO\",\"potentialAction\":[{\"@type\":\"ReadAction\",\"target\":[\"https:\/\/www.globber.com\/ro\/product\/e-motion-6\/\"]}]},{\"@type\":\"ImageObject\",\"inLanguage\":\"ro-RO\",\"@id\":\"https:\/\/www.globber.com\/ro\/product\/e-motion-6\/#primaryimage\",\"url\":\"https:\/\/cdn.globber.com\/content\/2024\/05\/756-100_electric-scooter-for-teens.jpg\",\"contentUrl\":\"https:\/\/cdn.globber.com\/content\/2024\/05\/756-100_electric-scooter-for-teens.jpg\",\"width\":2048,\"height\":2048},{\"@type\":\"BreadcrumbList\",\"@id\":\"https:\/\/www.globber.com\/ro\/product\/e-motion-6\/#breadcrumb\",\"itemListElement\":[{\"@type\":\"ListItem\",\"position\":1,\"name\":\"Toate produsele\",\"item\":\"https:\/\/www.globber.com\/ro\/shop-by-product\/\"},{\"@type\":\"ListItem\",\"position\":2,\"name\":\"E-MOTION 6\"}]},{\"@type\":\"WebSite\",\"@id\":\"https:\/\/www.globber.com\/ro\/#website\",\"url\":\"https:\/\/www.globber.com\/ro\/\",\"name\":\"Globber Rom\u00e2nia\",\"description\":\"Lumea pe ro\u021bi | Globber\",\"publisher\":{\"@id\":\"https:\/\/www.globber.com\/ro\/#organization\"},\"potentialAction\":[{\"@type\":\"SearchAction\",\"target\":{\"@type\":\"EntryPoint\",\"urlTemplate\":\"https:\/\/www.globber.com\/ro\/?s={search_term_string}\"},\"query-input\":{\"@type\":\"PropertyValueSpecification\",\"valueRequired\":true,\"valueName\":\"search_term_string\"}}],\"inLanguage\":\"ro-RO\"},{\"@type\":\"Organization\",\"@id\":\"https:\/\/www.globber.com\/ro\/#organization\",\"name\":\"Globber Rom\u00e2nia\",\"url\":\"https:\/\/www.globber.com\/ro\/\",\"logo\":{\"@type\":\"ImageObject\",\"inLanguage\":\"ro-RO\",\"@id\":\"https:\/\/www.globber.com\/ro\/#\/schema\/logo\/image\/\",\"url\":\"https:\/\/cdn.globber.com\/content\/2024\/05\/logo.svg\",\"contentUrl\":\"https:\/\/cdn.globber.com\/content\/2024\/05\/logo.svg\",\"width\":601,\"height\":112,\"caption\":\"Globber Rom\u00e2nia\"},\"image\":{\"@id\":\"https:\/\/www.globber.com\/ro\/#\/schema\/logo\/image\/\"}}]}<\/script>\n<meta property=\"og:availability\" content=\"instock\" \/>\n<meta property=\"product:availability\" content=\"instock\" \/>\n<meta property=\"product:retailer_item_id\" content=\"756-xxx\" \/>\n<meta property=\"product:condition\" content=\"new\" \/>\n<!-- \/ Yoast SEO Premium plugin. -->","yoast_head_json":{"title":"Electric Scooter for Kids & Teens: E-MOTION 6 \u2013 Globber Scooters","description":"Go electric on 2-wheels with Globber! This electric scooter for teens with light-up deck and wheels is super safe and easy to ride. Find out more!","robots":{"index":"index","follow":"follow","max-snippet":"max-snippet:-1","max-image-preview":"max-image-preview:large","max-video-preview":"max-video-preview:-1"},"canonical":"https:\/\/www.globber.com\/ro\/product\/e-motion-6\/","og_locale":"ro_RO","og_type":"article","og_title":"Electric Scooter for Kids & Teens: E-MOTION 6 \u2013 Globber Scooters","og_description":"Go electric on 2-wheels with Globber! This electric scooter for teens with light-up deck and wheels is super safe and easy to ride. Find out more!","og_url":"https:\/\/www.globber.com\/ro\/product\/e-motion-6\/","og_site_name":"Globber Rom\u00e2nia","article_modified_time":"2026-03-13T12:51:12+00:00","og_image":[{"width":2048,"height":2048,"url":"https:\/\/cdn.globber.com\/content\/2024\/05\/756-100_electric-scooter-for-teens.jpg","type":"image\/jpeg"}],"twitter_card":"summary_large_image","twitter_misc":{"Availability":"In stock"},"schema":{"@context":"https:\/\/schema.org","@graph":[{"@type":["WebPage","ItemPage"],"@id":"https:\/\/www.globber.com\/ro\/product\/e-motion-6\/","url":"https:\/\/www.globber.com\/ro\/product\/e-motion-6\/","name":"Electric Scooter for Kids & Teens: E-MOTION 6 \u2013 Globber Scooters","isPartOf":{"@id":"https:\/\/www.globber.com\/ro\/#website"},"primaryImageOfPage":{"@id":"https:\/\/www.globber.com\/ro\/product\/e-motion-6\/#primaryimage"},"image":{"@id":"https:\/\/www.globber.com\/ro\/product\/e-motion-6\/#primaryimage"},"thumbnailUrl":"https:\/\/cdn.globber.com\/content\/2024\/05\/756-100_electric-scooter-for-teens.jpg","datePublished":"2022-11-28T14:04:19+00:00","dateModified":"2026-03-13T12:51:12+00:00","description":"Go electric on 2-wheels with Globber! This electric scooter for teens with light-up deck and wheels is super safe and easy to ride. Find out more!","breadcrumb":{"@id":"https:\/\/www.globber.com\/ro\/product\/e-motion-6\/#breadcrumb"},"inLanguage":"ro-RO","potentialAction":[{"@type":"ReadAction","target":["https:\/\/www.globber.com\/ro\/product\/e-motion-6\/"]}]},{"@type":"ImageObject","inLanguage":"ro-RO","@id":"https:\/\/www.globber.com\/ro\/product\/e-motion-6\/#primaryimage","url":"https:\/\/cdn.globber.com\/content\/2024\/05\/756-100_electric-scooter-for-teens.jpg","contentUrl":"https:\/\/cdn.globber.com\/content\/2024\/05\/756-100_electric-scooter-for-teens.jpg","width":2048,"height":2048},{"@type":"BreadcrumbList","@id":"https:\/\/www.globber.com\/ro\/product\/e-motion-6\/#breadcrumb","itemListElement":[{"@type":"ListItem","position":1,"name":"Toate produsele","item":"https:\/\/www.globber.com\/ro\/shop-by-product\/"},{"@type":"ListItem","position":2,"name":"E-MOTION 6"}]},{"@type":"WebSite","@id":"https:\/\/www.globber.com\/ro\/#website","url":"https:\/\/www.globber.com\/ro\/","name":"Globber Rom\u00e2nia","description":"Lumea pe ro\u021bi | Globber","publisher":{"@id":"https:\/\/www.globber.com\/ro\/#organization"},"potentialAction":[{"@type":"SearchAction","target":{"@type":"EntryPoint","urlTemplate":"https:\/\/www.globber.com\/ro\/?s={search_term_string}"},"query-input":{"@type":"PropertyValueSpecification","valueRequired":true,"valueName":"search_term_string"}}],"inLanguage":"ro-RO"},{"@type":"Organization","@id":"https:\/\/www.globber.com\/ro\/#organization","name":"Globber Rom\u00e2nia","url":"https:\/\/www.globber.com\/ro\/","logo":{"@type":"ImageObject","inLanguage":"ro-RO","@id":"https:\/\/www.globber.com\/ro\/#\/schema\/logo\/image\/","url":"https:\/\/cdn.globber.com\/content\/2024\/05\/logo.svg","contentUrl":"https:\/\/cdn.globber.com\/content\/2024\/05\/logo.svg","width":601,"height":112,"caption":"Globber Rom\u00e2nia"},"image":{"@id":"https:\/\/www.globber.com\/ro\/#\/schema\/logo\/image\/"}}]},"og_availability":"instock","product_availability":"instock","product_retailer_item_id":"756-xxx","product_condition":"new"},"_links":{"self":[{"href":"https:\/\/www.globber.com\/ro\/wp-json\/wp\/v2\/product\/5902","targetHints":{"allow":["GET"]}}],"collection":[{"href":"https:\/\/www.globber.com\/ro\/wp-json\/wp\/v2\/product"}],"about":[{"href":"https:\/\/www.globber.com\/ro\/wp-json\/wp\/v2\/types\/product"}],"replies":[{"embeddable":true,"href":"https:\/\/www.globber.com\/ro\/wp-json\/wp\/v2\/comments?post=5902"}],"wp:featuredmedia":[{"embeddable":true,"href":"https:\/\/www.globber.com\/ro\/wp-json\/wp\/v2\/media\/10297"}],"wp:attachment":[{"href":"https:\/\/www.globber.com\/ro\/wp-json\/wp\/v2\/media?parent=5902"}],"wp:term":[{"taxonomy":"product-special-badges","embeddable":true,"href":"https:\/\/www.globber.com\/ro\/wp-json\/wp\/v2\/product-special-badges?post=5902"},{"taxonomy":"product_brand","embeddable":true,"href":"https:\/\/www.globber.com\/ro\/wp-json\/wp\/v2\/product_brand?post=5902"},{"taxonomy":"product_cat","embeddable":true,"href":"https:\/\/www.globber.com\/ro\/wp-json\/wp\/v2\/product_cat?post=5902"},{"taxonomy":"product_tag","embeddable":true,"href":"https:\/\/www.globber.com\/ro\/wp-json\/wp\/v2\/product_tag?post=5902"}],"curies":[{"name":"wp","href":"https:\/\/api.w.org\/{rel}","templated":true}]}}