{"id":5905,"date":"2022-11-28T14:04:26","date_gmt":"2022-11-28T14:04:26","guid":{"rendered":"http:\/\/www.globber.com\/ro\/product\/e-motion-11\/"},"modified":"2026-04-06T17:44:16","modified_gmt":"2026-04-06T14:44:16","slug":"e-motion-11","status":"publish","type":"product","link":"https:\/\/www.globber.com\/ro\/product\/e-motion-11\/","title":{"rendered":"E-MOTION 11"},"content":{"rendered":"<p>Adolescent \u00een cre\u0219tere? Ia-\u021bi E-MOTION 11, o trotinet\u0103 electric\u0103 cu 2 ro\u021bi \u0219i lumini, sigur\u0103 pentru adolescen\u021bi (8 ani \u0219i mai mari) pentru a merge toat\u0103 ziua cu o platform\u0103 care lumineaz\u0103 calea!<\/p>\n<p>Cu culori moderne, un motor puternic \u0219i o baterie de calitate, accelerator u\u0219or de utilizat, deck anti-alunecare cu lumini, sistem de fr\u00e2nare dublu, T-bar reglabil pe \u00een\u0103l\u021bime, E-MOTION 11 este o trotinet\u0103 electric\u0103 de \u00eencredere \u0219i distractiv\u0103 cu 2 ro\u021bi, proiectat\u0103 special pentru adolescen\u021bi!<\/p>\n<p>\u26a0\ufe0f Instruc\u021biuni de siguran\u021b\u0103: Trotineta electric\u0103 pentru copii trebuie utilizat\u0103 doar sub supravegherea unui adult. Echipamentul de protec\u021bie adecvat trebuie purtat \u00een permanen\u021b\u0103 \u00een timpul mersului. Utilizarea pe drumurile publice este permis\u0103 doar acolo unde legisla\u021bia o permite. \u00cenainte de fiecare utilizare, fr\u00e2nele, ghidonul \u0219i bateria trebuie verificate pentru func\u021bionare corect\u0103. Trotineta poate fi folosit\u0103 doar de o singur\u0103 persoan\u0103, iar greutatea maxim\u0103 admis\u0103 nu trebuie dep\u0103\u0219it\u0103. Utilizarea se face pe propria r\u0103spundere.<\/p>\n","protected":false},"excerpt":{"rendered":"<ul>\n<li>2 viteze 0-6 km\/h maxim; 0-10 km\/h maxim)\u00a0<\/li>\n<li>Ghidon \"T\" din aluminiu, reglabil pe \u00een\u0103l\u021bime (81 \/ 91cm de la sol)<\/li>\n<li>Sistemul dual de fr\u00e2nare inteligent \u0219i puternic.<\/li>\n<\/ul>\n","protected":false},"featured_media":10499,"comment_status":"open","ping_status":"closed","template":"","meta":{"_acf_changed":false,"inline_featured_image":false},"product-special-badges":[4012],"product_brand":[],"product_cat":[4004,337,1692,1685,534,485],"product_tag":[3708],"class_list":{"0":"post-5905","1":"product","2":"type-product","3":"status-publish","4":"has-post-thumbnail","6":"product-badges-light-up","7":"product-badges-electric","8":"product-badges-dual-brake","9":"product-badges-anti-slip","10":"product_cat-sale","11":"product_cat-trotinete-electrice-pentru-toate-varstele","12":"product_cat-trotinete-cu-doua-roti-pentru-toate-varstele","13":"product_cat-e-motion-series","14":"product_cat-scooters-for-adults","15":"product_cat-scooters-for-teens","16":"product_tag-import","17":"product_shipping_class-greutate-medie","18":"pa_adjustable-yes","19":"pa_age-range-8y","20":"pa_battery-lithium-21-6v-4-0ah-2","21":"pa_brakes-e-abs-mechanical-rear-brake","22":"pa_color-teal","23":"pa_deck-material-composite-pp-fiber-aluminium-frame-silicone-griptape","24":"pa_deck-size-w-13-5cm-x-l-60cm","25":"pa_ean-3286","26":"pa_foldable-no","27":"pa_max-speed-mode-1-0-6-km-h-mode-2-0-15-km-h","28":"pa_max-user-weight-70kg","29":"pa_motorpower-150w-brushless-motor","30":"pa_product-type-2-wheel-electric-scooter","31":"pa_product-weight-net-7-2kg","32":"pa_range-8-9km","33":"pa_recommended-user-height-120-175cm","34":"pa_t-bar-heights-81-91cm-from-the-ground","35":"pa_wheels-material-high-rebound-rubber","36":"pa_wheels-size-128mm-40mm-rear","37":"pa_wheels-size-150mm-33mm-wide-front","39":"first","40":"instock","41":"sale","42":"taxable","43":"shipping-taxable","44":"purchasable","45":"product-type-variable"},"acf":[],"yoast_head":"<!-- This site is optimized with the Yoast SEO Premium plugin v20.12 (Yoast SEO v23.4) - https:\/\/yoast.com\/wordpress\/plugins\/seo\/ -->\n<title>Electric Kick Scooter: E-MOTION 11 \u2013 Globber<\/title>\n<meta name=\"description\" content=\"A safe 2-wheel e-scooter for teens to scoot all day with friends! Discover this electric scooter with lights, a reliable and fun ride to get around town.\" \/>\n<meta name=\"robots\" content=\"index, follow, max-snippet:-1, max-image-preview:large, max-video-preview:-1\" \/>\n<link rel=\"canonical\" href=\"https:\/\/www.globber.com\/ro\/product\/e-motion-11\/\" \/>\n<meta property=\"og:locale\" content=\"ro_RO\" \/>\n<meta property=\"og:type\" content=\"article\" \/>\n<meta property=\"og:title\" content=\"Electric Kick Scooter: E-MOTION 11 \u2013 Globber\" \/>\n<meta property=\"og:description\" content=\"A safe 2-wheel e-scooter for teens to scoot all day with friends! Discover this electric scooter with lights, a reliable and fun ride to get around town.\" \/>\n<meta property=\"og:url\" content=\"https:\/\/www.globber.com\/ro\/product\/e-motion-11\/\" \/>\n<meta property=\"og:site_name\" content=\"Globber Rom\u00e2nia\" \/>\n<meta property=\"article:modified_time\" content=\"2026-04-06T14:44:16+00:00\" \/>\n<meta property=\"og:image\" content=\"https:\/\/cdn.globber.com\/content\/2024\/05\/659-105_electric-mobility-scooter-for-teens.jpg\" \/>\n\t<meta property=\"og:image:width\" content=\"2048\" \/>\n\t<meta property=\"og:image:height\" content=\"2048\" \/>\n\t<meta property=\"og:image:type\" content=\"image\/jpeg\" \/>\n<meta name=\"twitter:card\" content=\"summary_large_image\" \/>\n<meta name=\"twitter:label1\" content=\"Availability\" \/>\n\t<meta name=\"twitter:data1\" content=\"In stock\" \/>\n<script type=\"application\/ld+json\" class=\"yoast-schema-graph\">{\"@context\":\"https:\/\/schema.org\",\"@graph\":[{\"@type\":[\"WebPage\",\"ItemPage\"],\"@id\":\"https:\/\/www.globber.com\/ro\/product\/e-motion-11\/\",\"url\":\"https:\/\/www.globber.com\/ro\/product\/e-motion-11\/\",\"name\":\"Electric Kick Scooter: E-MOTION 11 \u2013 Globber\",\"isPartOf\":{\"@id\":\"https:\/\/www.globber.com\/ro\/#website\"},\"primaryImageOfPage\":{\"@id\":\"https:\/\/www.globber.com\/ro\/product\/e-motion-11\/#primaryimage\"},\"image\":{\"@id\":\"https:\/\/www.globber.com\/ro\/product\/e-motion-11\/#primaryimage\"},\"thumbnailUrl\":\"https:\/\/cdn.globber.com\/content\/2024\/05\/659-105_electric-mobility-scooter-for-teens.jpg\",\"datePublished\":\"2022-11-28T14:04:26+00:00\",\"dateModified\":\"2026-04-06T14:44:16+00:00\",\"description\":\"A safe 2-wheel e-scooter for teens to scoot all day with friends! Discover this electric scooter with lights, a reliable and fun ride to get around town.\",\"breadcrumb\":{\"@id\":\"https:\/\/www.globber.com\/ro\/product\/e-motion-11\/#breadcrumb\"},\"inLanguage\":\"ro-RO\",\"potentialAction\":[{\"@type\":\"ReadAction\",\"target\":[\"https:\/\/www.globber.com\/ro\/product\/e-motion-11\/\"]}]},{\"@type\":\"ImageObject\",\"inLanguage\":\"ro-RO\",\"@id\":\"https:\/\/www.globber.com\/ro\/product\/e-motion-11\/#primaryimage\",\"url\":\"https:\/\/cdn.globber.com\/content\/2024\/05\/659-105_electric-mobility-scooter-for-teens.jpg\",\"contentUrl\":\"https:\/\/cdn.globber.com\/content\/2024\/05\/659-105_electric-mobility-scooter-for-teens.jpg\",\"width\":2048,\"height\":2048},{\"@type\":\"BreadcrumbList\",\"@id\":\"https:\/\/www.globber.com\/ro\/product\/e-motion-11\/#breadcrumb\",\"itemListElement\":[{\"@type\":\"ListItem\",\"position\":1,\"name\":\"Toate produsele\",\"item\":\"https:\/\/www.globber.com\/ro\/shop-by-product\/\"},{\"@type\":\"ListItem\",\"position\":2,\"name\":\"E-MOTION 11\"}]},{\"@type\":\"WebSite\",\"@id\":\"https:\/\/www.globber.com\/ro\/#website\",\"url\":\"https:\/\/www.globber.com\/ro\/\",\"name\":\"Globber Rom\u00e2nia\",\"description\":\"Lumea pe ro\u021bi | Globber\",\"publisher\":{\"@id\":\"https:\/\/www.globber.com\/ro\/#organization\"},\"potentialAction\":[{\"@type\":\"SearchAction\",\"target\":{\"@type\":\"EntryPoint\",\"urlTemplate\":\"https:\/\/www.globber.com\/ro\/?s={search_term_string}\"},\"query-input\":{\"@type\":\"PropertyValueSpecification\",\"valueRequired\":true,\"valueName\":\"search_term_string\"}}],\"inLanguage\":\"ro-RO\"},{\"@type\":\"Organization\",\"@id\":\"https:\/\/www.globber.com\/ro\/#organization\",\"name\":\"Globber Rom\u00e2nia\",\"url\":\"https:\/\/www.globber.com\/ro\/\",\"logo\":{\"@type\":\"ImageObject\",\"inLanguage\":\"ro-RO\",\"@id\":\"https:\/\/www.globber.com\/ro\/#\/schema\/logo\/image\/\",\"url\":\"https:\/\/cdn.globber.com\/content\/2024\/05\/logo.svg\",\"contentUrl\":\"https:\/\/cdn.globber.com\/content\/2024\/05\/logo.svg\",\"width\":601,\"height\":112,\"caption\":\"Globber Rom\u00e2nia\"},\"image\":{\"@id\":\"https:\/\/www.globber.com\/ro\/#\/schema\/logo\/image\/\"}}]}<\/script>\n<meta property=\"og:availability\" content=\"instock\" \/>\n<meta property=\"product:availability\" content=\"instock\" \/>\n<meta property=\"product:retailer_item_id\" content=\"659-xxx\" \/>\n<meta property=\"product:condition\" content=\"new\" \/>\n<!-- \/ Yoast SEO Premium plugin. -->","yoast_head_json":{"title":"Electric Kick Scooter: E-MOTION 11 \u2013 Globber","description":"A safe 2-wheel e-scooter for teens to scoot all day with friends! Discover this electric scooter with lights, a reliable and fun ride to get around town.","robots":{"index":"index","follow":"follow","max-snippet":"max-snippet:-1","max-image-preview":"max-image-preview:large","max-video-preview":"max-video-preview:-1"},"canonical":"https:\/\/www.globber.com\/ro\/product\/e-motion-11\/","og_locale":"ro_RO","og_type":"article","og_title":"Electric Kick Scooter: E-MOTION 11 \u2013 Globber","og_description":"A safe 2-wheel e-scooter for teens to scoot all day with friends! Discover this electric scooter with lights, a reliable and fun ride to get around town.","og_url":"https:\/\/www.globber.com\/ro\/product\/e-motion-11\/","og_site_name":"Globber Rom\u00e2nia","article_modified_time":"2026-04-06T14:44:16+00:00","og_image":[{"width":2048,"height":2048,"url":"https:\/\/cdn.globber.com\/content\/2024\/05\/659-105_electric-mobility-scooter-for-teens.jpg","type":"image\/jpeg"}],"twitter_card":"summary_large_image","twitter_misc":{"Availability":"In stock"},"schema":{"@context":"https:\/\/schema.org","@graph":[{"@type":["WebPage","ItemPage"],"@id":"https:\/\/www.globber.com\/ro\/product\/e-motion-11\/","url":"https:\/\/www.globber.com\/ro\/product\/e-motion-11\/","name":"Electric Kick Scooter: E-MOTION 11 \u2013 Globber","isPartOf":{"@id":"https:\/\/www.globber.com\/ro\/#website"},"primaryImageOfPage":{"@id":"https:\/\/www.globber.com\/ro\/product\/e-motion-11\/#primaryimage"},"image":{"@id":"https:\/\/www.globber.com\/ro\/product\/e-motion-11\/#primaryimage"},"thumbnailUrl":"https:\/\/cdn.globber.com\/content\/2024\/05\/659-105_electric-mobility-scooter-for-teens.jpg","datePublished":"2022-11-28T14:04:26+00:00","dateModified":"2026-04-06T14:44:16+00:00","description":"A safe 2-wheel e-scooter for teens to scoot all day with friends! Discover this electric scooter with lights, a reliable and fun ride to get around town.","breadcrumb":{"@id":"https:\/\/www.globber.com\/ro\/product\/e-motion-11\/#breadcrumb"},"inLanguage":"ro-RO","potentialAction":[{"@type":"ReadAction","target":["https:\/\/www.globber.com\/ro\/product\/e-motion-11\/"]}]},{"@type":"ImageObject","inLanguage":"ro-RO","@id":"https:\/\/www.globber.com\/ro\/product\/e-motion-11\/#primaryimage","url":"https:\/\/cdn.globber.com\/content\/2024\/05\/659-105_electric-mobility-scooter-for-teens.jpg","contentUrl":"https:\/\/cdn.globber.com\/content\/2024\/05\/659-105_electric-mobility-scooter-for-teens.jpg","width":2048,"height":2048},{"@type":"BreadcrumbList","@id":"https:\/\/www.globber.com\/ro\/product\/e-motion-11\/#breadcrumb","itemListElement":[{"@type":"ListItem","position":1,"name":"Toate produsele","item":"https:\/\/www.globber.com\/ro\/shop-by-product\/"},{"@type":"ListItem","position":2,"name":"E-MOTION 11"}]},{"@type":"WebSite","@id":"https:\/\/www.globber.com\/ro\/#website","url":"https:\/\/www.globber.com\/ro\/","name":"Globber Rom\u00e2nia","description":"Lumea pe ro\u021bi | Globber","publisher":{"@id":"https:\/\/www.globber.com\/ro\/#organization"},"potentialAction":[{"@type":"SearchAction","target":{"@type":"EntryPoint","urlTemplate":"https:\/\/www.globber.com\/ro\/?s={search_term_string}"},"query-input":{"@type":"PropertyValueSpecification","valueRequired":true,"valueName":"search_term_string"}}],"inLanguage":"ro-RO"},{"@type":"Organization","@id":"https:\/\/www.globber.com\/ro\/#organization","name":"Globber Rom\u00e2nia","url":"https:\/\/www.globber.com\/ro\/","logo":{"@type":"ImageObject","inLanguage":"ro-RO","@id":"https:\/\/www.globber.com\/ro\/#\/schema\/logo\/image\/","url":"https:\/\/cdn.globber.com\/content\/2024\/05\/logo.svg","contentUrl":"https:\/\/cdn.globber.com\/content\/2024\/05\/logo.svg","width":601,"height":112,"caption":"Globber Rom\u00e2nia"},"image":{"@id":"https:\/\/www.globber.com\/ro\/#\/schema\/logo\/image\/"}}]},"og_availability":"instock","product_availability":"instock","product_retailer_item_id":"659-xxx","product_condition":"new"},"_links":{"self":[{"href":"https:\/\/www.globber.com\/ro\/wp-json\/wp\/v2\/product\/5905","targetHints":{"allow":["GET"]}}],"collection":[{"href":"https:\/\/www.globber.com\/ro\/wp-json\/wp\/v2\/product"}],"about":[{"href":"https:\/\/www.globber.com\/ro\/wp-json\/wp\/v2\/types\/product"}],"replies":[{"embeddable":true,"href":"https:\/\/www.globber.com\/ro\/wp-json\/wp\/v2\/comments?post=5905"}],"wp:featuredmedia":[{"embeddable":true,"href":"https:\/\/www.globber.com\/ro\/wp-json\/wp\/v2\/media\/10499"}],"wp:attachment":[{"href":"https:\/\/www.globber.com\/ro\/wp-json\/wp\/v2\/media?parent=5905"}],"wp:term":[{"taxonomy":"product-special-badges","embeddable":true,"href":"https:\/\/www.globber.com\/ro\/wp-json\/wp\/v2\/product-special-badges?post=5905"},{"taxonomy":"product_brand","embeddable":true,"href":"https:\/\/www.globber.com\/ro\/wp-json\/wp\/v2\/product_brand?post=5905"},{"taxonomy":"product_cat","embeddable":true,"href":"https:\/\/www.globber.com\/ro\/wp-json\/wp\/v2\/product_cat?post=5905"},{"taxonomy":"product_tag","embeddable":true,"href":"https:\/\/www.globber.com\/ro\/wp-json\/wp\/v2\/product_tag?post=5905"}],"curies":[{"name":"wp","href":"https:\/\/api.w.org\/{rel}","templated":true}]}}