{"id":5908,"date":"2022-11-28T14:04:35","date_gmt":"2022-11-28T14:04:35","guid":{"rendered":"http:\/\/www.globber.com\/ro\/product\/e-motion-14\/"},"modified":"2026-03-19T17:25:51","modified_gmt":"2026-03-19T15:25:51","slug":"e-motion-14","status":"publish","type":"product","link":"https:\/\/www.globber.com\/ro\/product\/e-motion-14\/","title":{"rendered":"E-MOTION 14"},"content":{"rendered":"<p>Adolescen\u021bii \u00een cre\u0219tere rapid\u0103 au nevoie de o trotinet\u0103 care s\u0103 \u021bin\u0103 pasul! E-MOTION 14 este o trotinet\u0103 electric\u0103 pliabil\u0103 cu 2 ro\u021bi \u0219i lumini pentru adolescen\u021bi (cu v\u00e2rsta de peste 12 ani) pentru a c\u0103l\u0103torii toat\u0103 ziua pe o trotinet\u0103 care lumineaz\u0103 calea!<\/p>\n<p>Cu culori elegante, un motor puternic \u0219i o baterie de calitate, suspensie frontal\u0103 \u00eencorporat\u0103, sistem de pliere patentat, manet\u0103 de accelera\u021bie u\u0219or de utilizat, platform\u0103 antiderapant\u0103 cu lumini, ghidon cu ecran LCD, sistem de fr\u00e2nare dublu \u0219i clopo\u021bel ISO \u0219i lumin\u0103, E-MOTION 14 este o trotinet\u0103 electric\u0103 cu 2 ro\u021bi fiabil\u0103 \u0219i distractiv\u0103, proiectat\u0103 av\u00e2nd \u00een vedere adolescen\u021bii!<\/p>\n<p>\u26a0\ufe0f Instruc\u021biuni de siguran\u021b\u0103: Trotineta electric\u0103 pentru copii trebuie utilizat\u0103 doar sub supravegherea unui adult. Echipamentul de protec\u021bie adecvat trebuie purtat \u00een permanen\u021b\u0103 \u00een timpul mersului. Utilizarea pe drumurile publice este permis\u0103 doar acolo unde legisla\u021bia o permite. \u00cenainte de fiecare utilizare, fr\u00e2nele, ghidonul \u0219i bateria trebuie verificate pentru func\u021bionare corect\u0103. Trotineta poate fi folosit\u0103 doar de o singur\u0103 persoan\u0103, iar greutatea maxim\u0103 admis\u0103 nu trebuie dep\u0103\u0219it\u0103. Utilizarea se face pe propria r\u0103spundere.<\/p>\n","protected":false},"excerpt":{"rendered":"<ul>\n<li>2 viteze 0\u20136 km\/h max; 0\u201315 km\/h max<\/li>\n<li>Ghidon \"T\" din aluminiu, pliabil, cu ecran LCD, cu 2 \u00een\u0103l\u021bimi ajustabile, (77.5 \/ 87.5 cm de la sol)<\/li>\n<li>Sistem de fr\u00e2nare dublu, inteligent \u0219i robust.<\/li>\n<\/ul>\n","protected":false},"featured_media":10889,"comment_status":"open","ping_status":"closed","template":"","meta":{"_acf_changed":false,"inline_featured_image":false},"product-special-badges":[4012],"product_brand":[],"product_cat":[4004,337,1692,1696,1685,534,485],"product_tag":[3708],"class_list":{"0":"post-5908","1":"product","2":"type-product","3":"status-publish","4":"has-post-thumbnail","6":"product-badges-light-up","7":"product-badges-electric","8":"product-badges-dual-brake","9":"product-badges-anti-slip","10":"product-badges-foldable","11":"product_cat-sale","12":"product_cat-trotinete-electrice-pentru-toate-varstele","13":"product_cat-trotinete-cu-doua-roti-pentru-toate-varstele","14":"product_cat-trotinete-pliabile","15":"product_cat-e-motion-series","16":"product_cat-scooters-for-adults","17":"product_cat-scooters-for-teens","18":"product_tag-import","19":"product_shipping_class-greutate-medie","20":"pa_adjustable-no","21":"pa_age-range-12y-to-adults","22":"pa_battery-lithium-21-6v-4-0ah","23":"pa_brakes-e-abs-mechanical-rear-brake","24":"pa_color-sky-blue","25":"pa_deck-material-composite-pp-fiber-aluminium-frame-silicone-griptape","26":"pa_deck-size-w-13-5cm-x-l-59cm","27":"pa_ean-3288","28":"pa_foldable-yes","29":"pa_max-speed-mode-1-0-6-km-h-mode-2-0-15-km-h","30":"pa_max-user-weight-70kg","31":"pa_motorpower-200w-brushless-motor","32":"pa_product-type-2-wheel-electric-scooter","33":"pa_product-weight-net-8-30kg","34":"pa_range-9-11km","35":"pa_recommended-user-height-145-175cm","36":"pa_wheels-material-high-rebound-rubber","37":"pa_wheels-size-128mm-40mm-rear","38":"pa_wheels-size-150mm-33mm-wide-front","40":"first","41":"instock","42":"sale","43":"taxable","44":"shipping-taxable","45":"purchasable","46":"product-type-variable"},"acf":[],"yoast_head":"<!-- This site is optimized with the Yoast SEO Premium plugin v20.12 (Yoast SEO v23.4) - https:\/\/yoast.com\/wordpress\/plugins\/seo\/ -->\n<title>Foldable Electric Scooter: E-MOTION 14 \u2013 Globber<\/title>\n<meta name=\"description\" content=\"E-scoot around town and let your deck light your way! The perfect foldable electric scooter for growing teens to enjoy riding. Find out more!\" \/>\n<meta name=\"robots\" content=\"index, follow, max-snippet:-1, max-image-preview:large, max-video-preview:-1\" \/>\n<link rel=\"canonical\" href=\"https:\/\/www.globber.com\/ro\/product\/e-motion-14\/\" \/>\n<meta property=\"og:locale\" content=\"ro_RO\" \/>\n<meta property=\"og:type\" content=\"article\" \/>\n<meta property=\"og:title\" content=\"Foldable Electric Scooter: E-MOTION 14 \u2013 Globber\" \/>\n<meta property=\"og:description\" content=\"E-scoot around town and let your deck light your way! The perfect foldable electric scooter for growing teens to enjoy riding. Find out more!\" \/>\n<meta property=\"og:url\" content=\"https:\/\/www.globber.com\/ro\/product\/e-motion-14\/\" \/>\n<meta property=\"og:site_name\" content=\"Globber Rom\u00e2nia\" \/>\n<meta property=\"article:modified_time\" content=\"2026-03-19T15:25:51+00:00\" \/>\n<meta property=\"og:image\" content=\"https:\/\/cdn.globber.com\/content\/2022\/11\/750-101_electric-scooter-with-suspension-1.jpg\" \/>\n\t<meta property=\"og:image:width\" content=\"2048\" \/>\n\t<meta property=\"og:image:height\" content=\"2048\" \/>\n\t<meta property=\"og:image:type\" content=\"image\/jpeg\" \/>\n<meta name=\"twitter:card\" content=\"summary_large_image\" \/>\n<meta name=\"twitter:label1\" content=\"Availability\" \/>\n\t<meta name=\"twitter:data1\" content=\"In stock\" \/>\n<script type=\"application\/ld+json\" class=\"yoast-schema-graph\">{\"@context\":\"https:\/\/schema.org\",\"@graph\":[{\"@type\":[\"WebPage\",\"ItemPage\"],\"@id\":\"https:\/\/www.globber.com\/ro\/product\/e-motion-14\/\",\"url\":\"https:\/\/www.globber.com\/ro\/product\/e-motion-14\/\",\"name\":\"Foldable Electric Scooter: E-MOTION 14 \u2013 Globber\",\"isPartOf\":{\"@id\":\"https:\/\/www.globber.com\/ro\/#website\"},\"primaryImageOfPage\":{\"@id\":\"https:\/\/www.globber.com\/ro\/product\/e-motion-14\/#primaryimage\"},\"image\":{\"@id\":\"https:\/\/www.globber.com\/ro\/product\/e-motion-14\/#primaryimage\"},\"thumbnailUrl\":\"https:\/\/cdn.globber.com\/content\/2022\/11\/750-101_electric-scooter-with-suspension-1.jpg\",\"datePublished\":\"2022-11-28T14:04:35+00:00\",\"dateModified\":\"2026-03-19T15:25:51+00:00\",\"description\":\"E-scoot around town and let your deck light your way! The perfect foldable electric scooter for growing teens to enjoy riding. Find out more!\",\"breadcrumb\":{\"@id\":\"https:\/\/www.globber.com\/ro\/product\/e-motion-14\/#breadcrumb\"},\"inLanguage\":\"ro-RO\",\"potentialAction\":[{\"@type\":\"ReadAction\",\"target\":[\"https:\/\/www.globber.com\/ro\/product\/e-motion-14\/\"]}]},{\"@type\":\"ImageObject\",\"inLanguage\":\"ro-RO\",\"@id\":\"https:\/\/www.globber.com\/ro\/product\/e-motion-14\/#primaryimage\",\"url\":\"https:\/\/cdn.globber.com\/content\/2022\/11\/750-101_electric-scooter-with-suspension-1.jpg\",\"contentUrl\":\"https:\/\/cdn.globber.com\/content\/2022\/11\/750-101_electric-scooter-with-suspension-1.jpg\",\"width\":2048,\"height\":2048},{\"@type\":\"BreadcrumbList\",\"@id\":\"https:\/\/www.globber.com\/ro\/product\/e-motion-14\/#breadcrumb\",\"itemListElement\":[{\"@type\":\"ListItem\",\"position\":1,\"name\":\"Toate produsele\",\"item\":\"https:\/\/www.globber.com\/ro\/shop-by-product\/\"},{\"@type\":\"ListItem\",\"position\":2,\"name\":\"E-MOTION 14\"}]},{\"@type\":\"WebSite\",\"@id\":\"https:\/\/www.globber.com\/ro\/#website\",\"url\":\"https:\/\/www.globber.com\/ro\/\",\"name\":\"Globber Rom\u00e2nia\",\"description\":\"Lumea pe ro\u021bi | Globber\",\"publisher\":{\"@id\":\"https:\/\/www.globber.com\/ro\/#organization\"},\"potentialAction\":[{\"@type\":\"SearchAction\",\"target\":{\"@type\":\"EntryPoint\",\"urlTemplate\":\"https:\/\/www.globber.com\/ro\/?s={search_term_string}\"},\"query-input\":{\"@type\":\"PropertyValueSpecification\",\"valueRequired\":true,\"valueName\":\"search_term_string\"}}],\"inLanguage\":\"ro-RO\"},{\"@type\":\"Organization\",\"@id\":\"https:\/\/www.globber.com\/ro\/#organization\",\"name\":\"Globber Rom\u00e2nia\",\"url\":\"https:\/\/www.globber.com\/ro\/\",\"logo\":{\"@type\":\"ImageObject\",\"inLanguage\":\"ro-RO\",\"@id\":\"https:\/\/www.globber.com\/ro\/#\/schema\/logo\/image\/\",\"url\":\"https:\/\/cdn.globber.com\/content\/2024\/05\/logo.svg\",\"contentUrl\":\"https:\/\/cdn.globber.com\/content\/2024\/05\/logo.svg\",\"width\":601,\"height\":112,\"caption\":\"Globber Rom\u00e2nia\"},\"image\":{\"@id\":\"https:\/\/www.globber.com\/ro\/#\/schema\/logo\/image\/\"}}]}<\/script>\n<meta property=\"og:availability\" content=\"instock\" \/>\n<meta property=\"product:availability\" content=\"instock\" \/>\n<meta property=\"product:retailer_item_id\" content=\"750-xxx\" \/>\n<meta property=\"product:condition\" content=\"new\" \/>\n<!-- \/ Yoast SEO Premium plugin. -->","yoast_head_json":{"title":"Foldable Electric Scooter: E-MOTION 14 \u2013 Globber","description":"E-scoot around town and let your deck light your way! The perfect foldable electric scooter for growing teens to enjoy riding. Find out more!","robots":{"index":"index","follow":"follow","max-snippet":"max-snippet:-1","max-image-preview":"max-image-preview:large","max-video-preview":"max-video-preview:-1"},"canonical":"https:\/\/www.globber.com\/ro\/product\/e-motion-14\/","og_locale":"ro_RO","og_type":"article","og_title":"Foldable Electric Scooter: E-MOTION 14 \u2013 Globber","og_description":"E-scoot around town and let your deck light your way! The perfect foldable electric scooter for growing teens to enjoy riding. Find out more!","og_url":"https:\/\/www.globber.com\/ro\/product\/e-motion-14\/","og_site_name":"Globber Rom\u00e2nia","article_modified_time":"2026-03-19T15:25:51+00:00","og_image":[{"width":2048,"height":2048,"url":"https:\/\/cdn.globber.com\/content\/2022\/11\/750-101_electric-scooter-with-suspension-1.jpg","type":"image\/jpeg"}],"twitter_card":"summary_large_image","twitter_misc":{"Availability":"In stock"},"schema":{"@context":"https:\/\/schema.org","@graph":[{"@type":["WebPage","ItemPage"],"@id":"https:\/\/www.globber.com\/ro\/product\/e-motion-14\/","url":"https:\/\/www.globber.com\/ro\/product\/e-motion-14\/","name":"Foldable Electric Scooter: E-MOTION 14 \u2013 Globber","isPartOf":{"@id":"https:\/\/www.globber.com\/ro\/#website"},"primaryImageOfPage":{"@id":"https:\/\/www.globber.com\/ro\/product\/e-motion-14\/#primaryimage"},"image":{"@id":"https:\/\/www.globber.com\/ro\/product\/e-motion-14\/#primaryimage"},"thumbnailUrl":"https:\/\/cdn.globber.com\/content\/2022\/11\/750-101_electric-scooter-with-suspension-1.jpg","datePublished":"2022-11-28T14:04:35+00:00","dateModified":"2026-03-19T15:25:51+00:00","description":"E-scoot around town and let your deck light your way! The perfect foldable electric scooter for growing teens to enjoy riding. Find out more!","breadcrumb":{"@id":"https:\/\/www.globber.com\/ro\/product\/e-motion-14\/#breadcrumb"},"inLanguage":"ro-RO","potentialAction":[{"@type":"ReadAction","target":["https:\/\/www.globber.com\/ro\/product\/e-motion-14\/"]}]},{"@type":"ImageObject","inLanguage":"ro-RO","@id":"https:\/\/www.globber.com\/ro\/product\/e-motion-14\/#primaryimage","url":"https:\/\/cdn.globber.com\/content\/2022\/11\/750-101_electric-scooter-with-suspension-1.jpg","contentUrl":"https:\/\/cdn.globber.com\/content\/2022\/11\/750-101_electric-scooter-with-suspension-1.jpg","width":2048,"height":2048},{"@type":"BreadcrumbList","@id":"https:\/\/www.globber.com\/ro\/product\/e-motion-14\/#breadcrumb","itemListElement":[{"@type":"ListItem","position":1,"name":"Toate produsele","item":"https:\/\/www.globber.com\/ro\/shop-by-product\/"},{"@type":"ListItem","position":2,"name":"E-MOTION 14"}]},{"@type":"WebSite","@id":"https:\/\/www.globber.com\/ro\/#website","url":"https:\/\/www.globber.com\/ro\/","name":"Globber Rom\u00e2nia","description":"Lumea pe ro\u021bi | Globber","publisher":{"@id":"https:\/\/www.globber.com\/ro\/#organization"},"potentialAction":[{"@type":"SearchAction","target":{"@type":"EntryPoint","urlTemplate":"https:\/\/www.globber.com\/ro\/?s={search_term_string}"},"query-input":{"@type":"PropertyValueSpecification","valueRequired":true,"valueName":"search_term_string"}}],"inLanguage":"ro-RO"},{"@type":"Organization","@id":"https:\/\/www.globber.com\/ro\/#organization","name":"Globber Rom\u00e2nia","url":"https:\/\/www.globber.com\/ro\/","logo":{"@type":"ImageObject","inLanguage":"ro-RO","@id":"https:\/\/www.globber.com\/ro\/#\/schema\/logo\/image\/","url":"https:\/\/cdn.globber.com\/content\/2024\/05\/logo.svg","contentUrl":"https:\/\/cdn.globber.com\/content\/2024\/05\/logo.svg","width":601,"height":112,"caption":"Globber Rom\u00e2nia"},"image":{"@id":"https:\/\/www.globber.com\/ro\/#\/schema\/logo\/image\/"}}]},"og_availability":"instock","product_availability":"instock","product_retailer_item_id":"750-xxx","product_condition":"new"},"_links":{"self":[{"href":"https:\/\/www.globber.com\/ro\/wp-json\/wp\/v2\/product\/5908","targetHints":{"allow":["GET"]}}],"collection":[{"href":"https:\/\/www.globber.com\/ro\/wp-json\/wp\/v2\/product"}],"about":[{"href":"https:\/\/www.globber.com\/ro\/wp-json\/wp\/v2\/types\/product"}],"replies":[{"embeddable":true,"href":"https:\/\/www.globber.com\/ro\/wp-json\/wp\/v2\/comments?post=5908"}],"wp:featuredmedia":[{"embeddable":true,"href":"https:\/\/www.globber.com\/ro\/wp-json\/wp\/v2\/media\/10889"}],"wp:attachment":[{"href":"https:\/\/www.globber.com\/ro\/wp-json\/wp\/v2\/media?parent=5908"}],"wp:term":[{"taxonomy":"product-special-badges","embeddable":true,"href":"https:\/\/www.globber.com\/ro\/wp-json\/wp\/v2\/product-special-badges?post=5908"},{"taxonomy":"product_brand","embeddable":true,"href":"https:\/\/www.globber.com\/ro\/wp-json\/wp\/v2\/product_brand?post=5908"},{"taxonomy":"product_cat","embeddable":true,"href":"https:\/\/www.globber.com\/ro\/wp-json\/wp\/v2\/product_cat?post=5908"},{"taxonomy":"product_tag","embeddable":true,"href":"https:\/\/www.globber.com\/ro\/wp-json\/wp\/v2\/product_tag?post=5908"}],"curies":[{"name":"wp","href":"https:\/\/api.w.org\/{rel}","templated":true}]}}