{"id":5947,"date":"2022-11-28T14:06:20","date_gmt":"2022-11-28T14:06:20","guid":{"rendered":"http:\/\/www.globber.com\/ro\/product\/elite-deluxe-lights\/"},"modified":"2026-04-20T12:13:12","modified_gmt":"2026-04-20T09:13:12","slug":"elite-deluxe-lights","status":"publish","type":"product","link":"https:\/\/www.globber.com\/ro\/product\/elite-deluxe-lights\/","title":{"rendered":"ELITE DELUXE CU LUMINI"},"content":{"rendered":"<p>Las\u0103 o urm\u0103 de lumini str\u0103lucitoare \u00een timp ce te deplasezi pe strad\u0103! Trotineta ELITE DELUXE CU LUMINI poate face zilele tale de plimbare cu trotineta mult mai luminoase cu ro\u021bile sale frontale cu LED-uri.<\/p>\n<p>Aceast\u0103 trotinet\u0103 cu 3 ro\u021bi pentru copii are caracteristici de lux, cum ar fi un sistem de pliere eliptic patentat de Globber pentru depozitare \u0219i transport u\u0219or, un sistem de blocare a direc\u021biei patentat pentru copiii care \u00eenc\u0103 \u00eenva\u021b\u0103 s\u0103 se deplaseze cu trotineta, ro\u021bi LED f\u0103r\u0103 baterie alimentate de energie cinetic\u0103, un ghidon din aluminiu reglabil pe 4 \u00een\u0103l\u021bimi \u0219i o platform\u0103 de trotinet\u0103 lat\u0103, \u00een dou\u0103 culori.<\/p>\n","protected":false},"excerpt":{"rendered":"<ul>\n<li>Ghidon, din aluminiu, reglabil 4 niveluri de \u00een\u0103l\u021bime (68,5 cm, 73,5 cm, 78,5 cm sau 83,5 cm de la sol)<\/li>\n<li>Sistem pliere cu un singur clic<\/li>\n<li>Roti frontale cu LED de 121 mm din PU<\/li>\n<\/ul>\n","protected":false},"featured_media":5045,"comment_status":"open","ping_status":"closed","template":"","meta":{"_acf_changed":false,"inline_featured_image":false},"product-special-badges":[4012],"product_brand":[],"product_cat":[4004,1682,1691,1696,1694,399],"product_tag":[3708],"class_list":{"0":"post-5947","1":"product","2":"type-product","3":"status-publish","4":"has-post-thumbnail","6":"product-badges-light-up","7":"product-badges-adjustable","8":"product-badges-foldable","9":"product_cat-sale","10":"product_cat-elite-series","11":"product_cat-3-wheel-scooters-for-all-ages","12":"product_cat-trotinete-pliabile","13":"product_cat-light-up-scooters","14":"product_cat-scooters-for-kids","15":"product_tag-import","16":"product_shipping_class-usoare","17":"pa_adjustable-yes","18":"pa_age-range-3-9y","19":"pa_brakes-mechanical-rear-brake-composite","20":"pa_color-navy-blue","21":"pa_color-deep-pink","22":"pa_color-lime-green","23":"pa_deck-material-composite-pp-fiber","24":"pa_deck-size-w-12-8cm-x-l-53cm","25":"pa_ean-3328","26":"pa_ean-3329","27":"pa_ean-3330","28":"pa_ean-3331","29":"pa_foldable-yes","30":"pa_max-user-weight-50kg","31":"pa_product-type-3-wheel-scooter","32":"pa_product-weight-net-2-70kg","33":"pa_recommended-user-height-95-130cm","34":"pa_t-bar-heights-68-5-73-5-78-5-83-5cm-from-the-ground","35":"pa_wheels-material-high-rebound-pu-casted","36":"pa_wheels-size-121mm-24mm-wide-front","37":"pa_wheels-size-80mm-30mm-wide-rear","39":"first","40":"instock","41":"sale","42":"taxable","43":"shipping-taxable","44":"purchasable","45":"product-type-variable"},"acf":[],"yoast_head":"<!-- This site is optimized with the Yoast SEO Premium plugin v20.12 (Yoast SEO v23.4) - https:\/\/yoast.com\/wordpress\/plugins\/seo\/ -->\n<title>3-Wheel Scooter with Lights: ELITE DELUXE LIGHTS \u2013 Globber<\/title>\n<meta name=\"description\" content=\"Go faster, glow brighter! Discover this 3-wheel light-up scooter that is functional and easy to ride. Perfect for kids still learning how to scoot!\" \/>\n<meta name=\"robots\" content=\"index, follow, max-snippet:-1, max-image-preview:large, max-video-preview:-1\" \/>\n<link rel=\"canonical\" href=\"https:\/\/www.globber.com\/ro\/product\/elite-deluxe-lights\/\" \/>\n<meta property=\"og:locale\" content=\"ro_RO\" \/>\n<meta property=\"og:type\" content=\"article\" \/>\n<meta property=\"og:title\" content=\"3-Wheel Scooter with Lights: ELITE DELUXE LIGHTS \u2013 Globber\" \/>\n<meta property=\"og:description\" content=\"Go faster, glow brighter! Discover this 3-wheel light-up scooter that is functional and easy to ride. Perfect for kids still learning how to scoot!\" \/>\n<meta property=\"og:url\" content=\"https:\/\/www.globber.com\/ro\/product\/elite-deluxe-lights\/\" \/>\n<meta property=\"og:site_name\" content=\"Globber Rom\u00e2nia\" \/>\n<meta property=\"article:modified_time\" content=\"2026-04-20T09:13:12+00:00\" \/>\n<meta property=\"og:image\" content=\"https:\/\/cdn.globber.com\/content\/2022\/11\/6383ad7393953.jpg\" \/>\n\t<meta property=\"og:image:width\" content=\"1920\" \/>\n\t<meta property=\"og:image:height\" content=\"1920\" \/>\n\t<meta property=\"og:image:type\" content=\"image\/jpeg\" \/>\n<meta name=\"twitter:card\" content=\"summary_large_image\" \/>\n<meta name=\"twitter:label1\" content=\"Availability\" \/>\n\t<meta name=\"twitter:data1\" content=\"In stock\" \/>\n<script type=\"application\/ld+json\" class=\"yoast-schema-graph\">{\"@context\":\"https:\/\/schema.org\",\"@graph\":[{\"@type\":[\"WebPage\",\"ItemPage\"],\"@id\":\"https:\/\/www.globber.com\/ro\/product\/elite-deluxe-lights\/\",\"url\":\"https:\/\/www.globber.com\/ro\/product\/elite-deluxe-lights\/\",\"name\":\"3-Wheel Scooter with Lights: ELITE DELUXE LIGHTS \u2013 Globber\",\"isPartOf\":{\"@id\":\"https:\/\/www.globber.com\/ro\/#website\"},\"primaryImageOfPage\":{\"@id\":\"https:\/\/www.globber.com\/ro\/product\/elite-deluxe-lights\/#primaryimage\"},\"image\":{\"@id\":\"https:\/\/www.globber.com\/ro\/product\/elite-deluxe-lights\/#primaryimage\"},\"thumbnailUrl\":\"https:\/\/cdn.globber.com\/content\/2022\/11\/6383ad7393953.jpg\",\"datePublished\":\"2022-11-28T14:06:20+00:00\",\"dateModified\":\"2026-04-20T09:13:12+00:00\",\"description\":\"Go faster, glow brighter! Discover this 3-wheel light-up scooter that is functional and easy to ride. Perfect for kids still learning how to scoot!\",\"breadcrumb\":{\"@id\":\"https:\/\/www.globber.com\/ro\/product\/elite-deluxe-lights\/#breadcrumb\"},\"inLanguage\":\"ro-RO\",\"potentialAction\":[{\"@type\":\"ReadAction\",\"target\":[\"https:\/\/www.globber.com\/ro\/product\/elite-deluxe-lights\/\"]}]},{\"@type\":\"ImageObject\",\"inLanguage\":\"ro-RO\",\"@id\":\"https:\/\/www.globber.com\/ro\/product\/elite-deluxe-lights\/#primaryimage\",\"url\":\"https:\/\/cdn.globber.com\/content\/2022\/11\/6383ad7393953.jpg\",\"contentUrl\":\"https:\/\/cdn.globber.com\/content\/2022\/11\/6383ad7393953.jpg\",\"width\":1920,\"height\":1920},{\"@type\":\"BreadcrumbList\",\"@id\":\"https:\/\/www.globber.com\/ro\/product\/elite-deluxe-lights\/#breadcrumb\",\"itemListElement\":[{\"@type\":\"ListItem\",\"position\":1,\"name\":\"Toate produsele\",\"item\":\"https:\/\/www.globber.com\/ro\/shop-by-product\/\"},{\"@type\":\"ListItem\",\"position\":2,\"name\":\"ELITE DELUXE CU LUMINI\"}]},{\"@type\":\"WebSite\",\"@id\":\"https:\/\/www.globber.com\/ro\/#website\",\"url\":\"https:\/\/www.globber.com\/ro\/\",\"name\":\"Globber Rom\u00e2nia\",\"description\":\"Lumea pe ro\u021bi | Globber\",\"publisher\":{\"@id\":\"https:\/\/www.globber.com\/ro\/#organization\"},\"potentialAction\":[{\"@type\":\"SearchAction\",\"target\":{\"@type\":\"EntryPoint\",\"urlTemplate\":\"https:\/\/www.globber.com\/ro\/?s={search_term_string}\"},\"query-input\":{\"@type\":\"PropertyValueSpecification\",\"valueRequired\":true,\"valueName\":\"search_term_string\"}}],\"inLanguage\":\"ro-RO\"},{\"@type\":\"Organization\",\"@id\":\"https:\/\/www.globber.com\/ro\/#organization\",\"name\":\"Globber Rom\u00e2nia\",\"url\":\"https:\/\/www.globber.com\/ro\/\",\"logo\":{\"@type\":\"ImageObject\",\"inLanguage\":\"ro-RO\",\"@id\":\"https:\/\/www.globber.com\/ro\/#\/schema\/logo\/image\/\",\"url\":\"https:\/\/cdn.globber.com\/content\/2024\/05\/logo.svg\",\"contentUrl\":\"https:\/\/cdn.globber.com\/content\/2024\/05\/logo.svg\",\"width\":601,\"height\":112,\"caption\":\"Globber Rom\u00e2nia\"},\"image\":{\"@id\":\"https:\/\/www.globber.com\/ro\/#\/schema\/logo\/image\/\"}}]}<\/script>\n<meta property=\"og:availability\" content=\"instock\" \/>\n<meta property=\"product:availability\" content=\"instock\" \/>\n<meta property=\"product:retailer_item_id\" content=\"444-x\" \/>\n<meta property=\"product:condition\" content=\"new\" \/>\n<!-- \/ Yoast SEO Premium plugin. -->","yoast_head_json":{"title":"3-Wheel Scooter with Lights: ELITE DELUXE LIGHTS \u2013 Globber","description":"Go faster, glow brighter! Discover this 3-wheel light-up scooter that is functional and easy to ride. Perfect for kids still learning how to scoot!","robots":{"index":"index","follow":"follow","max-snippet":"max-snippet:-1","max-image-preview":"max-image-preview:large","max-video-preview":"max-video-preview:-1"},"canonical":"https:\/\/www.globber.com\/ro\/product\/elite-deluxe-lights\/","og_locale":"ro_RO","og_type":"article","og_title":"3-Wheel Scooter with Lights: ELITE DELUXE LIGHTS \u2013 Globber","og_description":"Go faster, glow brighter! Discover this 3-wheel light-up scooter that is functional and easy to ride. Perfect for kids still learning how to scoot!","og_url":"https:\/\/www.globber.com\/ro\/product\/elite-deluxe-lights\/","og_site_name":"Globber Rom\u00e2nia","article_modified_time":"2026-04-20T09:13:12+00:00","og_image":[{"width":1920,"height":1920,"url":"https:\/\/cdn.globber.com\/content\/2022\/11\/6383ad7393953.jpg","type":"image\/jpeg"}],"twitter_card":"summary_large_image","twitter_misc":{"Availability":"In stock"},"schema":{"@context":"https:\/\/schema.org","@graph":[{"@type":["WebPage","ItemPage"],"@id":"https:\/\/www.globber.com\/ro\/product\/elite-deluxe-lights\/","url":"https:\/\/www.globber.com\/ro\/product\/elite-deluxe-lights\/","name":"3-Wheel Scooter with Lights: ELITE DELUXE LIGHTS \u2013 Globber","isPartOf":{"@id":"https:\/\/www.globber.com\/ro\/#website"},"primaryImageOfPage":{"@id":"https:\/\/www.globber.com\/ro\/product\/elite-deluxe-lights\/#primaryimage"},"image":{"@id":"https:\/\/www.globber.com\/ro\/product\/elite-deluxe-lights\/#primaryimage"},"thumbnailUrl":"https:\/\/cdn.globber.com\/content\/2022\/11\/6383ad7393953.jpg","datePublished":"2022-11-28T14:06:20+00:00","dateModified":"2026-04-20T09:13:12+00:00","description":"Go faster, glow brighter! Discover this 3-wheel light-up scooter that is functional and easy to ride. Perfect for kids still learning how to scoot!","breadcrumb":{"@id":"https:\/\/www.globber.com\/ro\/product\/elite-deluxe-lights\/#breadcrumb"},"inLanguage":"ro-RO","potentialAction":[{"@type":"ReadAction","target":["https:\/\/www.globber.com\/ro\/product\/elite-deluxe-lights\/"]}]},{"@type":"ImageObject","inLanguage":"ro-RO","@id":"https:\/\/www.globber.com\/ro\/product\/elite-deluxe-lights\/#primaryimage","url":"https:\/\/cdn.globber.com\/content\/2022\/11\/6383ad7393953.jpg","contentUrl":"https:\/\/cdn.globber.com\/content\/2022\/11\/6383ad7393953.jpg","width":1920,"height":1920},{"@type":"BreadcrumbList","@id":"https:\/\/www.globber.com\/ro\/product\/elite-deluxe-lights\/#breadcrumb","itemListElement":[{"@type":"ListItem","position":1,"name":"Toate produsele","item":"https:\/\/www.globber.com\/ro\/shop-by-product\/"},{"@type":"ListItem","position":2,"name":"ELITE DELUXE CU LUMINI"}]},{"@type":"WebSite","@id":"https:\/\/www.globber.com\/ro\/#website","url":"https:\/\/www.globber.com\/ro\/","name":"Globber Rom\u00e2nia","description":"Lumea pe ro\u021bi | Globber","publisher":{"@id":"https:\/\/www.globber.com\/ro\/#organization"},"potentialAction":[{"@type":"SearchAction","target":{"@type":"EntryPoint","urlTemplate":"https:\/\/www.globber.com\/ro\/?s={search_term_string}"},"query-input":{"@type":"PropertyValueSpecification","valueRequired":true,"valueName":"search_term_string"}}],"inLanguage":"ro-RO"},{"@type":"Organization","@id":"https:\/\/www.globber.com\/ro\/#organization","name":"Globber Rom\u00e2nia","url":"https:\/\/www.globber.com\/ro\/","logo":{"@type":"ImageObject","inLanguage":"ro-RO","@id":"https:\/\/www.globber.com\/ro\/#\/schema\/logo\/image\/","url":"https:\/\/cdn.globber.com\/content\/2024\/05\/logo.svg","contentUrl":"https:\/\/cdn.globber.com\/content\/2024\/05\/logo.svg","width":601,"height":112,"caption":"Globber Rom\u00e2nia"},"image":{"@id":"https:\/\/www.globber.com\/ro\/#\/schema\/logo\/image\/"}}]},"og_availability":"instock","product_availability":"instock","product_retailer_item_id":"444-x","product_condition":"new"},"_links":{"self":[{"href":"https:\/\/www.globber.com\/ro\/wp-json\/wp\/v2\/product\/5947","targetHints":{"allow":["GET"]}}],"collection":[{"href":"https:\/\/www.globber.com\/ro\/wp-json\/wp\/v2\/product"}],"about":[{"href":"https:\/\/www.globber.com\/ro\/wp-json\/wp\/v2\/types\/product"}],"replies":[{"embeddable":true,"href":"https:\/\/www.globber.com\/ro\/wp-json\/wp\/v2\/comments?post=5947"}],"wp:featuredmedia":[{"embeddable":true,"href":"https:\/\/www.globber.com\/ro\/wp-json\/wp\/v2\/media\/5045"}],"wp:attachment":[{"href":"https:\/\/www.globber.com\/ro\/wp-json\/wp\/v2\/media?parent=5947"}],"wp:term":[{"taxonomy":"product-special-badges","embeddable":true,"href":"https:\/\/www.globber.com\/ro\/wp-json\/wp\/v2\/product-special-badges?post=5947"},{"taxonomy":"product_brand","embeddable":true,"href":"https:\/\/www.globber.com\/ro\/wp-json\/wp\/v2\/product_brand?post=5947"},{"taxonomy":"product_cat","embeddable":true,"href":"https:\/\/www.globber.com\/ro\/wp-json\/wp\/v2\/product_cat?post=5947"},{"taxonomy":"product_tag","embeddable":true,"href":"https:\/\/www.globber.com\/ro\/wp-json\/wp\/v2\/product_tag?post=5947"}],"curies":[{"name":"wp","href":"https:\/\/api.w.org\/{rel}","templated":true}]}}