{"id":6035,"date":"2022-11-28T14:10:04","date_gmt":"2022-11-28T14:10:04","guid":{"rendered":"http:\/\/www.globber.com\/ro\/product\/one-nl-205\/"},"modified":"2026-04-07T13:52:25","modified_gmt":"2026-04-07T10:52:25","slug":"one-nl-205","status":"publish","type":"product","link":"https:\/\/www.globber.com\/ro\/product\/one-nl-205\/","title":{"rendered":"ONE NL 205"},"content":{"rendered":"<p>Tr\u0103ie\u0219te confortul suprem la mers cu ONE NL 205, trotineta mare pentru adolescen\u021bi de la 14 ani \u0219i adul\u021bi. Datorit\u0103 sistemului patentat de pliere \u201e1\u2011Secunda\u201d, trotineta se deschide \u0219i se pliaz\u0103 \u00eentr-o clip\u0103: trebuie doar s\u0103 ridici \u0219i s\u0103 tragi de clema de pe bar\u0103 pentru a comuta f\u0103r\u0103 efort \u00eentre modul de mers \u0219i modul pliat.<\/p>\n<p>ONE NL 205 vine cu o structur\u0103 robust\u0103, un ghidon din aluminiu reglabil pe \u00een\u0103l\u021bime \u00een 3 trepte, ghidon pliabil \u0219i ro\u021bi de 205 mm\u2014perfecte pentru deplas\u0103rile \u00een ora\u0219!<\/p>\n<p>Fabricat\u0103 din aluminiu de \u00eenalt\u0103 calitate, trotineta este u\u0219oar\u0103, dar robust\u0103, asigur\u00e2nd durabilitate \u00een timp.\u00a0Ro\u021bile de 205 mm din poliuretan ofer\u0103 o rulare lin\u0103 \u0219i confortabil\u0103 pe diverse suprafe\u021be, reduc\u00e2nd vibra\u021biile \u0219i oferind o experien\u021b\u0103 pl\u0103cut\u0103 \u00een timpul utiliz\u0103rii.<\/p>\n<p>Trotineta dispune de un ghidon \u00een\u0103l\u021bime ajustabil, care permite utilizatorilor s\u0103 \u00ee\u0219i personalizeze pozi\u021bia confortabil\u0103 \u00een func\u021bie de \u00een\u0103l\u021bime.\u00a0Designul platformei ofer\u0103 suficient spa\u021biu pentru picioare, asigur\u00e2nd stabilitate \u0219i confort.<\/p>\n<div>\n<p>*Asamblarea trebuie efectuata exclusiv de catre un adult. Inainte de montare jucaria se pastreaza departe de copil, deoarece poate fi ranit de componentele mai grele sau ascutite. Inainte de folosire, asigurati-va ca este corect asamblata.<\/p>\n<\/div>\n<div>\u00a0<\/div>\n<div>\n<p>&nbsp;<\/p>\n<\/div>\n","protected":false},"excerpt":{"rendered":"<ul>\n<li>Ro\u021bi mari (205 mm),<\/li>\n<li>Ghidon reglabil pe \u00een\u0103l\u021bime \u00een 3 pozi\u021bii.<\/li>\n<li>Sistem de pliere \u201eone\u2011click\u201d (cu o singur\u0103 ap\u0103sare).<\/li>\n<\/ul>\n<p>&nbsp;<\/p>\n","protected":false},"featured_media":5430,"comment_status":"open","ping_status":"closed","template":"","meta":{"_acf_changed":false,"inline_featured_image":false},"product-special-badges":[4012],"product_brand":[],"product_cat":[4004,1689,1692,1695,1696,534],"product_tag":[3708],"class_list":{"0":"post-6035","1":"product","2":"type-product","3":"status-publish","4":"has-post-thumbnail","6":"product-badges-self-standing","7":"product-badges-1-sec-folding","8":"product-badges-robust","9":"product-badges-adjustable","10":"product_cat-sale","11":"product_cat-one-nl-series","12":"product_cat-trotinete-cu-doua-roti-pentru-toate-varstele","13":"product_cat-big-wheel-scooters","14":"product_cat-trotinete-pliabile","15":"product_cat-scooters-for-adults","16":"product_tag-import","17":"product_shipping_class-greutate-medie","18":"pa_adjustable-yes","19":"pa_age-range-14y-to-adults","20":"pa_brakes-mechanical-rear-brake-aluminium","21":"pa_color-white-black","22":"pa_color-black-charcoal-grey","23":"pa_color-lime-green-dark-grey","24":"pa_deck-material-composite-pp-fiber-aluminium-frame-eva-foam-grip-tape","25":"pa_deck-size-w-14-2cm-x-l-70cm","26":"pa_ean-3417","27":"pa_ean-3418","28":"pa_ean-3420","29":"pa_foldable-yes","30":"pa_max-user-weight-100kg","31":"pa_product-badges-self-standing","32":"pa_product-badges-1-sec-folding","33":"pa_product-badges-adjustable","34":"pa_product-badges-robust","35":"pa_product-categories-scooters-for-adults","36":"pa_product-weight-net-4-94kg","37":"pa_recommended-user-height-155-200cm","38":"pa_t-bar-heights-101-106-111cm-from-the-ground","39":"pa_wheel-size-205mm-30mm-wide-front","40":"pa_wheel-size-205mm-30mm-wide-rear","41":"pa_wheels-material-high-rebound-pu-casted","42":"pa_wheels-size-205mm-30mm-wide-front","43":"pa_wheels-size-205mm-30mm-wide-rear","45":"first","46":"instock","47":"sale","48":"taxable","49":"shipping-taxable","50":"purchasable","51":"product-type-variable"},"acf":[],"yoast_head":"<!-- This site is optimized with the Yoast SEO Premium plugin v20.12 (Yoast SEO v23.4) - https:\/\/yoast.com\/wordpress\/plugins\/seo\/ -->\n<title>Foldable 2-Wheel Scooter: ONE NL 205 \u2013 Globber<\/title>\n<meta name=\"description\" content=\"Ride, fold, and go\u2014there\u2019s not a second to waste! ONE NL 205 delivers a robust, durable ride for fast and convenient mobility within the city.\" \/>\n<meta name=\"robots\" content=\"index, follow, max-snippet:-1, max-image-preview:large, max-video-preview:-1\" \/>\n<link rel=\"canonical\" href=\"https:\/\/www.globber.com\/ro\/product\/one-nl-205\/\" \/>\n<meta property=\"og:locale\" content=\"ro_RO\" \/>\n<meta property=\"og:type\" content=\"article\" \/>\n<meta property=\"og:title\" content=\"Foldable 2-Wheel Scooter: ONE NL 205 \u2013 Globber\" \/>\n<meta property=\"og:description\" content=\"Ride, fold, and go\u2014there\u2019s not a second to waste! ONE NL 205 delivers a robust, durable ride for fast and convenient mobility within the city.\" \/>\n<meta property=\"og:url\" content=\"https:\/\/www.globber.com\/ro\/product\/one-nl-205\/\" \/>\n<meta property=\"og:site_name\" content=\"Globber Rom\u00e2nia\" \/>\n<meta property=\"article:modified_time\" content=\"2026-04-07T10:52:25+00:00\" \/>\n<meta property=\"og:image\" content=\"https:\/\/cdn.globber.com\/content\/2022\/11\/6383b7f35a9d9.jpg\" \/>\n\t<meta property=\"og:image:width\" content=\"1920\" \/>\n\t<meta property=\"og:image:height\" content=\"1920\" \/>\n\t<meta property=\"og:image:type\" content=\"image\/jpeg\" \/>\n<meta name=\"twitter:card\" content=\"summary_large_image\" \/>\n<meta name=\"twitter:label1\" content=\"Availability\" \/>\n\t<meta name=\"twitter:data1\" content=\"In stock\" \/>\n<script type=\"application\/ld+json\" class=\"yoast-schema-graph\">{\"@context\":\"https:\/\/schema.org\",\"@graph\":[{\"@type\":[\"WebPage\",\"ItemPage\"],\"@id\":\"https:\/\/www.globber.com\/ro\/product\/one-nl-205\/\",\"url\":\"https:\/\/www.globber.com\/ro\/product\/one-nl-205\/\",\"name\":\"Foldable 2-Wheel Scooter: ONE NL 205 \u2013 Globber\",\"isPartOf\":{\"@id\":\"https:\/\/www.globber.com\/ro\/#website\"},\"primaryImageOfPage\":{\"@id\":\"https:\/\/www.globber.com\/ro\/product\/one-nl-205\/#primaryimage\"},\"image\":{\"@id\":\"https:\/\/www.globber.com\/ro\/product\/one-nl-205\/#primaryimage\"},\"thumbnailUrl\":\"https:\/\/cdn.globber.com\/content\/2022\/11\/6383b7f35a9d9.jpg\",\"datePublished\":\"2022-11-28T14:10:04+00:00\",\"dateModified\":\"2026-04-07T10:52:25+00:00\",\"description\":\"Ride, fold, and go\u2014there\u2019s not a second to waste! ONE NL 205 delivers a robust, durable ride for fast and convenient mobility within the city.\",\"breadcrumb\":{\"@id\":\"https:\/\/www.globber.com\/ro\/product\/one-nl-205\/#breadcrumb\"},\"inLanguage\":\"ro-RO\",\"potentialAction\":[{\"@type\":\"ReadAction\",\"target\":[\"https:\/\/www.globber.com\/ro\/product\/one-nl-205\/\"]}]},{\"@type\":\"ImageObject\",\"inLanguage\":\"ro-RO\",\"@id\":\"https:\/\/www.globber.com\/ro\/product\/one-nl-205\/#primaryimage\",\"url\":\"https:\/\/cdn.globber.com\/content\/2022\/11\/6383b7f35a9d9.jpg\",\"contentUrl\":\"https:\/\/cdn.globber.com\/content\/2022\/11\/6383b7f35a9d9.jpg\",\"width\":1920,\"height\":1920},{\"@type\":\"BreadcrumbList\",\"@id\":\"https:\/\/www.globber.com\/ro\/product\/one-nl-205\/#breadcrumb\",\"itemListElement\":[{\"@type\":\"ListItem\",\"position\":1,\"name\":\"Toate produsele\",\"item\":\"https:\/\/www.globber.com\/ro\/shop-by-product\/\"},{\"@type\":\"ListItem\",\"position\":2,\"name\":\"ONE NL 205\"}]},{\"@type\":\"WebSite\",\"@id\":\"https:\/\/www.globber.com\/ro\/#website\",\"url\":\"https:\/\/www.globber.com\/ro\/\",\"name\":\"Globber Rom\u00e2nia\",\"description\":\"Lumea pe ro\u021bi | Globber\",\"publisher\":{\"@id\":\"https:\/\/www.globber.com\/ro\/#organization\"},\"potentialAction\":[{\"@type\":\"SearchAction\",\"target\":{\"@type\":\"EntryPoint\",\"urlTemplate\":\"https:\/\/www.globber.com\/ro\/?s={search_term_string}\"},\"query-input\":{\"@type\":\"PropertyValueSpecification\",\"valueRequired\":true,\"valueName\":\"search_term_string\"}}],\"inLanguage\":\"ro-RO\"},{\"@type\":\"Organization\",\"@id\":\"https:\/\/www.globber.com\/ro\/#organization\",\"name\":\"Globber Rom\u00e2nia\",\"url\":\"https:\/\/www.globber.com\/ro\/\",\"logo\":{\"@type\":\"ImageObject\",\"inLanguage\":\"ro-RO\",\"@id\":\"https:\/\/www.globber.com\/ro\/#\/schema\/logo\/image\/\",\"url\":\"https:\/\/cdn.globber.com\/content\/2024\/05\/logo.svg\",\"contentUrl\":\"https:\/\/cdn.globber.com\/content\/2024\/05\/logo.svg\",\"width\":601,\"height\":112,\"caption\":\"Globber Rom\u00e2nia\"},\"image\":{\"@id\":\"https:\/\/www.globber.com\/ro\/#\/schema\/logo\/image\/\"}}]}<\/script>\n<meta property=\"og:availability\" content=\"instock\" \/>\n<meta property=\"product:availability\" content=\"instock\" \/>\n<meta property=\"product:retailer_item_id\" content=\"477-xxx\" \/>\n<meta property=\"product:condition\" content=\"new\" \/>\n<!-- \/ Yoast SEO Premium plugin. -->","yoast_head_json":{"title":"Foldable 2-Wheel Scooter: ONE NL 205 \u2013 Globber","description":"Ride, fold, and go\u2014there\u2019s not a second to waste! ONE NL 205 delivers a robust, durable ride for fast and convenient mobility within the city.","robots":{"index":"index","follow":"follow","max-snippet":"max-snippet:-1","max-image-preview":"max-image-preview:large","max-video-preview":"max-video-preview:-1"},"canonical":"https:\/\/www.globber.com\/ro\/product\/one-nl-205\/","og_locale":"ro_RO","og_type":"article","og_title":"Foldable 2-Wheel Scooter: ONE NL 205 \u2013 Globber","og_description":"Ride, fold, and go\u2014there\u2019s not a second to waste! ONE NL 205 delivers a robust, durable ride for fast and convenient mobility within the city.","og_url":"https:\/\/www.globber.com\/ro\/product\/one-nl-205\/","og_site_name":"Globber Rom\u00e2nia","article_modified_time":"2026-04-07T10:52:25+00:00","og_image":[{"width":1920,"height":1920,"url":"https:\/\/cdn.globber.com\/content\/2022\/11\/6383b7f35a9d9.jpg","type":"image\/jpeg"}],"twitter_card":"summary_large_image","twitter_misc":{"Availability":"In stock"},"schema":{"@context":"https:\/\/schema.org","@graph":[{"@type":["WebPage","ItemPage"],"@id":"https:\/\/www.globber.com\/ro\/product\/one-nl-205\/","url":"https:\/\/www.globber.com\/ro\/product\/one-nl-205\/","name":"Foldable 2-Wheel Scooter: ONE NL 205 \u2013 Globber","isPartOf":{"@id":"https:\/\/www.globber.com\/ro\/#website"},"primaryImageOfPage":{"@id":"https:\/\/www.globber.com\/ro\/product\/one-nl-205\/#primaryimage"},"image":{"@id":"https:\/\/www.globber.com\/ro\/product\/one-nl-205\/#primaryimage"},"thumbnailUrl":"https:\/\/cdn.globber.com\/content\/2022\/11\/6383b7f35a9d9.jpg","datePublished":"2022-11-28T14:10:04+00:00","dateModified":"2026-04-07T10:52:25+00:00","description":"Ride, fold, and go\u2014there\u2019s not a second to waste! ONE NL 205 delivers a robust, durable ride for fast and convenient mobility within the city.","breadcrumb":{"@id":"https:\/\/www.globber.com\/ro\/product\/one-nl-205\/#breadcrumb"},"inLanguage":"ro-RO","potentialAction":[{"@type":"ReadAction","target":["https:\/\/www.globber.com\/ro\/product\/one-nl-205\/"]}]},{"@type":"ImageObject","inLanguage":"ro-RO","@id":"https:\/\/www.globber.com\/ro\/product\/one-nl-205\/#primaryimage","url":"https:\/\/cdn.globber.com\/content\/2022\/11\/6383b7f35a9d9.jpg","contentUrl":"https:\/\/cdn.globber.com\/content\/2022\/11\/6383b7f35a9d9.jpg","width":1920,"height":1920},{"@type":"BreadcrumbList","@id":"https:\/\/www.globber.com\/ro\/product\/one-nl-205\/#breadcrumb","itemListElement":[{"@type":"ListItem","position":1,"name":"Toate produsele","item":"https:\/\/www.globber.com\/ro\/shop-by-product\/"},{"@type":"ListItem","position":2,"name":"ONE NL 205"}]},{"@type":"WebSite","@id":"https:\/\/www.globber.com\/ro\/#website","url":"https:\/\/www.globber.com\/ro\/","name":"Globber Rom\u00e2nia","description":"Lumea pe ro\u021bi | Globber","publisher":{"@id":"https:\/\/www.globber.com\/ro\/#organization"},"potentialAction":[{"@type":"SearchAction","target":{"@type":"EntryPoint","urlTemplate":"https:\/\/www.globber.com\/ro\/?s={search_term_string}"},"query-input":{"@type":"PropertyValueSpecification","valueRequired":true,"valueName":"search_term_string"}}],"inLanguage":"ro-RO"},{"@type":"Organization","@id":"https:\/\/www.globber.com\/ro\/#organization","name":"Globber Rom\u00e2nia","url":"https:\/\/www.globber.com\/ro\/","logo":{"@type":"ImageObject","inLanguage":"ro-RO","@id":"https:\/\/www.globber.com\/ro\/#\/schema\/logo\/image\/","url":"https:\/\/cdn.globber.com\/content\/2024\/05\/logo.svg","contentUrl":"https:\/\/cdn.globber.com\/content\/2024\/05\/logo.svg","width":601,"height":112,"caption":"Globber Rom\u00e2nia"},"image":{"@id":"https:\/\/www.globber.com\/ro\/#\/schema\/logo\/image\/"}}]},"og_availability":"instock","product_availability":"instock","product_retailer_item_id":"477-xxx","product_condition":"new"},"_links":{"self":[{"href":"https:\/\/www.globber.com\/ro\/wp-json\/wp\/v2\/product\/6035","targetHints":{"allow":["GET"]}}],"collection":[{"href":"https:\/\/www.globber.com\/ro\/wp-json\/wp\/v2\/product"}],"about":[{"href":"https:\/\/www.globber.com\/ro\/wp-json\/wp\/v2\/types\/product"}],"replies":[{"embeddable":true,"href":"https:\/\/www.globber.com\/ro\/wp-json\/wp\/v2\/comments?post=6035"}],"wp:featuredmedia":[{"embeddable":true,"href":"https:\/\/www.globber.com\/ro\/wp-json\/wp\/v2\/media\/5430"}],"wp:attachment":[{"href":"https:\/\/www.globber.com\/ro\/wp-json\/wp\/v2\/media?parent=6035"}],"wp:term":[{"taxonomy":"product-special-badges","embeddable":true,"href":"https:\/\/www.globber.com\/ro\/wp-json\/wp\/v2\/product-special-badges?post=6035"},{"taxonomy":"product_brand","embeddable":true,"href":"https:\/\/www.globber.com\/ro\/wp-json\/wp\/v2\/product_brand?post=6035"},{"taxonomy":"product_cat","embeddable":true,"href":"https:\/\/www.globber.com\/ro\/wp-json\/wp\/v2\/product_cat?post=6035"},{"taxonomy":"product_tag","embeddable":true,"href":"https:\/\/www.globber.com\/ro\/wp-json\/wp\/v2\/product_tag?post=6035"}],"curies":[{"name":"wp","href":"https:\/\/api.w.org\/{rel}","templated":true}]}}