{"id":6077,"date":"2022-11-28T14:11:48","date_gmt":"2022-11-28T14:11:48","guid":{"rendered":"http:\/\/www.globber.com\/ro\/product\/kids-helmet-xs-s-48-53cm\/"},"modified":"2026-04-20T14:57:17","modified_gmt":"2026-04-20T11:57:17","slug":"kids-helmet-xs-s-48-53cm","status":"publish","type":"product","link":"https:\/\/www.globber.com\/ro\/product\/kids-helmet-xs-s-48-53cm\/","title":{"rendered":"CASC\u0102 DE PROTEC\u021aIE PRIMO"},"content":{"rendered":"<p>Carcasa exterioar\u0103 robust\u0103, din policarbonat (PC), ofer\u0103 protec\u021bie maxim\u0103 pentru cap \u0219i este prev\u0103zut\u0103 cu strat interior din spum\u0103 EPS cu rol de absorb\u021bie a \u0219ocurilor, cu bure\u021bi interiori sigila\u021bi de 7 mm grosime \u0219i o protec\u021bie moale pentru b\u0103rbie, pentru confort optim.<\/p>\n<p>Casc\u0103 GLOBBER PRIMO (m\u0103rimea XS\/S; 48\u201353 cm) este disponibil\u0103 \u00een multe culori la mod\u0103. Roti\u021ba de reglaj din partea din spate a capului permite ajustarea rapid\u0103 \u0219i precis\u0103 a m\u0103rimii.<\/p>\n<p>\u0218ase lumini LED, alimentate cu baterii, pozi\u021bionate \u00een spatele c\u0103\u0219tii, ofer\u0103 vizibilitate suplimentar\u0103 \u0219i pot fi utilizate \u00een trei moduri (lumin\u0103 continu\u0103, intermitent\u0103 \u0219i clipire rapid\u0103).\u00a0<\/p>\n<p>*Asigur\u0103-te c\u0103 urmezi instruc\u021biunile noastre despre cum s\u0103 potrive\u0219ti o casc\u0103 pe copilul t\u0103u.<\/p>\n<p>&nbsp;<\/p>\n","protected":false},"excerpt":{"rendered":"<p><strong>Masura XS\/S ( 48-53)<\/strong><\/p>\n","protected":false},"featured_media":4897,"comment_status":"open","ping_status":"closed","template":"","meta":{"_acf_changed":false,"inline_featured_image":false},"product-special-badges":[],"product_brand":[],"product_cat":[593],"product_tag":[3708],"class_list":{"0":"post-6077","1":"product","2":"type-product","3":"status-publish","4":"has-post-thumbnail","6":"product-badges-safe","7":"product-badges-led","8":"product-badges-adjustable","9":"product-badges-comfortable","10":"product_cat-protective-gear","11":"product_tag-import","12":"product_shipping_class-usoare","13":"pa_color-navy-blue","14":"pa_color-red","15":"pa_color-neon-pink","16":"pa_color-lime-green","17":"pa_ean-3459","18":"pa_ean-3461","19":"pa_ean-3463","20":"pa_ean-3465","21":"pa_product-badges-comfortable","22":"pa_product-badges-led","23":"pa_product-badges-adjustable","24":"pa_product-badges-safe","25":"pa_product-categories-protective-gear-helmets-knee-elbow-pads","27":"first","28":"instock","29":"taxable","30":"shipping-taxable","31":"purchasable","32":"product-type-variable"},"acf":[],"yoast_head":"<!-- This site is optimized with the Yoast SEO Premium plugin v20.12 (Yoast SEO v23.4) - https:\/\/yoast.com\/wordpress\/plugins\/seo\/ -->\n<title>Helmet for Scooter Riders: KIDS HELMET XS\/S \u2013 Globber<\/title>\n<meta name=\"description\" content=\"Safety first! Keep your kids protected with this premium scooter helmet. It features LED lights, an adjustable knob, and pads for maximum safety. Find out more!\" \/>\n<meta name=\"robots\" content=\"index, follow, max-snippet:-1, max-image-preview:large, max-video-preview:-1\" \/>\n<link rel=\"canonical\" href=\"https:\/\/www.globber.com\/ro\/product\/kids-helmet-xs-s-48-53cm\/\" \/>\n<meta property=\"og:locale\" content=\"ro_RO\" \/>\n<meta property=\"og:type\" content=\"article\" \/>\n<meta property=\"og:title\" content=\"Helmet for Scooter Riders: KIDS HELMET XS\/S \u2013 Globber\" \/>\n<meta property=\"og:description\" content=\"Safety first! Keep your kids protected with this premium scooter helmet. It features LED lights, an adjustable knob, and pads for maximum safety. Find out more!\" \/>\n<meta property=\"og:url\" content=\"https:\/\/www.globber.com\/ro\/product\/kids-helmet-xs-s-48-53cm\/\" \/>\n<meta property=\"og:site_name\" content=\"Globber Rom\u00e2nia\" \/>\n<meta property=\"article:modified_time\" content=\"2026-04-20T11:57:17+00:00\" \/>\n<meta property=\"og:image\" content=\"https:\/\/cdn.globber.com\/content\/2022\/11\/6383a9639a738.jpg\" \/>\n\t<meta property=\"og:image:width\" content=\"1920\" \/>\n\t<meta property=\"og:image:height\" content=\"1920\" \/>\n\t<meta property=\"og:image:type\" content=\"image\/jpeg\" \/>\n<meta name=\"twitter:card\" content=\"summary_large_image\" \/>\n<meta name=\"twitter:label1\" content=\"Availability\" \/>\n\t<meta name=\"twitter:data1\" content=\"In stock\" \/>\n<script type=\"application\/ld+json\" class=\"yoast-schema-graph\">{\"@context\":\"https:\/\/schema.org\",\"@graph\":[{\"@type\":[\"WebPage\",\"ItemPage\"],\"@id\":\"https:\/\/www.globber.com\/ro\/product\/kids-helmet-xs-s-48-53cm\/\",\"url\":\"https:\/\/www.globber.com\/ro\/product\/kids-helmet-xs-s-48-53cm\/\",\"name\":\"Helmet for Scooter Riders: KIDS HELMET XS\/S \u2013 Globber\",\"isPartOf\":{\"@id\":\"https:\/\/www.globber.com\/ro\/#website\"},\"primaryImageOfPage\":{\"@id\":\"https:\/\/www.globber.com\/ro\/product\/kids-helmet-xs-s-48-53cm\/#primaryimage\"},\"image\":{\"@id\":\"https:\/\/www.globber.com\/ro\/product\/kids-helmet-xs-s-48-53cm\/#primaryimage\"},\"thumbnailUrl\":\"https:\/\/cdn.globber.com\/content\/2022\/11\/6383a9639a738.jpg\",\"datePublished\":\"2022-11-28T14:11:48+00:00\",\"dateModified\":\"2026-04-20T11:57:17+00:00\",\"description\":\"Safety first! Keep your kids protected with this premium scooter helmet. It features LED lights, an adjustable knob, and pads for maximum safety. Find out more!\",\"breadcrumb\":{\"@id\":\"https:\/\/www.globber.com\/ro\/product\/kids-helmet-xs-s-48-53cm\/#breadcrumb\"},\"inLanguage\":\"ro-RO\",\"potentialAction\":[{\"@type\":\"ReadAction\",\"target\":[\"https:\/\/www.globber.com\/ro\/product\/kids-helmet-xs-s-48-53cm\/\"]}]},{\"@type\":\"ImageObject\",\"inLanguage\":\"ro-RO\",\"@id\":\"https:\/\/www.globber.com\/ro\/product\/kids-helmet-xs-s-48-53cm\/#primaryimage\",\"url\":\"https:\/\/cdn.globber.com\/content\/2022\/11\/6383a9639a738.jpg\",\"contentUrl\":\"https:\/\/cdn.globber.com\/content\/2022\/11\/6383a9639a738.jpg\",\"width\":1920,\"height\":1920},{\"@type\":\"BreadcrumbList\",\"@id\":\"https:\/\/www.globber.com\/ro\/product\/kids-helmet-xs-s-48-53cm\/#breadcrumb\",\"itemListElement\":[{\"@type\":\"ListItem\",\"position\":1,\"name\":\"Toate produsele\",\"item\":\"https:\/\/www.globber.com\/ro\/shop-by-product\/\"},{\"@type\":\"ListItem\",\"position\":2,\"name\":\"CASC\u0102 DE PROTEC\u021aIE PRIMO\"}]},{\"@type\":\"WebSite\",\"@id\":\"https:\/\/www.globber.com\/ro\/#website\",\"url\":\"https:\/\/www.globber.com\/ro\/\",\"name\":\"Globber Rom\u00e2nia\",\"description\":\"Lumea pe ro\u021bi | Globber\",\"publisher\":{\"@id\":\"https:\/\/www.globber.com\/ro\/#organization\"},\"potentialAction\":[{\"@type\":\"SearchAction\",\"target\":{\"@type\":\"EntryPoint\",\"urlTemplate\":\"https:\/\/www.globber.com\/ro\/?s={search_term_string}\"},\"query-input\":{\"@type\":\"PropertyValueSpecification\",\"valueRequired\":true,\"valueName\":\"search_term_string\"}}],\"inLanguage\":\"ro-RO\"},{\"@type\":\"Organization\",\"@id\":\"https:\/\/www.globber.com\/ro\/#organization\",\"name\":\"Globber Rom\u00e2nia\",\"url\":\"https:\/\/www.globber.com\/ro\/\",\"logo\":{\"@type\":\"ImageObject\",\"inLanguage\":\"ro-RO\",\"@id\":\"https:\/\/www.globber.com\/ro\/#\/schema\/logo\/image\/\",\"url\":\"https:\/\/cdn.globber.com\/content\/2024\/05\/logo.svg\",\"contentUrl\":\"https:\/\/cdn.globber.com\/content\/2024\/05\/logo.svg\",\"width\":601,\"height\":112,\"caption\":\"Globber Rom\u00e2nia\"},\"image\":{\"@id\":\"https:\/\/www.globber.com\/ro\/#\/schema\/logo\/image\/\"}}]}<\/script>\n<meta property=\"og:availability\" content=\"instock\" \/>\n<meta property=\"product:availability\" content=\"instock\" \/>\n<meta property=\"product:retailer_item_id\" content=\"505-xxx\" \/>\n<meta property=\"product:condition\" content=\"new\" \/>\n<!-- \/ Yoast SEO Premium plugin. -->","yoast_head_json":{"title":"Helmet for Scooter Riders: KIDS HELMET XS\/S \u2013 Globber","description":"Safety first! Keep your kids protected with this premium scooter helmet. It features LED lights, an adjustable knob, and pads for maximum safety. Find out more!","robots":{"index":"index","follow":"follow","max-snippet":"max-snippet:-1","max-image-preview":"max-image-preview:large","max-video-preview":"max-video-preview:-1"},"canonical":"https:\/\/www.globber.com\/ro\/product\/kids-helmet-xs-s-48-53cm\/","og_locale":"ro_RO","og_type":"article","og_title":"Helmet for Scooter Riders: KIDS HELMET XS\/S \u2013 Globber","og_description":"Safety first! Keep your kids protected with this premium scooter helmet. It features LED lights, an adjustable knob, and pads for maximum safety. Find out more!","og_url":"https:\/\/www.globber.com\/ro\/product\/kids-helmet-xs-s-48-53cm\/","og_site_name":"Globber Rom\u00e2nia","article_modified_time":"2026-04-20T11:57:17+00:00","og_image":[{"width":1920,"height":1920,"url":"https:\/\/cdn.globber.com\/content\/2022\/11\/6383a9639a738.jpg","type":"image\/jpeg"}],"twitter_card":"summary_large_image","twitter_misc":{"Availability":"In stock"},"schema":{"@context":"https:\/\/schema.org","@graph":[{"@type":["WebPage","ItemPage"],"@id":"https:\/\/www.globber.com\/ro\/product\/kids-helmet-xs-s-48-53cm\/","url":"https:\/\/www.globber.com\/ro\/product\/kids-helmet-xs-s-48-53cm\/","name":"Helmet for Scooter Riders: KIDS HELMET XS\/S \u2013 Globber","isPartOf":{"@id":"https:\/\/www.globber.com\/ro\/#website"},"primaryImageOfPage":{"@id":"https:\/\/www.globber.com\/ro\/product\/kids-helmet-xs-s-48-53cm\/#primaryimage"},"image":{"@id":"https:\/\/www.globber.com\/ro\/product\/kids-helmet-xs-s-48-53cm\/#primaryimage"},"thumbnailUrl":"https:\/\/cdn.globber.com\/content\/2022\/11\/6383a9639a738.jpg","datePublished":"2022-11-28T14:11:48+00:00","dateModified":"2026-04-20T11:57:17+00:00","description":"Safety first! Keep your kids protected with this premium scooter helmet. It features LED lights, an adjustable knob, and pads for maximum safety. Find out more!","breadcrumb":{"@id":"https:\/\/www.globber.com\/ro\/product\/kids-helmet-xs-s-48-53cm\/#breadcrumb"},"inLanguage":"ro-RO","potentialAction":[{"@type":"ReadAction","target":["https:\/\/www.globber.com\/ro\/product\/kids-helmet-xs-s-48-53cm\/"]}]},{"@type":"ImageObject","inLanguage":"ro-RO","@id":"https:\/\/www.globber.com\/ro\/product\/kids-helmet-xs-s-48-53cm\/#primaryimage","url":"https:\/\/cdn.globber.com\/content\/2022\/11\/6383a9639a738.jpg","contentUrl":"https:\/\/cdn.globber.com\/content\/2022\/11\/6383a9639a738.jpg","width":1920,"height":1920},{"@type":"BreadcrumbList","@id":"https:\/\/www.globber.com\/ro\/product\/kids-helmet-xs-s-48-53cm\/#breadcrumb","itemListElement":[{"@type":"ListItem","position":1,"name":"Toate produsele","item":"https:\/\/www.globber.com\/ro\/shop-by-product\/"},{"@type":"ListItem","position":2,"name":"CASC\u0102 DE PROTEC\u021aIE PRIMO"}]},{"@type":"WebSite","@id":"https:\/\/www.globber.com\/ro\/#website","url":"https:\/\/www.globber.com\/ro\/","name":"Globber Rom\u00e2nia","description":"Lumea pe ro\u021bi | Globber","publisher":{"@id":"https:\/\/www.globber.com\/ro\/#organization"},"potentialAction":[{"@type":"SearchAction","target":{"@type":"EntryPoint","urlTemplate":"https:\/\/www.globber.com\/ro\/?s={search_term_string}"},"query-input":{"@type":"PropertyValueSpecification","valueRequired":true,"valueName":"search_term_string"}}],"inLanguage":"ro-RO"},{"@type":"Organization","@id":"https:\/\/www.globber.com\/ro\/#organization","name":"Globber Rom\u00e2nia","url":"https:\/\/www.globber.com\/ro\/","logo":{"@type":"ImageObject","inLanguage":"ro-RO","@id":"https:\/\/www.globber.com\/ro\/#\/schema\/logo\/image\/","url":"https:\/\/cdn.globber.com\/content\/2024\/05\/logo.svg","contentUrl":"https:\/\/cdn.globber.com\/content\/2024\/05\/logo.svg","width":601,"height":112,"caption":"Globber Rom\u00e2nia"},"image":{"@id":"https:\/\/www.globber.com\/ro\/#\/schema\/logo\/image\/"}}]},"og_availability":"instock","product_availability":"instock","product_retailer_item_id":"505-xxx","product_condition":"new"},"_links":{"self":[{"href":"https:\/\/www.globber.com\/ro\/wp-json\/wp\/v2\/product\/6077","targetHints":{"allow":["GET"]}}],"collection":[{"href":"https:\/\/www.globber.com\/ro\/wp-json\/wp\/v2\/product"}],"about":[{"href":"https:\/\/www.globber.com\/ro\/wp-json\/wp\/v2\/types\/product"}],"replies":[{"embeddable":true,"href":"https:\/\/www.globber.com\/ro\/wp-json\/wp\/v2\/comments?post=6077"}],"wp:featuredmedia":[{"embeddable":true,"href":"https:\/\/www.globber.com\/ro\/wp-json\/wp\/v2\/media\/4897"}],"wp:attachment":[{"href":"https:\/\/www.globber.com\/ro\/wp-json\/wp\/v2\/media?parent=6077"}],"wp:term":[{"taxonomy":"product-special-badges","embeddable":true,"href":"https:\/\/www.globber.com\/ro\/wp-json\/wp\/v2\/product-special-badges?post=6077"},{"taxonomy":"product_brand","embeddable":true,"href":"https:\/\/www.globber.com\/ro\/wp-json\/wp\/v2\/product_brand?post=6077"},{"taxonomy":"product_cat","embeddable":true,"href":"https:\/\/www.globber.com\/ro\/wp-json\/wp\/v2\/product_cat?post=6077"},{"taxonomy":"product_tag","embeddable":true,"href":"https:\/\/www.globber.com\/ro\/wp-json\/wp\/v2\/product_tag?post=6077"}],"curies":[{"name":"wp","href":"https:\/\/api.w.org\/{rel}","templated":true}]}}