{"id":6132,"date":"2022-11-28T14:14:05","date_gmt":"2022-11-28T14:14:05","guid":{"rendered":"http:\/\/www.globber.com\/ro\/product\/mini-buzzer\/"},"modified":"2026-04-29T16:30:25","modified_gmt":"2026-04-29T13:30:25","slug":"mini-buzzer","status":"publish","type":"product","link":"https:\/\/www.globber.com\/ro\/product\/mini-buzzer\/","title":{"rendered":"MINI BUZZER"},"content":{"rendered":"<p>Ce face ca claxonul \u0219i lumina LED a trotinetei noastre s\u0103 fie unice? MINI BUZZER-ul nostru permite copiilor s\u0103-\u0219i personalizeze claxonul trotinetei datorit\u0103 celor 15 sunete diferite \u00eencorporate, pentru a face timpul de joac\u0103 \u0219i mai distractiv \u0219i zgomotos! Buton de comanda sonerie pe ghidon, sistem de prindere ajustabil.<\/p>\n<p>*Sunetele disponibile includ clopo\u021bel de biciclet\u0103, artificii, claxon de ma\u0219in\u0103, claxon, laser, covor magic, vraj\u0103 magic\u0103, trompet\u0103 veche, ma\u0219in\u0103 de poli\u021bie, ma\u0219in\u0103 de curse, camion de mers \u00eenapoi, tren \u0219i lup.<\/p>\n<p>Functioneaza cu baterii 2xAAA (LR03).<\/p>\n<p>Bateriile sunt Incluse. Produsul nu este recomandat copiilor sub 3 ani.<\/p>\n<p>Contine piese mici ce pot fi inghitite si cablu lung, pericol de strangulare.<\/p>\n","protected":false},"excerpt":{"rendered":"<p><strong>Claxon \u0219i lumin\u0103 LED pentru trotinet\u0103<\/strong><\/p>\n","protected":false},"featured_media":5096,"comment_status":"open","ping_status":"closed","template":"","meta":{"_acf_changed":false,"inline_featured_image":false},"product-special-badges":[],"product_brand":[],"product_cat":[601],"product_tag":[3708],"class_list":{"0":"post-6132","1":"product","2":"type-product","3":"status-publish","4":"has-post-thumbnail","6":"product-badges-led","7":"product-badges-built-in-sound","8":"product-badges-easy-to-fit","9":"product_cat-scooter-accessories","10":"product_tag-import","11":"product_shipping_class-usoare","12":"pa_color-navy-blue","13":"pa_color-deep-pink","14":"pa_color-lime-green","15":"pa_ean-3515","16":"pa_ean-3516","17":"pa_ean-3517","18":"pa_product-badges-led","19":"pa_product-badges-built-in-sound","20":"pa_product-badges-easy-to-fit","21":"pa_product-categories-scooter-accessories","23":"first","24":"instock","25":"taxable","26":"shipping-taxable","27":"purchasable","28":"product-type-variable"},"acf":[],"yoast_head":"<!-- This site is optimized with the Yoast SEO Premium plugin v20.12 (Yoast SEO v23.4) - https:\/\/yoast.com\/wordpress\/plugins\/seo\/ -->\n<title>Scooter Horn: MINI BUZZER \u2013 Globber<\/title>\n<meta name=\"description\" content=\"Pick your favourite sound! With 15 sounds built into this scooter horn, your kids can enjoy a fun playtime!\" \/>\n<meta name=\"robots\" content=\"index, follow, max-snippet:-1, max-image-preview:large, max-video-preview:-1\" \/>\n<link rel=\"canonical\" href=\"https:\/\/www.globber.com\/ro\/product\/mini-buzzer\/\" \/>\n<meta property=\"og:locale\" content=\"ro_RO\" \/>\n<meta property=\"og:type\" content=\"article\" \/>\n<meta property=\"og:title\" content=\"Scooter Horn: MINI BUZZER \u2013 Globber\" \/>\n<meta property=\"og:description\" content=\"Pick your favourite sound! With 15 sounds built into this scooter horn, your kids can enjoy a fun playtime!\" \/>\n<meta property=\"og:url\" content=\"https:\/\/www.globber.com\/ro\/product\/mini-buzzer\/\" \/>\n<meta property=\"og:site_name\" content=\"Globber Rom\u00e2nia\" \/>\n<meta property=\"article:modified_time\" content=\"2026-04-29T13:30:25+00:00\" \/>\n<meta property=\"og:image\" content=\"https:\/\/cdn.globber.com\/content\/2022\/11\/6383aec93585c.jpg\" \/>\n\t<meta property=\"og:image:width\" content=\"1920\" \/>\n\t<meta property=\"og:image:height\" content=\"1920\" \/>\n\t<meta property=\"og:image:type\" content=\"image\/jpeg\" \/>\n<meta name=\"twitter:card\" content=\"summary_large_image\" \/>\n<meta name=\"twitter:label1\" content=\"Availability\" \/>\n\t<meta name=\"twitter:data1\" content=\"In stock\" \/>\n<script type=\"application\/ld+json\" class=\"yoast-schema-graph\">{\"@context\":\"https:\/\/schema.org\",\"@graph\":[{\"@type\":[\"WebPage\",\"ItemPage\"],\"@id\":\"https:\/\/www.globber.com\/ro\/product\/mini-buzzer\/\",\"url\":\"https:\/\/www.globber.com\/ro\/product\/mini-buzzer\/\",\"name\":\"Scooter Horn: MINI BUZZER \u2013 Globber\",\"isPartOf\":{\"@id\":\"https:\/\/www.globber.com\/ro\/#website\"},\"primaryImageOfPage\":{\"@id\":\"https:\/\/www.globber.com\/ro\/product\/mini-buzzer\/#primaryimage\"},\"image\":{\"@id\":\"https:\/\/www.globber.com\/ro\/product\/mini-buzzer\/#primaryimage\"},\"thumbnailUrl\":\"https:\/\/cdn.globber.com\/content\/2022\/11\/6383aec93585c.jpg\",\"datePublished\":\"2022-11-28T14:14:05+00:00\",\"dateModified\":\"2026-04-29T13:30:25+00:00\",\"description\":\"Pick your favourite sound! With 15 sounds built into this scooter horn, your kids can enjoy a fun playtime!\",\"breadcrumb\":{\"@id\":\"https:\/\/www.globber.com\/ro\/product\/mini-buzzer\/#breadcrumb\"},\"inLanguage\":\"ro-RO\",\"potentialAction\":[{\"@type\":\"ReadAction\",\"target\":[\"https:\/\/www.globber.com\/ro\/product\/mini-buzzer\/\"]}]},{\"@type\":\"ImageObject\",\"inLanguage\":\"ro-RO\",\"@id\":\"https:\/\/www.globber.com\/ro\/product\/mini-buzzer\/#primaryimage\",\"url\":\"https:\/\/cdn.globber.com\/content\/2022\/11\/6383aec93585c.jpg\",\"contentUrl\":\"https:\/\/cdn.globber.com\/content\/2022\/11\/6383aec93585c.jpg\",\"width\":1920,\"height\":1920},{\"@type\":\"BreadcrumbList\",\"@id\":\"https:\/\/www.globber.com\/ro\/product\/mini-buzzer\/#breadcrumb\",\"itemListElement\":[{\"@type\":\"ListItem\",\"position\":1,\"name\":\"Toate produsele\",\"item\":\"https:\/\/www.globber.com\/ro\/shop-by-product\/\"},{\"@type\":\"ListItem\",\"position\":2,\"name\":\"MINI BUZZER\"}]},{\"@type\":\"WebSite\",\"@id\":\"https:\/\/www.globber.com\/ro\/#website\",\"url\":\"https:\/\/www.globber.com\/ro\/\",\"name\":\"Globber Rom\u00e2nia\",\"description\":\"Lumea pe ro\u021bi | Globber\",\"publisher\":{\"@id\":\"https:\/\/www.globber.com\/ro\/#organization\"},\"potentialAction\":[{\"@type\":\"SearchAction\",\"target\":{\"@type\":\"EntryPoint\",\"urlTemplate\":\"https:\/\/www.globber.com\/ro\/?s={search_term_string}\"},\"query-input\":{\"@type\":\"PropertyValueSpecification\",\"valueRequired\":true,\"valueName\":\"search_term_string\"}}],\"inLanguage\":\"ro-RO\"},{\"@type\":\"Organization\",\"@id\":\"https:\/\/www.globber.com\/ro\/#organization\",\"name\":\"Globber Rom\u00e2nia\",\"url\":\"https:\/\/www.globber.com\/ro\/\",\"logo\":{\"@type\":\"ImageObject\",\"inLanguage\":\"ro-RO\",\"@id\":\"https:\/\/www.globber.com\/ro\/#\/schema\/logo\/image\/\",\"url\":\"https:\/\/cdn.globber.com\/content\/2024\/05\/logo.svg\",\"contentUrl\":\"https:\/\/cdn.globber.com\/content\/2024\/05\/logo.svg\",\"width\":601,\"height\":112,\"caption\":\"Globber Rom\u00e2nia\"},\"image\":{\"@id\":\"https:\/\/www.globber.com\/ro\/#\/schema\/logo\/image\/\"}}]}<\/script>\n<meta property=\"og:availability\" content=\"instock\" \/>\n<meta property=\"product:availability\" content=\"instock\" \/>\n<meta property=\"product:retailer_item_id\" content=\"530-xxx\" \/>\n<meta property=\"product:condition\" content=\"new\" \/>\n<!-- \/ Yoast SEO Premium plugin. -->","yoast_head_json":{"title":"Scooter Horn: MINI BUZZER \u2013 Globber","description":"Pick your favourite sound! With 15 sounds built into this scooter horn, your kids can enjoy a fun playtime!","robots":{"index":"index","follow":"follow","max-snippet":"max-snippet:-1","max-image-preview":"max-image-preview:large","max-video-preview":"max-video-preview:-1"},"canonical":"https:\/\/www.globber.com\/ro\/product\/mini-buzzer\/","og_locale":"ro_RO","og_type":"article","og_title":"Scooter Horn: MINI BUZZER \u2013 Globber","og_description":"Pick your favourite sound! With 15 sounds built into this scooter horn, your kids can enjoy a fun playtime!","og_url":"https:\/\/www.globber.com\/ro\/product\/mini-buzzer\/","og_site_name":"Globber Rom\u00e2nia","article_modified_time":"2026-04-29T13:30:25+00:00","og_image":[{"width":1920,"height":1920,"url":"https:\/\/cdn.globber.com\/content\/2022\/11\/6383aec93585c.jpg","type":"image\/jpeg"}],"twitter_card":"summary_large_image","twitter_misc":{"Availability":"In stock"},"schema":{"@context":"https:\/\/schema.org","@graph":[{"@type":["WebPage","ItemPage"],"@id":"https:\/\/www.globber.com\/ro\/product\/mini-buzzer\/","url":"https:\/\/www.globber.com\/ro\/product\/mini-buzzer\/","name":"Scooter Horn: MINI BUZZER \u2013 Globber","isPartOf":{"@id":"https:\/\/www.globber.com\/ro\/#website"},"primaryImageOfPage":{"@id":"https:\/\/www.globber.com\/ro\/product\/mini-buzzer\/#primaryimage"},"image":{"@id":"https:\/\/www.globber.com\/ro\/product\/mini-buzzer\/#primaryimage"},"thumbnailUrl":"https:\/\/cdn.globber.com\/content\/2022\/11\/6383aec93585c.jpg","datePublished":"2022-11-28T14:14:05+00:00","dateModified":"2026-04-29T13:30:25+00:00","description":"Pick your favourite sound! With 15 sounds built into this scooter horn, your kids can enjoy a fun playtime!","breadcrumb":{"@id":"https:\/\/www.globber.com\/ro\/product\/mini-buzzer\/#breadcrumb"},"inLanguage":"ro-RO","potentialAction":[{"@type":"ReadAction","target":["https:\/\/www.globber.com\/ro\/product\/mini-buzzer\/"]}]},{"@type":"ImageObject","inLanguage":"ro-RO","@id":"https:\/\/www.globber.com\/ro\/product\/mini-buzzer\/#primaryimage","url":"https:\/\/cdn.globber.com\/content\/2022\/11\/6383aec93585c.jpg","contentUrl":"https:\/\/cdn.globber.com\/content\/2022\/11\/6383aec93585c.jpg","width":1920,"height":1920},{"@type":"BreadcrumbList","@id":"https:\/\/www.globber.com\/ro\/product\/mini-buzzer\/#breadcrumb","itemListElement":[{"@type":"ListItem","position":1,"name":"Toate produsele","item":"https:\/\/www.globber.com\/ro\/shop-by-product\/"},{"@type":"ListItem","position":2,"name":"MINI BUZZER"}]},{"@type":"WebSite","@id":"https:\/\/www.globber.com\/ro\/#website","url":"https:\/\/www.globber.com\/ro\/","name":"Globber Rom\u00e2nia","description":"Lumea pe ro\u021bi | Globber","publisher":{"@id":"https:\/\/www.globber.com\/ro\/#organization"},"potentialAction":[{"@type":"SearchAction","target":{"@type":"EntryPoint","urlTemplate":"https:\/\/www.globber.com\/ro\/?s={search_term_string}"},"query-input":{"@type":"PropertyValueSpecification","valueRequired":true,"valueName":"search_term_string"}}],"inLanguage":"ro-RO"},{"@type":"Organization","@id":"https:\/\/www.globber.com\/ro\/#organization","name":"Globber Rom\u00e2nia","url":"https:\/\/www.globber.com\/ro\/","logo":{"@type":"ImageObject","inLanguage":"ro-RO","@id":"https:\/\/www.globber.com\/ro\/#\/schema\/logo\/image\/","url":"https:\/\/cdn.globber.com\/content\/2024\/05\/logo.svg","contentUrl":"https:\/\/cdn.globber.com\/content\/2024\/05\/logo.svg","width":601,"height":112,"caption":"Globber Rom\u00e2nia"},"image":{"@id":"https:\/\/www.globber.com\/ro\/#\/schema\/logo\/image\/"}}]},"og_availability":"instock","product_availability":"instock","product_retailer_item_id":"530-xxx","product_condition":"new"},"_links":{"self":[{"href":"https:\/\/www.globber.com\/ro\/wp-json\/wp\/v2\/product\/6132","targetHints":{"allow":["GET"]}}],"collection":[{"href":"https:\/\/www.globber.com\/ro\/wp-json\/wp\/v2\/product"}],"about":[{"href":"https:\/\/www.globber.com\/ro\/wp-json\/wp\/v2\/types\/product"}],"replies":[{"embeddable":true,"href":"https:\/\/www.globber.com\/ro\/wp-json\/wp\/v2\/comments?post=6132"}],"wp:featuredmedia":[{"embeddable":true,"href":"https:\/\/www.globber.com\/ro\/wp-json\/wp\/v2\/media\/5096"}],"wp:attachment":[{"href":"https:\/\/www.globber.com\/ro\/wp-json\/wp\/v2\/media?parent=6132"}],"wp:term":[{"taxonomy":"product-special-badges","embeddable":true,"href":"https:\/\/www.globber.com\/ro\/wp-json\/wp\/v2\/product-special-badges?post=6132"},{"taxonomy":"product_brand","embeddable":true,"href":"https:\/\/www.globber.com\/ro\/wp-json\/wp\/v2\/product_brand?post=6132"},{"taxonomy":"product_cat","embeddable":true,"href":"https:\/\/www.globber.com\/ro\/wp-json\/wp\/v2\/product_cat?post=6132"},{"taxonomy":"product_tag","embeddable":true,"href":"https:\/\/www.globber.com\/ro\/wp-json\/wp\/v2\/product_tag?post=6132"}],"curies":[{"name":"wp","href":"https:\/\/api.w.org\/{rel}","templated":true}]}}