{"id":6157,"date":"2022-11-28T09:47:53","date_gmt":"2022-11-28T09:47:53","guid":{"rendered":"http:\/\/www.globber.com\/ro\/product\/e-motion-27\/"},"modified":"2026-03-04T17:03:23","modified_gmt":"2026-03-04T15:03:23","slug":"e-motion-27","status":"publish","type":"product","link":"https:\/\/www.globber.com\/ro\/product\/e-motion-27\/","title":{"rendered":"E-MOTION 27"},"content":{"rendered":"<p>Porne\u0219te electric pe 2 ro\u021bi: tr\u0103ie\u0219te adrenalina cu o trotinet\u0103 electric\u0103 pliabil\u0103!<\/p>\n<p>Aventuri electrizante te a\u0219teapt\u0103 cu E-MOTION 27, o trotinet\u0103 electric\u0103 pliabil\u0103 pe 2 ro\u021bi pentru adolescen\u021bi \u0219i adul\u021bi (14+ ani), preg\u0103tit\u0103 pentru plimb\u0103ri toat\u0103 ziua!<\/p>\n<p>Cu motor puternic \u0219i baterie de calitate, sistem de pliere patentat, accelera\u021bie u\u0219or de controlat, platform\u0103 antiderapant\u0103, sistem de fr\u00e2nare dublu, ecran LCD pe ghidonul \u00een form\u0103 de T \u0219i clopo\u021bel \u0219i lumin\u0103 certificate ISO, E-MOTION 27 este o trotinet\u0103 electric\u0103 pe 2 ro\u021bi fiabil\u0103 \u0219i distractiv\u0103, proiectat\u0103 s\u0103 reziste \u00een timp!<\/p>\n","protected":false},"excerpt":{"rendered":"<p><strong>Trotinet\u0103 electric\u0103 pliabil\u0103 pe 2 ro\u021bi pentru adolescen\u021bi \u0219i adul\u021bi (14+ ani)<\/strong><\/p>\n<p>&nbsp;<\/p>\n","protected":false},"featured_media":13581,"comment_status":"closed","ping_status":"closed","template":"","meta":{"_acf_changed":false,"inline_featured_image":false},"product-special-badges":[],"product_brand":[],"product_cat":[337,1692,1685,534],"product_tag":[3708],"class_list":{"0":"post-6157","1":"product","2":"type-product","3":"status-publish","4":"has-post-thumbnail","6":"product-badges-light-up","7":"product-badges-electric","8":"product-badges-dual-brake","9":"product-badges-anti-slip","10":"product-badges-foldable","11":"product_cat-trotinete-electrice-pentru-toate-varstele","12":"product_cat-trotinete-cu-doua-roti-pentru-toate-varstele","13":"product_cat-e-motion-series","14":"product_cat-scooters-for-adults","15":"product_tag-import","16":"product_shipping_class-greutate-medie","17":"pa_adjustable-no","18":"pa_age-range-14y-to-adults","19":"pa_battery-lithium-36v-7-8ah","20":"pa_brakes-e-abs-mechanical-disc-brake","21":"pa_color-black-titanium","22":"pa_deck-material-composite-pp-fiber-aluminium-frame-silicone-griptape","23":"pa_deck-size-w-17-5cm-x-l-75cm","24":"pa_ean-3293","25":"pa_foldable-yes","26":"pa_max-speed-mode-1-0-6km-h-mode-2-0-18km-h-mode-3-0-25km-h","27":"pa_max-user-weight-100kg","28":"pa_motorpower-350w-brushless-motor","29":"pa_product-badges-anti-slip","30":"pa_product-badges-light-up","31":"pa_product-badges-electric","32":"pa_product-badges-dual-brake","33":"pa_product-badges-foldable","34":"pa_product-categories-electric-scooters-for-all-ages","35":"pa_product-type-2-wheel-electric-scooter","36":"pa_product-weight-net-13-00kg","37":"pa_range-25-28km","38":"pa_recommended-user-height-160-200cm-2","39":"pa_t-bar-heights-113-from-the-ground","40":"pa_wheel-size-220mm-50mm-wide-front","41":"pa_wheel-size-220mm-50mm-rear","42":"pa_wheels-material-high-rebound-rubber","44":"first","45":"outofstock","46":"taxable","47":"shipping-taxable","48":"purchasable","49":"product-type-variable"},"acf":[],"yoast_head":"<!-- This site is optimized with the Yoast SEO Premium plugin v20.12 (Yoast SEO v23.4) - https:\/\/yoast.com\/wordpress\/plugins\/seo\/ -->\n<title>Electric Scooter for Adults: E-MOTION 27 \u2013 Globber<\/title>\n<meta name=\"description\" content=\"The coolest e-scooter for adults to cruise around! Discover a 2-wheel electric scooter for adults that keeps your rides safe and smooth in every adventure.\" \/>\n<meta name=\"robots\" content=\"index, follow, max-snippet:-1, max-image-preview:large, max-video-preview:-1\" \/>\n<link rel=\"canonical\" href=\"https:\/\/www.globber.com\/ro\/product\/e-motion-27\/\" \/>\n<meta property=\"og:locale\" content=\"ro_RO\" \/>\n<meta property=\"og:type\" content=\"article\" \/>\n<meta property=\"og:title\" content=\"Electric Scooter for Adults: E-MOTION 27 \u2013 Globber\" \/>\n<meta property=\"og:description\" content=\"The coolest e-scooter for adults to cruise around! Discover a 2-wheel electric scooter for adults that keeps your rides safe and smooth in every adventure.\" \/>\n<meta property=\"og:url\" content=\"https:\/\/www.globber.com\/ro\/product\/e-motion-27\/\" \/>\n<meta property=\"og:site_name\" content=\"Globber Rom\u00e2nia\" \/>\n<meta property=\"article:modified_time\" content=\"2026-03-04T15:03:23+00:00\" \/>\n<meta property=\"og:image\" content=\"https:\/\/cdn.globber.com\/content\/sites\/39\/2024\/10\/670f707d57902.jpg\" \/>\n\t<meta property=\"og:image:width\" content=\"2048\" \/>\n\t<meta property=\"og:image:height\" content=\"2048\" \/>\n\t<meta property=\"og:image:type\" content=\"image\/jpeg\" \/>\n<meta name=\"twitter:card\" content=\"summary_large_image\" \/>\n<meta name=\"twitter:label1\" content=\"Availability\" \/>\n\t<meta name=\"twitter:data1\" content=\"Out of stock\" \/>\n<script type=\"application\/ld+json\" class=\"yoast-schema-graph\">{\"@context\":\"https:\/\/schema.org\",\"@graph\":[{\"@type\":[\"WebPage\",\"ItemPage\"],\"@id\":\"https:\/\/www.globber.com\/ro\/product\/e-motion-27\/\",\"url\":\"https:\/\/www.globber.com\/ro\/product\/e-motion-27\/\",\"name\":\"Electric Scooter for Adults: E-MOTION 27 \u2013 Globber\",\"isPartOf\":{\"@id\":\"https:\/\/www.globber.com\/ro\/#website\"},\"primaryImageOfPage\":{\"@id\":\"https:\/\/www.globber.com\/ro\/product\/e-motion-27\/#primaryimage\"},\"image\":{\"@id\":\"https:\/\/www.globber.com\/ro\/product\/e-motion-27\/#primaryimage\"},\"thumbnailUrl\":\"https:\/\/cdn.globber.com\/content\/sites\/39\/2024\/10\/670f707d57902.jpg\",\"datePublished\":\"2022-11-28T09:47:53+00:00\",\"dateModified\":\"2026-03-04T15:03:23+00:00\",\"description\":\"The coolest e-scooter for adults to cruise around! Discover a 2-wheel electric scooter for adults that keeps your rides safe and smooth in every adventure.\",\"breadcrumb\":{\"@id\":\"https:\/\/www.globber.com\/ro\/product\/e-motion-27\/#breadcrumb\"},\"inLanguage\":\"ro-RO\",\"potentialAction\":[{\"@type\":\"ReadAction\",\"target\":[\"https:\/\/www.globber.com\/ro\/product\/e-motion-27\/\"]}]},{\"@type\":\"ImageObject\",\"inLanguage\":\"ro-RO\",\"@id\":\"https:\/\/www.globber.com\/ro\/product\/e-motion-27\/#primaryimage\",\"url\":\"https:\/\/cdn.globber.com\/content\/sites\/39\/2024\/10\/670f707d57902.jpg\",\"contentUrl\":\"https:\/\/cdn.globber.com\/content\/sites\/39\/2024\/10\/670f707d57902.jpg\",\"width\":2048,\"height\":2048},{\"@type\":\"BreadcrumbList\",\"@id\":\"https:\/\/www.globber.com\/ro\/product\/e-motion-27\/#breadcrumb\",\"itemListElement\":[{\"@type\":\"ListItem\",\"position\":1,\"name\":\"Toate produsele\",\"item\":\"https:\/\/www.globber.com\/ro\/shop-by-product\/\"},{\"@type\":\"ListItem\",\"position\":2,\"name\":\"E-MOTION 27\"}]},{\"@type\":\"WebSite\",\"@id\":\"https:\/\/www.globber.com\/ro\/#website\",\"url\":\"https:\/\/www.globber.com\/ro\/\",\"name\":\"Globber Rom\u00e2nia\",\"description\":\"Lumea pe ro\u021bi | Globber\",\"publisher\":{\"@id\":\"https:\/\/www.globber.com\/ro\/#organization\"},\"potentialAction\":[{\"@type\":\"SearchAction\",\"target\":{\"@type\":\"EntryPoint\",\"urlTemplate\":\"https:\/\/www.globber.com\/ro\/?s={search_term_string}\"},\"query-input\":{\"@type\":\"PropertyValueSpecification\",\"valueRequired\":true,\"valueName\":\"search_term_string\"}}],\"inLanguage\":\"ro-RO\"},{\"@type\":\"Organization\",\"@id\":\"https:\/\/www.globber.com\/ro\/#organization\",\"name\":\"Globber Rom\u00e2nia\",\"url\":\"https:\/\/www.globber.com\/ro\/\",\"logo\":{\"@type\":\"ImageObject\",\"inLanguage\":\"ro-RO\",\"@id\":\"https:\/\/www.globber.com\/ro\/#\/schema\/logo\/image\/\",\"url\":\"https:\/\/cdn.globber.com\/content\/2024\/05\/logo.svg\",\"contentUrl\":\"https:\/\/cdn.globber.com\/content\/2024\/05\/logo.svg\",\"width\":601,\"height\":112,\"caption\":\"Globber Rom\u00e2nia\"},\"image\":{\"@id\":\"https:\/\/www.globber.com\/ro\/#\/schema\/logo\/image\/\"}}]}<\/script>\n<meta property=\"og:availability\" content=\"out of stock\" \/>\n<meta property=\"product:availability\" content=\"out of stock\" \/>\n<meta property=\"product:retailer_item_id\" content=\"752-199\" \/>\n<meta property=\"product:condition\" content=\"new\" \/>\n<!-- \/ Yoast SEO Premium plugin. -->","yoast_head_json":{"title":"Electric Scooter for Adults: E-MOTION 27 \u2013 Globber","description":"The coolest e-scooter for adults to cruise around! Discover a 2-wheel electric scooter for adults that keeps your rides safe and smooth in every adventure.","robots":{"index":"index","follow":"follow","max-snippet":"max-snippet:-1","max-image-preview":"max-image-preview:large","max-video-preview":"max-video-preview:-1"},"canonical":"https:\/\/www.globber.com\/ro\/product\/e-motion-27\/","og_locale":"ro_RO","og_type":"article","og_title":"Electric Scooter for Adults: E-MOTION 27 \u2013 Globber","og_description":"The coolest e-scooter for adults to cruise around! Discover a 2-wheel electric scooter for adults that keeps your rides safe and smooth in every adventure.","og_url":"https:\/\/www.globber.com\/ro\/product\/e-motion-27\/","og_site_name":"Globber Rom\u00e2nia","article_modified_time":"2026-03-04T15:03:23+00:00","og_image":[{"width":2048,"height":2048,"url":"https:\/\/cdn.globber.com\/content\/sites\/39\/2024\/10\/670f707d57902.jpg","type":"image\/jpeg"}],"twitter_card":"summary_large_image","twitter_misc":{"Availability":"Out of stock"},"schema":{"@context":"https:\/\/schema.org","@graph":[{"@type":["WebPage","ItemPage"],"@id":"https:\/\/www.globber.com\/ro\/product\/e-motion-27\/","url":"https:\/\/www.globber.com\/ro\/product\/e-motion-27\/","name":"Electric Scooter for Adults: E-MOTION 27 \u2013 Globber","isPartOf":{"@id":"https:\/\/www.globber.com\/ro\/#website"},"primaryImageOfPage":{"@id":"https:\/\/www.globber.com\/ro\/product\/e-motion-27\/#primaryimage"},"image":{"@id":"https:\/\/www.globber.com\/ro\/product\/e-motion-27\/#primaryimage"},"thumbnailUrl":"https:\/\/cdn.globber.com\/content\/sites\/39\/2024\/10\/670f707d57902.jpg","datePublished":"2022-11-28T09:47:53+00:00","dateModified":"2026-03-04T15:03:23+00:00","description":"The coolest e-scooter for adults to cruise around! Discover a 2-wheel electric scooter for adults that keeps your rides safe and smooth in every adventure.","breadcrumb":{"@id":"https:\/\/www.globber.com\/ro\/product\/e-motion-27\/#breadcrumb"},"inLanguage":"ro-RO","potentialAction":[{"@type":"ReadAction","target":["https:\/\/www.globber.com\/ro\/product\/e-motion-27\/"]}]},{"@type":"ImageObject","inLanguage":"ro-RO","@id":"https:\/\/www.globber.com\/ro\/product\/e-motion-27\/#primaryimage","url":"https:\/\/cdn.globber.com\/content\/sites\/39\/2024\/10\/670f707d57902.jpg","contentUrl":"https:\/\/cdn.globber.com\/content\/sites\/39\/2024\/10\/670f707d57902.jpg","width":2048,"height":2048},{"@type":"BreadcrumbList","@id":"https:\/\/www.globber.com\/ro\/product\/e-motion-27\/#breadcrumb","itemListElement":[{"@type":"ListItem","position":1,"name":"Toate produsele","item":"https:\/\/www.globber.com\/ro\/shop-by-product\/"},{"@type":"ListItem","position":2,"name":"E-MOTION 27"}]},{"@type":"WebSite","@id":"https:\/\/www.globber.com\/ro\/#website","url":"https:\/\/www.globber.com\/ro\/","name":"Globber Rom\u00e2nia","description":"Lumea pe ro\u021bi | Globber","publisher":{"@id":"https:\/\/www.globber.com\/ro\/#organization"},"potentialAction":[{"@type":"SearchAction","target":{"@type":"EntryPoint","urlTemplate":"https:\/\/www.globber.com\/ro\/?s={search_term_string}"},"query-input":{"@type":"PropertyValueSpecification","valueRequired":true,"valueName":"search_term_string"}}],"inLanguage":"ro-RO"},{"@type":"Organization","@id":"https:\/\/www.globber.com\/ro\/#organization","name":"Globber Rom\u00e2nia","url":"https:\/\/www.globber.com\/ro\/","logo":{"@type":"ImageObject","inLanguage":"ro-RO","@id":"https:\/\/www.globber.com\/ro\/#\/schema\/logo\/image\/","url":"https:\/\/cdn.globber.com\/content\/2024\/05\/logo.svg","contentUrl":"https:\/\/cdn.globber.com\/content\/2024\/05\/logo.svg","width":601,"height":112,"caption":"Globber Rom\u00e2nia"},"image":{"@id":"https:\/\/www.globber.com\/ro\/#\/schema\/logo\/image\/"}}]},"og_availability":"out of stock","product_availability":"out of stock","product_retailer_item_id":"752-199","product_condition":"new"},"_links":{"self":[{"href":"https:\/\/www.globber.com\/ro\/wp-json\/wp\/v2\/product\/6157","targetHints":{"allow":["GET"]}}],"collection":[{"href":"https:\/\/www.globber.com\/ro\/wp-json\/wp\/v2\/product"}],"about":[{"href":"https:\/\/www.globber.com\/ro\/wp-json\/wp\/v2\/types\/product"}],"replies":[{"embeddable":true,"href":"https:\/\/www.globber.com\/ro\/wp-json\/wp\/v2\/comments?post=6157"}],"wp:featuredmedia":[{"embeddable":true,"href":"https:\/\/www.globber.com\/ro\/wp-json\/wp\/v2\/media\/13581"}],"wp:attachment":[{"href":"https:\/\/www.globber.com\/ro\/wp-json\/wp\/v2\/media?parent=6157"}],"wp:term":[{"taxonomy":"product-special-badges","embeddable":true,"href":"https:\/\/www.globber.com\/ro\/wp-json\/wp\/v2\/product-special-badges?post=6157"},{"taxonomy":"product_brand","embeddable":true,"href":"https:\/\/www.globber.com\/ro\/wp-json\/wp\/v2\/product_brand?post=6157"},{"taxonomy":"product_cat","embeddable":true,"href":"https:\/\/www.globber.com\/ro\/wp-json\/wp\/v2\/product_cat?post=6157"},{"taxonomy":"product_tag","embeddable":true,"href":"https:\/\/www.globber.com\/ro\/wp-json\/wp\/v2\/product_tag?post=6157"}],"curies":[{"name":"wp","href":"https:\/\/api.w.org\/{rel}","templated":true}]}}